{"id":3448,"date":"2023-12-18T13:25:39","date_gmt":"2023-12-18T12:25:39","guid":{"rendered":"https:\/\/eternadent.com.mk\/eterna-dental-spa\/"},"modified":"2024-02-23T14:14:58","modified_gmt":"2024-02-23T13:14:58","slug":"eterna-dental-spa","status":"publish","type":"page","link":"https:\/\/eternadent.com.mk\/sq\/eterna-dental-spa\/","title":{"rendered":"Eterna Dental Spa"},"content":{"rendered":"<div class=\"wpb-content-wrapper\">[vc_row css=&#8221;.vc_custom_1593853539015{margin-bottom: 0px !important;padding-bottom: 0px !important;}&#8221;][vc_column css=&#8221;.vc_custom_1593853547190{margin-bottom: 0px !important;padding-bottom: 0px !important;}&#8221;][vc_column_text]\n<h2>Nj\u00eb buz\u00ebqeshje \u00ebnd\u00ebr me nj\u00eb paket\u00eb Dental Spa<\/h2>\n[\/vc_column_text][\/vc_column][\/vc_row][vc_row css=&#8221;.vc_custom_1654702760862{margin-top: 0px !important;padding-top: 0px !important;padding-bottom: 0px !important;}&#8221;][vc_column width=&#8221;1\/2&#8243;][vc_column_text]JU MERITONI NJ\u00cb BUZ\u00cbQESHJE BRILIANE<br \/>\nHidhni hapin e par\u00eb drejt nj\u00eb buz\u00ebqeshjeje t\u00eb ndritshme dhe lini nj\u00eb takim. Ekipi yn\u00eb do t\u00eb sigurohet q\u00eb t&#8217;ju jap\u00eb dh\u00ebmb\u00eb t\u00eb sh\u00ebndetsh\u00ebm dhe t\u00eb bukur pa dhimbje me nj\u00eb zbritje promocionale p\u00ebr paket\u00ebn Dental Spa dhe mund\u00ebsin\u00eb e pages\u00ebs me 12 k\u00ebste.<\/p>\n<ul>\n<li><span style=\"font-size: 1rem;\">Nj\u00eb ekzaminim i detajuar i zgavr\u00ebs me goj\u00eb me nj\u00eb plan terapie t\u00eb p\u00ebrfshir\u00eb<\/span><\/li>\n<li>Diagnostifikimi dixhital me rreze X<\/li>\n<li>Zbulimi i hersh\u00ebm i kancerit oral \/ ekzaminimi pa dhimbje me nj\u00eb drit\u00eb t\u00eb ve\u00e7ant\u00eb<\/li>\n<li>Pastrimi me ultratinguj i gur\u00ebve<\/li>\n<li>Lustrim profesional \/ r\u00ebr\u00eb i dh\u00ebmb\u00ebve<\/li>\n<li>Zbardhja e zyr\u00ebs me laser deri n\u00eb 12 nuanca<\/li>\n<\/ul>\n<h2><del>13.910 denar\u00eb<\/del><br \/>\n5.900 denar\u00eb<\/h2>\n<p>ME MUND\u00cbSI PAGES\u00cb ME 12 K\u00cbSTE[\/vc_column_text][\/vc_column][vc_column width=&#8221;1\/2&#8243;][vc_single_image image=&#8221;3468&#8243; img_size=&#8221;large&#8221;][\/vc_column][\/vc_row][vc_row css=&#8221;.vc_custom_1654702791330{padding-top: 0px !important;padding-bottom: 0px !important;}&#8221;][vc_column][vc_tta_accordion active_section=&#8221;1&#8243;][vc_tta_section title=&#8221;Pastrim profesional&#8221; tab_id=&#8221;1702901530542-182fd83b-f346&#8243;][vc_row_inner][vc_column_inner width=&#8221;1\/2&#8243;][vc_column_text]P\u00ebrve\u00e7 higjien\u00ebs s\u00eb rregullt orale dhe dentare, ka zona midis dh\u00ebmb\u00ebve q\u00eb nuk lahen aq efektivisht. N\u00eb ato vende, n\u00eb nj\u00eb periudh\u00eb disamujore, pllaka dentare mineralizohet, b\u00ebhet nj\u00eb depozit\u00eb e fort\u00eb mbi t\u00eb cil\u00ebn ka nj\u00eb biofilm bakteresh. Kjo pllak\u00eb e fort\u00eb, ndonj\u00ebher\u00eb e padukshme n\u00eb drit\u00ebn e dit\u00ebs, duhet t\u00eb hiqet me nj\u00eb pastrim profesional t\u00eb dh\u00ebmb\u00ebve. Ai trajtim b\u00ebhet n\u00eb disa hapa protokollar\u00eb, p\u00ebrkat\u00ebsisht: pastrimi i pllakave t\u00eb forta dhe t\u00eb buta me ultratinguj, lustrimi i sip\u00ebrfaqeve dentare, sp\u00ebrkatja e dh\u00ebmb\u00ebve, shp\u00eblarja me dezinfektues oral n\u00eb var\u00ebsi t\u00eb gjendjes s\u00eb dh\u00ebmb\u00ebve sipas vendimit t\u00eb mjekut &#8211; terapist. Gjat\u00eb k\u00ebsaj vizite pacienti trajnohet edhe p\u00ebr t\u00eb ruajtur n\u00eb m\u00ebnyr\u00eb korrekte higjien\u00ebn orale, si dhe duke theksuar teknikat e p\u00ebrshtatshme p\u00ebr nevojat e atij personi.[\/vc_column_text][\/vc_column_inner][vc_column_inner width=&#8221;1\/2&#8243;][vc_single_image image=&#8221;1672&#8243; img_size=&#8221;large&#8221;][\/vc_column_inner][\/vc_row_inner][\/vc_tta_section][vc_tta_section title=&#8221;Detektimi i hersh\u00ebm i kancerit oral&#8221; tab_id=&#8221;1702901882908-f0ea8cc3-ed0c&#8221;][vc_row_inner][vc_column_inner width=&#8221;1\/2&#8243;][vc_column_text]Kanceri oral \u00ebsht\u00eb s\u00ebmundje q\u00eb shkaktohet p\u00ebr shkak t\u00eb shumimit t\u00eb pakontrolluar t\u00eb qelizave malinje (kancerogjene) n\u00eb zbraz\u00ebtir\u00ebn e goj\u00ebs ose n\u00eb orofaring.<br \/>\nEkziston nj\u00eb metod\u00eb e thjesht\u00eb vizuele e testimit dhe p\u00ebr k\u00ebt\u00eb q\u00ebllim n\u00eb ETERNA kemi siguruar aparat t\u00eb sofistikuar p\u00ebr detektim t\u00eb hersh\u00ebm me t\u00eb cilin n\u00eb kontroll t\u00eb shkurt\u00ebr t\u00eb thjesht\u00eb mund t\u00eb p\u00ebrcaktohet plaga eventuale prekanceroze ose kanceroze.<br \/>\nIdentifikimi i plag\u00ebs n\u00eb faz\u00eb t\u00eb hershme n\u00eb m\u00ebnyr\u00eb t\u00eb konsideruar rrit\u00eb mund\u00ebsit\u00eb p\u00ebr sh\u00ebrimin e k\u00ebsaj s\u00ebmundje.<br \/>\nMos harroni q\u00eb t\u00eb konsultoheni me stomatologun tuaj q\u00eb t\u00eb caktoni kontrolla t\u00eb rregullt.[\/vc_column_text][\/vc_column_inner][vc_column_inner width=&#8221;1\/2&#8243;][vc_single_image image=&#8221;1721&#8243; img_size=&#8221;large&#8221;][\/vc_column_inner][\/vc_row_inner][\/vc_tta_section][vc_tta_section title=&#8221;Diagnostika digjitale RTG&#8221; tab_id=&#8221;1649425340193-1b64c099-7ee7&#8243;][vc_row_inner][vc_column_inner width=&#8221;1\/2&#8243;][vc_column_text]Kontrolli stomatologjik, analiza dhe plani i terapis\u00eb nuk jan\u00eb t\u00eb kompletuara dhe t\u00eb mb\u00ebshtetura, pa p\u00ebrdorimin e DIAGNOSTIK\u00cbS DIGJITALE RENTGEN.<br \/>\nN\u00eb ETERNAdent ne shfryt\u00ebzojm\u00eb k\u00ebto aparate rentgen:<\/p>\n<ul>\n<li>Sensori intraoral p\u00ebr rreze x t\u00eb vogla<\/li>\n<li>Rentgen panorama \u2013 p\u00ebr diagnostifikimin dhe p\u00ebr ndryshimet e ndryshme patologjike t\u00eb dh\u00ebmb\u00ebve, eshtrave t\u00eb nofull\u00ebs dhe zbraz\u00ebtirave t\u00eb eshtrave t\u00eb fytyr\u00ebs.<\/li>\n<li>Rentgenografia digjitale, si teknologji e lart\u00eb q\u00eb p\u00ebrshpejton trajtimin dhe kontribuon p\u00ebr diagnoz\u00eb m\u00eb t\u00eb mir\u00eb dhe m\u00eb efikase dhe \u00ebsht\u00eb jasht\u00ebzakonsh\u00ebm gjat\u00eb kontrollit t\u00eb par\u00eb t\u00eb pacientit; gjat\u00eb planifikimit protetik, ortodontik dhe kirurgjik; diagnostifikimi i kariesit; granulomet e diagnostifikuara, cista, ndezje difuze, fokuse, osteomielitit, dh\u00ebmb gjys\u00ebm t\u00eb impaktuara dhe t\u00eb impaktuara; deformiteti i nofullave, kontrolli i kompletuar i TMZ;<\/li>\n<\/ul>\n[\/vc_column_text][\/vc_column_inner][vc_column_inner width=&#8221;1\/2&#8243;][vc_single_image image=&#8221;2001&#8243; img_size=&#8221;large&#8221;][\/vc_column_inner][\/vc_row_inner][\/vc_tta_section][vc_tta_section title=&#8221;Zbardhja profesionale&#8221; tab_id=&#8221;1649425340210-5600cc71-d565&#8243;][vc_row_inner][vc_column_inner width=&#8221;1\/2&#8243;][vc_column_text]Zbardhja profesionale b\u00ebhet n\u00ebn mbik\u00ebqyrje t\u00eb stomatologut dhe kryesisht bazohet n\u00eb karbamid peroksid ose peroksid me hidrogjen. Mund t\u00eb realizohet n\u00eb kushte t\u00eb ordinanc\u00ebs dhe t\u00eb jap rezultate t\u00eb shpejta (zbardhje deri n\u00eb 9 nuanca n\u00eb nj\u00eb vizit\u00eb) dhe njihet me emrin e njohur zbardhje in office apo zbardhje n\u00eb ordinanc\u00eb. Procedura n\u00eb ETERNAdent zgjat rreth nj\u00eb or\u00eb e gjysm\u00eb. Ky \u00ebsht\u00eb nj\u00eb sistem q\u00eb garanton SIGURI, REZULTAT T\u00cb SHPEJT\u00cb DHE ZERO NDJESHM\u00cbRI !<\/p>\n<p>Lloji tjet\u00ebr i zbardhjes profesionale \u00ebsht\u00eb zbardhja n\u00eb sht\u00ebpi. P\u00ebr k\u00ebt\u00eb teknike shfryt\u00ebzohen lug\u00eb q\u00eb jan\u00eb prodhuar n\u00eb m\u00ebnyr\u00eb speciale p\u00ebr zbardhje individuale p\u00ebr \u00e7do pacient dhe gjel profesional p\u00ebr zbardhje t\u00eb cil\u00ebt jan\u00eb me p\u00ebrq\u00ebndrim m\u00eb t\u00eb vog\u00ebl nga ato q\u00eb shfryt\u00ebzojm\u00eb p\u00ebr zbardhje n\u00eb ordinanc\u00eb. Q\u00eb t\u00eb arrijm\u00eb efekt m\u00eb t\u00eb v\u00ebrtet\u00eb m\u00eb t\u00eb bardh\u00eb me k\u00ebt\u00eb sistem k\u00ebrkohet pak m\u00eb shum\u00eb k\u00ebmb\u00ebngulje dhe zbatim t\u00eb k\u00ebtij sistemi disa her\u00eb me rradh\u00eb.[\/vc_column_text][\/vc_column_inner][vc_column_inner width=&#8221;1\/2&#8243;][vc_single_image image=&#8221;1807&#8243; img_size=&#8221;large&#8221;][\/vc_column_inner][\/vc_row_inner][\/vc_tta_section][\/vc_tta_accordion][\/vc_column][vc_column][\/vc_column][\/vc_row][vc_row css=&#8221;.vc_custom_1654702838522{padding-top: 30px !important;}&#8221;][vc_column][vc_column_text]ETERNAdent \u00ebsht\u00eb nj\u00eb qend\u00ebr sh\u00ebndet\u00ebsore dentare q\u00eb ndjek trendet e stomatologjis\u00eb moderne p\u00ebr m\u00eb shum\u00eb se 15 vjet, e pajisur me pajisje moderne dhe nj\u00eb ekip profesional shum\u00eb t\u00eb trajnuar q\u00eb ofron sh\u00ebrbime premium n\u00eb fush\u00ebn e stomatologjis\u00eb.[\/vc_column_text][vc_column_text]<a class=\"btn btn-outline-primary\" href=\"https:\/\/eternadent.com.mk\/sq\/caktoni-kontrollin\/\">Caktoni kontroll<\/a>[\/vc_column_text][\/vc_column][\/vc_row][vc_row full_width=&#8221;stretch_row&#8221; css=&#8221;.vc_custom_1654721589536{padding-top: 20px !important;background-color: #f7f7f7 !important;}&#8221;][vc_column][vc_column_text]\n<h2 class=\"special-title\" style=\"text-align: center;\">SH\u00cbRBIME T\u00cb NGJASHME<br \/>\nStomatologjia estetike<\/h2>\n[\/vc_column_text][\/vc_column][vc_column width=&#8221;1\/5&#8243;]<div class='xtd-card  '>\n  <a href='https:\/\/eternadent.com.mk\/sq\/estetska-stomatologija\/belenje-na-zabi\/' target=''><img loading=\"lazy\" decoding=\"async\" width=\"660\" height=\"504\" src=\"https:\/\/eternadent.com.mk\/wp-content\/uploads\/2022\/04\/belenje-cover.png\" class=\"attachment-large size-large\" alt=\"\" srcset=\"https:\/\/eternadent.com.mk\/wp-content\/uploads\/2022\/04\/belenje-cover.png 660w, https:\/\/eternadent.com.mk\/wp-content\/uploads\/2022\/04\/belenje-cover-300x229.png 300w\" sizes=\"auto, (max-width: 660px) 100vw, 660px\" \/><\/a>  <div class='xtd-card__info'>\n        <div class='xtd-card__title h4'>\n      <div>\n        Zbardhja e dh\u00ebmb\u00ebve              <\/div>\n    <\/div>\n      <div class='xtd-card__content'>\n          <\/div>\n          <a href=\"https:\/\/eternadent.com.mk\/sq\/estetska-stomatologija\/belenje-na-zabi\/\" class=\"btn btn-link btn-sm\">Zbulo me shume<\/a>\n      <\/div>\n<\/div>\n[\/vc_column][vc_column width=&#8221;1\/5&#8243;]<div class='xtd-card  '>\n  <a href='https:\/\/eternadent.com.mk\/sq\/estetska-stomatologija\/lasersko-konturiranje-i-depigmentira\/' target=''><img loading=\"lazy\" decoding=\"async\" width=\"660\" height=\"504\" src=\"https:\/\/eternadent.com.mk\/wp-content\/uploads\/2022\/04\/konturiraje-cover.png\" class=\"attachment-large size-large\" alt=\"\" srcset=\"https:\/\/eternadent.com.mk\/wp-content\/uploads\/2022\/04\/konturiraje-cover.png 660w, https:\/\/eternadent.com.mk\/wp-content\/uploads\/2022\/04\/konturiraje-cover-300x229.png 300w\" sizes=\"auto, (max-width: 660px) 100vw, 660px\" \/><\/a>  <div class='xtd-card__info'>\n        <div class='xtd-card__title h4'>\n      <div>\n        Konturimi dhe depigmentimi laserik              <\/div>\n    <\/div>\n      <div class='xtd-card__content'>\n          <\/div>\n          <a href=\"https:\/\/eternadent.com.mk\/sq\/estetska-stomatologija\/lasersko-konturiranje-i-depigmentira\/\" class=\"btn btn-link btn-sm\">Zbulo me shume<\/a>\n      <\/div>\n<\/div>\n[\/vc_column][vc_column width=&#8221;1\/5&#8243;]<div class='xtd-card  '>\n  <a href='https:\/\/eternadent.com.mk\/sq\/protetika\/faseti\/' target=''><img loading=\"lazy\" decoding=\"async\" width=\"660\" height=\"504\" src=\"https:\/\/eternadent.com.mk\/wp-content\/uploads\/2022\/04\/faseti-cover.png\" class=\"attachment-large size-large\" alt=\"\" srcset=\"https:\/\/eternadent.com.mk\/wp-content\/uploads\/2022\/04\/faseti-cover.png 660w, https:\/\/eternadent.com.mk\/wp-content\/uploads\/2022\/04\/faseti-cover-300x229.png 300w\" sizes=\"auto, (max-width: 660px) 100vw, 660px\" \/><\/a>  <div class='xtd-card__info'>\n        <div class='xtd-card__title h4'>\n      <div>\n        Facetat              <\/div>\n    <\/div>\n      <div class='xtd-card__content'>\n          <\/div>\n          <a href=\"https:\/\/eternadent.com.mk\/sq\/protetika\/faseti\/\" class=\"btn btn-link btn-sm\">Zbulo me shume<\/a>\n      <\/div>\n<\/div>\n[\/vc_column][vc_column width=&#8221;1\/5&#8243;]<div class='xtd-card  '>\n  <a href='https:\/\/eternadent.com.mk\/sq\/estetska-stomatologija\/porcelanski-inlei-i-onlei\/' target=''><img loading=\"lazy\" decoding=\"async\" width=\"660\" height=\"504\" src=\"https:\/\/eternadent.com.mk\/wp-content\/uploads\/2022\/04\/inlej-cover.png\" class=\"attachment-large size-large\" alt=\"\" srcset=\"https:\/\/eternadent.com.mk\/wp-content\/uploads\/2022\/04\/inlej-cover.png 660w, https:\/\/eternadent.com.mk\/wp-content\/uploads\/2022\/04\/inlej-cover-300x229.png 300w\" sizes=\"auto, (max-width: 660px) 100vw, 660px\" \/><\/a>  <div class='xtd-card__info'>\n        <div class='xtd-card__title h4'>\n      <div>\n        Inlei dhe onlei nga porcelani              <\/div>\n    <\/div>\n      <div class='xtd-card__content'>\n          <\/div>\n          <a href=\"https:\/\/eternadent.com.mk\/sq\/estetska-stomatologija\/porcelanski-inlei-i-onlei\/\" class=\"btn btn-link btn-sm\">Zbulo me shume<\/a>\n      <\/div>\n<\/div>\n[\/vc_column][vc_column width=&#8221;1\/5&#8243;]<div class='xtd-card  '>\n  <a href='https:\/\/eternadent.com.mk\/sq\/estetska-stomatologija\/alajneri\/' target=''><img loading=\"lazy\" decoding=\"async\" width=\"660\" height=\"504\" src=\"https:\/\/eternadent.com.mk\/wp-content\/uploads\/2022\/04\/alajneri-cover.png\" class=\"attachment-large size-large\" alt=\"\" srcset=\"https:\/\/eternadent.com.mk\/wp-content\/uploads\/2022\/04\/alajneri-cover.png 660w, https:\/\/eternadent.com.mk\/wp-content\/uploads\/2022\/04\/alajneri-cover-300x229.png 300w\" sizes=\"auto, (max-width: 660px) 100vw, 660px\" \/><\/a>  <div class='xtd-card__info'>\n        <div class='xtd-card__title h4'>\n      <div>\n        Alajner\u00ebt              <\/div>\n    <\/div>\n      <div class='xtd-card__content'>\n          <\/div>\n          <a href=\"https:\/\/eternadent.com.mk\/sq\/estetska-stomatologija\/alajneri\/\" class=\"btn btn-link btn-sm\">Zbulo me shume<\/a>\n      <\/div>\n<\/div>\n[\/vc_column][\/vc_row]\n<\/div>","protected":false},"excerpt":{"rendered":"<p>[vc_row css=&#8221;.vc_custom_1593853539015{margin-bottom: 0px !important;padding-bottom: 0px !important;}&#8221;][vc_column css=&#8221;.vc_custom_1593853547190{margin-bottom: 0px !important;padding-bottom: 0px !important;}&#8221;][vc_column_text] Nj\u00eb buz\u00ebqeshje \u00ebnd\u00ebr me nj\u00eb paket\u00eb Dental Spa [\/vc_column_text][\/vc_column][\/vc_row][vc_row css=&#8221;.vc_custom_1654702760862{margin-top: 0px !important;padding-top: 0px !important;padding-bottom: 0px !important;}&#8221;][vc_column width=&#8221;1\/2&#8243;][vc_column_text]JU MERITONI NJ\u00cb BUZ\u00cbQESHJE BRILIANE Hidhni hapin e par\u00eb drejt nj\u00eb buz\u00ebqeshjeje t\u00eb ndritshme dhe lini nj\u00eb takim. Ekipi yn\u00eb do t\u00eb sigurohet q\u00eb t&#8217;ju jap\u00eb dh\u00ebmb\u00eb t\u00eb sh\u00ebndetsh\u00ebm dhe t\u00eb bukur pa [&hellip;]<\/p>\n","protected":false},"author":2,"featured_media":0,"parent":0,"menu_order":0,"comment_status":"closed","ping_status":"closed","template":"","meta":{"inline_featured_image":false,"footnotes":""},"class_list":["post-3448","page","type-page","status-publish","hentry"],"yoast_head":"<!-- This site is optimized with the Yoast SEO Premium plugin v24.7 (Yoast SEO v24.8.1) - https:\/\/yoast.com\/wordpress\/plugins\/seo\/ -->\n<title>Eterna Dental Spa - \u0415\u0422\u0415\u0420\u041d\u0410\u0434\u0435\u043d\u0442<\/title>\n<meta name=\"description\" content=\"Hidhni hapin e par\u00eb drejt nj\u00eb buz\u00ebqeshjeje t\u00eb ndritshme dhe lini nj\u00eb takim. Ekipi yn\u00eb do t\u00eb sigurohet q\u00eb t&#039;ju jap\u00eb dh\u00ebmb\u00eb t\u00eb sh\u00ebndetsh\u00ebm dhe t\u00eb bukur pa dhimbje me nj\u00eb zbritje promocionale p\u00ebr paket\u00ebn Dental Spa dhe mund\u00ebsin\u00eb e pages\u00ebs me 12 k\u00ebste.\" \/>\n<meta name=\"robots\" content=\"index, follow, max-snippet:-1, max-image-preview:large, max-video-preview:-1\" \/>\n<link rel=\"canonical\" href=\"https:\/\/eternadent.com.mk\/sq\/eterna-dental-spa\/\" \/>\n<meta property=\"og:locale\" content=\"sq_AL\" \/>\n<meta property=\"og:type\" content=\"article\" \/>\n<meta property=\"og:title\" content=\"Eterna Dental Spa\" \/>\n<meta property=\"og:description\" content=\"Hidhni hapin e par\u00eb drejt nj\u00eb buz\u00ebqeshjeje t\u00eb ndritshme dhe lini nj\u00eb takim. Ekipi yn\u00eb do t\u00eb sigurohet q\u00eb t&#039;ju jap\u00eb dh\u00ebmb\u00eb t\u00eb sh\u00ebndetsh\u00ebm dhe t\u00eb bukur pa dhimbje me nj\u00eb zbritje promocionale p\u00ebr paket\u00ebn Dental Spa dhe mund\u00ebsin\u00eb e pages\u00ebs me 12 k\u00ebste.\" \/>\n<meta property=\"og:url\" content=\"https:\/\/eternadent.com.mk\/sq\/eterna-dental-spa\/\" \/>\n<meta property=\"og:site_name\" content=\"\u0415\u0422\u0415\u0420\u041d\u0410\u0434\u0435\u043d\u0442\" \/>\n<meta property=\"article:publisher\" content=\"https:\/\/www.facebook.com\/eternadentskopje\/\" \/>\n<meta property=\"article:modified_time\" content=\"2024-02-23T13:14:58+00:00\" \/>\n<meta property=\"og:image\" content=\"https:\/\/eternadent.com.mk\/wp-content\/uploads\/2023\/12\/eterna-logo-web.png\" \/>\n\t<meta property=\"og:image:width\" content=\"1200\" \/>\n\t<meta property=\"og:image:height\" content=\"675\" \/>\n\t<meta property=\"og:image:type\" content=\"image\/png\" \/>\n<meta name=\"twitter:card\" content=\"summary_large_image\" \/>\n<meta name=\"twitter:label1\" content=\"Est. reading time\" \/>\n\t<meta name=\"twitter:data1\" content=\"4 minutes\" \/>\n<script type=\"application\/ld+json\" class=\"yoast-schema-graph\">{\"@context\":\"https:\/\/schema.org\",\"@graph\":[{\"@type\":\"WebPage\",\"@id\":\"https:\/\/eternadent.com.mk\/sq\/eterna-dental-spa\/\",\"url\":\"https:\/\/eternadent.com.mk\/sq\/eterna-dental-spa\/\",\"name\":\"Eterna Dental Spa - \u0415\u0422\u0415\u0420\u041d\u0410\u0434\u0435\u043d\u0442\",\"isPartOf\":{\"@id\":\"https:\/\/eternadent.com.mk\/#website\"},\"datePublished\":\"2023-12-18T12:25:39+00:00\",\"dateModified\":\"2024-02-23T13:14:58+00:00\",\"description\":\"Hidhni hapin e par\u00eb drejt nj\u00eb buz\u00ebqeshjeje t\u00eb ndritshme dhe lini nj\u00eb takim. Ekipi yn\u00eb do t\u00eb sigurohet q\u00eb t'ju jap\u00eb dh\u00ebmb\u00eb t\u00eb sh\u00ebndetsh\u00ebm dhe t\u00eb bukur pa dhimbje me nj\u00eb zbritje promocionale p\u00ebr paket\u00ebn Dental Spa dhe mund\u00ebsin\u00eb e pages\u00ebs me 12 k\u00ebste.\",\"breadcrumb\":{\"@id\":\"https:\/\/eternadent.com.mk\/sq\/eterna-dental-spa\/#breadcrumb\"},\"inLanguage\":\"sq-AL\",\"potentialAction\":[{\"@type\":\"ReadAction\",\"target\":[\"https:\/\/eternadent.com.mk\/sq\/eterna-dental-spa\/\"]}]},{\"@type\":\"BreadcrumbList\",\"@id\":\"https:\/\/eternadent.com.mk\/sq\/eterna-dental-spa\/#breadcrumb\",\"itemListElement\":[{\"@type\":\"ListItem\",\"position\":1,\"name\":\"[wpseo_titles]breadcrumbs-\u041f\u043e\u0447\u0435\u0442\u043d\u0430\",\"item\":\"https:\/\/eternadent.com.mk\/sq\/\"},{\"@type\":\"ListItem\",\"position\":2,\"name\":\"Eterna Dental Spa\"}]},{\"@type\":\"WebSite\",\"@id\":\"https:\/\/eternadent.com.mk\/#website\",\"url\":\"https:\/\/eternadent.com.mk\/\",\"name\":\"ETERNAdent | \u0415\u0422\u0415\u0420\u041d\u0410\u0434\u0435\u043d\u0442\",\"description\":\"\u0412\u0410\u0428\u0410\u0422\u0410 \u041d\u041e\u0412\u0410 \u0417\u0414\u0420\u0410\u0412\u0410 \u041d\u0410\u0421\u041c\u0415\u0412\u041a\u0410\",\"publisher\":{\"@id\":\"https:\/\/eternadent.com.mk\/#organization\"},\"alternateName\":\"Eterna Dent | \u0415\u0442\u0435\u0440\u043d\u0430 \u0414\u0435\u043d\u0442\",\"potentialAction\":[{\"@type\":\"SearchAction\",\"target\":{\"@type\":\"EntryPoint\",\"urlTemplate\":\"https:\/\/eternadent.com.mk\/?s={search_term_string}\"},\"query-input\":{\"@type\":\"PropertyValueSpecification\",\"valueRequired\":true,\"valueName\":\"search_term_string\"}}],\"inLanguage\":\"sq-AL\"},{\"@type\":\"Organization\",\"@id\":\"https:\/\/eternadent.com.mk\/#organization\",\"name\":\"\u0415\u0422\u0415\u0420\u041d\u0410\u0434\u0435\u043d\u0442\",\"alternateName\":\"Eterna Dent\",\"url\":\"https:\/\/eternadent.com.mk\/\",\"logo\":{\"@type\":\"ImageObject\",\"inLanguage\":\"sq-AL\",\"@id\":\"https:\/\/eternadent.com.mk\/#\/schema\/logo\/image\/\",\"url\":\"https:\/\/eternadent.com.mk\/wp-content\/uploads\/2022\/04\/eterna-dent-logo-mk.png\",\"contentUrl\":\"https:\/\/eternadent.com.mk\/wp-content\/uploads\/2022\/04\/eterna-dent-logo-mk.png\",\"width\":842,\"height\":291,\"caption\":\"\u0415\u0422\u0415\u0420\u041d\u0410\u0434\u0435\u043d\u0442\"},\"image\":{\"@id\":\"https:\/\/eternadent.com.mk\/#\/schema\/logo\/image\/\"},\"sameAs\":[\"https:\/\/www.facebook.com\/eternadentskopje\/\",\"https:\/\/www.instagram.com\/eternadentskopje\/\"]}]}<\/script>\n<!-- \/ Yoast SEO Premium plugin. -->","yoast_head_json":{"title":"Eterna Dental Spa - \u0415\u0422\u0415\u0420\u041d\u0410\u0434\u0435\u043d\u0442","description":"Hidhni hapin e par\u00eb drejt nj\u00eb buz\u00ebqeshjeje t\u00eb ndritshme dhe lini nj\u00eb takim. Ekipi yn\u00eb do t\u00eb sigurohet q\u00eb t'ju jap\u00eb dh\u00ebmb\u00eb t\u00eb sh\u00ebndetsh\u00ebm dhe t\u00eb bukur pa dhimbje me nj\u00eb zbritje promocionale p\u00ebr paket\u00ebn Dental Spa dhe mund\u00ebsin\u00eb e pages\u00ebs me 12 k\u00ebste.","robots":{"index":"index","follow":"follow","max-snippet":"max-snippet:-1","max-image-preview":"max-image-preview:large","max-video-preview":"max-video-preview:-1"},"canonical":"https:\/\/eternadent.com.mk\/sq\/eterna-dental-spa\/","og_locale":"sq_AL","og_type":"article","og_title":"Eterna Dental Spa","og_description":"Hidhni hapin e par\u00eb drejt nj\u00eb buz\u00ebqeshjeje t\u00eb ndritshme dhe lini nj\u00eb takim. Ekipi yn\u00eb do t\u00eb sigurohet q\u00eb t'ju jap\u00eb dh\u00ebmb\u00eb t\u00eb sh\u00ebndetsh\u00ebm dhe t\u00eb bukur pa dhimbje me nj\u00eb zbritje promocionale p\u00ebr paket\u00ebn Dental Spa dhe mund\u00ebsin\u00eb e pages\u00ebs me 12 k\u00ebste.","og_url":"https:\/\/eternadent.com.mk\/sq\/eterna-dental-spa\/","og_site_name":"\u0415\u0422\u0415\u0420\u041d\u0410\u0434\u0435\u043d\u0442","article_publisher":"https:\/\/www.facebook.com\/eternadentskopje\/","article_modified_time":"2024-02-23T13:14:58+00:00","og_image":[{"width":1200,"height":675,"url":"https:\/\/eternadent.com.mk\/wp-content\/uploads\/2023\/12\/eterna-logo-web.png","type":"image\/png"}],"twitter_card":"summary_large_image","twitter_misc":{"Est. reading time":"4 minutes"},"schema":{"@context":"https:\/\/schema.org","@graph":[{"@type":"WebPage","@id":"https:\/\/eternadent.com.mk\/sq\/eterna-dental-spa\/","url":"https:\/\/eternadent.com.mk\/sq\/eterna-dental-spa\/","name":"Eterna Dental Spa - \u0415\u0422\u0415\u0420\u041d\u0410\u0434\u0435\u043d\u0442","isPartOf":{"@id":"https:\/\/eternadent.com.mk\/#website"},"datePublished":"2023-12-18T12:25:39+00:00","dateModified":"2024-02-23T13:14:58+00:00","description":"Hidhni hapin e par\u00eb drejt nj\u00eb buz\u00ebqeshjeje t\u00eb ndritshme dhe lini nj\u00eb takim. Ekipi yn\u00eb do t\u00eb sigurohet q\u00eb t'ju jap\u00eb dh\u00ebmb\u00eb t\u00eb sh\u00ebndetsh\u00ebm dhe t\u00eb bukur pa dhimbje me nj\u00eb zbritje promocionale p\u00ebr paket\u00ebn Dental Spa dhe mund\u00ebsin\u00eb e pages\u00ebs me 12 k\u00ebste.","breadcrumb":{"@id":"https:\/\/eternadent.com.mk\/sq\/eterna-dental-spa\/#breadcrumb"},"inLanguage":"sq-AL","potentialAction":[{"@type":"ReadAction","target":["https:\/\/eternadent.com.mk\/sq\/eterna-dental-spa\/"]}]},{"@type":"BreadcrumbList","@id":"https:\/\/eternadent.com.mk\/sq\/eterna-dental-spa\/#breadcrumb","itemListElement":[{"@type":"ListItem","position":1,"name":"[wpseo_titles]breadcrumbs-\u041f\u043e\u0447\u0435\u0442\u043d\u0430","item":"https:\/\/eternadent.com.mk\/sq\/"},{"@type":"ListItem","position":2,"name":"Eterna Dental Spa"}]},{"@type":"WebSite","@id":"https:\/\/eternadent.com.mk\/#website","url":"https:\/\/eternadent.com.mk\/","name":"ETERNAdent | \u0415\u0422\u0415\u0420\u041d\u0410\u0434\u0435\u043d\u0442","description":"\u0412\u0410\u0428\u0410\u0422\u0410 \u041d\u041e\u0412\u0410 \u0417\u0414\u0420\u0410\u0412\u0410 \u041d\u0410\u0421\u041c\u0415\u0412\u041a\u0410","publisher":{"@id":"https:\/\/eternadent.com.mk\/#organization"},"alternateName":"Eterna Dent | \u0415\u0442\u0435\u0440\u043d\u0430 \u0414\u0435\u043d\u0442","potentialAction":[{"@type":"SearchAction","target":{"@type":"EntryPoint","urlTemplate":"https:\/\/eternadent.com.mk\/?s={search_term_string}"},"query-input":{"@type":"PropertyValueSpecification","valueRequired":true,"valueName":"search_term_string"}}],"inLanguage":"sq-AL"},{"@type":"Organization","@id":"https:\/\/eternadent.com.mk\/#organization","name":"\u0415\u0422\u0415\u0420\u041d\u0410\u0434\u0435\u043d\u0442","alternateName":"Eterna Dent","url":"https:\/\/eternadent.com.mk\/","logo":{"@type":"ImageObject","inLanguage":"sq-AL","@id":"https:\/\/eternadent.com.mk\/#\/schema\/logo\/image\/","url":"https:\/\/eternadent.com.mk\/wp-content\/uploads\/2022\/04\/eterna-dent-logo-mk.png","contentUrl":"https:\/\/eternadent.com.mk\/wp-content\/uploads\/2022\/04\/eterna-dent-logo-mk.png","width":842,"height":291,"caption":"\u0415\u0422\u0415\u0420\u041d\u0410\u0434\u0435\u043d\u0442"},"image":{"@id":"https:\/\/eternadent.com.mk\/#\/schema\/logo\/image\/"},"sameAs":["https:\/\/www.facebook.com\/eternadentskopje\/","https:\/\/www.instagram.com\/eternadentskopje\/"]}]}},"_links":{"self":[{"href":"https:\/\/eternadent.com.mk\/sq\/wp-json\/wp\/v2\/pages\/3448","targetHints":{"allow":["GET"]}}],"collection":[{"href":"https:\/\/eternadent.com.mk\/sq\/wp-json\/wp\/v2\/pages"}],"about":[{"href":"https:\/\/eternadent.com.mk\/sq\/wp-json\/wp\/v2\/types\/page"}],"author":[{"embeddable":true,"href":"https:\/\/eternadent.com.mk\/sq\/wp-json\/wp\/v2\/users\/2"}],"replies":[{"embeddable":true,"href":"https:\/\/eternadent.com.mk\/sq\/wp-json\/wp\/v2\/comments?post=3448"}],"version-history":[{"count":6,"href":"https:\/\/eternadent.com.mk\/sq\/wp-json\/wp\/v2\/pages\/3448\/revisions"}],"predecessor-version":[{"id":3471,"href":"https:\/\/eternadent.com.mk\/sq\/wp-json\/wp\/v2\/pages\/3448\/revisions\/3471"}],"wp:attachment":[{"href":"https:\/\/eternadent.com.mk\/sq\/wp-json\/wp\/v2\/media?parent=3448"}],"curies":[{"name":"wp","href":"https:\/\/api.w.org\/{rel}","templated":true}]}}