{"id":3134,"date":"2017-08-10T13:48:38","date_gmt":"2017-08-10T11:48:38","guid":{"rendered":"https:\/\/eternadent.com.mk\/zakazhi-pregled\/"},"modified":"2022-08-25T23:52:18","modified_gmt":"2022-08-25T21:52:18","slug":"caktoni-kontrollin","status":"publish","type":"page","link":"https:\/\/eternadent.com.mk\/sq\/caktoni-kontrollin\/","title":{"rendered":"Caktoni kontroll"},"content":{"rendered":"<div class=\"wpb-content-wrapper\">[vc_row full_width=&#8221;stretch_row&#8221; content_placement=&#8221;middle&#8221; curly_bg_position=&#8221;bg-pos-center-center&#8221; curly_bg_parallax=&#8221;true&#8221; curly_padding=&#8221;content-padding-xxl&#8221; css=&#8221;.vc_custom_1578484226345{background: #1187c5 url(https:\/\/eternadent.com.mk\/wp-content\/uploads\/2017\/06\/dentalchair-3.jpg?id=885) !important;background-position: center !important;background-repeat: no-repeat !important;background-size: cover !important;}&#8221;][vc_column width=&#8221;5\/6&#8243; el_class=&#8221;xtd-offset-dots-white&#8221; offset=&#8221;vc_col-lg-offset-0 vc_col-lg-7 vc_col-sm-offset-1&#8243;][vc_column_text css=&#8221;.vc_custom_1661464337460{padding-top: 3rem !important;padding-right: 3rem !important;padding-bottom: 3rem !important;padding-left: 3rem !important;background-color: #ffffff !important;}&#8221;]\n<div class=\"wpcf7 no-js\" id=\"wpcf7-f3138-o1\" lang=\"en-US\" dir=\"ltr\" data-wpcf7-id=\"3138\">\n<div class=\"screen-reader-response\"><p role=\"status\" aria-live=\"polite\" aria-atomic=\"true\"><\/p> <ul><\/ul><\/div>\n<form action=\"\/sq\/wp-json\/wp\/v2\/pages\/3134#wpcf7-f3138-o1\" method=\"post\" class=\"wpcf7-form init\" aria-label=\"Contact form\" novalidate=\"novalidate\" data-status=\"init\">\n<div style=\"display: none;\">\n<input type=\"hidden\" name=\"_wpcf7\" value=\"3138\" \/>\n<input type=\"hidden\" name=\"_wpcf7_version\" value=\"6.0.6\" \/>\n<input type=\"hidden\" name=\"_wpcf7_locale\" value=\"en_US\" \/>\n<input type=\"hidden\" name=\"_wpcf7_unit_tag\" value=\"wpcf7-f3138-o1\" \/>\n<input type=\"hidden\" name=\"_wpcf7_container_post\" value=\"0\" \/>\n<input type=\"hidden\" name=\"_wpcf7_posted_data_hash\" value=\"\" \/>\n<input type=\"hidden\" name=\"_wpcf7_recaptcha_response\" value=\"\" \/>\n<\/div>\n<div class=\"vc_row\">\n\t<div class=\"vc_col-sm-10 vc_col-lg-4 vc_col-md-4\">\n\t\t<p><span class=\"wpcf7-form-control-wrap\" data-name=\"name5\"><input size=\"40\" maxlength=\"400\" class=\"wpcf7-form-control wpcf7-text wpcf7-validates-as-required\" aria-required=\"true\" aria-invalid=\"false\" placeholder=\"Emri dhe mbiemri*\" value=\"\" type=\"text\" name=\"name5\" \/><\/span>\n\t\t<\/p>\n\t<\/div>\n\t<div class=\"vc_col-sm-10 vc_col-lg-4 vc_col-md-4\">\n\t\t<p><span class=\"wpcf7-form-control-wrap\" data-name=\"email\"><input size=\"40\" maxlength=\"400\" class=\"wpcf7-form-control wpcf7-email wpcf7-validates-as-required wpcf7-text wpcf7-validates-as-email\" aria-required=\"true\" aria-invalid=\"false\" placeholder=\"Emaili*\" value=\"\" type=\"email\" name=\"email\" \/><\/span>\n\t\t<\/p>\n\t<\/div>\n\t<div class=\"vc_col-sm-10 vc_col-lg-4 vc_col-md-4\">\n\t\t<p><span class=\"wpcf7-form-control-wrap\" data-name=\"tel-809\"><input size=\"40\" maxlength=\"400\" class=\"wpcf7-form-control wpcf7-text wpcf7-validates-as-required\" aria-required=\"true\" aria-invalid=\"false\" placeholder=\"Telefoni*\" value=\"\" type=\"text\" name=\"tel-809\" \/><\/span>\n\t\t<\/p>\n\t<\/div>\n<\/div>\n<div class=\"vc_clearfix\">\n<\/div>\n<div class=\"vc_row\">\n\t<div class=\"vc_col-sm-10 vc_col-lg-6 vc_col-md-6\">\n\t\t<p><span class=\"wpcf7-form-control-wrap\" data-name=\"den\"><select class=\"wpcf7-form-control wpcf7-select wpcf7-validates-as-required\" aria-required=\"true\" aria-invalid=\"false\" name=\"den\"><option value=\"E h\u00ebn\u00eb\">E h\u00ebn\u00eb<\/option><option value=\"E mart\u00eb\">E mart\u00eb<\/option><option value=\"E m\u00ebrkur\u00eb\">E m\u00ebrkur\u00eb<\/option><option value=\"E enjte\">E enjte<\/option><option value=\"E premte\">E premte<\/option><option value=\"E shtun\u00eb\">E shtun\u00eb<\/option><\/select><\/span>\n\t\t<\/p>\n\t<\/div>\n\t<div class=\"vc_col-sm-10 vc_col-lg-6 vc_col-md-6\">\n\t\t<p><span class=\"wpcf7-form-control-wrap\" data-name=\"saat\"><select class=\"wpcf7-form-control wpcf7-select wpcf7-validates-as-required\" aria-required=\"true\" aria-invalid=\"false\" name=\"saat\"><option value=\"9:00\">9:00<\/option><option value=\"10:00\">10:00<\/option><option value=\"11:00\">11:00<\/option><option value=\"12:00\">12:00<\/option><option value=\"13:00\">13:00<\/option><option value=\"14:00\">14:00<\/option><option value=\"15:00\">15:00<\/option><option value=\"16:00\">16:00<\/option><option value=\"17:00\">17:00<\/option><\/select><\/span>\n\t\t<\/p>\n\t<\/div>\n<\/div>\n<div class=\"vc_clearfix\">\n<\/div>\n<p><span class=\"wpcf7-form-control-wrap\" data-name=\"poraka\"><textarea cols=\"40\" rows=\"10\" maxlength=\"2000\" class=\"wpcf7-form-control wpcf7-textarea\" aria-invalid=\"false\" placeholder=\"Shpjegoni problemin tuaj dentar\" name=\"poraka\"><\/textarea><\/span><br \/>\n<input class=\"wpcf7-form-control wpcf7-submit has-spinner vc_btn3\" type=\"submit\" value=\"D\u00cbRGONI\" \/>\n<\/p><div class=\"wpcf7-response-output\" aria-hidden=\"true\"><\/div>\n<\/form>\n<\/div>\n[\/vc_column_text][\/vc_column][vc_column width=&#8221;5\/6&#8243; el_class=&#8221;color&#8211;text-inverted&#8221; css=&#8221;.vc_custom_1502725330564{padding-top: 25% !important;}&#8221; offset=&#8221;vc_col-lg-offset-1 vc_col-lg-3 vc_hidden-sm vc_hidden-xs&#8221;][vc_column_text]\n<h3>Caktoni Kontroll!<\/h3>\n<p>Me plot\u00ebsimin e t\u00eb dh\u00ebnave nga formulari p\u00ebr kontakt jui mund t\u00eb caktoni takim p\u00ebr kontroll dhe\/ose konsultim ose caktoni n\u00eb telefon:<\/p>\n<h5>+389 (0)2 30 91 470<\/h5>\n<h5>+389 (0)78 309 147<\/h5>\n[\/vc_column_text][\/vc_column][\/vc_row][vc_row css=&#8221;.vc_custom_1654717599195{padding-top: 40px !important;}&#8221;][vc_column][vc_column_text]Gjat\u00eb caktimit tuaj t\u00eb part\u00eb n\u00eb ETERNAdent, ejani 5 minuta m\u00eb her\u00ebt q\u00eb t\u00eb plot\u00ebsoni formularin t\u00eb dedikuar p\u00ebr hapjen e kartonit tuaj dentar. Formularin e nj\u00ebjt\u00eb mund ta gjeni n\u00eb form\u00eb digjitale <a href=\"https:\/\/eternadent.com.mk\/wp-content\/uploads\/2022\/06\/eternadent-formular.pdf\" target=\"_blank\" rel=\"noopener\"><strong>k\u00ebtu<\/strong><\/a>, ta plot\u00ebsoni dhe t\u00eb na d\u00ebrgoni me email.<\/p>\n<p>Pacient\u00ebt t\u00eb cil\u00ebt do t\u00eb vendosin q\u00eb t\u00eb na d\u00ebrgojn\u00eb formularin n\u00eb form\u00eb elektronike do t\u00eb marrin parasysh rrezikun q\u00eb lidhet me d\u00ebrgimin e \u00e7far\u00ebdo informacioni p\u00ebrmes interenetit. ETERNAdent n\u00eb m\u00ebnyr\u00eb t\u00eb qart\u00eb mohon p\u00ebrgjegj\u00ebsin\u00eb p\u00ebr bartjen e informatave personale t\u00eb pacientit p\u00ebrmes internetit.[\/vc_column_text][\/vc_column][\/vc_row]\n<\/div>","protected":false},"excerpt":{"rendered":"<p>[vc_row full_width=&#8221;stretch_row&#8221; content_placement=&#8221;middle&#8221; curly_bg_position=&#8221;bg-pos-center-center&#8221; curly_bg_parallax=&#8221;true&#8221; curly_padding=&#8221;content-padding-xxl&#8221; css=&#8221;.vc_custom_1578484226345{background: #1187c5 url(https:\/\/eternadent.com.mk\/wp-content\/uploads\/2017\/06\/dentalchair-3.jpg?id=885) !important;background-position: center !important;background-repeat: no-repeat !important;background-size: cover !important;}&#8221;][vc_column width=&#8221;5\/6&#8243; el_class=&#8221;xtd-offset-dots-white&#8221; offset=&#8221;vc_col-lg-offset-0 vc_col-lg-7 vc_col-sm-offset-1&#8243;][vc_column_text css=&#8221;.vc_custom_1661464337460{padding-top: 3rem !important;padding-right: 3rem !important;padding-bottom: 3rem !important;padding-left: 3rem !important;background-color: #ffffff !important;}&#8221;][\/vc_column_text][\/vc_column][vc_column width=&#8221;5\/6&#8243; el_class=&#8221;color&#8211;text-inverted&#8221; css=&#8221;.vc_custom_1502725330564{padding-top: 25% !important;}&#8221; offset=&#8221;vc_col-lg-offset-1 vc_col-lg-3 vc_hidden-sm vc_hidden-xs&#8221;][vc_column_text] Caktoni Kontroll! Me plot\u00ebsimin e t\u00eb dh\u00ebnave nga formulari p\u00ebr kontakt jui mund t\u00eb caktoni takim p\u00ebr kontroll dhe\/ose [&hellip;]<\/p>\n","protected":false},"author":1,"featured_media":0,"parent":0,"menu_order":0,"comment_status":"closed","ping_status":"closed","template":"","meta":{"inline_featured_image":false,"footnotes":""},"class_list":["post-3134","page","type-page","status-publish","hentry"],"yoast_head":"<!-- This site is optimized with the Yoast SEO Premium plugin v24.7 (Yoast SEO v24.8.1) - https:\/\/yoast.com\/wordpress\/plugins\/seo\/ -->\n<title>Caktoni kontroll - \u0415\u0422\u0415\u0420\u041d\u0410\u0434\u0435\u043d\u0442<\/title>\n<meta name=\"robots\" content=\"index, follow, max-snippet:-1, max-image-preview:large, max-video-preview:-1\" \/>\n<link rel=\"canonical\" href=\"https:\/\/eternadent.com.mk\/sq\/caktoni-kontrollin\/\" \/>\n<meta property=\"og:locale\" content=\"sq_AL\" \/>\n<meta property=\"og:type\" content=\"article\" \/>\n<meta property=\"og:title\" content=\"Caktoni kontroll\" \/>\n<meta property=\"og:description\" content=\"[vc_row full_width=&#8221;stretch_row&#8221; content_placement=&#8221;middle&#8221; curly_bg_position=&#8221;bg-pos-center-center&#8221; curly_bg_parallax=&#8221;true&#8221; curly_padding=&#8221;content-padding-xxl&#8221; css=&#8221;.vc_custom_1578484226345{background: #1187c5 url(https:\/\/eternadent.com.mk\/wp-content\/uploads\/2017\/06\/dentalchair-3.jpg?id=885) !important;background-position: center !important;background-repeat: no-repeat !important;background-size: cover !important;}&#8221;][vc_column width=&#8221;5\/6&#8243; el_class=&#8221;xtd-offset-dots-white&#8221; offset=&#8221;vc_col-lg-offset-0 vc_col-lg-7 vc_col-sm-offset-1&#8243;][vc_column_text css=&#8221;.vc_custom_1661464337460{padding-top: 3rem !important;padding-right: 3rem !important;padding-bottom: 3rem !important;padding-left: 3rem !important;background-color: #ffffff !important;}&#8221;][\/vc_column_text][\/vc_column][vc_column width=&#8221;5\/6&#8243; el_class=&#8221;color&#8211;text-inverted&#8221; css=&#8221;.vc_custom_1502725330564{padding-top: 25% !important;}&#8221; offset=&#8221;vc_col-lg-offset-1 vc_col-lg-3 vc_hidden-sm vc_hidden-xs&#8221;][vc_column_text] Caktoni Kontroll! Me plot\u00ebsimin e t\u00eb dh\u00ebnave nga formulari p\u00ebr kontakt jui mund t\u00eb caktoni takim p\u00ebr kontroll dhe\/ose [&hellip;]\" \/>\n<meta property=\"og:url\" content=\"https:\/\/eternadent.com.mk\/sq\/caktoni-kontrollin\/\" \/>\n<meta property=\"og:site_name\" content=\"\u0415\u0422\u0415\u0420\u041d\u0410\u0434\u0435\u043d\u0442\" \/>\n<meta property=\"article:publisher\" content=\"https:\/\/www.facebook.com\/eternadentskopje\/\" \/>\n<meta property=\"article:modified_time\" content=\"2022-08-25T21:52:18+00:00\" \/>\n<meta property=\"og:image\" content=\"https:\/\/eternadent.com.mk\/wp-content\/uploads\/2023\/12\/eterna-logo-web.png\" \/>\n\t<meta property=\"og:image:width\" content=\"1200\" \/>\n\t<meta property=\"og:image:height\" content=\"675\" \/>\n\t<meta property=\"og:image:type\" content=\"image\/png\" \/>\n<meta name=\"twitter:card\" content=\"summary_large_image\" \/>\n<meta name=\"twitter:label1\" content=\"Est. reading time\" \/>\n\t<meta name=\"twitter:data1\" content=\"1 minute\" \/>\n<script type=\"application\/ld+json\" class=\"yoast-schema-graph\">{\"@context\":\"https:\/\/schema.org\",\"@graph\":[{\"@type\":\"WebPage\",\"@id\":\"https:\/\/eternadent.com.mk\/sq\/caktoni-kontrollin\/\",\"url\":\"https:\/\/eternadent.com.mk\/sq\/caktoni-kontrollin\/\",\"name\":\"Caktoni kontroll - \u0415\u0422\u0415\u0420\u041d\u0410\u0434\u0435\u043d\u0442\",\"isPartOf\":{\"@id\":\"https:\/\/eternadent.com.mk\/#website\"},\"datePublished\":\"2017-08-10T11:48:38+00:00\",\"dateModified\":\"2022-08-25T21:52:18+00:00\",\"breadcrumb\":{\"@id\":\"https:\/\/eternadent.com.mk\/sq\/caktoni-kontrollin\/#breadcrumb\"},\"inLanguage\":\"sq-AL\",\"potentialAction\":[{\"@type\":\"ReadAction\",\"target\":[\"https:\/\/eternadent.com.mk\/sq\/caktoni-kontrollin\/\"]}]},{\"@type\":\"BreadcrumbList\",\"@id\":\"https:\/\/eternadent.com.mk\/sq\/caktoni-kontrollin\/#breadcrumb\",\"itemListElement\":[{\"@type\":\"ListItem\",\"position\":1,\"name\":\"[wpseo_titles]breadcrumbs-\u041f\u043e\u0447\u0435\u0442\u043d\u0430\",\"item\":\"https:\/\/eternadent.com.mk\/sq\/\"},{\"@type\":\"ListItem\",\"position\":2,\"name\":\"Caktoni kontroll\"}]},{\"@type\":\"WebSite\",\"@id\":\"https:\/\/eternadent.com.mk\/#website\",\"url\":\"https:\/\/eternadent.com.mk\/\",\"name\":\"ETERNAdent | \u0415\u0422\u0415\u0420\u041d\u0410\u0434\u0435\u043d\u0442\",\"description\":\"\u0412\u0410\u0428\u0410\u0422\u0410 \u041d\u041e\u0412\u0410 \u0417\u0414\u0420\u0410\u0412\u0410 \u041d\u0410\u0421\u041c\u0415\u0412\u041a\u0410\",\"publisher\":{\"@id\":\"https:\/\/eternadent.com.mk\/#organization\"},\"alternateName\":\"Eterna Dent | \u0415\u0442\u0435\u0440\u043d\u0430 \u0414\u0435\u043d\u0442\",\"potentialAction\":[{\"@type\":\"SearchAction\",\"target\":{\"@type\":\"EntryPoint\",\"urlTemplate\":\"https:\/\/eternadent.com.mk\/?s={search_term_string}\"},\"query-input\":{\"@type\":\"PropertyValueSpecification\",\"valueRequired\":true,\"valueName\":\"search_term_string\"}}],\"inLanguage\":\"sq-AL\"},{\"@type\":\"Organization\",\"@id\":\"https:\/\/eternadent.com.mk\/#organization\",\"name\":\"\u0415\u0422\u0415\u0420\u041d\u0410\u0434\u0435\u043d\u0442\",\"alternateName\":\"Eterna Dent\",\"url\":\"https:\/\/eternadent.com.mk\/\",\"logo\":{\"@type\":\"ImageObject\",\"inLanguage\":\"sq-AL\",\"@id\":\"https:\/\/eternadent.com.mk\/#\/schema\/logo\/image\/\",\"url\":\"https:\/\/eternadent.com.mk\/wp-content\/uploads\/2022\/04\/eterna-dent-logo-mk.png\",\"contentUrl\":\"https:\/\/eternadent.com.mk\/wp-content\/uploads\/2022\/04\/eterna-dent-logo-mk.png\",\"width\":842,\"height\":291,\"caption\":\"\u0415\u0422\u0415\u0420\u041d\u0410\u0434\u0435\u043d\u0442\"},\"image\":{\"@id\":\"https:\/\/eternadent.com.mk\/#\/schema\/logo\/image\/\"},\"sameAs\":[\"https:\/\/www.facebook.com\/eternadentskopje\/\",\"https:\/\/www.instagram.com\/eternadentskopje\/\"]}]}<\/script>\n<!-- \/ Yoast SEO Premium plugin. -->","yoast_head_json":{"title":"Caktoni kontroll - \u0415\u0422\u0415\u0420\u041d\u0410\u0434\u0435\u043d\u0442","robots":{"index":"index","follow":"follow","max-snippet":"max-snippet:-1","max-image-preview":"max-image-preview:large","max-video-preview":"max-video-preview:-1"},"canonical":"https:\/\/eternadent.com.mk\/sq\/caktoni-kontrollin\/","og_locale":"sq_AL","og_type":"article","og_title":"Caktoni kontroll","og_description":"[vc_row full_width=&#8221;stretch_row&#8221; content_placement=&#8221;middle&#8221; curly_bg_position=&#8221;bg-pos-center-center&#8221; curly_bg_parallax=&#8221;true&#8221; curly_padding=&#8221;content-padding-xxl&#8221; css=&#8221;.vc_custom_1578484226345{background: #1187c5 url(https:\/\/eternadent.com.mk\/wp-content\/uploads\/2017\/06\/dentalchair-3.jpg?id=885) !important;background-position: center !important;background-repeat: no-repeat !important;background-size: cover !important;}&#8221;][vc_column width=&#8221;5\/6&#8243; el_class=&#8221;xtd-offset-dots-white&#8221; offset=&#8221;vc_col-lg-offset-0 vc_col-lg-7 vc_col-sm-offset-1&#8243;][vc_column_text css=&#8221;.vc_custom_1661464337460{padding-top: 3rem !important;padding-right: 3rem !important;padding-bottom: 3rem !important;padding-left: 3rem !important;background-color: #ffffff !important;}&#8221;][\/vc_column_text][\/vc_column][vc_column width=&#8221;5\/6&#8243; el_class=&#8221;color&#8211;text-inverted&#8221; css=&#8221;.vc_custom_1502725330564{padding-top: 25% !important;}&#8221; offset=&#8221;vc_col-lg-offset-1 vc_col-lg-3 vc_hidden-sm vc_hidden-xs&#8221;][vc_column_text] Caktoni Kontroll! Me plot\u00ebsimin e t\u00eb dh\u00ebnave nga formulari p\u00ebr kontakt jui mund t\u00eb caktoni takim p\u00ebr kontroll dhe\/ose [&hellip;]","og_url":"https:\/\/eternadent.com.mk\/sq\/caktoni-kontrollin\/","og_site_name":"\u0415\u0422\u0415\u0420\u041d\u0410\u0434\u0435\u043d\u0442","article_publisher":"https:\/\/www.facebook.com\/eternadentskopje\/","article_modified_time":"2022-08-25T21:52:18+00:00","og_image":[{"width":1200,"height":675,"url":"https:\/\/eternadent.com.mk\/wp-content\/uploads\/2023\/12\/eterna-logo-web.png","type":"image\/png"}],"twitter_card":"summary_large_image","twitter_misc":{"Est. reading time":"1 minute"},"schema":{"@context":"https:\/\/schema.org","@graph":[{"@type":"WebPage","@id":"https:\/\/eternadent.com.mk\/sq\/caktoni-kontrollin\/","url":"https:\/\/eternadent.com.mk\/sq\/caktoni-kontrollin\/","name":"Caktoni kontroll - \u0415\u0422\u0415\u0420\u041d\u0410\u0434\u0435\u043d\u0442","isPartOf":{"@id":"https:\/\/eternadent.com.mk\/#website"},"datePublished":"2017-08-10T11:48:38+00:00","dateModified":"2022-08-25T21:52:18+00:00","breadcrumb":{"@id":"https:\/\/eternadent.com.mk\/sq\/caktoni-kontrollin\/#breadcrumb"},"inLanguage":"sq-AL","potentialAction":[{"@type":"ReadAction","target":["https:\/\/eternadent.com.mk\/sq\/caktoni-kontrollin\/"]}]},{"@type":"BreadcrumbList","@id":"https:\/\/eternadent.com.mk\/sq\/caktoni-kontrollin\/#breadcrumb","itemListElement":[{"@type":"ListItem","position":1,"name":"[wpseo_titles]breadcrumbs-\u041f\u043e\u0447\u0435\u0442\u043d\u0430","item":"https:\/\/eternadent.com.mk\/sq\/"},{"@type":"ListItem","position":2,"name":"Caktoni kontroll"}]},{"@type":"WebSite","@id":"https:\/\/eternadent.com.mk\/#website","url":"https:\/\/eternadent.com.mk\/","name":"ETERNAdent | \u0415\u0422\u0415\u0420\u041d\u0410\u0434\u0435\u043d\u0442","description":"\u0412\u0410\u0428\u0410\u0422\u0410 \u041d\u041e\u0412\u0410 \u0417\u0414\u0420\u0410\u0412\u0410 \u041d\u0410\u0421\u041c\u0415\u0412\u041a\u0410","publisher":{"@id":"https:\/\/eternadent.com.mk\/#organization"},"alternateName":"Eterna Dent | \u0415\u0442\u0435\u0440\u043d\u0430 \u0414\u0435\u043d\u0442","potentialAction":[{"@type":"SearchAction","target":{"@type":"EntryPoint","urlTemplate":"https:\/\/eternadent.com.mk\/?s={search_term_string}"},"query-input":{"@type":"PropertyValueSpecification","valueRequired":true,"valueName":"search_term_string"}}],"inLanguage":"sq-AL"},{"@type":"Organization","@id":"https:\/\/eternadent.com.mk\/#organization","name":"\u0415\u0422\u0415\u0420\u041d\u0410\u0434\u0435\u043d\u0442","alternateName":"Eterna Dent","url":"https:\/\/eternadent.com.mk\/","logo":{"@type":"ImageObject","inLanguage":"sq-AL","@id":"https:\/\/eternadent.com.mk\/#\/schema\/logo\/image\/","url":"https:\/\/eternadent.com.mk\/wp-content\/uploads\/2022\/04\/eterna-dent-logo-mk.png","contentUrl":"https:\/\/eternadent.com.mk\/wp-content\/uploads\/2022\/04\/eterna-dent-logo-mk.png","width":842,"height":291,"caption":"\u0415\u0422\u0415\u0420\u041d\u0410\u0434\u0435\u043d\u0442"},"image":{"@id":"https:\/\/eternadent.com.mk\/#\/schema\/logo\/image\/"},"sameAs":["https:\/\/www.facebook.com\/eternadentskopje\/","https:\/\/www.instagram.com\/eternadentskopje\/"]}]}},"_links":{"self":[{"href":"https:\/\/eternadent.com.mk\/sq\/wp-json\/wp\/v2\/pages\/3134","targetHints":{"allow":["GET"]}}],"collection":[{"href":"https:\/\/eternadent.com.mk\/sq\/wp-json\/wp\/v2\/pages"}],"about":[{"href":"https:\/\/eternadent.com.mk\/sq\/wp-json\/wp\/v2\/types\/page"}],"author":[{"embeddable":true,"href":"https:\/\/eternadent.com.mk\/sq\/wp-json\/wp\/v2\/users\/1"}],"replies":[{"embeddable":true,"href":"https:\/\/eternadent.com.mk\/sq\/wp-json\/wp\/v2\/comments?post=3134"}],"version-history":[{"count":6,"href":"https:\/\/eternadent.com.mk\/sq\/wp-json\/wp\/v2\/pages\/3134\/revisions"}],"predecessor-version":[{"id":3142,"href":"https:\/\/eternadent.com.mk\/sq\/wp-json\/wp\/v2\/pages\/3134\/revisions\/3142"}],"wp:attachment":[{"href":"https:\/\/eternadent.com.mk\/sq\/wp-json\/wp\/v2\/media?parent=3134"}],"curies":[{"name":"wp","href":"https:\/\/api.w.org\/{rel}","templated":true}]}}