{"id":3111,"date":"2022-06-07T22:38:44","date_gmt":"2022-06-07T20:38:44","guid":{"rendered":"https:\/\/eternadent.com.mk\/praktikanstvo\/"},"modified":"2022-08-26T00:04:24","modified_gmt":"2022-08-25T22:04:24","slug":"praktika","status":"publish","type":"page","link":"https:\/\/eternadent.com.mk\/sq\/praktika\/","title":{"rendered":"Praktika"},"content":{"rendered":"<div class=\"wpb-content-wrapper\">[vc_row content_placement=&#8221;middle&#8221; curly_padding=&#8221;content-padding-none&#8221;][vc_column offset=&#8221;vc_col-lg-offset-0 vc_col-sm-offset-1&#8243;]<div class='xtd-shape xtd-shadow--normal-light xtd-shape--position-absolute xtd-shape--z-index--1  vc_custom_1498147657147'  style=\"width: 6rem; height: 6rem; top: 0; right: 0\" ><\/div>[vc_empty_space height=&#8221;&#8221; el_class=&#8221;xtd-spacer&#8211;lg&#8221;][vc_column_text]\n<h2>SISTEMI I TRAJNIMIT P\u00cbR KUJDESIN GJITH\u00cbP\u00cbRFSHIR\u00cbS DENTAR<\/h2>\n[\/vc_column_text][vc_column_text]N\u00eb k\u00ebt\u00eb metod\u00eb, trajnimi klinik p\u00ebrfshin t\u00eb gjith\u00eb disiplinat specialiste p\u00ebr stomatologji n\u00eb kujdesin e vet\u00ebm t\u00eb integruar stomatologjik. Praktika \u00ebsht\u00eb n\u00ebn mbik\u00ebqyrje t\u00eb mentorit klinik.<br \/>\nN\u00eb k\u00ebt\u00eb m\u00ebnyr\u00eb, stomatologu mbetet i fokusuar jo vet\u00ebm n\u00eb trajtimin specifik p\u00ebr at\u00eb specialitet, por edhe n\u00eb kujdesin p\u00ebr nevojat e p\u00ebrgjithshme p\u00ebr trajtimin e pacientit.<br \/>\nK\u00ebshtu, shkatht\u00ebsit\u00eb, kompetencat dhe aft\u00ebsit\u00eb e mjek\u00ebve t\u00eb medicin\u00ebs dentare (MMD) gjithnj\u00eb e m\u00eb shum\u00eb p\u00ebrsosen gjat\u00eb qasjes individuale t\u00eb trajtimit.<br \/>\nN\u00eb t\u00eb nj\u00ebjt\u00ebn koh\u00eb pacient\u00ebt marrin kujdes m\u00eb t\u00eb koordinuar se sa ajo q\u00eb \u00ebsht\u00eb n\u00eb klinikat tradicionale t\u00eb specializuara.<br \/>\nKy kujdes i integruar p\u00ebr pacient\u00ebt \u00ebsht\u00eb b\u00ebr\u00eb parim udh\u00ebheq\u00ebs i stomatologjis\u00eb moderne me shmangien dhe uljen e qasjes t\u00eb deritashme n\u00eb kujdesin p\u00ebr pacient\u00ebt.<br \/>\nKlasifikimi ose kategorizimi i nivelit t\u00eb komplikueshm\u00ebris\u00eb t\u00eb trajtimit q\u00eb i referohet pacient\u00ebve, e b\u00ebn mentori klinik me p\u00ebrvoj\u00eb dhe ekspertiz\u00eb p\u00ebr praktik\u00eb t\u00eb p\u00ebrgjithshme stomatologjike, q\u00eb \u00ebsht\u00eb udh\u00ebrr\u00ebfyes i drejt\u00ebp\u00ebrdrejt\u00eb q\u00eb i jepet praktikantit, gjat\u00eb sigurimit t\u00eb trajtimit t\u00eb p\u00ebrgjithsh\u00ebm.[\/vc_column_text][\/vc_column][\/vc_row][vc_row content_placement=&#8221;top&#8221; curly_padding=&#8221;content-padding-none&#8221; css=&#8221;.vc_custom_1593849909005{margin-top: 0px !important;margin-bottom: 0px !important;padding-top: 0px !important;padding-bottom: 0px !important;}&#8221;][vc_column offset=&#8221;vc_col-lg-offset-0 vc_col-sm-offset-1&#8243;][vc_separator border_width=&#8221;2&#8243; css=&#8221;.vc_custom_1593849653925{margin-top: 0px !important;margin-bottom: 30px !important;padding-top: 0px !important;padding-bottom: 0px !important;}&#8221;][vc_column_text]<strong>Pse nevojitet nj\u00eb gj\u00eb e till\u00eb?<\/strong><\/p>\n<p>Qasja e deritashme arsimore e mjek\u00ebve t\u00eb mjek\u00ebsis\u00eb dentare bazohet n\u00eb p\u00ebrfitimin e njohurive dhe aft\u00ebsive n\u00eb departamentet specialistike. Kjo, m\u00eb shpesh \u00e7on n\u00eb munges\u00eb t\u00eb gjykimit klinik dhe pjekuris\u00eb t\u00eb stomatolog\u00ebve pas diplomimit.<\/p>\n<p>Me trajnimin klinik dhe programin arsimor p\u00ebr kujdesin gjith\u00ebp\u00ebrfshir\u00ebs dentar (KGJD), stomatolog\u00ebt do t\u00eb jen\u00eb t\u00eb p\u00ebrgatitur dhe t\u00eb aft\u00eb q\u00eb n\u00eb m\u00ebnyr\u00eb m\u00eb t\u00eb mir\u00eb dhe m\u00eb t\u00eb sukseshme t\u00eb praktikojn\u00eb stomatologjin\u00eb e p\u00ebrgjithshme, duke siguruar sh\u00ebrbimet stomatologjike t\u00eb mbrojtjes primare sh\u00ebndet\u00ebsore, q\u00eb edhe pritet prej tyre.[\/vc_column_text][vc_single_image image=&#8221;1926&#8243; img_size=&#8221;full&#8221; alignment=&#8221;center&#8221;][\/vc_column][\/vc_row][vc_row content_placement=&#8221;top&#8221; curly_padding=&#8221;content-padding-none&#8221; css=&#8221;.vc_custom_1593849916799{margin-top: 0px !important;margin-bottom: 0px !important;padding-top: 0px !important;padding-bottom: 0px !important;}&#8221;][vc_column][vc_separator border_width=&#8221;2&#8243; css=&#8221;.vc_custom_1593849653925{margin-top: 0px !important;margin-bottom: 30px !important;padding-top: 0px !important;padding-bottom: 0px !important;}&#8221;][vc_column_text]<strong>Kompetencat dhe q\u00ebllimet e programit t\u00eb k\u00ebsaj l\u00ebnde<\/strong><\/p>\n<p>Pas p\u00ebrfundimit t\u00eb k\u00ebtij planprogrami m\u00ebsimor, klinicisti do t\u00eb p\u00ebrfitoj\u00eb njohuri dhe trajnim p\u00ebr <u>trajtimet rutinore<\/u> t\u00eb cilat lidhen me specialitetin e caktuar dhe at\u00eb nga parodontologjia, stomatologjia restaurative, endodoncia, kirurgjia orale dhe implantologjia, ortodoncia, gnatologji dhe protetika.<\/p>\n<p>N\u00eb k\u00ebt\u00eb m\u00ebnyr\u00eb do t\u00eb apsolvohet baza stabile p\u00ebr miratimin e aft\u00ebsive t\u00eb avancuara n\u00eb praktik\u00ebn e p\u00ebrgjithshme stomatologjike.[\/vc_column_text][\/vc_column][\/vc_row][vc_row content_placement=&#8221;top&#8221; curly_padding=&#8221;content-padding-none&#8221; css=&#8221;.vc_custom_1654722410912{margin-top: 0px !important;margin-bottom: 0px !important;padding-top: 0px !important;}&#8221;][vc_column offset=&#8221;vc_col-lg-offset-0 vc_col-sm-offset-1&#8243;][vc_separator border_width=&#8221;2&#8243; css=&#8221;.vc_custom_1593849653925{margin-top: 0px !important;margin-bottom: 30px !important;padding-top: 0px !important;padding-bottom: 0px !important;}&#8221;][vc_column_text]<strong>KONKURSI<\/strong> <strong>p\u00ebr ciklin PRANVEROR DHE VEROR<\/strong><\/p>\n<p>ETERNA beson n\u00eb vler\u00ebn e m\u00ebsimit t\u00eb vazhduesh\u00ebm dhe p\u00ebrfitimin e aft\u00ebsive praktike t\u00eb pun\u00ebs, me q\u00ebllim t\u00eb p\u00ebrfitimit t\u00eb njohuris\u00eb profesionale, q\u00eb t\u00eb p\u00ebrmir\u00ebsohet pun\u00ebsimi dhe t\u00eb ndihmohet kalimi drejt\u00eb pun\u00ebsimit t\u00eb rregullt. Duke patur parasysh k\u00ebt\u00eb filozofi, ETERNA ka krijuar programin <strong>dymb\u00ebdhjet\u00ebjavor<\/strong> <strong>p\u00ebr pun\u00eb praktike<\/strong> q\u00eb ofron p\u00ebrvoja reale, njohuri dhe aft\u00ebsi n\u00eb <strong><u>t\u00eb gjith\u00eb disiplinat stomatologjike<\/u><\/strong>, <u>administrat\u00eb dhe shum\u00eb<\/u> <u>aspekte t\u00eb ndryshme t\u00eb pun\u00ebs t\u00eb p\u00ebrditshme klinike<\/u>.<\/p>\n<p>Gjat\u00eb 12 muajve, praktikant\u00ebt ton\u00eb do t\u00eb ken\u00eb mund\u00ebsi t\u00eb p\u00ebrfitojn\u00eb:<\/p>\n<ul>\n<li>Aft\u00ebsi t\u00eb v\u00ebrteta profesionale p\u00ebr apsolvimin e procedurave klinike n\u00eb t\u00eb gjith\u00eb fushat e stomatologjis\u00eb<\/li>\n<li>Njohuri konkurruese nga ekspert\u00ebt profesional t\u00eb stomatologjis\u00eb<\/li>\n<li>Shfryt\u00ebzim t\u00eb pajisjeve dhe materialeve m\u00eb bashk\u00ebkohore n\u00eb stomatologji<\/li>\n<li>Mbajtje administrative dhe financiare t\u00eb ordinanc\u00ebs p\u00ebr stomatologji t\u00eb p\u00ebrgjithshme<\/li>\n<li>P\u00ebrmir\u00ebsim t\u00eb njohurive individuale, aft\u00ebsive praktike, besushm\u00ebri dhe p\u00ebrfitim<\/li>\n<li>Mund\u00ebsi p\u00ebr pun\u00ebsim.<\/li>\n<\/ul>\n<p>&nbsp;<\/p>\n<p>P\u00ebr nj\u00eb qasje t\u00eb t\u00ebr\u00ebsishme dhe gjith\u00ebp\u00ebrfshir\u00ebse n\u00eb formimin e kompetencave dal\u00ebse t\u00eb mjek\u00ebve t\u00eb stomatologjis\u00eb, rekomandojm\u00eb trajntim t\u00eb integruar modular i cili do t\u00eb realizohet paralelisht me pun\u00ebn praktike. Trajnimi p\u00ebrfshin pakon e prezantimeve teorike dhe or\u00ebt mentorike t\u00eb planifikuara n\u00eb m\u00ebnyr\u00eb t\u00eb shk\u00eblqyer p\u00ebr \u00e7do fush\u00eb stomatologjike.<\/p>\n<p>Na d\u00ebrgoni CV tuaj me sh\u00ebnimin \u201cPraktik\u00eb dhe edukim\u201d, n\u00eb EMAIL adres\u00ebn <a href=\"mailto:eternitas@eternadent.com.mk\" rel=\"noreferrer\">eternitas@eternadent.com.mk<\/a> m\u00eb posht\u00eb:<\/p>\n<ul>\n<li>Jeni stomatolog i diplomuar<\/li>\n<li>Nuk jeni n\u00eb marr\u00ebdh\u00ebnie t\u00eb pun\u00ebs dhe nuk keni p\u00ebrvoj\u00eb t\u00eb pun\u00ebs<\/li>\n<li>Kuptoni, lexoni dhe flisni shk\u00eblqyesh\u00ebm gjuh\u00ebn angleze<\/li>\n<li>Keni d\u00ebshir\u00eb p\u00ebr p\u00ebrsosje t\u00eb vazhdueshme p\u00ebrmes pun\u00ebs n\u00eb ekip<\/li>\n<li>Keni nivel t\u00eb lart\u00eb t\u00eb p\u00ebrgjegj\u00ebsis\u00eb dhe tendenc\u00ebs p\u00ebr p\u00ebrfundimin e detyrimeve<\/li>\n<li>Nuk jeni m\u00eb t\u00eb vjet\u00ebr se 34 vjet\u00eb<\/li>\n<\/ul>\n<p>&nbsp;<\/p>\n<p>02 3091 470 \/ 078 30 91 47<\/p>\n<p>PARAQITUNI M\u00cb S\u00cb VONI DERI N\u00cb DAT\u00cb 01.03.2022\/01.10.2022 p\u00ebr ciklin p\u00ebrkat\u00ebs.<\/p>\n<p><strong>Cikli pranveror (\u041c\u0430rs-\u041c\u0430\u0458)<\/strong><\/p>\n<p><strong>Cikli vjeshtor (tetor-dhjetor)<\/strong><\/p>\n<p>*** Tarifa e regjistrimit \u00ebsht\u00eb 1950 euro p\u00ebr 3 muaj<\/p>\n<p>P\u00ebrfshin trajnim p\u00ebrmes kurseve t\u00eb akredituara dhe ushtrimeve n\u00eb kushtet klinike t\u00eb modeleve dhe pacient\u00ebve n\u00eb periudh\u00eb prej 3 muajsh.[\/vc_column_text][\/vc_column][\/vc_row][vc_row full_width=&#8221;stretch_row&#8221; css=&#8221;.vc_custom_1654722378038{background-color: #f7f7f7 !important;}&#8221;][vc_column css=&#8221;.vc_custom_1654722459744{padding-top: 50px !important;padding-right: 50px !important;padding-bottom: 50px !important;padding-left: 50px !important;background-color: #ffffff !important;}&#8221;][vc_column_text]\n<h2 class=\"special-title\" style=\"text-align: center;\">Onlajn paraqitje<\/h2>\n[\/vc_column_text]\n<div class=\"wpcf7 no-js\" id=\"wpcf7-f3115-o1\" lang=\"en-US\" dir=\"ltr\" data-wpcf7-id=\"3115\">\n<div class=\"screen-reader-response\"><p role=\"status\" aria-live=\"polite\" aria-atomic=\"true\"><\/p> <ul><\/ul><\/div>\n<form action=\"\/sq\/wp-json\/wp\/v2\/pages\/3111#wpcf7-f3115-o1\" method=\"post\" class=\"wpcf7-form init\" aria-label=\"Contact form\" enctype=\"multipart\/form-data\" novalidate=\"novalidate\" data-status=\"init\">\n<div style=\"display: none;\">\n<input type=\"hidden\" name=\"_wpcf7\" value=\"3115\" \/>\n<input type=\"hidden\" name=\"_wpcf7_version\" value=\"6.0.6\" \/>\n<input type=\"hidden\" name=\"_wpcf7_locale\" value=\"en_US\" \/>\n<input type=\"hidden\" name=\"_wpcf7_unit_tag\" value=\"wpcf7-f3115-o1\" \/>\n<input type=\"hidden\" name=\"_wpcf7_container_post\" value=\"0\" \/>\n<input type=\"hidden\" name=\"_wpcf7_posted_data_hash\" value=\"\" \/>\n<input type=\"hidden\" name=\"_wpcf7_recaptcha_response\" value=\"\" \/>\n<\/div>\n<p><span class=\"wpcf7-form-control-wrap\" data-name=\"your-name\"><input size=\"40\" maxlength=\"400\" class=\"wpcf7-form-control wpcf7-text wpcf7-validates-as-required\" aria-required=\"true\" aria-invalid=\"false\" placeholder=\"Emri dhe mbiemri *\" value=\"\" type=\"text\" name=\"your-name\" \/><\/span>\n<\/p>\n<p><span class=\"wpcf7-form-control-wrap\" data-name=\"data\"><input size=\"40\" maxlength=\"400\" class=\"wpcf7-form-control wpcf7-text wpcf7-validates-as-required\" aria-required=\"true\" aria-invalid=\"false\" placeholder=\"Data e lindjes *\" value=\"\" type=\"text\" name=\"data\" \/><\/span>\n<\/p>\n<p><span class=\"wpcf7-form-control-wrap\" data-name=\"adresa\"><input size=\"40\" maxlength=\"400\" class=\"wpcf7-form-control wpcf7-text wpcf7-validates-as-required\" aria-required=\"true\" aria-invalid=\"false\" placeholder=\"Adresa*\" value=\"\" type=\"text\" name=\"adresa\" \/><\/span>\n<\/p>\n<p><span class=\"wpcf7-form-control-wrap\" data-name=\"grad\"><input size=\"40\" maxlength=\"400\" class=\"wpcf7-form-control wpcf7-text wpcf7-validates-as-required\" aria-required=\"true\" aria-invalid=\"false\" placeholder=\"Qyteti*\" value=\"\" type=\"text\" name=\"grad\" \/><\/span>\n<\/p>\n<p><span class=\"wpcf7-form-control-wrap\" data-name=\"drzhava\"><input size=\"40\" maxlength=\"400\" class=\"wpcf7-form-control wpcf7-text wpcf7-validates-as-required\" aria-required=\"true\" aria-invalid=\"false\" placeholder=\"Shteti*\" value=\"\" type=\"text\" name=\"drzhava\" \/><\/span>\n<\/p>\n<p><span class=\"wpcf7-form-control-wrap\" data-name=\"telefon\"><input size=\"40\" maxlength=\"400\" class=\"wpcf7-form-control wpcf7-text wpcf7-validates-as-required\" aria-required=\"true\" aria-invalid=\"false\" placeholder=\"Telefoni*\" value=\"\" type=\"text\" name=\"telefon\" \/><\/span>\n<\/p>\n<p><span class=\"wpcf7-form-control-wrap\" data-name=\"your-email\"><input size=\"40\" maxlength=\"400\" class=\"wpcf7-form-control wpcf7-email wpcf7-validates-as-required wpcf7-text wpcf7-validates-as-email\" aria-required=\"true\" aria-invalid=\"false\" placeholder=\"Emaili*\" value=\"\" type=\"email\" name=\"your-email\" \/><\/span>\n<\/p>\n<p>Si keni d\u00ebgjuar p\u00ebr ne<br \/>\n<span class=\"wpcf7-form-control-wrap\" data-name=\"checkbox-114\"><span class=\"wpcf7-form-control wpcf7-checkbox\"><span class=\"wpcf7-list-item first\"><label><input type=\"checkbox\" name=\"checkbox-114[]\" value=\"MEDIAT SOCIALE\" \/><span class=\"wpcf7-list-item-label\">MEDIAT SOCIALE<\/span><\/label><\/span><span class=\"wpcf7-list-item\"><label><input type=\"checkbox\" name=\"checkbox-114[]\" value=\"FAMILJAR\/MIK\" \/><span class=\"wpcf7-list-item-label\">FAMILJAR\/MIK<\/span><\/label><\/span><span class=\"wpcf7-list-item last\"><label><input type=\"checkbox\" name=\"checkbox-114[]\" value=\"KURSET\" \/><span class=\"wpcf7-list-item-label\">KURSET<\/span><\/label><\/span><\/span><\/span>\n<\/p>\n<p>Ngarkoni CV tuaj (me fotografi)<br \/>\n<span class=\"wpcf7-form-control-wrap\" data-name=\"file-576\"><input size=\"40\" class=\"wpcf7-form-control wpcf7-file\" accept=\".pdf,.doc,.jpg,.jpeg,.png\" aria-invalid=\"false\" type=\"file\" name=\"file-576\" \/><\/span>\n<\/p>\n<p><input class=\"wpcf7-form-control wpcf7-submit has-spinner\" type=\"submit\" value=\"PARAQITUNI\" \/>\n<\/p><div class=\"wpcf7-response-output\" aria-hidden=\"true\"><\/div>\n<\/form>\n<\/div>\n[\/vc_column][\/vc_row]\n<\/div>","protected":false},"excerpt":{"rendered":"<p>[vc_row content_placement=&#8221;middle&#8221; curly_padding=&#8221;content-padding-none&#8221;][vc_column offset=&#8221;vc_col-lg-offset-0 vc_col-sm-offset-1&#8243;][vc_empty_space height=&#8221;&#8221; el_class=&#8221;xtd-spacer&#8211;lg&#8221;][vc_column_text] SISTEMI I TRAJNIMIT P\u00cbR KUJDESIN GJITH\u00cbP\u00cbRFSHIR\u00cbS DENTAR [\/vc_column_text][vc_column_text]N\u00eb k\u00ebt\u00eb metod\u00eb, trajnimi klinik p\u00ebrfshin t\u00eb gjith\u00eb disiplinat specialiste p\u00ebr stomatologji n\u00eb kujdesin e vet\u00ebm t\u00eb integruar stomatologjik. Praktika \u00ebsht\u00eb n\u00ebn mbik\u00ebqyrje t\u00eb mentorit klinik. N\u00eb k\u00ebt\u00eb m\u00ebnyr\u00eb, stomatologu mbetet i fokusuar jo vet\u00ebm n\u00eb trajtimin specifik p\u00ebr at\u00eb specialitet, por edhe n\u00eb kujdesin p\u00ebr [&hellip;]<\/p>\n","protected":false},"author":2,"featured_media":0,"parent":0,"menu_order":0,"comment_status":"closed","ping_status":"closed","template":"","meta":{"inline_featured_image":false,"footnotes":""},"class_list":["post-3111","page","type-page","status-publish","hentry"],"yoast_head":"<!-- This site is optimized with the Yoast SEO Premium plugin v24.7 (Yoast SEO v24.8.1) - https:\/\/yoast.com\/wordpress\/plugins\/seo\/ -->\n<title>Praktika - \u0415\u0422\u0415\u0420\u041d\u0410\u0434\u0435\u043d\u0442<\/title>\n<meta name=\"robots\" content=\"index, follow, max-snippet:-1, max-image-preview:large, max-video-preview:-1\" \/>\n<link rel=\"canonical\" href=\"https:\/\/eternadent.com.mk\/sq\/praktika\/\" \/>\n<meta property=\"og:locale\" content=\"sq_AL\" \/>\n<meta property=\"og:type\" content=\"article\" \/>\n<meta property=\"og:title\" content=\"Praktika\" \/>\n<meta property=\"og:description\" content=\"[vc_row content_placement=&#8221;middle&#8221; curly_padding=&#8221;content-padding-none&#8221;][vc_column offset=&#8221;vc_col-lg-offset-0 vc_col-sm-offset-1&#8243;][vc_empty_space height=&#8221;&#8221; el_class=&#8221;xtd-spacer&#8211;lg&#8221;][vc_column_text] SISTEMI I TRAJNIMIT P\u00cbR KUJDESIN GJITH\u00cbP\u00cbRFSHIR\u00cbS DENTAR [\/vc_column_text][vc_column_text]N\u00eb k\u00ebt\u00eb metod\u00eb, trajnimi klinik p\u00ebrfshin t\u00eb gjith\u00eb disiplinat specialiste p\u00ebr stomatologji n\u00eb kujdesin e vet\u00ebm t\u00eb integruar stomatologjik. Praktika \u00ebsht\u00eb n\u00ebn mbik\u00ebqyrje t\u00eb mentorit klinik. N\u00eb k\u00ebt\u00eb m\u00ebnyr\u00eb, stomatologu mbetet i fokusuar jo vet\u00ebm n\u00eb trajtimin specifik p\u00ebr at\u00eb specialitet, por edhe n\u00eb kujdesin p\u00ebr [&hellip;]\" \/>\n<meta property=\"og:url\" content=\"https:\/\/eternadent.com.mk\/sq\/praktika\/\" \/>\n<meta property=\"og:site_name\" content=\"\u0415\u0422\u0415\u0420\u041d\u0410\u0434\u0435\u043d\u0442\" \/>\n<meta property=\"article:publisher\" content=\"https:\/\/www.facebook.com\/eternadentskopje\/\" \/>\n<meta property=\"article:modified_time\" content=\"2022-08-25T22:04:24+00:00\" \/>\n<meta property=\"og:image\" content=\"https:\/\/eternadent.com.mk\/wp-content\/uploads\/2023\/12\/eterna-logo-web.png\" \/>\n\t<meta property=\"og:image:width\" content=\"1200\" \/>\n\t<meta property=\"og:image:height\" content=\"675\" \/>\n\t<meta property=\"og:image:type\" content=\"image\/png\" \/>\n<meta name=\"twitter:card\" content=\"summary_large_image\" \/>\n<meta name=\"twitter:label1\" content=\"Est. reading time\" \/>\n\t<meta name=\"twitter:data1\" content=\"5 minutes\" \/>\n<script type=\"application\/ld+json\" class=\"yoast-schema-graph\">{\"@context\":\"https:\/\/schema.org\",\"@graph\":[{\"@type\":\"WebPage\",\"@id\":\"https:\/\/eternadent.com.mk\/sq\/praktika\/\",\"url\":\"https:\/\/eternadent.com.mk\/sq\/praktika\/\",\"name\":\"Praktika - \u0415\u0422\u0415\u0420\u041d\u0410\u0434\u0435\u043d\u0442\",\"isPartOf\":{\"@id\":\"https:\/\/eternadent.com.mk\/#website\"},\"datePublished\":\"2022-06-07T20:38:44+00:00\",\"dateModified\":\"2022-08-25T22:04:24+00:00\",\"breadcrumb\":{\"@id\":\"https:\/\/eternadent.com.mk\/sq\/praktika\/#breadcrumb\"},\"inLanguage\":\"sq-AL\",\"potentialAction\":[{\"@type\":\"ReadAction\",\"target\":[\"https:\/\/eternadent.com.mk\/sq\/praktika\/\"]}]},{\"@type\":\"BreadcrumbList\",\"@id\":\"https:\/\/eternadent.com.mk\/sq\/praktika\/#breadcrumb\",\"itemListElement\":[{\"@type\":\"ListItem\",\"position\":1,\"name\":\"[wpseo_titles]breadcrumbs-\u041f\u043e\u0447\u0435\u0442\u043d\u0430\",\"item\":\"https:\/\/eternadent.com.mk\/sq\/\"},{\"@type\":\"ListItem\",\"position\":2,\"name\":\"Praktika\"}]},{\"@type\":\"WebSite\",\"@id\":\"https:\/\/eternadent.com.mk\/#website\",\"url\":\"https:\/\/eternadent.com.mk\/\",\"name\":\"ETERNAdent | \u0415\u0422\u0415\u0420\u041d\u0410\u0434\u0435\u043d\u0442\",\"description\":\"\u0412\u0410\u0428\u0410\u0422\u0410 \u041d\u041e\u0412\u0410 \u0417\u0414\u0420\u0410\u0412\u0410 \u041d\u0410\u0421\u041c\u0415\u0412\u041a\u0410\",\"publisher\":{\"@id\":\"https:\/\/eternadent.com.mk\/#organization\"},\"alternateName\":\"Eterna Dent | \u0415\u0442\u0435\u0440\u043d\u0430 \u0414\u0435\u043d\u0442\",\"potentialAction\":[{\"@type\":\"SearchAction\",\"target\":{\"@type\":\"EntryPoint\",\"urlTemplate\":\"https:\/\/eternadent.com.mk\/?s={search_term_string}\"},\"query-input\":{\"@type\":\"PropertyValueSpecification\",\"valueRequired\":true,\"valueName\":\"search_term_string\"}}],\"inLanguage\":\"sq-AL\"},{\"@type\":\"Organization\",\"@id\":\"https:\/\/eternadent.com.mk\/#organization\",\"name\":\"\u0415\u0422\u0415\u0420\u041d\u0410\u0434\u0435\u043d\u0442\",\"alternateName\":\"Eterna Dent\",\"url\":\"https:\/\/eternadent.com.mk\/\",\"logo\":{\"@type\":\"ImageObject\",\"inLanguage\":\"sq-AL\",\"@id\":\"https:\/\/eternadent.com.mk\/#\/schema\/logo\/image\/\",\"url\":\"https:\/\/eternadent.com.mk\/wp-content\/uploads\/2022\/04\/eterna-dent-logo-mk.png\",\"contentUrl\":\"https:\/\/eternadent.com.mk\/wp-content\/uploads\/2022\/04\/eterna-dent-logo-mk.png\",\"width\":842,\"height\":291,\"caption\":\"\u0415\u0422\u0415\u0420\u041d\u0410\u0434\u0435\u043d\u0442\"},\"image\":{\"@id\":\"https:\/\/eternadent.com.mk\/#\/schema\/logo\/image\/\"},\"sameAs\":[\"https:\/\/www.facebook.com\/eternadentskopje\/\",\"https:\/\/www.instagram.com\/eternadentskopje\/\"]}]}<\/script>\n<!-- \/ Yoast SEO Premium plugin. -->","yoast_head_json":{"title":"Praktika - \u0415\u0422\u0415\u0420\u041d\u0410\u0434\u0435\u043d\u0442","robots":{"index":"index","follow":"follow","max-snippet":"max-snippet:-1","max-image-preview":"max-image-preview:large","max-video-preview":"max-video-preview:-1"},"canonical":"https:\/\/eternadent.com.mk\/sq\/praktika\/","og_locale":"sq_AL","og_type":"article","og_title":"Praktika","og_description":"[vc_row content_placement=&#8221;middle&#8221; curly_padding=&#8221;content-padding-none&#8221;][vc_column offset=&#8221;vc_col-lg-offset-0 vc_col-sm-offset-1&#8243;][vc_empty_space height=&#8221;&#8221; el_class=&#8221;xtd-spacer&#8211;lg&#8221;][vc_column_text] SISTEMI I TRAJNIMIT P\u00cbR KUJDESIN GJITH\u00cbP\u00cbRFSHIR\u00cbS DENTAR [\/vc_column_text][vc_column_text]N\u00eb k\u00ebt\u00eb metod\u00eb, trajnimi klinik p\u00ebrfshin t\u00eb gjith\u00eb disiplinat specialiste p\u00ebr stomatologji n\u00eb kujdesin e vet\u00ebm t\u00eb integruar stomatologjik. Praktika \u00ebsht\u00eb n\u00ebn mbik\u00ebqyrje t\u00eb mentorit klinik. N\u00eb k\u00ebt\u00eb m\u00ebnyr\u00eb, stomatologu mbetet i fokusuar jo vet\u00ebm n\u00eb trajtimin specifik p\u00ebr at\u00eb specialitet, por edhe n\u00eb kujdesin p\u00ebr [&hellip;]","og_url":"https:\/\/eternadent.com.mk\/sq\/praktika\/","og_site_name":"\u0415\u0422\u0415\u0420\u041d\u0410\u0434\u0435\u043d\u0442","article_publisher":"https:\/\/www.facebook.com\/eternadentskopje\/","article_modified_time":"2022-08-25T22:04:24+00:00","og_image":[{"width":1200,"height":675,"url":"https:\/\/eternadent.com.mk\/wp-content\/uploads\/2023\/12\/eterna-logo-web.png","type":"image\/png"}],"twitter_card":"summary_large_image","twitter_misc":{"Est. reading time":"5 minutes"},"schema":{"@context":"https:\/\/schema.org","@graph":[{"@type":"WebPage","@id":"https:\/\/eternadent.com.mk\/sq\/praktika\/","url":"https:\/\/eternadent.com.mk\/sq\/praktika\/","name":"Praktika - \u0415\u0422\u0415\u0420\u041d\u0410\u0434\u0435\u043d\u0442","isPartOf":{"@id":"https:\/\/eternadent.com.mk\/#website"},"datePublished":"2022-06-07T20:38:44+00:00","dateModified":"2022-08-25T22:04:24+00:00","breadcrumb":{"@id":"https:\/\/eternadent.com.mk\/sq\/praktika\/#breadcrumb"},"inLanguage":"sq-AL","potentialAction":[{"@type":"ReadAction","target":["https:\/\/eternadent.com.mk\/sq\/praktika\/"]}]},{"@type":"BreadcrumbList","@id":"https:\/\/eternadent.com.mk\/sq\/praktika\/#breadcrumb","itemListElement":[{"@type":"ListItem","position":1,"name":"[wpseo_titles]breadcrumbs-\u041f\u043e\u0447\u0435\u0442\u043d\u0430","item":"https:\/\/eternadent.com.mk\/sq\/"},{"@type":"ListItem","position":2,"name":"Praktika"}]},{"@type":"WebSite","@id":"https:\/\/eternadent.com.mk\/#website","url":"https:\/\/eternadent.com.mk\/","name":"ETERNAdent | \u0415\u0422\u0415\u0420\u041d\u0410\u0434\u0435\u043d\u0442","description":"\u0412\u0410\u0428\u0410\u0422\u0410 \u041d\u041e\u0412\u0410 \u0417\u0414\u0420\u0410\u0412\u0410 \u041d\u0410\u0421\u041c\u0415\u0412\u041a\u0410","publisher":{"@id":"https:\/\/eternadent.com.mk\/#organization"},"alternateName":"Eterna Dent | \u0415\u0442\u0435\u0440\u043d\u0430 \u0414\u0435\u043d\u0442","potentialAction":[{"@type":"SearchAction","target":{"@type":"EntryPoint","urlTemplate":"https:\/\/eternadent.com.mk\/?s={search_term_string}"},"query-input":{"@type":"PropertyValueSpecification","valueRequired":true,"valueName":"search_term_string"}}],"inLanguage":"sq-AL"},{"@type":"Organization","@id":"https:\/\/eternadent.com.mk\/#organization","name":"\u0415\u0422\u0415\u0420\u041d\u0410\u0434\u0435\u043d\u0442","alternateName":"Eterna Dent","url":"https:\/\/eternadent.com.mk\/","logo":{"@type":"ImageObject","inLanguage":"sq-AL","@id":"https:\/\/eternadent.com.mk\/#\/schema\/logo\/image\/","url":"https:\/\/eternadent.com.mk\/wp-content\/uploads\/2022\/04\/eterna-dent-logo-mk.png","contentUrl":"https:\/\/eternadent.com.mk\/wp-content\/uploads\/2022\/04\/eterna-dent-logo-mk.png","width":842,"height":291,"caption":"\u0415\u0422\u0415\u0420\u041d\u0410\u0434\u0435\u043d\u0442"},"image":{"@id":"https:\/\/eternadent.com.mk\/#\/schema\/logo\/image\/"},"sameAs":["https:\/\/www.facebook.com\/eternadentskopje\/","https:\/\/www.instagram.com\/eternadentskopje\/"]}]}},"_links":{"self":[{"href":"https:\/\/eternadent.com.mk\/sq\/wp-json\/wp\/v2\/pages\/3111","targetHints":{"allow":["GET"]}}],"collection":[{"href":"https:\/\/eternadent.com.mk\/sq\/wp-json\/wp\/v2\/pages"}],"about":[{"href":"https:\/\/eternadent.com.mk\/sq\/wp-json\/wp\/v2\/types\/page"}],"author":[{"embeddable":true,"href":"https:\/\/eternadent.com.mk\/sq\/wp-json\/wp\/v2\/users\/2"}],"replies":[{"embeddable":true,"href":"https:\/\/eternadent.com.mk\/sq\/wp-json\/wp\/v2\/comments?post=3111"}],"version-history":[{"count":11,"href":"https:\/\/eternadent.com.mk\/sq\/wp-json\/wp\/v2\/pages\/3111\/revisions"}],"predecessor-version":[{"id":3190,"href":"https:\/\/eternadent.com.mk\/sq\/wp-json\/wp\/v2\/pages\/3111\/revisions\/3190"}],"wp:attachment":[{"href":"https:\/\/eternadent.com.mk\/sq\/wp-json\/wp\/v2\/media?parent=3111"}],"curies":[{"name":"wp","href":"https:\/\/api.w.org\/{rel}","templated":true}]}}