{"id":3107,"date":"2020-05-04T15:35:37","date_gmt":"2020-05-04T13:35:37","guid":{"rendered":"https:\/\/eternadent.com.mk\/implantologija\/"},"modified":"2023-05-09T23:10:07","modified_gmt":"2023-05-09T21:10:07","slug":"implantologija","status":"publish","type":"page","link":"https:\/\/eternadent.com.mk\/sq\/implantologija\/","title":{"rendered":"Implantologjia"},"content":{"rendered":"<div class=\"wpb-content-wrapper\">[vc_row css=&#8221;.vc_custom_1654722070132{padding-bottom: 0px !important;}&#8221;][vc_column][vc_column_text]\n<h2>Implantologjia<\/h2>\n[\/vc_column_text][vc_column_text]Implanti \u00ebsht\u00eb rr\u00ebnja artificiale.<br \/>\nN\u00ebse jeni t\u00eb shqet\u00ebsuar sepse ju mungon ndonj\u00eb dh\u00ebmb, n\u00ebse mbani proteza (\u201enofull \u201c) t\u00eb cilat nuk jan\u00eb t\u00eb p\u00ebrshtatshme apo nuk keni dh\u00ebmb t\u00eb mjaftuesh\u00ebm q\u00eb t\u00eb vendosni nj\u00eb ur\u00eb fikse, flisni me stomatologun tuaj p\u00ebr opsionin e implanteve.<br \/>\nImplamentet dentare jan\u00eb m\u00ebnyr\u00eb bashk\u00ebkohore dhe efikase q\u00eb t\u00eb mbushen dh\u00ebmb\u00ebt t\u00eb cil\u00ebt mungojn\u00eb dhe jan\u00eb t\u00eb dizajnuar q\u00eb t\u00eb imitojn\u00eb dh\u00ebmb\u00ebt e v\u00ebrtet\u00eb. Ata jan\u00eb zgjidhje e shk\u00eblqyer afatgjate p\u00ebr restaturimin e buz\u00ebqeshjes tuaj. N\u00eb fakt zhvillimi dhe p\u00ebrdorimi i implanteve \u00ebsht\u00eb nj\u00eb nga p\u00ebrfitimet m\u00eb t\u00eb m\u00ebdha n\u00eb stomatologji n\u00eb 40 vitet e fundit. Materialet nga t\u00eb cilat prodhohen implantet kryesisht bazohen n\u00eb titanium dhe jan\u00eb t\u00ebr\u00ebsisht biokompatibile. Implantet n\u00eb thelb jan\u00eb spiranca\/kunja t\u00eb cilat vendosen n\u00eb esht\u00ebr dhe paraqesin z\u00ebvend\u00ebsim p\u00ebr rr\u00ebnj\u00ebn e dh\u00ebmbit.<\/p>\n<h6><strong>Shum\u00eb pacient\u00eb jan\u00eb bindur se implantet dentare jan\u00eb t\u00eb sigurta, stabile dhe z\u00ebvend\u00ebsim p\u00ebr dh\u00ebmb\u00ebt e tyre. N\u00eb p\u00ebrgjith\u00ebsi ekzistojn\u00eb tre faza p\u00ebr vendosjen e implantit:<\/strong><\/h6>\n[\/vc_column_text][\/vc_column][\/vc_row][vc_row gap=&#8221;5&#8243; content_placement=&#8221;top&#8221; css=&#8221;.vc_custom_1655127899190{padding-top: 0px !important;padding-bottom: 0px !important;}&#8221;][vc_column width=&#8221;1\/4&#8243;]<div class='xtd-card  '>\n  <a href='' target=''><\/a>  <div class='xtd-card__info'>\n        <div class='xtd-card__title h4'>\n      <div>\n        Faza 1              <\/div>\n    <\/div>\n      <div class='xtd-card__content'>\n      Pasiq\u00eb stomatologu t\u00eb b\u00ebj\u00eb kontrollin e t\u00ebr\u00ebsish\u00ebm dhe analiz\u00ebn e detajuar t\u00eb rastit dhe n\u00eb m\u00ebnyr\u00eb t\u00eb duhur do t\u00eb planifikoj\u00eb t\u00eb gjith\u00eb intervenimin, vjen faza e para e vendosjes kirurgjike t\u00eb implantit n\u00eb esht\u00ebr. Rekomandohet q\u00eb t\u00eb ushqehei me ushqim m\u00eb e but\u00eb t\u00eb ftoh\u00eb gjat\u00eb sh\u00ebrimit.    <\/div>\n      <\/div>\n<\/div>\n[\/vc_column][vc_column width=&#8221;1\/4&#8243;]<div class='xtd-card  '>\n  <a href='' target=''><\/a>  <div class='xtd-card__info'>\n        <div class='xtd-card__title h4'>\n      <div>\n        Faza 2              <\/div>\n    <\/div>\n      <div class='xtd-card__content'>\n      Faza e ardhshme paraqitet kur implanti do t\u00eb p\u00ebrforcohet me eshtr\u00ebn, respektivisisht kur do t\u00eb paraqitet e asht\u00ebquajtuara osteointegrim. Kjo n\u00eb fakt e b\u00ebn implantin t\u00eb fort\u00eb dhe stabil n\u00eb vendin e tij n\u00eb esht\u00ebr. M\u00eb shpesh pacienti do t\u00eb duhet t\u00eb pres\u00eb p\u00ebr restaruimin definitiv disa muaj derisa implanti nuk integrohet t\u00ebr\u00ebsisht.    <\/div>\n      <\/div>\n<\/div>\n[\/vc_column][vc_column width=&#8221;1\/4&#8243;]<div class='xtd-card  '>\n  <a href='' target=''><\/a>  <div class='xtd-card__info'>\n        <div class='xtd-card__title h4'>\n      <div>\n        Faza 3              <\/div>\n    <\/div>\n      <div class='xtd-card__content'>\n      Eshtra rreth implantit rritet p\u00ebrgjat\u00eb procesit t\u00eb quajtur osteointegrim. Ajo q\u00eb e b\u00ebn implantin aq t\u00eb fuqish\u00ebm \u00ebsht\u00eb eshtra q\u00eb rritet rreth tij dhe p\u00ebrforcon vendin e tij. Osteointegrimi zgjat edhe deri n\u00eb disa muaj dhe p\u00ebr k\u00ebto arsye faz\u00ebn e ngarkimit t\u00eb implantit me konstruktim protetik e realizojm\u00eb deri n\u00eb fund t\u00eb k\u00ebtij procesi. N\u00eb disa raste mjeku mund t\u00eb vendos se n\u00ebse \u00ebsht\u00eb e sigurt\u00eb menjeher\u00eb t\u00eb vendoset rekonstruktimi p\u00ebrfundimtar protetik mbi implantin.    <\/div>\n      <\/div>\n<\/div>\n[\/vc_column][vc_column width=&#8221;1\/4&#8243;]<div class='xtd-card  '>\n  <a href='' target=''><\/a>  <div class='xtd-card__info'>\n        <div class='xtd-card__title h4'>\n      <div>\n        Faza 4              <\/div>\n    <\/div>\n      <div class='xtd-card__content'>\n      Faza p\u00ebrfundimtare \u00ebsht\u00eb vendosja e dh\u00ebmbit mbi implantin. P\u00ebr \u00e7do dh\u00ebmb t\u00eb humbur mbi implantin do t\u00eb fitoni kuror\u00eb porcelani t\u00eb p\u00ebrgatitur n\u00eb m\u00ebnyr\u00eb individuale, e cila sipas form\u00ebs, ngjyr\u00ebs, madh\u00ebsis\u00eb dhe funksionit do t\u00eb p\u00ebrputhet me dh\u00ebmbin natyror q\u00eb mungon. P\u00ebrgatitja e rekonstruktimit final protetik mund t\u00eb zgjas\u00eb 7-10 dit\u00eb dhe p\u00ebr k\u00ebt\u00eb koh\u00eb, ETERNAdent do t\u00eb kujdeset t\u00eb prodhoj\u00eb kuror\u00eb\/ur\u00eb\/protez\u00eb t\u00eb p\u00ebrkohshme me q\u00ebllim q\u00eb t\u00eb keni estetik\u00eb dhe funksion t\u00eb mir\u00eb    <\/div>\n      <\/div>\n<\/div>\n[\/vc_column][\/vc_row][vc_row][vc_column width=&#8221;1\/2&#8243;][vc_column_text]N\u00ebse jeni t\u00eb interesuar p\u00ebr implant, ide e mir\u00eb \u00ebsht\u00eb t\u00eb bisedoni me mjekun tuaj t\u00ebr\u00ebsisht p\u00ebr planin individual t\u00eb terapis\u00eb p\u00ebr rastin tuaj. N\u00ebse jeni n\u00eb sh\u00ebndet t\u00eb mir\u00eb n\u00eb p\u00ebrgjith\u00ebsi, implantet jan\u00eb opsion i shk\u00eblqyer p\u00ebr kompensimin e dh\u00ebmb\u00ebve t\u00eb humbur. Para se t\u00eb caktoni p\u00ebr implant do t\u00eb kaloni disa takime t\u00eb planifikimit dhe vler\u00ebsimit t\u00eb gjendjes me mjekun tuaj.<\/p>\n<p>S\u00ebmundjet kronike, si diabeti, leukemia, mund t\u00eb pengojn\u00eb rritjen e suksesshme t\u00eb implantit n\u00eb esht\u00ebr. Duhanpir\u00ebsit, gjithashtu nuk jan\u00eb kandidat t\u00eb mir\u00eb p\u00ebr implante. P\u00ebrdorimi i duhanit ngadal\u00ebson rritjen e eshtr\u00ebs rreth implantit.[\/vc_column_text][vc_empty_space height=&#8221;3rem&#8221;][vc_column_text]<a class=\"btn btn-outline-primary\" href=\"https:\/\/eternadent.com.mk\/appointments\/\">\u0417\u0430\u043a\u0430\u0436\u0438 \u043f\u0440\u0435\u0433\u043b\u0435\u0434<\/a>[\/vc_column_text][\/vc_column][vc_column width=&#8221;1\/2&#8243;][vc_single_image image=&#8221;1716&#8243; img_size=&#8221;large&#8221;][\/vc_column][\/vc_row]\n<\/div>","protected":false},"excerpt":{"rendered":"<p>[vc_row css=&#8221;.vc_custom_1654722070132{padding-bottom: 0px !important;}&#8221;][vc_column][vc_column_text] Implantologjia [\/vc_column_text][vc_column_text]Implanti \u00ebsht\u00eb rr\u00ebnja artificiale. N\u00ebse jeni t\u00eb shqet\u00ebsuar sepse ju mungon ndonj\u00eb dh\u00ebmb, n\u00ebse mbani proteza (\u201enofull \u201c) t\u00eb cilat nuk jan\u00eb t\u00eb p\u00ebrshtatshme apo nuk keni dh\u00ebmb t\u00eb mjaftuesh\u00ebm q\u00eb t\u00eb vendosni nj\u00eb ur\u00eb fikse, flisni me stomatologun tuaj p\u00ebr opsionin e implanteve. Implamentet dentare jan\u00eb m\u00ebnyr\u00eb bashk\u00ebkohore dhe efikase q\u00eb t\u00eb mbushen dh\u00ebmb\u00ebt [&hellip;]<\/p>\n","protected":false},"author":1,"featured_media":0,"parent":0,"menu_order":0,"comment_status":"closed","ping_status":"closed","template":"","meta":{"inline_featured_image":false,"footnotes":""},"class_list":["post-3107","page","type-page","status-publish","hentry"],"yoast_head":"<!-- This site is optimized with the Yoast SEO Premium plugin v24.7 (Yoast SEO v24.8.1) - https:\/\/yoast.com\/wordpress\/plugins\/seo\/ -->\n<title>Implantologjia - \u0415\u0422\u0415\u0420\u041d\u0410\u0434\u0435\u043d\u0442<\/title>\n<meta name=\"robots\" content=\"index, follow, max-snippet:-1, max-image-preview:large, max-video-preview:-1\" \/>\n<link rel=\"canonical\" href=\"https:\/\/eternadent.com.mk\/implantologija\/\" \/>\n<meta property=\"og:locale\" content=\"sq_AL\" \/>\n<meta property=\"og:type\" content=\"article\" \/>\n<meta property=\"og:title\" content=\"Implantologjia\" \/>\n<meta property=\"og:description\" content=\"[vc_row css=&#8221;.vc_custom_1654722070132{padding-bottom: 0px !important;}&#8221;][vc_column][vc_column_text] Implantologjia [\/vc_column_text][vc_column_text]Implanti \u00ebsht\u00eb rr\u00ebnja artificiale. N\u00ebse jeni t\u00eb shqet\u00ebsuar sepse ju mungon ndonj\u00eb dh\u00ebmb, n\u00ebse mbani proteza (\u201enofull \u201c) t\u00eb cilat nuk jan\u00eb t\u00eb p\u00ebrshtatshme apo nuk keni dh\u00ebmb t\u00eb mjaftuesh\u00ebm q\u00eb t\u00eb vendosni nj\u00eb ur\u00eb fikse, flisni me stomatologun tuaj p\u00ebr opsionin e implanteve. Implamentet dentare jan\u00eb m\u00ebnyr\u00eb bashk\u00ebkohore dhe efikase q\u00eb t\u00eb mbushen dh\u00ebmb\u00ebt [&hellip;]\" \/>\n<meta property=\"og:url\" content=\"https:\/\/eternadent.com.mk\/implantologija\/\" \/>\n<meta property=\"og:site_name\" content=\"\u0415\u0422\u0415\u0420\u041d\u0410\u0434\u0435\u043d\u0442\" \/>\n<meta property=\"article:publisher\" content=\"https:\/\/www.facebook.com\/eternadentskopje\/\" \/>\n<meta property=\"article:modified_time\" content=\"2023-05-09T21:10:07+00:00\" \/>\n<meta property=\"og:image\" content=\"https:\/\/eternadent.com.mk\/wp-content\/uploads\/2023\/12\/eterna-logo-web.png\" \/>\n\t<meta property=\"og:image:width\" content=\"1200\" \/>\n\t<meta property=\"og:image:height\" content=\"675\" \/>\n\t<meta property=\"og:image:type\" content=\"image\/png\" \/>\n<meta name=\"twitter:card\" content=\"summary_large_image\" \/>\n<meta name=\"twitter:label1\" content=\"Est. reading time\" \/>\n\t<meta name=\"twitter:data1\" content=\"4 minutes\" \/>\n<script type=\"application\/ld+json\" class=\"yoast-schema-graph\">{\"@context\":\"https:\/\/schema.org\",\"@graph\":[{\"@type\":\"WebPage\",\"@id\":\"https:\/\/eternadent.com.mk\/implantologija\/\",\"url\":\"https:\/\/eternadent.com.mk\/implantologija\/\",\"name\":\"Implantologjia - \u0415\u0422\u0415\u0420\u041d\u0410\u0434\u0435\u043d\u0442\",\"isPartOf\":{\"@id\":\"https:\/\/eternadent.com.mk\/#website\"},\"datePublished\":\"2020-05-04T13:35:37+00:00\",\"dateModified\":\"2023-05-09T21:10:07+00:00\",\"breadcrumb\":{\"@id\":\"https:\/\/eternadent.com.mk\/implantologija\/#breadcrumb\"},\"inLanguage\":\"sq-AL\",\"potentialAction\":[{\"@type\":\"ReadAction\",\"target\":[\"https:\/\/eternadent.com.mk\/implantologija\/\"]}]},{\"@type\":\"BreadcrumbList\",\"@id\":\"https:\/\/eternadent.com.mk\/implantologija\/#breadcrumb\",\"itemListElement\":[{\"@type\":\"ListItem\",\"position\":1,\"name\":\"[wpseo_titles]breadcrumbs-\u041f\u043e\u0447\u0435\u0442\u043d\u0430\",\"item\":\"https:\/\/eternadent.com.mk\/sq\/\"},{\"@type\":\"ListItem\",\"position\":2,\"name\":\"Implantologjia\"}]},{\"@type\":\"WebSite\",\"@id\":\"https:\/\/eternadent.com.mk\/#website\",\"url\":\"https:\/\/eternadent.com.mk\/\",\"name\":\"ETERNAdent | \u0415\u0422\u0415\u0420\u041d\u0410\u0434\u0435\u043d\u0442\",\"description\":\"\u0412\u0410\u0428\u0410\u0422\u0410 \u041d\u041e\u0412\u0410 \u0417\u0414\u0420\u0410\u0412\u0410 \u041d\u0410\u0421\u041c\u0415\u0412\u041a\u0410\",\"publisher\":{\"@id\":\"https:\/\/eternadent.com.mk\/#organization\"},\"alternateName\":\"Eterna Dent | \u0415\u0442\u0435\u0440\u043d\u0430 \u0414\u0435\u043d\u0442\",\"potentialAction\":[{\"@type\":\"SearchAction\",\"target\":{\"@type\":\"EntryPoint\",\"urlTemplate\":\"https:\/\/eternadent.com.mk\/?s={search_term_string}\"},\"query-input\":{\"@type\":\"PropertyValueSpecification\",\"valueRequired\":true,\"valueName\":\"search_term_string\"}}],\"inLanguage\":\"sq-AL\"},{\"@type\":\"Organization\",\"@id\":\"https:\/\/eternadent.com.mk\/#organization\",\"name\":\"\u0415\u0422\u0415\u0420\u041d\u0410\u0434\u0435\u043d\u0442\",\"alternateName\":\"Eterna Dent\",\"url\":\"https:\/\/eternadent.com.mk\/\",\"logo\":{\"@type\":\"ImageObject\",\"inLanguage\":\"sq-AL\",\"@id\":\"https:\/\/eternadent.com.mk\/#\/schema\/logo\/image\/\",\"url\":\"https:\/\/eternadent.com.mk\/wp-content\/uploads\/2022\/04\/eterna-dent-logo-mk.png\",\"contentUrl\":\"https:\/\/eternadent.com.mk\/wp-content\/uploads\/2022\/04\/eterna-dent-logo-mk.png\",\"width\":842,\"height\":291,\"caption\":\"\u0415\u0422\u0415\u0420\u041d\u0410\u0434\u0435\u043d\u0442\"},\"image\":{\"@id\":\"https:\/\/eternadent.com.mk\/#\/schema\/logo\/image\/\"},\"sameAs\":[\"https:\/\/www.facebook.com\/eternadentskopje\/\",\"https:\/\/www.instagram.com\/eternadentskopje\/\"]}]}<\/script>\n<!-- \/ Yoast SEO Premium plugin. -->","yoast_head_json":{"title":"Implantologjia - \u0415\u0422\u0415\u0420\u041d\u0410\u0434\u0435\u043d\u0442","robots":{"index":"index","follow":"follow","max-snippet":"max-snippet:-1","max-image-preview":"max-image-preview:large","max-video-preview":"max-video-preview:-1"},"canonical":"https:\/\/eternadent.com.mk\/implantologija\/","og_locale":"sq_AL","og_type":"article","og_title":"Implantologjia","og_description":"[vc_row css=&#8221;.vc_custom_1654722070132{padding-bottom: 0px !important;}&#8221;][vc_column][vc_column_text] Implantologjia [\/vc_column_text][vc_column_text]Implanti \u00ebsht\u00eb rr\u00ebnja artificiale. N\u00ebse jeni t\u00eb shqet\u00ebsuar sepse ju mungon ndonj\u00eb dh\u00ebmb, n\u00ebse mbani proteza (\u201enofull \u201c) t\u00eb cilat nuk jan\u00eb t\u00eb p\u00ebrshtatshme apo nuk keni dh\u00ebmb t\u00eb mjaftuesh\u00ebm q\u00eb t\u00eb vendosni nj\u00eb ur\u00eb fikse, flisni me stomatologun tuaj p\u00ebr opsionin e implanteve. Implamentet dentare jan\u00eb m\u00ebnyr\u00eb bashk\u00ebkohore dhe efikase q\u00eb t\u00eb mbushen dh\u00ebmb\u00ebt [&hellip;]","og_url":"https:\/\/eternadent.com.mk\/implantologija\/","og_site_name":"\u0415\u0422\u0415\u0420\u041d\u0410\u0434\u0435\u043d\u0442","article_publisher":"https:\/\/www.facebook.com\/eternadentskopje\/","article_modified_time":"2023-05-09T21:10:07+00:00","og_image":[{"width":1200,"height":675,"url":"https:\/\/eternadent.com.mk\/wp-content\/uploads\/2023\/12\/eterna-logo-web.png","type":"image\/png"}],"twitter_card":"summary_large_image","twitter_misc":{"Est. reading time":"4 minutes"},"schema":{"@context":"https:\/\/schema.org","@graph":[{"@type":"WebPage","@id":"https:\/\/eternadent.com.mk\/implantologija\/","url":"https:\/\/eternadent.com.mk\/implantologija\/","name":"Implantologjia - \u0415\u0422\u0415\u0420\u041d\u0410\u0434\u0435\u043d\u0442","isPartOf":{"@id":"https:\/\/eternadent.com.mk\/#website"},"datePublished":"2020-05-04T13:35:37+00:00","dateModified":"2023-05-09T21:10:07+00:00","breadcrumb":{"@id":"https:\/\/eternadent.com.mk\/implantologija\/#breadcrumb"},"inLanguage":"sq-AL","potentialAction":[{"@type":"ReadAction","target":["https:\/\/eternadent.com.mk\/implantologija\/"]}]},{"@type":"BreadcrumbList","@id":"https:\/\/eternadent.com.mk\/implantologija\/#breadcrumb","itemListElement":[{"@type":"ListItem","position":1,"name":"[wpseo_titles]breadcrumbs-\u041f\u043e\u0447\u0435\u0442\u043d\u0430","item":"https:\/\/eternadent.com.mk\/sq\/"},{"@type":"ListItem","position":2,"name":"Implantologjia"}]},{"@type":"WebSite","@id":"https:\/\/eternadent.com.mk\/#website","url":"https:\/\/eternadent.com.mk\/","name":"ETERNAdent | \u0415\u0422\u0415\u0420\u041d\u0410\u0434\u0435\u043d\u0442","description":"\u0412\u0410\u0428\u0410\u0422\u0410 \u041d\u041e\u0412\u0410 \u0417\u0414\u0420\u0410\u0412\u0410 \u041d\u0410\u0421\u041c\u0415\u0412\u041a\u0410","publisher":{"@id":"https:\/\/eternadent.com.mk\/#organization"},"alternateName":"Eterna Dent | \u0415\u0442\u0435\u0440\u043d\u0430 \u0414\u0435\u043d\u0442","potentialAction":[{"@type":"SearchAction","target":{"@type":"EntryPoint","urlTemplate":"https:\/\/eternadent.com.mk\/?s={search_term_string}"},"query-input":{"@type":"PropertyValueSpecification","valueRequired":true,"valueName":"search_term_string"}}],"inLanguage":"sq-AL"},{"@type":"Organization","@id":"https:\/\/eternadent.com.mk\/#organization","name":"\u0415\u0422\u0415\u0420\u041d\u0410\u0434\u0435\u043d\u0442","alternateName":"Eterna Dent","url":"https:\/\/eternadent.com.mk\/","logo":{"@type":"ImageObject","inLanguage":"sq-AL","@id":"https:\/\/eternadent.com.mk\/#\/schema\/logo\/image\/","url":"https:\/\/eternadent.com.mk\/wp-content\/uploads\/2022\/04\/eterna-dent-logo-mk.png","contentUrl":"https:\/\/eternadent.com.mk\/wp-content\/uploads\/2022\/04\/eterna-dent-logo-mk.png","width":842,"height":291,"caption":"\u0415\u0422\u0415\u0420\u041d\u0410\u0434\u0435\u043d\u0442"},"image":{"@id":"https:\/\/eternadent.com.mk\/#\/schema\/logo\/image\/"},"sameAs":["https:\/\/www.facebook.com\/eternadentskopje\/","https:\/\/www.instagram.com\/eternadentskopje\/"]}]}},"_links":{"self":[{"href":"https:\/\/eternadent.com.mk\/sq\/wp-json\/wp\/v2\/pages\/3107","targetHints":{"allow":["GET"]}}],"collection":[{"href":"https:\/\/eternadent.com.mk\/sq\/wp-json\/wp\/v2\/pages"}],"about":[{"href":"https:\/\/eternadent.com.mk\/sq\/wp-json\/wp\/v2\/types\/page"}],"author":[{"embeddable":true,"href":"https:\/\/eternadent.com.mk\/sq\/wp-json\/wp\/v2\/users\/1"}],"replies":[{"embeddable":true,"href":"https:\/\/eternadent.com.mk\/sq\/wp-json\/wp\/v2\/comments?post=3107"}],"version-history":[{"count":5,"href":"https:\/\/eternadent.com.mk\/sq\/wp-json\/wp\/v2\/pages\/3107\/revisions"}],"predecessor-version":[{"id":3329,"href":"https:\/\/eternadent.com.mk\/sq\/wp-json\/wp\/v2\/pages\/3107\/revisions\/3329"}],"wp:attachment":[{"href":"https:\/\/eternadent.com.mk\/sq\/wp-json\/wp\/v2\/media?parent=3107"}],"curies":[{"name":"wp","href":"https:\/\/api.w.org\/{rel}","templated":true}]}}