{"id":3103,"date":"2022-04-08T14:12:48","date_gmt":"2022-04-08T12:12:48","guid":{"rendered":"https:\/\/eternadent.com.mk\/protetika\/bruksizam\/"},"modified":"2022-08-25T23:17:13","modified_gmt":"2022-08-25T21:17:13","slug":"bruksizam","status":"publish","type":"page","link":"https:\/\/eternadent.com.mk\/sq\/protetika\/bruksizam\/","title":{"rendered":"Bruksizmi"},"content":{"rendered":"<div class=\"wpb-content-wrapper\">[vc_row content_placement=&#8221;middle&#8221; css=&#8221;.vc_custom_1654720178291{padding-bottom: 0px !important;}&#8221;][vc_column width=&#8221;5\/6&#8243; offset=&#8221;vc_col-lg-offset-0 vc_col-lg-5 vc_col-sm-offset-1&#8243;][vc_column_text]\n<h2>Vler\u00ebsimi dhe terapia e bruksizmit<\/h2>\n[\/vc_column_text][vc_column_text]Bruksizmi \u00ebsht\u00eb gjendja n\u00eb t\u00eb cil\u00ebn ju shtr\u00ebgoni, kruani dhe bluani dh\u00ebmb\u00ebt. Mund t\u00eb jet\u00eb gjat\u00eb gjumit apo n\u00eb end\u00ebrr.<br \/>\nEdhe krahas asaj q\u00eb g\u00ebrhitja mund t\u00eb ndodh n\u00eb \u00e7do koh\u00eb t\u00eb dit\u00ebs, megjithat\u00eb pjesa m\u00eb e madhe e njer\u00ebzve g\u00ebrhasim derisa flejn\u00eb. Ju ndoshta nuk jeni t\u00eb vet\u00ebdijsh\u00ebm p\u00ebr k\u00ebt\u00eb. Arsyeja nuk \u00ebsht\u00eb e qart\u00eb, por m\u00eb shpesh \u00ebsht\u00eb pasoj\u00eb e stresit.[\/vc_column_text][\/vc_column][vc_column width=&#8221;5\/6&#8243; offset=&#8221;vc_col-lg-6 vc_col-sm-offset-1&#8243; el_class=&#8221;xtd-offset-dots&#8221;][vc_single_image image=&#8221;1780&#8243; img_size=&#8221;large&#8221;][\/vc_column][\/vc_row][vc_row css=&#8221;.vc_custom_1654720218313{padding-top: 0px !important;padding-bottom: 0px !important;}&#8221;][vc_column][vc_column_text]M\u00eb shpesh si pasoj\u00eb t\u00eb shtr\u00ebngimit t\u00eb pavet\u00ebdijsh\u00ebm gjat\u00eb nat\u00ebs dhe g\u00ebrhitjes me dh\u00ebmb\u00ebt paraqiten k\u00ebto dukuri t\u00eb d\u00ebmshme:<\/p>\n<ul>\n<li>Smalti i thyer i dh\u00ebmb\u00ebve<\/li>\n<li>Sip\u00ebrfaqet e dh\u00ebmb\u00ebve t\u00eb l\u00ebpira, t\u00eb konsumuara t\u00eb dh\u00ebmb\u00ebve<\/li>\n<li>Dh\u00ebmb\u00ebt q\u00eb l\u00ebvizin lir\u00eb,<\/li>\n<li>Dh\u00ebmb\u00ebt e thyer,<\/li>\n<li>D\u00ebmtimi i indeve mb\u00ebshtet\u00ebs rreth dh\u00ebmb\u00ebve,<\/li>\n<li>D\u00ebmtimi dhe dhimbjet n\u00eb nyjen e nofull\u00ebs<\/li>\n<\/ul>\n<p>N\u00ebse nuk nd\u00ebrmerret asgj\u00eb kund\u00ebr k\u00ebtij zakoni t\u00eb d\u00ebmsh\u00ebm, t\u00eb quajtur bruksiz\u00ebm, mund t\u00eb vij\u00eb deri te problemi me muskujt e nofull\u00ebs dhe nyjet e nofull\u00ebs, madje edhe deri n\u00eb humbjen e disa dh\u00ebmb\u00ebve.<br \/>\nSimptomat m\u00eb t\u00eb shpeshta si pasoj\u00eb e bruksizmit jo t\u00eb trajtuar jan\u00eb:<\/p>\n<ul>\n<li>Dhimbja dhe presioni mbi nyjen, sidomos n\u00eb m\u00ebngjes pasi t\u00eb zgjohet si dhe gjat\u00eb periudh\u00ebs t\u00eb stresit,<\/li>\n<li>Ndjeshm\u00ebria e dh\u00ebmb\u00ebve,<\/li>\n<li>Dridhje t\u00eb dh\u00ebmb\u00ebve,<\/li>\n<li>Dhimbje n\u00eb veshe,<\/li>\n<li>Dhimbje t\u00eb madhe t\u00eb kok\u00ebs<\/li>\n<li>Dhimbje n\u00eb qaf\u00eb,<\/li>\n<li>K\u00ebrcitje n\u00eb nyje<\/li>\n<\/ul>\n<p>Stomatologu juaj do t\u00eb kontrolloj\u00eb t\u00eb gjith\u00eb goj\u00ebn dhe do ju shtroj\u00eb disa pyetje, dhe mund t\u00eb duhet q\u00eb t\u00eb b\u00ebhen edhe disa in\u00e7izime rentgen. E gjith\u00eb kjo me q\u00ebllim q\u00eb t\u00eb v\u00ebrtetohet n\u00ebse me t\u00eb v\u00ebrtet\u00eb i k\u00ebrcisni dh\u00ebmb\u00ebt. Ky kontroll mund t\u00eb sjell\u00eb n\u00eb p\u00ebrgjigje q\u00eb ka krijuar shpr\u00ebhit\u00eb tuaja p\u00ebr shtr\u00ebngimin e dh\u00ebmb\u00ebve.[\/vc_column_text][\/vc_column][\/vc_row][vc_row css=&#8221;.vc_custom_1654720263435{padding-top: 30px !important;padding-bottom: 0px !important;}&#8221;][vc_column width=&#8221;1\/2&#8243;][vc_column_text]\n<h6>N\u00eb var\u00ebsi t\u00eb arsyes, stomatologu juaj mund t\u00eb rekomandoj\u00eb nj\u00eb nga k\u00ebto qasje terapeutike:<\/h6>\n<h6>Rojet e nat\u00ebs<\/h6>\n<p>Prodhohen nga nj\u00eb lloj i materialit t\u00eb plastik\u00ebs n\u00eb m\u00ebnyr\u00eb individuale p\u00ebr \u00e7do pacient dhe p\u00ebrshtaten n\u00eb m\u00ebnyr\u00eb t\u00eb p\u00ebrsosur me dh\u00ebmb\u00ebt tuaj. Roja e nat\u00ebs do ju ndihmoj\u00eb q\u00eb t\u00eb mbroni dh\u00ebmb\u00ebt tuaj nga l\u00ebndimet si pasoj\u00eb e k\u00ebrcitjes. Stomatologu juaj do ju jap udh\u00ebzime si t\u00eb p\u00ebrdorni n\u00eb m\u00ebnyr\u00ebn e duhur dhe t\u00eb kujdeseni p\u00ebr higjien\u00ebn tuaj.<\/p>\n<h6>Korrigjimi I kafshimit<\/h6>\n<p>Ndonj\u00ebher\u00eb ndodh q\u00eb dh\u00ebmb\u00ebt e sip\u00ebrm n\u00eb m\u00ebnyr\u00eb jo t\u00eb nj\u00ebjt\u00eb t\u00eb godasin dh\u00ebmb\u00ebt e posht\u00ebm. N\u00eb at\u00eb rast me vet\u00eb korrigjimin e kafshimit do t\u00eb largohet edhe arsyeja p\u00ebr shtr\u00ebngim.[\/vc_column_text][\/vc_column][vc_column width=&#8221;1\/2&#8243;][vc_single_image image=&#8221;1776&#8243; img_size=&#8221;large&#8221;][\/vc_column][\/vc_row][vc_row css=&#8221;.vc_custom_1654720250250{padding-top: 0px !important;}&#8221;][vc_column][vc_column_text]\n<h6>Reduktimi I stresit<\/h6>\n<p>Reduktimi i stresit mund t\u00eb zvog\u00ebloj\u00eb k\u00ebrcitjen p\u00ebrmes relaksimit t\u00eb muskujve t\u00eb nofull\u00ebs. Stomatologu juaj do ju propozoj\u00eb disa m\u00ebnyra p\u00ebr zvog\u00eblimin e stresit.<br \/>\nN\u00eb k\u00ebto raste ka mund\u00ebsi q\u00eb mjeku t\u2019ju rekomandoj\u00eb ila\u00e7e p\u00ebr relaksimin e muskulatur\u00ebs t\u00eb cilat do t\u00eb zvog\u00eblojn\u00eb shtr\u00ebngimin e nofull\u00ebs, dhe me k\u00ebt\u00eb edhe k\u00ebrcitjen e dh\u00ebmb\u00ebve.<\/p>\n<h6>Largimi I d\u00ebmeve t\u00eb shkaktuara nga bruksizmi<\/h6>\n<p>Kurorat, urat dhe dh\u00ebmb\u00ebt natyral p\u00ebrballen me d\u00ebme si pasoj\u00eb nga k\u00ebrcitja. Bisedoni me stomatologun tuaj p\u00ebr trajtimin e mundsh\u00ebm.[\/vc_column_text][vc_column_text]<a class=\"btn btn-outline-primary\" href=\"https:\/\/eternadent.com.mk\/appointments\/\">Caktoni kontroll<\/a>[\/vc_column_text][\/vc_column][\/vc_row][vc_row full_width=&#8221;stretch_row&#8221; css=&#8221;.vc_custom_1654718274473{padding-top: 20px !important;background-color: #f7f7f7 !important;}&#8221; el_id=&#8221;sh\u00ebrbimi&#8221;][vc_column][vc_column_text]\n<h2 class=\"special-title\" style=\"text-align: center;\">Sh\u00ebrbimet protetike<\/h2>\n[\/vc_column_text][\/vc_column][vc_column width=&#8221;1\/4&#8243;]<div class='xtd-card  '>\n  <a href='https:\/\/eternadent.com.mk\/protetika\/koronki-i-mostovi\/' target=''><img loading=\"lazy\" decoding=\"async\" width=\"660\" height=\"504\" src=\"https:\/\/eternadent.com.mk\/wp-content\/uploads\/2022\/04\/protetika-koronki.png\" class=\"attachment-large size-large\" alt=\"\" srcset=\"https:\/\/eternadent.com.mk\/wp-content\/uploads\/2022\/04\/protetika-koronki.png 660w, https:\/\/eternadent.com.mk\/wp-content\/uploads\/2022\/04\/protetika-koronki-300x229.png 300w\" sizes=\"auto, (max-width: 660px) 100vw, 660px\" \/><\/a>  <div class='xtd-card__info'>\n        <div class='xtd-card__title h4'>\n      <div>\n        Kurorat dhe urat              <\/div>\n    <\/div>\n      <div class='xtd-card__content'>\n      Kurorat jan\u00eb mbulesa t\u00eb cilat shfryt\u00ebzohen p\u00ebr mbulimin e t\u00ebr\u00ebsish\u00ebm t\u00eb dh\u00ebmbit t\u00eb d\u00ebmtuar.    <\/div>\n          <a href=\"https:\/\/eternadent.com.mk\/protetika\/koronki-i-mostovi\/\" class=\"btn btn-link btn-sm\">\u0414\u043e\u0437\u043d\u0430\u0458 \u043f\u043e\u0432\u0435\u045c\u0435<\/a>\n      <\/div>\n<\/div>\n[\/vc_column][vc_column width=&#8221;1\/4&#8243;]<div class='xtd-card  '>\n  <a href='https:\/\/eternadent.com.mk\/protetika\/faseti\/' target=''><img loading=\"lazy\" decoding=\"async\" width=\"660\" height=\"504\" src=\"https:\/\/eternadent.com.mk\/wp-content\/uploads\/2022\/04\/protetika-faseti.png\" class=\"attachment-large size-large\" alt=\"\" srcset=\"https:\/\/eternadent.com.mk\/wp-content\/uploads\/2022\/04\/protetika-faseti.png 660w, https:\/\/eternadent.com.mk\/wp-content\/uploads\/2022\/04\/protetika-faseti-300x229.png 300w\" sizes=\"auto, (max-width: 660px) 100vw, 660px\" \/><\/a>  <div class='xtd-card__info'>\n        <div class='xtd-card__title h4'>\n      <div>\n        Facetat              <\/div>\n    <\/div>\n      <div class='xtd-card__content'>\n      Facetat jan\u00eb shum\u00eb t\u00eb holla, l\u00ebvozhga prej porcelani t\u00eb cilat vendosen n\u00eb an\u00ebn e p\u00ebrparme t\u00eb dh\u00ebmb\u00ebve.    <\/div>\n          <a href=\"https:\/\/eternadent.com.mk\/protetika\/faseti\/\" class=\"btn btn-link btn-sm\">\u0414\u043e\u0437\u043d\u0430\u0458 \u043f\u043e\u0432\u0435\u045c\u0435<\/a>\n      <\/div>\n<\/div>\n[\/vc_column][vc_column width=&#8221;1\/4&#8243;]<div class='xtd-card  '>\n  <a href='https:\/\/eternadent.com.mk\/protetika\/protezi\/' target=''><img loading=\"lazy\" decoding=\"async\" width=\"660\" height=\"504\" src=\"https:\/\/eternadent.com.mk\/wp-content\/uploads\/2022\/04\/protetika-protezi.png\" class=\"attachment-large size-large\" alt=\"\" srcset=\"https:\/\/eternadent.com.mk\/wp-content\/uploads\/2022\/04\/protetika-protezi.png 660w, https:\/\/eternadent.com.mk\/wp-content\/uploads\/2022\/04\/protetika-protezi-300x229.png 300w\" sizes=\"auto, (max-width: 660px) 100vw, 660px\" \/><\/a>  <div class='xtd-card__info'>\n        <div class='xtd-card__title h4'>\n      <div>\n        Protezat              <\/div>\n    <\/div>\n      <div class='xtd-card__content'>\n      Protezat jan\u00eb zgjidhje protetike kur mungojn\u00eb t\u00eb gjith\u00eb ose pjes\u00ebrisht t\u00eb gjith\u00eb dh\u00ebmb\u00ebt n\u00eb zgavr\u00ebn e goj\u00ebs.    <\/div>\n          <a href=\"https:\/\/eternadent.com.mk\/protetika\/protezi\/\" class=\"btn btn-link btn-sm\">\u0414\u043e\u0437\u043d\u0430\u0458 \u043f\u043e\u0432\u0435\u045c\u0435<\/a>\n      <\/div>\n<\/div>\n[\/vc_column][vc_column width=&#8221;1\/4&#8243;]<div class='xtd-card  '>\n  <a href='https:\/\/eternadent.com.mk\/protetika\/bruksizam\/' target=''><img loading=\"lazy\" decoding=\"async\" width=\"660\" height=\"504\" src=\"https:\/\/eternadent.com.mk\/wp-content\/uploads\/2022\/04\/protetika-bruksizam.png\" class=\"attachment-large size-large\" alt=\"\" srcset=\"https:\/\/eternadent.com.mk\/wp-content\/uploads\/2022\/04\/protetika-bruksizam.png 660w, https:\/\/eternadent.com.mk\/wp-content\/uploads\/2022\/04\/protetika-bruksizam-300x229.png 300w\" sizes=\"auto, (max-width: 660px) 100vw, 660px\" \/><\/a>  <div class='xtd-card__info'>\n        <div class='xtd-card__title h4'>\n      <div>\n        Vler\u00ebsimi dhe terapia e bruksizmit              <\/div>\n    <\/div>\n      <div class='xtd-card__content'>\n      Bruksizmi \u00ebsht\u00eb praktik\u00eb orale n\u00eb t\u00eb cil\u00ebn ju shtr\u00ebngoni, kruani dhe bluani dh\u00ebmb\u00ebt.    <\/div>\n          <a href=\"https:\/\/eternadent.com.mk\/protetika\/bruksizam\/\" class=\"btn btn-link btn-sm\">\u0414\u043e\u0437\u043d\u0430\u0458 \u043f\u043e\u0432\u0435\u045c\u0435<\/a>\n      <\/div>\n<\/div>\n[\/vc_column][\/vc_row]\n<\/div>","protected":false},"excerpt":{"rendered":"<p>[vc_row content_placement=&#8221;middle&#8221; css=&#8221;.vc_custom_1654720178291{padding-bottom: 0px !important;}&#8221;][vc_column width=&#8221;5\/6&#8243; offset=&#8221;vc_col-lg-offset-0 vc_col-lg-5 vc_col-sm-offset-1&#8243;][vc_column_text] Vler\u00ebsimi dhe terapia e bruksizmit [\/vc_column_text][vc_column_text]Bruksizmi \u00ebsht\u00eb gjendja n\u00eb t\u00eb cil\u00ebn ju shtr\u00ebgoni, kruani dhe bluani dh\u00ebmb\u00ebt. Mund t\u00eb jet\u00eb gjat\u00eb gjumit apo n\u00eb end\u00ebrr. Edhe krahas asaj q\u00eb g\u00ebrhitja mund t\u00eb ndodh n\u00eb \u00e7do koh\u00eb t\u00eb dit\u00ebs, megjithat\u00eb pjesa m\u00eb e madhe e njer\u00ebzve g\u00ebrhasim derisa flejn\u00eb. Ju ndoshta nuk [&hellip;]<\/p>\n","protected":false},"author":2,"featured_media":0,"parent":3088,"menu_order":0,"comment_status":"closed","ping_status":"closed","template":"","meta":{"inline_featured_image":false,"footnotes":""},"class_list":["post-3103","page","type-page","status-publish","hentry"],"yoast_head":"<!-- This site is optimized with the Yoast SEO Premium plugin v24.7 (Yoast SEO v24.8.1) - https:\/\/yoast.com\/wordpress\/plugins\/seo\/ -->\n<title>Bruksizmi - \u0415\u0422\u0415\u0420\u041d\u0410\u0434\u0435\u043d\u0442<\/title>\n<meta name=\"robots\" content=\"index, follow, max-snippet:-1, max-image-preview:large, max-video-preview:-1\" \/>\n<link rel=\"canonical\" href=\"https:\/\/eternadent.com.mk\/sq\/protetika\/bruksizam\/\" \/>\n<meta property=\"og:locale\" content=\"sq_AL\" \/>\n<meta property=\"og:type\" content=\"article\" \/>\n<meta property=\"og:title\" content=\"Bruksizmi\" \/>\n<meta property=\"og:description\" content=\"[vc_row content_placement=&#8221;middle&#8221; css=&#8221;.vc_custom_1654720178291{padding-bottom: 0px !important;}&#8221;][vc_column width=&#8221;5\/6&#8243; offset=&#8221;vc_col-lg-offset-0 vc_col-lg-5 vc_col-sm-offset-1&#8243;][vc_column_text] Vler\u00ebsimi dhe terapia e bruksizmit [\/vc_column_text][vc_column_text]Bruksizmi \u00ebsht\u00eb gjendja n\u00eb t\u00eb cil\u00ebn ju shtr\u00ebgoni, kruani dhe bluani dh\u00ebmb\u00ebt. Mund t\u00eb jet\u00eb gjat\u00eb gjumit apo n\u00eb end\u00ebrr. Edhe krahas asaj q\u00eb g\u00ebrhitja mund t\u00eb ndodh n\u00eb \u00e7do koh\u00eb t\u00eb dit\u00ebs, megjithat\u00eb pjesa m\u00eb e madhe e njer\u00ebzve g\u00ebrhasim derisa flejn\u00eb. Ju ndoshta nuk [&hellip;]\" \/>\n<meta property=\"og:url\" content=\"https:\/\/eternadent.com.mk\/sq\/protetika\/bruksizam\/\" \/>\n<meta property=\"og:site_name\" content=\"\u0415\u0422\u0415\u0420\u041d\u0410\u0434\u0435\u043d\u0442\" \/>\n<meta property=\"article:publisher\" content=\"https:\/\/www.facebook.com\/eternadentskopje\/\" \/>\n<meta property=\"article:modified_time\" content=\"2022-08-25T21:17:13+00:00\" \/>\n<meta property=\"og:image\" content=\"https:\/\/eternadent.com.mk\/wp-content\/uploads\/2023\/12\/eterna-logo-web.png\" \/>\n\t<meta property=\"og:image:width\" content=\"1200\" \/>\n\t<meta property=\"og:image:height\" content=\"675\" \/>\n\t<meta property=\"og:image:type\" content=\"image\/png\" \/>\n<meta name=\"twitter:card\" content=\"summary_large_image\" \/>\n<meta name=\"twitter:label1\" content=\"Est. reading time\" \/>\n\t<meta name=\"twitter:data1\" content=\"5 minutes\" \/>\n<script type=\"application\/ld+json\" class=\"yoast-schema-graph\">{\"@context\":\"https:\/\/schema.org\",\"@graph\":[{\"@type\":\"WebPage\",\"@id\":\"https:\/\/eternadent.com.mk\/sq\/protetika\/bruksizam\/\",\"url\":\"https:\/\/eternadent.com.mk\/sq\/protetika\/bruksizam\/\",\"name\":\"Bruksizmi - \u0415\u0422\u0415\u0420\u041d\u0410\u0434\u0435\u043d\u0442\",\"isPartOf\":{\"@id\":\"https:\/\/eternadent.com.mk\/#website\"},\"datePublished\":\"2022-04-08T12:12:48+00:00\",\"dateModified\":\"2022-08-25T21:17:13+00:00\",\"breadcrumb\":{\"@id\":\"https:\/\/eternadent.com.mk\/sq\/protetika\/bruksizam\/#breadcrumb\"},\"inLanguage\":\"sq-AL\",\"potentialAction\":[{\"@type\":\"ReadAction\",\"target\":[\"https:\/\/eternadent.com.mk\/sq\/protetika\/bruksizam\/\"]}]},{\"@type\":\"BreadcrumbList\",\"@id\":\"https:\/\/eternadent.com.mk\/sq\/protetika\/bruksizam\/#breadcrumb\",\"itemListElement\":[{\"@type\":\"ListItem\",\"position\":1,\"name\":\"[wpseo_titles]breadcrumbs-\u041f\u043e\u0447\u0435\u0442\u043d\u0430\",\"item\":\"https:\/\/eternadent.com.mk\/sq\/\"},{\"@type\":\"ListItem\",\"position\":2,\"name\":\"Protetika\",\"item\":\"https:\/\/eternadent.com.mk\/sq\/protetika\/\"},{\"@type\":\"ListItem\",\"position\":3,\"name\":\"Bruksizmi\"}]},{\"@type\":\"WebSite\",\"@id\":\"https:\/\/eternadent.com.mk\/#website\",\"url\":\"https:\/\/eternadent.com.mk\/\",\"name\":\"ETERNAdent | \u0415\u0422\u0415\u0420\u041d\u0410\u0434\u0435\u043d\u0442\",\"description\":\"\u0412\u0410\u0428\u0410\u0422\u0410 \u041d\u041e\u0412\u0410 \u0417\u0414\u0420\u0410\u0412\u0410 \u041d\u0410\u0421\u041c\u0415\u0412\u041a\u0410\",\"publisher\":{\"@id\":\"https:\/\/eternadent.com.mk\/#organization\"},\"alternateName\":\"Eterna Dent | \u0415\u0442\u0435\u0440\u043d\u0430 \u0414\u0435\u043d\u0442\",\"potentialAction\":[{\"@type\":\"SearchAction\",\"target\":{\"@type\":\"EntryPoint\",\"urlTemplate\":\"https:\/\/eternadent.com.mk\/?s={search_term_string}\"},\"query-input\":{\"@type\":\"PropertyValueSpecification\",\"valueRequired\":true,\"valueName\":\"search_term_string\"}}],\"inLanguage\":\"sq-AL\"},{\"@type\":\"Organization\",\"@id\":\"https:\/\/eternadent.com.mk\/#organization\",\"name\":\"\u0415\u0422\u0415\u0420\u041d\u0410\u0434\u0435\u043d\u0442\",\"alternateName\":\"Eterna Dent\",\"url\":\"https:\/\/eternadent.com.mk\/\",\"logo\":{\"@type\":\"ImageObject\",\"inLanguage\":\"sq-AL\",\"@id\":\"https:\/\/eternadent.com.mk\/#\/schema\/logo\/image\/\",\"url\":\"https:\/\/eternadent.com.mk\/wp-content\/uploads\/2022\/04\/eterna-dent-logo-mk.png\",\"contentUrl\":\"https:\/\/eternadent.com.mk\/wp-content\/uploads\/2022\/04\/eterna-dent-logo-mk.png\",\"width\":842,\"height\":291,\"caption\":\"\u0415\u0422\u0415\u0420\u041d\u0410\u0434\u0435\u043d\u0442\"},\"image\":{\"@id\":\"https:\/\/eternadent.com.mk\/#\/schema\/logo\/image\/\"},\"sameAs\":[\"https:\/\/www.facebook.com\/eternadentskopje\/\",\"https:\/\/www.instagram.com\/eternadentskopje\/\"]}]}<\/script>\n<!-- \/ Yoast SEO Premium plugin. -->","yoast_head_json":{"title":"Bruksizmi - \u0415\u0422\u0415\u0420\u041d\u0410\u0434\u0435\u043d\u0442","robots":{"index":"index","follow":"follow","max-snippet":"max-snippet:-1","max-image-preview":"max-image-preview:large","max-video-preview":"max-video-preview:-1"},"canonical":"https:\/\/eternadent.com.mk\/sq\/protetika\/bruksizam\/","og_locale":"sq_AL","og_type":"article","og_title":"Bruksizmi","og_description":"[vc_row content_placement=&#8221;middle&#8221; css=&#8221;.vc_custom_1654720178291{padding-bottom: 0px !important;}&#8221;][vc_column width=&#8221;5\/6&#8243; offset=&#8221;vc_col-lg-offset-0 vc_col-lg-5 vc_col-sm-offset-1&#8243;][vc_column_text] Vler\u00ebsimi dhe terapia e bruksizmit [\/vc_column_text][vc_column_text]Bruksizmi \u00ebsht\u00eb gjendja n\u00eb t\u00eb cil\u00ebn ju shtr\u00ebgoni, kruani dhe bluani dh\u00ebmb\u00ebt. Mund t\u00eb jet\u00eb gjat\u00eb gjumit apo n\u00eb end\u00ebrr. Edhe krahas asaj q\u00eb g\u00ebrhitja mund t\u00eb ndodh n\u00eb \u00e7do koh\u00eb t\u00eb dit\u00ebs, megjithat\u00eb pjesa m\u00eb e madhe e njer\u00ebzve g\u00ebrhasim derisa flejn\u00eb. Ju ndoshta nuk [&hellip;]","og_url":"https:\/\/eternadent.com.mk\/sq\/protetika\/bruksizam\/","og_site_name":"\u0415\u0422\u0415\u0420\u041d\u0410\u0434\u0435\u043d\u0442","article_publisher":"https:\/\/www.facebook.com\/eternadentskopje\/","article_modified_time":"2022-08-25T21:17:13+00:00","og_image":[{"width":1200,"height":675,"url":"https:\/\/eternadent.com.mk\/wp-content\/uploads\/2023\/12\/eterna-logo-web.png","type":"image\/png"}],"twitter_card":"summary_large_image","twitter_misc":{"Est. reading time":"5 minutes"},"schema":{"@context":"https:\/\/schema.org","@graph":[{"@type":"WebPage","@id":"https:\/\/eternadent.com.mk\/sq\/protetika\/bruksizam\/","url":"https:\/\/eternadent.com.mk\/sq\/protetika\/bruksizam\/","name":"Bruksizmi - \u0415\u0422\u0415\u0420\u041d\u0410\u0434\u0435\u043d\u0442","isPartOf":{"@id":"https:\/\/eternadent.com.mk\/#website"},"datePublished":"2022-04-08T12:12:48+00:00","dateModified":"2022-08-25T21:17:13+00:00","breadcrumb":{"@id":"https:\/\/eternadent.com.mk\/sq\/protetika\/bruksizam\/#breadcrumb"},"inLanguage":"sq-AL","potentialAction":[{"@type":"ReadAction","target":["https:\/\/eternadent.com.mk\/sq\/protetika\/bruksizam\/"]}]},{"@type":"BreadcrumbList","@id":"https:\/\/eternadent.com.mk\/sq\/protetika\/bruksizam\/#breadcrumb","itemListElement":[{"@type":"ListItem","position":1,"name":"[wpseo_titles]breadcrumbs-\u041f\u043e\u0447\u0435\u0442\u043d\u0430","item":"https:\/\/eternadent.com.mk\/sq\/"},{"@type":"ListItem","position":2,"name":"Protetika","item":"https:\/\/eternadent.com.mk\/sq\/protetika\/"},{"@type":"ListItem","position":3,"name":"Bruksizmi"}]},{"@type":"WebSite","@id":"https:\/\/eternadent.com.mk\/#website","url":"https:\/\/eternadent.com.mk\/","name":"ETERNAdent | \u0415\u0422\u0415\u0420\u041d\u0410\u0434\u0435\u043d\u0442","description":"\u0412\u0410\u0428\u0410\u0422\u0410 \u041d\u041e\u0412\u0410 \u0417\u0414\u0420\u0410\u0412\u0410 \u041d\u0410\u0421\u041c\u0415\u0412\u041a\u0410","publisher":{"@id":"https:\/\/eternadent.com.mk\/#organization"},"alternateName":"Eterna Dent | \u0415\u0442\u0435\u0440\u043d\u0430 \u0414\u0435\u043d\u0442","potentialAction":[{"@type":"SearchAction","target":{"@type":"EntryPoint","urlTemplate":"https:\/\/eternadent.com.mk\/?s={search_term_string}"},"query-input":{"@type":"PropertyValueSpecification","valueRequired":true,"valueName":"search_term_string"}}],"inLanguage":"sq-AL"},{"@type":"Organization","@id":"https:\/\/eternadent.com.mk\/#organization","name":"\u0415\u0422\u0415\u0420\u041d\u0410\u0434\u0435\u043d\u0442","alternateName":"Eterna Dent","url":"https:\/\/eternadent.com.mk\/","logo":{"@type":"ImageObject","inLanguage":"sq-AL","@id":"https:\/\/eternadent.com.mk\/#\/schema\/logo\/image\/","url":"https:\/\/eternadent.com.mk\/wp-content\/uploads\/2022\/04\/eterna-dent-logo-mk.png","contentUrl":"https:\/\/eternadent.com.mk\/wp-content\/uploads\/2022\/04\/eterna-dent-logo-mk.png","width":842,"height":291,"caption":"\u0415\u0422\u0415\u0420\u041d\u0410\u0434\u0435\u043d\u0442"},"image":{"@id":"https:\/\/eternadent.com.mk\/#\/schema\/logo\/image\/"},"sameAs":["https:\/\/www.facebook.com\/eternadentskopje\/","https:\/\/www.instagram.com\/eternadentskopje\/"]}]}},"_links":{"self":[{"href":"https:\/\/eternadent.com.mk\/sq\/wp-json\/wp\/v2\/pages\/3103","targetHints":{"allow":["GET"]}}],"collection":[{"href":"https:\/\/eternadent.com.mk\/sq\/wp-json\/wp\/v2\/pages"}],"about":[{"href":"https:\/\/eternadent.com.mk\/sq\/wp-json\/wp\/v2\/types\/page"}],"author":[{"embeddable":true,"href":"https:\/\/eternadent.com.mk\/sq\/wp-json\/wp\/v2\/users\/2"}],"replies":[{"embeddable":true,"href":"https:\/\/eternadent.com.mk\/sq\/wp-json\/wp\/v2\/comments?post=3103"}],"version-history":[{"count":3,"href":"https:\/\/eternadent.com.mk\/sq\/wp-json\/wp\/v2\/pages\/3103\/revisions"}],"predecessor-version":[{"id":3106,"href":"https:\/\/eternadent.com.mk\/sq\/wp-json\/wp\/v2\/pages\/3103\/revisions\/3106"}],"up":[{"embeddable":true,"href":"https:\/\/eternadent.com.mk\/sq\/wp-json\/wp\/v2\/pages\/3088"}],"wp:attachment":[{"href":"https:\/\/eternadent.com.mk\/sq\/wp-json\/wp\/v2\/media?parent=3103"}],"curies":[{"name":"wp","href":"https:\/\/api.w.org\/{rel}","templated":true}]}}