{"id":3097,"date":"2022-04-08T13:50:11","date_gmt":"2022-04-08T11:50:11","guid":{"rendered":"https:\/\/eternadent.com.mk\/protetika\/protezi\/"},"modified":"2022-08-25T23:12:27","modified_gmt":"2022-08-25T21:12:27","slug":"protezi","status":"publish","type":"page","link":"https:\/\/eternadent.com.mk\/sq\/protetika\/protezi\/","title":{"rendered":"Protezat"},"content":{"rendered":"<div class=\"wpb-content-wrapper\">[vc_row content_placement=&#8221;middle&#8221; css=&#8221;.vc_custom_1654719908260{padding-bottom: 0px !important;}&#8221;][vc_column width=&#8221;5\/6&#8243; offset=&#8221;vc_col-lg-offset-0 vc_col-lg-5 vc_col-sm-offset-1&#8243;][vc_column_text]\n<h2>Protezat parciale<\/h2>\n[\/vc_column_text][vc_column_text]Protezat parciale rekomandohen te pacient\u00ebt t\u00eb cil\u00ebt kan\u00eb dh\u00ebmb\u00eb n\u00eb zona t\u00eb caktuara n\u00eb goj\u00eb, dhe nuk mund t\u00eb b\u00ebhet zgjidhje fikse dhe mund t\u00eb jen\u00eb:<\/p>\n<h6>Protezat klasike nga akrili<\/h6>\n<p>Protezat nga akrili jan\u00eb t\u00eb prodhuara t\u00ebr\u00ebsisht nga akrili i cili mund t\u00eb jet\u00eb i fort\u00eb, fleksibil apo t\u00eb jen\u00eb t\u00eb prodhuara nga kombinimi i k\u00ebtyre dy akrilave.<\/p>\n<h6>Protezat vizit me skelet metalik<\/h6>\n<p>Ata jan\u00eb t\u00eb holla, t\u00eb hijshme dhe ndjehen m\u00eb pak n\u00eb goj\u00eb. Ata p\u00ebrforcohen me dh\u00ebmb\u00ebt tjera me ndihm\u00ebn e grepave apo jan\u00eb pjes\u00eb zgjidhjeve m\u00eb komplekse protetike t\u00eb cilat p\u00ebrfshijn\u00eb ura dhe kurora prej porcelani, dhe me to lidhen p\u00ebrmes lidhjeve-ate\u00e7meni t\u00eb cilat jan\u00eb t\u00eb padukshme dhe mund\u00ebsojn\u00eb p\u00ebrshtatje t\u00eb fort\u00eb dhe funksion t\u00eb shk\u00eblqyer t\u00eb protezave.[\/vc_column_text][\/vc_column][vc_column width=&#8221;5\/6&#8243; offset=&#8221;vc_col-lg-6 vc_col-sm-offset-1&#8243; el_class=&#8221;xtd-offset-dots&#8221;][vc_single_image image=&#8221;1769&#8243; img_size=&#8221;large&#8221;][\/vc_column][\/vc_row][vc_row content_placement=&#8221;middle&#8221;][vc_column width=&#8221;5\/6&#8243; offset=&#8221;vc_col-lg-offset-0 vc_col-lg-5 vc_col-sm-offset-1&#8243;][vc_column_text]\n<h2>Protezat totale<\/h2>\n[\/vc_column_text][vc_column_text]Protezat mobile totale shtrihen mbi kreshta pa dh\u00ebmb\u00eb dhe q\u00ebndrojn\u00eb n\u00eb parimin e vakumit t\u00eb cilin proteza e formon me kresht\u00ebn e nofull\u00ebs, kurse pjes\u00ebn e dukshme e prezantojn\u00eb dh\u00ebmb\u00ebt n\u00eb protez\u00eb. Ata, b\u00ebhen sipas parimit t\u00eb estetik\u00ebs dhe funksioneve t\u00eb protetik\u00ebs mobile, ata nuk v\u00ebrehen dhe duken natyrsh\u00ebm.<br \/>\nMegjithat\u00eb, ndjenja e mbulimit t\u00eb nj\u00eb pjese t\u00eb mukoz\u00ebs t\u00eb goj\u00ebs me proteza nuk \u00ebsht\u00eb e pranushme p\u00ebr secilin, dhe ekziston mund\u00ebsia q\u00eb sip\u00ebrfaqja e protezave totale t\u00eb shkurtohet, me kusht q\u00eb t\u00eb p\u00ebrforcohen n\u00eb 2 ose 4 implante.<br \/>\n\u00c7do produkt protetik, dhe protezat mobile prodhohen n\u00eb faza dhe \u00e7do faz\u00eb e pun\u00ebs \u00ebsht\u00eb jasht\u00ebzakonisht e r\u00ebnd\u00ebsishme p\u00ebr t\u00eb patur rezultat p\u00ebrfundimtar t\u00eb suksessh\u00ebm.[\/vc_column_text][vc_empty_space height=&#8221;3rem&#8221;][vc_column_text]<a class=\"btn btn-outline-primary\" href=\"https:\/\/eternadent.com.mk\/appointments\/\">Caktoni kontroll<\/a>[\/vc_column_text][\/vc_column][vc_column width=&#8221;5\/6&#8243; offset=&#8221;vc_col-lg-6 vc_col-sm-offset-1&#8243; el_class=&#8221;xtd-offset-dots&#8221;][vc_single_image image=&#8221;1768&#8243; img_size=&#8221;large&#8221;][\/vc_column][\/vc_row][vc_row full_width=&#8221;stretch_row&#8221; css=&#8221;.vc_custom_1654718274473{padding-top: 20px !important;background-color: #f7f7f7 !important;}&#8221; el_id=&#8221;sh\u00ebrbimi&#8221;][vc_column][vc_column_text]\n<h2 class=\"special-title\" style=\"text-align: center;\">Sh\u00ebrbimet protetike<\/h2>\n[\/vc_column_text][\/vc_column][vc_column width=&#8221;1\/4&#8243;]<div class='xtd-card  '>\n  <a href='https:\/\/eternadent.com.mk\/protetika\/koronki-i-mostovi\/' target=''><img loading=\"lazy\" decoding=\"async\" width=\"660\" height=\"504\" src=\"https:\/\/eternadent.com.mk\/wp-content\/uploads\/2022\/04\/protetika-koronki.png\" class=\"attachment-large size-large\" alt=\"\" srcset=\"https:\/\/eternadent.com.mk\/wp-content\/uploads\/2022\/04\/protetika-koronki.png 660w, https:\/\/eternadent.com.mk\/wp-content\/uploads\/2022\/04\/protetika-koronki-300x229.png 300w\" sizes=\"auto, (max-width: 660px) 100vw, 660px\" \/><\/a>  <div class='xtd-card__info'>\n        <div class='xtd-card__title h4'>\n      <div>\n        Kurorat dhe urat              <\/div>\n    <\/div>\n      <div class='xtd-card__content'>\n      Kurorat jan\u00eb mbulesa t\u00eb cilat shfryt\u00ebzohen p\u00ebr mbulimin e t\u00ebr\u00ebsish\u00ebm t\u00eb dh\u00ebmbit t\u00eb d\u00ebmtuar.    <\/div>\n          <a href=\"https:\/\/eternadent.com.mk\/protetika\/koronki-i-mostovi\/\" class=\"btn btn-link btn-sm\">\u0414\u043e\u0437\u043d\u0430\u0458 \u043f\u043e\u0432\u0435\u045c\u0435<\/a>\n      <\/div>\n<\/div>\n[\/vc_column][vc_column width=&#8221;1\/4&#8243;]<div class='xtd-card  '>\n  <a href='https:\/\/eternadent.com.mk\/protetika\/faseti\/' target=''><img loading=\"lazy\" decoding=\"async\" width=\"660\" height=\"504\" src=\"https:\/\/eternadent.com.mk\/wp-content\/uploads\/2022\/04\/protetika-faseti.png\" class=\"attachment-large size-large\" alt=\"\" srcset=\"https:\/\/eternadent.com.mk\/wp-content\/uploads\/2022\/04\/protetika-faseti.png 660w, https:\/\/eternadent.com.mk\/wp-content\/uploads\/2022\/04\/protetika-faseti-300x229.png 300w\" sizes=\"auto, (max-width: 660px) 100vw, 660px\" \/><\/a>  <div class='xtd-card__info'>\n        <div class='xtd-card__title h4'>\n      <div>\n        Facetat              <\/div>\n    <\/div>\n      <div class='xtd-card__content'>\n      Facetat jan\u00eb shum\u00eb t\u00eb holla, l\u00ebvozhga prej porcelani t\u00eb cilat vendosen n\u00eb an\u00ebn e p\u00ebrparme t\u00eb dh\u00ebmb\u00ebve.    <\/div>\n          <a href=\"https:\/\/eternadent.com.mk\/protetika\/faseti\/\" class=\"btn btn-link btn-sm\">\u0414\u043e\u0437\u043d\u0430\u0458 \u043f\u043e\u0432\u0435\u045c\u0435<\/a>\n      <\/div>\n<\/div>\n[\/vc_column][vc_column width=&#8221;1\/4&#8243;]<div class='xtd-card  '>\n  <a href='https:\/\/eternadent.com.mk\/protetika\/protezi\/' target=''><img loading=\"lazy\" decoding=\"async\" width=\"660\" height=\"504\" src=\"https:\/\/eternadent.com.mk\/wp-content\/uploads\/2022\/04\/protetika-protezi.png\" class=\"attachment-large size-large\" alt=\"\" srcset=\"https:\/\/eternadent.com.mk\/wp-content\/uploads\/2022\/04\/protetika-protezi.png 660w, https:\/\/eternadent.com.mk\/wp-content\/uploads\/2022\/04\/protetika-protezi-300x229.png 300w\" sizes=\"auto, (max-width: 660px) 100vw, 660px\" \/><\/a>  <div class='xtd-card__info'>\n        <div class='xtd-card__title h4'>\n      <div>\n        Protezat              <\/div>\n    <\/div>\n      <div class='xtd-card__content'>\n      Protezat jan\u00eb zgjidhje protetike kur mungojn\u00eb t\u00eb gjith\u00eb ose pjes\u00ebrisht t\u00eb gjith\u00eb dh\u00ebmb\u00ebt n\u00eb zgavr\u00ebn e goj\u00ebs.    <\/div>\n          <a href=\"https:\/\/eternadent.com.mk\/protetika\/protezi\/\" class=\"btn btn-link btn-sm\">\u0414\u043e\u0437\u043d\u0430\u0458 \u043f\u043e\u0432\u0435\u045c\u0435<\/a>\n      <\/div>\n<\/div>\n[\/vc_column][vc_column width=&#8221;1\/4&#8243;]<div class='xtd-card  '>\n  <a href='https:\/\/eternadent.com.mk\/protetika\/bruksizam\/' target=''><img loading=\"lazy\" decoding=\"async\" width=\"660\" height=\"504\" src=\"https:\/\/eternadent.com.mk\/wp-content\/uploads\/2022\/04\/protetika-bruksizam.png\" class=\"attachment-large size-large\" alt=\"\" srcset=\"https:\/\/eternadent.com.mk\/wp-content\/uploads\/2022\/04\/protetika-bruksizam.png 660w, https:\/\/eternadent.com.mk\/wp-content\/uploads\/2022\/04\/protetika-bruksizam-300x229.png 300w\" sizes=\"auto, (max-width: 660px) 100vw, 660px\" \/><\/a>  <div class='xtd-card__info'>\n        <div class='xtd-card__title h4'>\n      <div>\n        Vler\u00ebsimi dhe terapia e bruksizmit              <\/div>\n    <\/div>\n      <div class='xtd-card__content'>\n      Bruksizmi \u00ebsht\u00eb praktik\u00eb orale n\u00eb t\u00eb cil\u00ebn ju shtr\u00ebngoni, kruani dhe bluani dh\u00ebmb\u00ebt.    <\/div>\n          <a href=\"https:\/\/eternadent.com.mk\/protetika\/bruksizam\/\" class=\"btn btn-link btn-sm\">\u0414\u043e\u0437\u043d\u0430\u0458 \u043f\u043e\u0432\u0435\u045c\u0435<\/a>\n      <\/div>\n<\/div>\n[\/vc_column][\/vc_row]\n<\/div>","protected":false},"excerpt":{"rendered":"<p>[vc_row content_placement=&#8221;middle&#8221; css=&#8221;.vc_custom_1654719908260{padding-bottom: 0px !important;}&#8221;][vc_column width=&#8221;5\/6&#8243; offset=&#8221;vc_col-lg-offset-0 vc_col-lg-5 vc_col-sm-offset-1&#8243;][vc_column_text] Protezat parciale [\/vc_column_text][vc_column_text]Protezat parciale rekomandohen te pacient\u00ebt t\u00eb cil\u00ebt kan\u00eb dh\u00ebmb\u00eb n\u00eb zona t\u00eb caktuara n\u00eb goj\u00eb, dhe nuk mund t\u00eb b\u00ebhet zgjidhje fikse dhe mund t\u00eb jen\u00eb: Protezat klasike nga akrili Protezat nga akrili jan\u00eb t\u00eb prodhuara t\u00ebr\u00ebsisht nga akrili i cili mund t\u00eb jet\u00eb i fort\u00eb, fleksibil apo t\u00eb [&hellip;]<\/p>\n","protected":false},"author":2,"featured_media":0,"parent":3088,"menu_order":0,"comment_status":"closed","ping_status":"closed","template":"","meta":{"inline_featured_image":false,"footnotes":""},"class_list":["post-3097","page","type-page","status-publish","hentry"],"yoast_head":"<!-- This site is optimized with the Yoast SEO Premium plugin v24.7 (Yoast SEO v24.8.1) - https:\/\/yoast.com\/wordpress\/plugins\/seo\/ -->\n<title>Protezat - \u0415\u0422\u0415\u0420\u041d\u0410\u0434\u0435\u043d\u0442<\/title>\n<meta name=\"robots\" content=\"index, follow, max-snippet:-1, max-image-preview:large, max-video-preview:-1\" \/>\n<link rel=\"canonical\" href=\"https:\/\/eternadent.com.mk\/sq\/protetika\/protezi\/\" \/>\n<meta property=\"og:locale\" content=\"sq_AL\" \/>\n<meta property=\"og:type\" content=\"article\" \/>\n<meta property=\"og:title\" content=\"Protezat\" \/>\n<meta property=\"og:description\" content=\"[vc_row content_placement=&#8221;middle&#8221; css=&#8221;.vc_custom_1654719908260{padding-bottom: 0px !important;}&#8221;][vc_column width=&#8221;5\/6&#8243; offset=&#8221;vc_col-lg-offset-0 vc_col-lg-5 vc_col-sm-offset-1&#8243;][vc_column_text] Protezat parciale [\/vc_column_text][vc_column_text]Protezat parciale rekomandohen te pacient\u00ebt t\u00eb cil\u00ebt kan\u00eb dh\u00ebmb\u00eb n\u00eb zona t\u00eb caktuara n\u00eb goj\u00eb, dhe nuk mund t\u00eb b\u00ebhet zgjidhje fikse dhe mund t\u00eb jen\u00eb: Protezat klasike nga akrili Protezat nga akrili jan\u00eb t\u00eb prodhuara t\u00ebr\u00ebsisht nga akrili i cili mund t\u00eb jet\u00eb i fort\u00eb, fleksibil apo t\u00eb [&hellip;]\" \/>\n<meta property=\"og:url\" content=\"https:\/\/eternadent.com.mk\/sq\/protetika\/protezi\/\" \/>\n<meta property=\"og:site_name\" content=\"\u0415\u0422\u0415\u0420\u041d\u0410\u0434\u0435\u043d\u0442\" \/>\n<meta property=\"article:publisher\" content=\"https:\/\/www.facebook.com\/eternadentskopje\/\" \/>\n<meta property=\"article:modified_time\" content=\"2022-08-25T21:12:27+00:00\" \/>\n<meta property=\"og:image\" content=\"https:\/\/eternadent.com.mk\/wp-content\/uploads\/2023\/12\/eterna-logo-web.png\" \/>\n\t<meta property=\"og:image:width\" content=\"1200\" \/>\n\t<meta property=\"og:image:height\" content=\"675\" \/>\n\t<meta property=\"og:image:type\" content=\"image\/png\" \/>\n<meta name=\"twitter:card\" content=\"summary_large_image\" \/>\n<meta name=\"twitter:label1\" content=\"Est. reading time\" \/>\n\t<meta name=\"twitter:data1\" content=\"3 minutes\" \/>\n<script type=\"application\/ld+json\" class=\"yoast-schema-graph\">{\"@context\":\"https:\/\/schema.org\",\"@graph\":[{\"@type\":\"WebPage\",\"@id\":\"https:\/\/eternadent.com.mk\/sq\/protetika\/protezi\/\",\"url\":\"https:\/\/eternadent.com.mk\/sq\/protetika\/protezi\/\",\"name\":\"Protezat - \u0415\u0422\u0415\u0420\u041d\u0410\u0434\u0435\u043d\u0442\",\"isPartOf\":{\"@id\":\"https:\/\/eternadent.com.mk\/#website\"},\"datePublished\":\"2022-04-08T11:50:11+00:00\",\"dateModified\":\"2022-08-25T21:12:27+00:00\",\"breadcrumb\":{\"@id\":\"https:\/\/eternadent.com.mk\/sq\/protetika\/protezi\/#breadcrumb\"},\"inLanguage\":\"sq-AL\",\"potentialAction\":[{\"@type\":\"ReadAction\",\"target\":[\"https:\/\/eternadent.com.mk\/sq\/protetika\/protezi\/\"]}]},{\"@type\":\"BreadcrumbList\",\"@id\":\"https:\/\/eternadent.com.mk\/sq\/protetika\/protezi\/#breadcrumb\",\"itemListElement\":[{\"@type\":\"ListItem\",\"position\":1,\"name\":\"[wpseo_titles]breadcrumbs-\u041f\u043e\u0447\u0435\u0442\u043d\u0430\",\"item\":\"https:\/\/eternadent.com.mk\/sq\/\"},{\"@type\":\"ListItem\",\"position\":2,\"name\":\"Protetika\",\"item\":\"https:\/\/eternadent.com.mk\/sq\/protetika\/\"},{\"@type\":\"ListItem\",\"position\":3,\"name\":\"Protezat\"}]},{\"@type\":\"WebSite\",\"@id\":\"https:\/\/eternadent.com.mk\/#website\",\"url\":\"https:\/\/eternadent.com.mk\/\",\"name\":\"ETERNAdent | \u0415\u0422\u0415\u0420\u041d\u0410\u0434\u0435\u043d\u0442\",\"description\":\"\u0412\u0410\u0428\u0410\u0422\u0410 \u041d\u041e\u0412\u0410 \u0417\u0414\u0420\u0410\u0412\u0410 \u041d\u0410\u0421\u041c\u0415\u0412\u041a\u0410\",\"publisher\":{\"@id\":\"https:\/\/eternadent.com.mk\/#organization\"},\"alternateName\":\"Eterna Dent | \u0415\u0442\u0435\u0440\u043d\u0430 \u0414\u0435\u043d\u0442\",\"potentialAction\":[{\"@type\":\"SearchAction\",\"target\":{\"@type\":\"EntryPoint\",\"urlTemplate\":\"https:\/\/eternadent.com.mk\/?s={search_term_string}\"},\"query-input\":{\"@type\":\"PropertyValueSpecification\",\"valueRequired\":true,\"valueName\":\"search_term_string\"}}],\"inLanguage\":\"sq-AL\"},{\"@type\":\"Organization\",\"@id\":\"https:\/\/eternadent.com.mk\/#organization\",\"name\":\"\u0415\u0422\u0415\u0420\u041d\u0410\u0434\u0435\u043d\u0442\",\"alternateName\":\"Eterna Dent\",\"url\":\"https:\/\/eternadent.com.mk\/\",\"logo\":{\"@type\":\"ImageObject\",\"inLanguage\":\"sq-AL\",\"@id\":\"https:\/\/eternadent.com.mk\/#\/schema\/logo\/image\/\",\"url\":\"https:\/\/eternadent.com.mk\/wp-content\/uploads\/2022\/04\/eterna-dent-logo-mk.png\",\"contentUrl\":\"https:\/\/eternadent.com.mk\/wp-content\/uploads\/2022\/04\/eterna-dent-logo-mk.png\",\"width\":842,\"height\":291,\"caption\":\"\u0415\u0422\u0415\u0420\u041d\u0410\u0434\u0435\u043d\u0442\"},\"image\":{\"@id\":\"https:\/\/eternadent.com.mk\/#\/schema\/logo\/image\/\"},\"sameAs\":[\"https:\/\/www.facebook.com\/eternadentskopje\/\",\"https:\/\/www.instagram.com\/eternadentskopje\/\"]}]}<\/script>\n<!-- \/ Yoast SEO Premium plugin. -->","yoast_head_json":{"title":"Protezat - \u0415\u0422\u0415\u0420\u041d\u0410\u0434\u0435\u043d\u0442","robots":{"index":"index","follow":"follow","max-snippet":"max-snippet:-1","max-image-preview":"max-image-preview:large","max-video-preview":"max-video-preview:-1"},"canonical":"https:\/\/eternadent.com.mk\/sq\/protetika\/protezi\/","og_locale":"sq_AL","og_type":"article","og_title":"Protezat","og_description":"[vc_row content_placement=&#8221;middle&#8221; css=&#8221;.vc_custom_1654719908260{padding-bottom: 0px !important;}&#8221;][vc_column width=&#8221;5\/6&#8243; offset=&#8221;vc_col-lg-offset-0 vc_col-lg-5 vc_col-sm-offset-1&#8243;][vc_column_text] Protezat parciale [\/vc_column_text][vc_column_text]Protezat parciale rekomandohen te pacient\u00ebt t\u00eb cil\u00ebt kan\u00eb dh\u00ebmb\u00eb n\u00eb zona t\u00eb caktuara n\u00eb goj\u00eb, dhe nuk mund t\u00eb b\u00ebhet zgjidhje fikse dhe mund t\u00eb jen\u00eb: Protezat klasike nga akrili Protezat nga akrili jan\u00eb t\u00eb prodhuara t\u00ebr\u00ebsisht nga akrili i cili mund t\u00eb jet\u00eb i fort\u00eb, fleksibil apo t\u00eb [&hellip;]","og_url":"https:\/\/eternadent.com.mk\/sq\/protetika\/protezi\/","og_site_name":"\u0415\u0422\u0415\u0420\u041d\u0410\u0434\u0435\u043d\u0442","article_publisher":"https:\/\/www.facebook.com\/eternadentskopje\/","article_modified_time":"2022-08-25T21:12:27+00:00","og_image":[{"width":1200,"height":675,"url":"https:\/\/eternadent.com.mk\/wp-content\/uploads\/2023\/12\/eterna-logo-web.png","type":"image\/png"}],"twitter_card":"summary_large_image","twitter_misc":{"Est. reading time":"3 minutes"},"schema":{"@context":"https:\/\/schema.org","@graph":[{"@type":"WebPage","@id":"https:\/\/eternadent.com.mk\/sq\/protetika\/protezi\/","url":"https:\/\/eternadent.com.mk\/sq\/protetika\/protezi\/","name":"Protezat - \u0415\u0422\u0415\u0420\u041d\u0410\u0434\u0435\u043d\u0442","isPartOf":{"@id":"https:\/\/eternadent.com.mk\/#website"},"datePublished":"2022-04-08T11:50:11+00:00","dateModified":"2022-08-25T21:12:27+00:00","breadcrumb":{"@id":"https:\/\/eternadent.com.mk\/sq\/protetika\/protezi\/#breadcrumb"},"inLanguage":"sq-AL","potentialAction":[{"@type":"ReadAction","target":["https:\/\/eternadent.com.mk\/sq\/protetika\/protezi\/"]}]},{"@type":"BreadcrumbList","@id":"https:\/\/eternadent.com.mk\/sq\/protetika\/protezi\/#breadcrumb","itemListElement":[{"@type":"ListItem","position":1,"name":"[wpseo_titles]breadcrumbs-\u041f\u043e\u0447\u0435\u0442\u043d\u0430","item":"https:\/\/eternadent.com.mk\/sq\/"},{"@type":"ListItem","position":2,"name":"Protetika","item":"https:\/\/eternadent.com.mk\/sq\/protetika\/"},{"@type":"ListItem","position":3,"name":"Protezat"}]},{"@type":"WebSite","@id":"https:\/\/eternadent.com.mk\/#website","url":"https:\/\/eternadent.com.mk\/","name":"ETERNAdent | \u0415\u0422\u0415\u0420\u041d\u0410\u0434\u0435\u043d\u0442","description":"\u0412\u0410\u0428\u0410\u0422\u0410 \u041d\u041e\u0412\u0410 \u0417\u0414\u0420\u0410\u0412\u0410 \u041d\u0410\u0421\u041c\u0415\u0412\u041a\u0410","publisher":{"@id":"https:\/\/eternadent.com.mk\/#organization"},"alternateName":"Eterna Dent | \u0415\u0442\u0435\u0440\u043d\u0430 \u0414\u0435\u043d\u0442","potentialAction":[{"@type":"SearchAction","target":{"@type":"EntryPoint","urlTemplate":"https:\/\/eternadent.com.mk\/?s={search_term_string}"},"query-input":{"@type":"PropertyValueSpecification","valueRequired":true,"valueName":"search_term_string"}}],"inLanguage":"sq-AL"},{"@type":"Organization","@id":"https:\/\/eternadent.com.mk\/#organization","name":"\u0415\u0422\u0415\u0420\u041d\u0410\u0434\u0435\u043d\u0442","alternateName":"Eterna Dent","url":"https:\/\/eternadent.com.mk\/","logo":{"@type":"ImageObject","inLanguage":"sq-AL","@id":"https:\/\/eternadent.com.mk\/#\/schema\/logo\/image\/","url":"https:\/\/eternadent.com.mk\/wp-content\/uploads\/2022\/04\/eterna-dent-logo-mk.png","contentUrl":"https:\/\/eternadent.com.mk\/wp-content\/uploads\/2022\/04\/eterna-dent-logo-mk.png","width":842,"height":291,"caption":"\u0415\u0422\u0415\u0420\u041d\u0410\u0434\u0435\u043d\u0442"},"image":{"@id":"https:\/\/eternadent.com.mk\/#\/schema\/logo\/image\/"},"sameAs":["https:\/\/www.facebook.com\/eternadentskopje\/","https:\/\/www.instagram.com\/eternadentskopje\/"]}]}},"_links":{"self":[{"href":"https:\/\/eternadent.com.mk\/sq\/wp-json\/wp\/v2\/pages\/3097","targetHints":{"allow":["GET"]}}],"collection":[{"href":"https:\/\/eternadent.com.mk\/sq\/wp-json\/wp\/v2\/pages"}],"about":[{"href":"https:\/\/eternadent.com.mk\/sq\/wp-json\/wp\/v2\/types\/page"}],"author":[{"embeddable":true,"href":"https:\/\/eternadent.com.mk\/sq\/wp-json\/wp\/v2\/users\/2"}],"replies":[{"embeddable":true,"href":"https:\/\/eternadent.com.mk\/sq\/wp-json\/wp\/v2\/comments?post=3097"}],"version-history":[{"count":3,"href":"https:\/\/eternadent.com.mk\/sq\/wp-json\/wp\/v2\/pages\/3097\/revisions"}],"predecessor-version":[{"id":3100,"href":"https:\/\/eternadent.com.mk\/sq\/wp-json\/wp\/v2\/pages\/3097\/revisions\/3100"}],"up":[{"embeddable":true,"href":"https:\/\/eternadent.com.mk\/sq\/wp-json\/wp\/v2\/pages\/3088"}],"wp:attachment":[{"href":"https:\/\/eternadent.com.mk\/sq\/wp-json\/wp\/v2\/media?parent=3097"}],"curies":[{"name":"wp","href":"https:\/\/api.w.org\/{rel}","templated":true}]}}