{"id":3093,"date":"2020-05-04T16:01:12","date_gmt":"2020-05-04T14:01:12","guid":{"rendered":"https:\/\/eternadent.com.mk\/protetika\/koronki-i-mostovi\/"},"modified":"2022-08-25T23:09:14","modified_gmt":"2022-08-25T21:09:14","slug":"koronki-i-mostovi","status":"publish","type":"page","link":"https:\/\/eternadent.com.mk\/sq\/protetika\/koronki-i-mostovi\/","title":{"rendered":"Kurorat dhe urat"},"content":{"rendered":"<div class=\"wpb-content-wrapper\">[vc_row content_placement=&#8221;middle&#8221; css=&#8221;.vc_custom_1654719357925{padding-bottom: 0px !important;}&#8221;][vc_column width=&#8221;5\/6&#8243; offset=&#8221;vc_col-lg-offset-0 vc_col-lg-5 vc_col-sm-offset-1&#8243;][vc_column_text]\n<h2>Vendosja e kurorave dhe urave<\/h2>\n[\/vc_column_text][vc_column_text]KURORAT shfryt\u00ebzohen p\u00ebr mbulimin e t\u00ebr\u00ebsish\u00ebm t\u00eb dh\u00ebmbit t\u00eb d\u00ebmtuar. Krahas p\u00ebrforcimit t\u00eb dh\u00ebmb\u00ebve t\u00eb d\u00ebmtuar, kurorat mund t\u00eb shfryt\u00ebzohen me q\u00ebllim q\u00eb t\u00eb p\u00ebrmir\u00ebsohet pamja, forma ose madh\u00ebsia e dh\u00ebmb\u00ebve. Kurorat, gjithashtu mund t\u00eb vendosen mbi implantin, q\u00eb t\u00eb sigurohet forma e dh\u00ebmbit dhe funksioni n\u00eb t\u00eb ardhmen. Kurorat prej porcelani apo qeramike mund t\u00eb imitojn\u00eb n\u00eb m\u00ebnyr\u00eb ideale ngjyr\u00ebn e dh\u00ebmb\u00ebve tuaj natyral.[\/vc_column_text][\/vc_column][vc_column width=&#8221;5\/6&#8243; el_class=&#8221;xtd-offset-dots&#8221; offset=&#8221;vc_col-lg-6 vc_col-sm-offset-1&#8243;][vc_single_image image=&#8221;1747&#8243; img_size=&#8221;large&#8221;][\/vc_column][\/vc_row][vc_row css=&#8221;.vc_custom_1654719373396{padding-top: 0px !important;padding-bottom: 0px !important;}&#8221;][vc_column][vc_column_text]Kurora prej porcelani mbi skeletin metalik shpesh shfryt\u00ebzohet p\u00ebr shkak se ka forc\u00eb dhe vepron n\u00eb m\u00ebnyr\u00eb estetike. P\u00ebr estetik\u00eb m\u00eb t\u00eb madhe t\u00eb buz\u00ebqeshjes ne zakonisht rekomandojm\u00eb kurorat e e prodhuara t\u00ebr\u00ebsisht nga porcelani, t\u00eb cilat cilat prej m\u00eb af\u00ebr tregojn\u00eb pamjen e dh\u00ebmb\u00ebve tuaj natyral.<br \/>\nStomatologu juaj n\u00eb ETERNAdent mund t\u00eb rekomandoj\u00eb prodhimin e kuror\u00ebs n\u00ebse:<\/p>\n<ul>\n<li>Nevojitet q\u00eb t\u00eb z\u00ebvend\u00ebsohen produktet me mbushje m\u00eb t\u00eb m\u00ebdha (mbushje t\u00eb m\u00ebdha)<\/li>\n<li>T\u00eb mbrohen dh\u00ebmb\u00ebt e dob\u00ebt nga fraktura<\/li>\n<li>N\u00ebse tashm\u00eb ekziston fraktur\u00eb e dh\u00ebmbit<br \/>\nMungojn\u00eb dh\u00ebmb\u00ebt, dhe t\u00eb tjer\u00ebt lidhen me ur\u00eb<\/li>\n<li>Me implant dentar<\/li>\n<li>Mbrojtje sipas trajtimit t\u00eb kanaleve t\u00eb rr\u00ebnj\u00ebve<\/li>\n<\/ul>\n[\/vc_column_text][\/vc_column][\/vc_row][vc_row css=&#8221;.vc_custom_1654719398554{padding-top: 20px !important;}&#8221;][vc_column][vc_tta_accordion][vc_tta_section title=&#8221;\u00c7far\u00eb do t\u00eb na z\u00ebvend\u00ebsojn\u00eb urat?&#8221; tab_id=&#8221;1649415408210-03ce6d2c-8958&#8243;][vc_row_inner][vc_column_inner width=&#8221;1\/2&#8243;][vc_column_text]Urat shpeshher\u00eb shfryt\u00ebzohen p\u00ebr t\u00eb z\u00ebvend\u00ebsuar nj\u00eb apo m\u00eb shum\u00eb dh\u00ebmb\u00eb q\u00eb mungojn\u00eb. Konstruktisonet e dh\u00ebmb\u00ebve fiksohen p\u00ebr dh\u00ebmb\u00ebt natyral apo implantet dhe plot\u00ebsojn\u00eb hap\u00ebsir\u00ebn e zbraz\u00ebt nd\u00ebrmjet tyre. K\u00ebto dh\u00ebmb\u00eb dhe\/ose implamnte sh\u00ebnohen si abatmente apo mbajt\u00ebs t\u00eb konstruksionit t\u00eb ur\u00ebs dhe sh\u00ebrbejn\u00eb si spiranc\u00eb p\u00ebr ur\u00ebn. Kurse dh\u00ebmb\u00ebt t\u00eb cil\u00ebt mungojn\u00eb z\u00ebvend\u00ebsohen si produkte artificiale t\u00eb cilat ngjajn\u00eb me dh\u00ebmbin e humbur, dhe kjo pjes\u00eb quhet \u201ctrup\u201d i ur\u00ebs. Ashtu si edhe te kurorat, mund t\u00eb zgjidhen materiale nga t\u00eb cilat do t\u00eb nd\u00ebrtohet ura. Stomatologu juaj n\u00eb ETERNAdent mund t\u2019ju ndihmoj\u00eb q\u00eb t\u00eb vendosni se cilin lloj\u00eb t\u00eb kuror\u00ebs\/ur\u00ebs do t\u00eb zgjidhni, duke marr\u00eb parasysh lokacionin e dh\u00ebmbit\/\u00ebve t\u00eb humbur, funksionin e tij, nevojat estetike dhe \u00e7mimin. Urat prej porcelani mund t\u00eb jen\u00eb t\u00eb nj\u00ebjtat me ngjyr\u00ebn e dh\u00ebmb\u00ebve natyral.[\/vc_column_text][\/vc_column_inner][vc_column_inner width=&#8221;1\/2&#8243;][vc_single_image image=&#8221;1752&#8243; img_size=&#8221;large&#8221;][\/vc_column_inner][\/vc_row_inner][\/vc_tta_section][vc_tta_section title=&#8221;Si prodhohet kurora apo ura?&#8221; tab_id=&#8221;1649415408229-96b96921-0361&#8243;][vc_row_inner][vc_column_inner width=&#8221;1\/2&#8243;][vc_column_text]Para se t\u00eb mund t\u00eb b\u00ebhet kurora apo ura e planifikuar, dh\u00ebmbi\/dh\u00ebmb\u00ebt duhet t\u00eb preparohen (zvog\u00eblohen n\u00eb madh\u00ebsi), ashtuq\u00eb kurora apo ura p\u00ebrshtaten n\u00eb m\u00ebnyr\u00ebn e duhur n\u00eb hap\u00ebsir\u00ebn e dh\u00ebmbit. Pas zvog\u00eblimit t\u00eb dh\u00ebmbit\/\u00ebve, stomatologu i Juaj do t\u00eb marr\u00eb gjurm\u00ebt e gjendjes t\u00eb re t\u00eb dh\u00ebmb\u00ebve q\u00eb t\u00eb siguroj\u00eb negativin e sakt\u00eb mbi t\u00eb cilin do t\u00eb prodhohet kurora respektivisht ura. N\u00eb llojet m\u00eb t\u00eb reja t\u00eb porcelanit, mund t\u00eb zgjedhim nuanc\u00ebn e sakt\u00eb t\u00eb ngjyr\u00ebs t\u00eb d\u00ebshiruar, madje edhe kombinim t\u00eb m\u00eb shum\u00eb ngjyrave dhe p\u00ebr k\u00ebt\u00eb do ju ndihmoj\u00eb stomatologu juaj.<br \/>\nN\u00eb baz\u00eb t\u00eb k\u00ebtyre gjurm\u00ebve, n\u00eb laboratorin\u00eb dentare prodhohet kurora\/ura juaj. Kurora apo ura e p\u00ebrkohshme vendoset mbi dh\u00ebmb\u00ebt e preparuar (zvog\u00ebluar) t\u00eb cilat p\u00ebrgatiten p\u00ebr konstruktim fiks, me \u00e7rast t\u00eb nj\u00ebjt\u00ebt do t\u00eb mbrohen, kurse Ju n\u00eb periudh\u00ebn derisa prodhohen kurorat\/urat p\u00ebrfundimtare do t\u00eb mund t\u00eb hani pa problem, t\u00eb kafshoni dhe t\u00eb qeshni. Kur do t\u00eb prodhohet kurora\/ura definitive, kurora\/ura e p\u00ebrkohshme largohet, dhe kurora\/ura e re cimentohet mbi dh\u00ebmb\u00ebt tuaj t\u00eb p\u00ebrgatitur.[\/vc_column_text][\/vc_column_inner][vc_column_inner width=&#8221;1\/2&#8243;][vc_single_image image=&#8221;1751&#8243; img_size=&#8221;large&#8221;][\/vc_column_inner][\/vc_row_inner][\/vc_tta_section][vc_tta_section title=&#8221;Sa gjat\u00eb zgjasin kurorat apo urat?&#8221; tab_id=&#8221;1649417302440-7e08996f-177f&#8221;][vc_row_inner][vc_column_inner width=&#8221;1\/2&#8243;][vc_column_text]\u00cbsht\u00eb e v\u00ebshtir\u00eb t\u00eb p\u00ebrcaktohet se sa gjat\u00eb do t\u00eb zgjasin kurorat. Faktor\u00ebt e jet\u00ebgjat\u00ebsis\u00eb p\u00ebrfshijn\u00eb:<\/p>\n<ul>\n<li>Materialin (kuror\u00ebn prej porcelani mbi skeletin metalik, porcelanin e shkrir\u00eb ndaj baz\u00ebs jometalike dhe kuror\u00eb t\u00ebr\u00ebsisht nga porcelani)<\/li>\n<li>Lokacioni (dh\u00ebmbi p\u00ebrpara kundrejt dh\u00ebmbit t\u00eb zon\u00ebs an\u00ebsore)<\/li>\n<li>Sa prej supstanc\u00ebs t\u00eb dh\u00ebmbit ka mbetur pas zvog\u00eblimit p\u00ebr kuror\u00eb<\/li>\n<li>Forcat okluzale<\/li>\n<li>Zakonet higjienike<\/li>\n<\/ul>\n<p>Q\u00eb t\u00eb vazhdoni koh\u00ebzgjatjen e kuror\u00ebs\/ur\u00ebs tuaj, k\u00ebshilloni me stomatologun tuaj nga ETERNAdent, i cili do Ju udh\u00ebzoj\u00eb se si t\u00eb kujdeseni me t\u00eb v\u00ebrtet\u00eb p\u00ebr ato.[\/vc_column_text][\/vc_column_inner][vc_column_inner width=&#8221;1\/2&#8243;][vc_single_image image=&#8221;1754&#8243; img_size=&#8221;large&#8221;][\/vc_column_inner][\/vc_row_inner][\/vc_tta_section][\/vc_tta_accordion][vc_empty_space height=&#8221;3rem&#8221;][vc_column_text]<a class=\"btn btn-outline-primary\" href=\"https:\/\/eternadent.com.mk\/appointments\/\">Caktoni kontroll<\/a>[\/vc_column_text][\/vc_column][\/vc_row][vc_row full_width=&#8221;stretch_row&#8221; css=&#8221;.vc_custom_1654718274473{padding-top: 20px !important;background-color: #f7f7f7 !important;}&#8221; el_id=&#8221;sh\u00ebrbimi&#8221;][vc_column][vc_column_text]\n<h2 class=\"special-title\" style=\"text-align: center;\">Sh\u00ebrbimet protetike<\/h2>\n[\/vc_column_text][\/vc_column][vc_column width=&#8221;1\/4&#8243;]<div class='xtd-card  '>\n  <a href='https:\/\/eternadent.com.mk\/protetika\/koronki-i-mostovi\/' target=''><img loading=\"lazy\" decoding=\"async\" width=\"660\" height=\"504\" src=\"https:\/\/eternadent.com.mk\/wp-content\/uploads\/2022\/04\/protetika-koronki.png\" class=\"attachment-large size-large\" alt=\"\" srcset=\"https:\/\/eternadent.com.mk\/wp-content\/uploads\/2022\/04\/protetika-koronki.png 660w, https:\/\/eternadent.com.mk\/wp-content\/uploads\/2022\/04\/protetika-koronki-300x229.png 300w\" sizes=\"auto, (max-width: 660px) 100vw, 660px\" \/><\/a>  <div class='xtd-card__info'>\n        <div class='xtd-card__title h4'>\n      <div>\n        Kurorat dhe urat              <\/div>\n    <\/div>\n      <div class='xtd-card__content'>\n      Kurorat jan\u00eb mbulesa t\u00eb cilat shfryt\u00ebzohen p\u00ebr mbulimin e t\u00ebr\u00ebsish\u00ebm t\u00eb dh\u00ebmbit t\u00eb d\u00ebmtuar.    <\/div>\n          <a href=\"https:\/\/eternadent.com.mk\/protetika\/koronki-i-mostovi\/\" class=\"btn btn-link btn-sm\">\u0414\u043e\u0437\u043d\u0430\u0458 \u043f\u043e\u0432\u0435\u045c\u0435<\/a>\n      <\/div>\n<\/div>\n[\/vc_column][vc_column width=&#8221;1\/4&#8243;]<div class='xtd-card  '>\n  <a href='https:\/\/eternadent.com.mk\/protetika\/faseti\/' target=''><img loading=\"lazy\" decoding=\"async\" width=\"660\" height=\"504\" src=\"https:\/\/eternadent.com.mk\/wp-content\/uploads\/2022\/04\/protetika-faseti.png\" class=\"attachment-large size-large\" alt=\"\" srcset=\"https:\/\/eternadent.com.mk\/wp-content\/uploads\/2022\/04\/protetika-faseti.png 660w, https:\/\/eternadent.com.mk\/wp-content\/uploads\/2022\/04\/protetika-faseti-300x229.png 300w\" sizes=\"auto, (max-width: 660px) 100vw, 660px\" \/><\/a>  <div class='xtd-card__info'>\n        <div class='xtd-card__title h4'>\n      <div>\n        Facetat              <\/div>\n    <\/div>\n      <div class='xtd-card__content'>\n      Facetat jan\u00eb shum\u00eb t\u00eb holla, l\u00ebvozhga prej porcelani t\u00eb cilat vendosen n\u00eb an\u00ebn e p\u00ebrparme t\u00eb dh\u00ebmb\u00ebve.    <\/div>\n          <a href=\"https:\/\/eternadent.com.mk\/protetika\/faseti\/\" class=\"btn btn-link btn-sm\">\u0414\u043e\u0437\u043d\u0430\u0458 \u043f\u043e\u0432\u0435\u045c\u0435<\/a>\n      <\/div>\n<\/div>\n[\/vc_column][vc_column width=&#8221;1\/4&#8243;]<div class='xtd-card  '>\n  <a href='https:\/\/eternadent.com.mk\/protetika\/protezi\/' target=''><img loading=\"lazy\" decoding=\"async\" width=\"660\" height=\"504\" src=\"https:\/\/eternadent.com.mk\/wp-content\/uploads\/2022\/04\/protetika-protezi.png\" class=\"attachment-large size-large\" alt=\"\" srcset=\"https:\/\/eternadent.com.mk\/wp-content\/uploads\/2022\/04\/protetika-protezi.png 660w, https:\/\/eternadent.com.mk\/wp-content\/uploads\/2022\/04\/protetika-protezi-300x229.png 300w\" sizes=\"auto, (max-width: 660px) 100vw, 660px\" \/><\/a>  <div class='xtd-card__info'>\n        <div class='xtd-card__title h4'>\n      <div>\n        Protezat              <\/div>\n    <\/div>\n      <div class='xtd-card__content'>\n      Protezat jan\u00eb zgjidhje protetike kur mungojn\u00eb t\u00eb gjith\u00eb ose pjes\u00ebrisht t\u00eb gjith\u00eb dh\u00ebmb\u00ebt n\u00eb zgavr\u00ebn e goj\u00ebs.    <\/div>\n          <a href=\"https:\/\/eternadent.com.mk\/protetika\/protezi\/\" class=\"btn btn-link btn-sm\">\u0414\u043e\u0437\u043d\u0430\u0458 \u043f\u043e\u0432\u0435\u045c\u0435<\/a>\n      <\/div>\n<\/div>\n[\/vc_column][vc_column width=&#8221;1\/4&#8243;]<div class='xtd-card  '>\n  <a href='https:\/\/eternadent.com.mk\/protetika\/bruksizam\/' target=''><img loading=\"lazy\" decoding=\"async\" width=\"660\" height=\"504\" src=\"https:\/\/eternadent.com.mk\/wp-content\/uploads\/2022\/04\/protetika-bruksizam.png\" class=\"attachment-large size-large\" alt=\"\" srcset=\"https:\/\/eternadent.com.mk\/wp-content\/uploads\/2022\/04\/protetika-bruksizam.png 660w, https:\/\/eternadent.com.mk\/wp-content\/uploads\/2022\/04\/protetika-bruksizam-300x229.png 300w\" sizes=\"auto, (max-width: 660px) 100vw, 660px\" \/><\/a>  <div class='xtd-card__info'>\n        <div class='xtd-card__title h4'>\n      <div>\n        Vler\u00ebsimi dhe terapia e bruksizmit              <\/div>\n    <\/div>\n      <div class='xtd-card__content'>\n      Bruksizmi \u00ebsht\u00eb praktik\u00eb orale n\u00eb t\u00eb cil\u00ebn ju shtr\u00ebngoni, kruani dhe bluani dh\u00ebmb\u00ebt.    <\/div>\n          <a href=\"https:\/\/eternadent.com.mk\/protetika\/bruksizam\/\" class=\"btn btn-link btn-sm\">\u0414\u043e\u0437\u043d\u0430\u0458 \u043f\u043e\u0432\u0435\u045c\u0435<\/a>\n      <\/div>\n<\/div>\n[\/vc_column][\/vc_row]\n<\/div>","protected":false},"excerpt":{"rendered":"<p>[vc_row content_placement=&#8221;middle&#8221; css=&#8221;.vc_custom_1654719357925{padding-bottom: 0px !important;}&#8221;][vc_column width=&#8221;5\/6&#8243; offset=&#8221;vc_col-lg-offset-0 vc_col-lg-5 vc_col-sm-offset-1&#8243;][vc_column_text] Vendosja e kurorave dhe urave [\/vc_column_text][vc_column_text]KURORAT shfryt\u00ebzohen p\u00ebr mbulimin e t\u00ebr\u00ebsish\u00ebm t\u00eb dh\u00ebmbit t\u00eb d\u00ebmtuar. Krahas p\u00ebrforcimit t\u00eb dh\u00ebmb\u00ebve t\u00eb d\u00ebmtuar, kurorat mund t\u00eb shfryt\u00ebzohen me q\u00ebllim q\u00eb t\u00eb p\u00ebrmir\u00ebsohet pamja, forma ose madh\u00ebsia e dh\u00ebmb\u00ebve. Kurorat, gjithashtu mund t\u00eb vendosen mbi implantin, q\u00eb t\u00eb sigurohet forma e dh\u00ebmbit dhe funksioni [&hellip;]<\/p>\n","protected":false},"author":1,"featured_media":0,"parent":3088,"menu_order":0,"comment_status":"closed","ping_status":"closed","template":"","meta":{"inline_featured_image":false,"footnotes":""},"class_list":["post-3093","page","type-page","status-publish","hentry"],"yoast_head":"<!-- This site is optimized with the Yoast SEO Premium plugin v24.7 (Yoast SEO v24.8.1) - https:\/\/yoast.com\/wordpress\/plugins\/seo\/ -->\n<title>Kurorat dhe urat - \u0415\u0422\u0415\u0420\u041d\u0410\u0434\u0435\u043d\u0442<\/title>\n<meta name=\"robots\" content=\"index, follow, max-snippet:-1, max-image-preview:large, max-video-preview:-1\" \/>\n<link rel=\"canonical\" href=\"https:\/\/eternadent.com.mk\/sq\/protetika\/koronki-i-mostovi\/\" \/>\n<meta property=\"og:locale\" content=\"sq_AL\" \/>\n<meta property=\"og:type\" content=\"article\" \/>\n<meta property=\"og:title\" content=\"Kurorat dhe urat\" \/>\n<meta property=\"og:description\" content=\"[vc_row content_placement=&#8221;middle&#8221; css=&#8221;.vc_custom_1654719357925{padding-bottom: 0px !important;}&#8221;][vc_column width=&#8221;5\/6&#8243; offset=&#8221;vc_col-lg-offset-0 vc_col-lg-5 vc_col-sm-offset-1&#8243;][vc_column_text] Vendosja e kurorave dhe urave [\/vc_column_text][vc_column_text]KURORAT shfryt\u00ebzohen p\u00ebr mbulimin e t\u00ebr\u00ebsish\u00ebm t\u00eb dh\u00ebmbit t\u00eb d\u00ebmtuar. Krahas p\u00ebrforcimit t\u00eb dh\u00ebmb\u00ebve t\u00eb d\u00ebmtuar, kurorat mund t\u00eb shfryt\u00ebzohen me q\u00ebllim q\u00eb t\u00eb p\u00ebrmir\u00ebsohet pamja, forma ose madh\u00ebsia e dh\u00ebmb\u00ebve. Kurorat, gjithashtu mund t\u00eb vendosen mbi implantin, q\u00eb t\u00eb sigurohet forma e dh\u00ebmbit dhe funksioni [&hellip;]\" \/>\n<meta property=\"og:url\" content=\"https:\/\/eternadent.com.mk\/sq\/protetika\/koronki-i-mostovi\/\" \/>\n<meta property=\"og:site_name\" content=\"\u0415\u0422\u0415\u0420\u041d\u0410\u0434\u0435\u043d\u0442\" \/>\n<meta property=\"article:publisher\" content=\"https:\/\/www.facebook.com\/eternadentskopje\/\" \/>\n<meta property=\"article:modified_time\" content=\"2022-08-25T21:09:14+00:00\" \/>\n<meta property=\"og:image\" content=\"https:\/\/eternadent.com.mk\/wp-content\/uploads\/2023\/12\/eterna-logo-web.png\" \/>\n\t<meta property=\"og:image:width\" content=\"1200\" \/>\n\t<meta property=\"og:image:height\" content=\"675\" \/>\n\t<meta property=\"og:image:type\" content=\"image\/png\" \/>\n<meta name=\"twitter:card\" content=\"summary_large_image\" \/>\n<meta name=\"twitter:label1\" content=\"Est. reading time\" \/>\n\t<meta name=\"twitter:data1\" content=\"6 minutes\" \/>\n<script type=\"application\/ld+json\" class=\"yoast-schema-graph\">{\"@context\":\"https:\/\/schema.org\",\"@graph\":[{\"@type\":\"WebPage\",\"@id\":\"https:\/\/eternadent.com.mk\/sq\/protetika\/koronki-i-mostovi\/\",\"url\":\"https:\/\/eternadent.com.mk\/sq\/protetika\/koronki-i-mostovi\/\",\"name\":\"Kurorat dhe urat - \u0415\u0422\u0415\u0420\u041d\u0410\u0434\u0435\u043d\u0442\",\"isPartOf\":{\"@id\":\"https:\/\/eternadent.com.mk\/#website\"},\"datePublished\":\"2020-05-04T14:01:12+00:00\",\"dateModified\":\"2022-08-25T21:09:14+00:00\",\"breadcrumb\":{\"@id\":\"https:\/\/eternadent.com.mk\/sq\/protetika\/koronki-i-mostovi\/#breadcrumb\"},\"inLanguage\":\"sq-AL\",\"potentialAction\":[{\"@type\":\"ReadAction\",\"target\":[\"https:\/\/eternadent.com.mk\/sq\/protetika\/koronki-i-mostovi\/\"]}]},{\"@type\":\"BreadcrumbList\",\"@id\":\"https:\/\/eternadent.com.mk\/sq\/protetika\/koronki-i-mostovi\/#breadcrumb\",\"itemListElement\":[{\"@type\":\"ListItem\",\"position\":1,\"name\":\"[wpseo_titles]breadcrumbs-\u041f\u043e\u0447\u0435\u0442\u043d\u0430\",\"item\":\"https:\/\/eternadent.com.mk\/sq\/\"},{\"@type\":\"ListItem\",\"position\":2,\"name\":\"Protetika\",\"item\":\"https:\/\/eternadent.com.mk\/sq\/protetika\/\"},{\"@type\":\"ListItem\",\"position\":3,\"name\":\"Kurorat dhe urat\"}]},{\"@type\":\"WebSite\",\"@id\":\"https:\/\/eternadent.com.mk\/#website\",\"url\":\"https:\/\/eternadent.com.mk\/\",\"name\":\"ETERNAdent | \u0415\u0422\u0415\u0420\u041d\u0410\u0434\u0435\u043d\u0442\",\"description\":\"\u0412\u0410\u0428\u0410\u0422\u0410 \u041d\u041e\u0412\u0410 \u0417\u0414\u0420\u0410\u0412\u0410 \u041d\u0410\u0421\u041c\u0415\u0412\u041a\u0410\",\"publisher\":{\"@id\":\"https:\/\/eternadent.com.mk\/#organization\"},\"alternateName\":\"Eterna Dent | \u0415\u0442\u0435\u0440\u043d\u0430 \u0414\u0435\u043d\u0442\",\"potentialAction\":[{\"@type\":\"SearchAction\",\"target\":{\"@type\":\"EntryPoint\",\"urlTemplate\":\"https:\/\/eternadent.com.mk\/?s={search_term_string}\"},\"query-input\":{\"@type\":\"PropertyValueSpecification\",\"valueRequired\":true,\"valueName\":\"search_term_string\"}}],\"inLanguage\":\"sq-AL\"},{\"@type\":\"Organization\",\"@id\":\"https:\/\/eternadent.com.mk\/#organization\",\"name\":\"\u0415\u0422\u0415\u0420\u041d\u0410\u0434\u0435\u043d\u0442\",\"alternateName\":\"Eterna Dent\",\"url\":\"https:\/\/eternadent.com.mk\/\",\"logo\":{\"@type\":\"ImageObject\",\"inLanguage\":\"sq-AL\",\"@id\":\"https:\/\/eternadent.com.mk\/#\/schema\/logo\/image\/\",\"url\":\"https:\/\/eternadent.com.mk\/wp-content\/uploads\/2022\/04\/eterna-dent-logo-mk.png\",\"contentUrl\":\"https:\/\/eternadent.com.mk\/wp-content\/uploads\/2022\/04\/eterna-dent-logo-mk.png\",\"width\":842,\"height\":291,\"caption\":\"\u0415\u0422\u0415\u0420\u041d\u0410\u0434\u0435\u043d\u0442\"},\"image\":{\"@id\":\"https:\/\/eternadent.com.mk\/#\/schema\/logo\/image\/\"},\"sameAs\":[\"https:\/\/www.facebook.com\/eternadentskopje\/\",\"https:\/\/www.instagram.com\/eternadentskopje\/\"]}]}<\/script>\n<!-- \/ Yoast SEO Premium plugin. -->","yoast_head_json":{"title":"Kurorat dhe urat - \u0415\u0422\u0415\u0420\u041d\u0410\u0434\u0435\u043d\u0442","robots":{"index":"index","follow":"follow","max-snippet":"max-snippet:-1","max-image-preview":"max-image-preview:large","max-video-preview":"max-video-preview:-1"},"canonical":"https:\/\/eternadent.com.mk\/sq\/protetika\/koronki-i-mostovi\/","og_locale":"sq_AL","og_type":"article","og_title":"Kurorat dhe urat","og_description":"[vc_row content_placement=&#8221;middle&#8221; css=&#8221;.vc_custom_1654719357925{padding-bottom: 0px !important;}&#8221;][vc_column width=&#8221;5\/6&#8243; offset=&#8221;vc_col-lg-offset-0 vc_col-lg-5 vc_col-sm-offset-1&#8243;][vc_column_text] Vendosja e kurorave dhe urave [\/vc_column_text][vc_column_text]KURORAT shfryt\u00ebzohen p\u00ebr mbulimin e t\u00ebr\u00ebsish\u00ebm t\u00eb dh\u00ebmbit t\u00eb d\u00ebmtuar. Krahas p\u00ebrforcimit t\u00eb dh\u00ebmb\u00ebve t\u00eb d\u00ebmtuar, kurorat mund t\u00eb shfryt\u00ebzohen me q\u00ebllim q\u00eb t\u00eb p\u00ebrmir\u00ebsohet pamja, forma ose madh\u00ebsia e dh\u00ebmb\u00ebve. Kurorat, gjithashtu mund t\u00eb vendosen mbi implantin, q\u00eb t\u00eb sigurohet forma e dh\u00ebmbit dhe funksioni [&hellip;]","og_url":"https:\/\/eternadent.com.mk\/sq\/protetika\/koronki-i-mostovi\/","og_site_name":"\u0415\u0422\u0415\u0420\u041d\u0410\u0434\u0435\u043d\u0442","article_publisher":"https:\/\/www.facebook.com\/eternadentskopje\/","article_modified_time":"2022-08-25T21:09:14+00:00","og_image":[{"width":1200,"height":675,"url":"https:\/\/eternadent.com.mk\/wp-content\/uploads\/2023\/12\/eterna-logo-web.png","type":"image\/png"}],"twitter_card":"summary_large_image","twitter_misc":{"Est. reading time":"6 minutes"},"schema":{"@context":"https:\/\/schema.org","@graph":[{"@type":"WebPage","@id":"https:\/\/eternadent.com.mk\/sq\/protetika\/koronki-i-mostovi\/","url":"https:\/\/eternadent.com.mk\/sq\/protetika\/koronki-i-mostovi\/","name":"Kurorat dhe urat - \u0415\u0422\u0415\u0420\u041d\u0410\u0434\u0435\u043d\u0442","isPartOf":{"@id":"https:\/\/eternadent.com.mk\/#website"},"datePublished":"2020-05-04T14:01:12+00:00","dateModified":"2022-08-25T21:09:14+00:00","breadcrumb":{"@id":"https:\/\/eternadent.com.mk\/sq\/protetika\/koronki-i-mostovi\/#breadcrumb"},"inLanguage":"sq-AL","potentialAction":[{"@type":"ReadAction","target":["https:\/\/eternadent.com.mk\/sq\/protetika\/koronki-i-mostovi\/"]}]},{"@type":"BreadcrumbList","@id":"https:\/\/eternadent.com.mk\/sq\/protetika\/koronki-i-mostovi\/#breadcrumb","itemListElement":[{"@type":"ListItem","position":1,"name":"[wpseo_titles]breadcrumbs-\u041f\u043e\u0447\u0435\u0442\u043d\u0430","item":"https:\/\/eternadent.com.mk\/sq\/"},{"@type":"ListItem","position":2,"name":"Protetika","item":"https:\/\/eternadent.com.mk\/sq\/protetika\/"},{"@type":"ListItem","position":3,"name":"Kurorat dhe urat"}]},{"@type":"WebSite","@id":"https:\/\/eternadent.com.mk\/#website","url":"https:\/\/eternadent.com.mk\/","name":"ETERNAdent | \u0415\u0422\u0415\u0420\u041d\u0410\u0434\u0435\u043d\u0442","description":"\u0412\u0410\u0428\u0410\u0422\u0410 \u041d\u041e\u0412\u0410 \u0417\u0414\u0420\u0410\u0412\u0410 \u041d\u0410\u0421\u041c\u0415\u0412\u041a\u0410","publisher":{"@id":"https:\/\/eternadent.com.mk\/#organization"},"alternateName":"Eterna Dent | \u0415\u0442\u0435\u0440\u043d\u0430 \u0414\u0435\u043d\u0442","potentialAction":[{"@type":"SearchAction","target":{"@type":"EntryPoint","urlTemplate":"https:\/\/eternadent.com.mk\/?s={search_term_string}"},"query-input":{"@type":"PropertyValueSpecification","valueRequired":true,"valueName":"search_term_string"}}],"inLanguage":"sq-AL"},{"@type":"Organization","@id":"https:\/\/eternadent.com.mk\/#organization","name":"\u0415\u0422\u0415\u0420\u041d\u0410\u0434\u0435\u043d\u0442","alternateName":"Eterna Dent","url":"https:\/\/eternadent.com.mk\/","logo":{"@type":"ImageObject","inLanguage":"sq-AL","@id":"https:\/\/eternadent.com.mk\/#\/schema\/logo\/image\/","url":"https:\/\/eternadent.com.mk\/wp-content\/uploads\/2022\/04\/eterna-dent-logo-mk.png","contentUrl":"https:\/\/eternadent.com.mk\/wp-content\/uploads\/2022\/04\/eterna-dent-logo-mk.png","width":842,"height":291,"caption":"\u0415\u0422\u0415\u0420\u041d\u0410\u0434\u0435\u043d\u0442"},"image":{"@id":"https:\/\/eternadent.com.mk\/#\/schema\/logo\/image\/"},"sameAs":["https:\/\/www.facebook.com\/eternadentskopje\/","https:\/\/www.instagram.com\/eternadentskopje\/"]}]}},"_links":{"self":[{"href":"https:\/\/eternadent.com.mk\/sq\/wp-json\/wp\/v2\/pages\/3093","targetHints":{"allow":["GET"]}}],"collection":[{"href":"https:\/\/eternadent.com.mk\/sq\/wp-json\/wp\/v2\/pages"}],"about":[{"href":"https:\/\/eternadent.com.mk\/sq\/wp-json\/wp\/v2\/types\/page"}],"author":[{"embeddable":true,"href":"https:\/\/eternadent.com.mk\/sq\/wp-json\/wp\/v2\/users\/1"}],"replies":[{"embeddable":true,"href":"https:\/\/eternadent.com.mk\/sq\/wp-json\/wp\/v2\/comments?post=3093"}],"version-history":[{"count":3,"href":"https:\/\/eternadent.com.mk\/sq\/wp-json\/wp\/v2\/pages\/3093\/revisions"}],"predecessor-version":[{"id":3096,"href":"https:\/\/eternadent.com.mk\/sq\/wp-json\/wp\/v2\/pages\/3093\/revisions\/3096"}],"up":[{"embeddable":true,"href":"https:\/\/eternadent.com.mk\/sq\/wp-json\/wp\/v2\/pages\/3088"}],"wp:attachment":[{"href":"https:\/\/eternadent.com.mk\/sq\/wp-json\/wp\/v2\/media?parent=3093"}],"curies":[{"name":"wp","href":"https:\/\/api.w.org\/{rel}","templated":true}]}}