{"id":3088,"date":"2020-05-04T15:58:46","date_gmt":"2020-05-04T13:58:46","guid":{"rendered":"https:\/\/eternadent.com.mk\/protetika\/"},"modified":"2022-08-25T23:03:36","modified_gmt":"2022-08-25T21:03:36","slug":"protetika","status":"publish","type":"page","link":"https:\/\/eternadent.com.mk\/sq\/protetika\/","title":{"rendered":"Protetika"},"content":{"rendered":"<div class=\"wpb-content-wrapper\">[vc_row css=&#8221;.vc_custom_1593848546474{margin-bottom: 0px !important;padding-bottom: 0px !important;}&#8221;][vc_column css=&#8221;.vc_custom_1593848556618{margin-bottom: 0px !important;padding-bottom: 0px !important;}&#8221;][vc_column_text]\n<h2>Protetika<\/h2>\n[\/vc_column_text][vc_column_text]Protetika \u00ebsht\u00eb nj\u00eb nga deg\u00ebt e stomatologjis\u00eb e cila merret me z\u00ebvend\u00ebsimin e dh\u00ebmb\u00ebve t\u00eb humbur dhe ind\u00ebve t\u00eb buta dhe t\u00eb forta t\u00eb lidhura me proteza (kurora, ura, proteza) t\u00eb cilat mund t\u00eb jen\u00eb fikse ose mobile, apo mund t\u00eb mb\u00ebshteten dhe t\u00eb mbahen me implante.[\/vc_column_text][\/vc_column][\/vc_row][vc_row curly_padding=&#8221;content-padding-xl&#8221; css=&#8221;.vc_custom_1654718246034{padding-top: 2rem !important;}&#8221;][vc_column width=&#8221;5\/6&#8243; offset=&#8221;vc_col-lg-offset-2 vc_col-lg-8 vc_col-sm-offset-1&#8243;]<div class='xtd-shape xtd-shadow--normal-light xtd-shape--position-absolute xtd-shape--z-index--1  vc_custom_1502725614372'  style=\"width: 6rem; height: 6rem; bottom: 3rem; left: 0\" ><\/div><div class='images-comparison__container xtd-shadow--large-light '><div class='images-comparison' data-default_offset_pct='0.5' data-orientation='horizontal' data-el_css='xtd-shadow--large-light'><img loading=\"lazy\" decoding=\"async\" width=\"660\" height=\"370\" src=\"https:\/\/eternadent.com.mk\/wp-content\/uploads\/2022\/04\/protetika-pred.png\" class=\"attachment-large size-large\" alt=\"\" srcset=\"https:\/\/eternadent.com.mk\/wp-content\/uploads\/2022\/04\/protetika-pred.png 811w, https:\/\/eternadent.com.mk\/wp-content\/uploads\/2022\/04\/protetika-pred-300x168.png 300w, https:\/\/eternadent.com.mk\/wp-content\/uploads\/2022\/04\/protetika-pred-768x431.png 768w\" sizes=\"auto, (max-width: 660px) 100vw, 660px\" \/><img loading=\"lazy\" decoding=\"async\" width=\"660\" height=\"370\" src=\"https:\/\/eternadent.com.mk\/wp-content\/uploads\/2022\/04\/protetika-potoa.png\" class=\"attachment-large size-large\" alt=\"\" srcset=\"https:\/\/eternadent.com.mk\/wp-content\/uploads\/2022\/04\/protetika-potoa.png 811w, https:\/\/eternadent.com.mk\/wp-content\/uploads\/2022\/04\/protetika-potoa-300x168.png 300w, https:\/\/eternadent.com.mk\/wp-content\/uploads\/2022\/04\/protetika-potoa-768x431.png 768w\" sizes=\"auto, (max-width: 660px) 100vw, 660px\" \/><\/div><\/div>[\/vc_column][\/vc_row][vc_row full_width=&#8221;stretch_row&#8221; css=&#8221;.vc_custom_1654718274473{padding-top: 20px !important;background-color: #f7f7f7 !important;}&#8221; el_id=&#8221;sh\u00ebrbimi&#8221;][vc_column][vc_column_text]\n<h2 class=\"special-title\" style=\"text-align: center;\">Sh\u00ebrbimet protetike<\/h2>\n[\/vc_column_text][\/vc_column][vc_column width=&#8221;1\/4&#8243;]<div class='xtd-card  '>\n  <a href='https:\/\/eternadent.com.mk\/protetika\/koronki-i-mostovi\/' target=''><img loading=\"lazy\" decoding=\"async\" width=\"660\" height=\"504\" src=\"https:\/\/eternadent.com.mk\/wp-content\/uploads\/2022\/04\/protetika-koronki.png\" class=\"attachment-large size-large\" alt=\"\" srcset=\"https:\/\/eternadent.com.mk\/wp-content\/uploads\/2022\/04\/protetika-koronki.png 660w, https:\/\/eternadent.com.mk\/wp-content\/uploads\/2022\/04\/protetika-koronki-300x229.png 300w\" sizes=\"auto, (max-width: 660px) 100vw, 660px\" \/><\/a>  <div class='xtd-card__info'>\n        <div class='xtd-card__title h4'>\n      <div>\n        Kurorat dhe urat              <\/div>\n    <\/div>\n      <div class='xtd-card__content'>\n      Kurorat jan\u00eb mbulesa t\u00eb cilat shfryt\u00ebzohen p\u00ebr mbulimin e t\u00ebr\u00ebsish\u00ebm t\u00eb dh\u00ebmbit t\u00eb d\u00ebmtuar.    <\/div>\n          <a href=\"https:\/\/eternadent.com.mk\/protetika\/koronki-i-mostovi\/\" class=\"btn btn-link btn-sm\">\u0414\u043e\u0437\u043d\u0430\u0458 \u043f\u043e\u0432\u0435\u045c\u0435<\/a>\n      <\/div>\n<\/div>\n[\/vc_column][vc_column width=&#8221;1\/4&#8243;]<div class='xtd-card  '>\n  <a href='https:\/\/eternadent.com.mk\/protetika\/faseti\/' target=''><img loading=\"lazy\" decoding=\"async\" width=\"660\" height=\"504\" src=\"https:\/\/eternadent.com.mk\/wp-content\/uploads\/2022\/04\/protetika-faseti.png\" class=\"attachment-large size-large\" alt=\"\" srcset=\"https:\/\/eternadent.com.mk\/wp-content\/uploads\/2022\/04\/protetika-faseti.png 660w, https:\/\/eternadent.com.mk\/wp-content\/uploads\/2022\/04\/protetika-faseti-300x229.png 300w\" sizes=\"auto, (max-width: 660px) 100vw, 660px\" \/><\/a>  <div class='xtd-card__info'>\n        <div class='xtd-card__title h4'>\n      <div>\n        Facetat              <\/div>\n    <\/div>\n      <div class='xtd-card__content'>\n      Facetat jan\u00eb shum\u00eb t\u00eb holla, l\u00ebvozhga prej porcelani t\u00eb cilat vendosen n\u00eb an\u00ebn e p\u00ebrparme t\u00eb dh\u00ebmb\u00ebve.    <\/div>\n          <a href=\"https:\/\/eternadent.com.mk\/protetika\/faseti\/\" class=\"btn btn-link btn-sm\">\u0414\u043e\u0437\u043d\u0430\u0458 \u043f\u043e\u0432\u0435\u045c\u0435<\/a>\n      <\/div>\n<\/div>\n[\/vc_column][vc_column width=&#8221;1\/4&#8243;]<div class='xtd-card  '>\n  <a href='https:\/\/eternadent.com.mk\/protetika\/protezi\/' target=''><img loading=\"lazy\" decoding=\"async\" width=\"660\" height=\"504\" src=\"https:\/\/eternadent.com.mk\/wp-content\/uploads\/2022\/04\/protetika-protezi.png\" class=\"attachment-large size-large\" alt=\"\" srcset=\"https:\/\/eternadent.com.mk\/wp-content\/uploads\/2022\/04\/protetika-protezi.png 660w, https:\/\/eternadent.com.mk\/wp-content\/uploads\/2022\/04\/protetika-protezi-300x229.png 300w\" sizes=\"auto, (max-width: 660px) 100vw, 660px\" \/><\/a>  <div class='xtd-card__info'>\n        <div class='xtd-card__title h4'>\n      <div>\n        Protezat              <\/div>\n    <\/div>\n      <div class='xtd-card__content'>\n      Protezat jan\u00eb zgjidhje protetike kur mungojn\u00eb t\u00eb gjith\u00eb ose pjes\u00ebrisht t\u00eb gjith\u00eb dh\u00ebmb\u00ebt n\u00eb zgavr\u00ebn e goj\u00ebs.    <\/div>\n          <a href=\"https:\/\/eternadent.com.mk\/protetika\/protezi\/\" class=\"btn btn-link btn-sm\">\u0414\u043e\u0437\u043d\u0430\u0458 \u043f\u043e\u0432\u0435\u045c\u0435<\/a>\n      <\/div>\n<\/div>\n[\/vc_column][vc_column width=&#8221;1\/4&#8243;]<div class='xtd-card  '>\n  <a href='https:\/\/eternadent.com.mk\/protetika\/bruksizam\/' target=''><img loading=\"lazy\" decoding=\"async\" width=\"660\" height=\"504\" src=\"https:\/\/eternadent.com.mk\/wp-content\/uploads\/2022\/04\/protetika-bruksizam.png\" class=\"attachment-large size-large\" alt=\"\" srcset=\"https:\/\/eternadent.com.mk\/wp-content\/uploads\/2022\/04\/protetika-bruksizam.png 660w, https:\/\/eternadent.com.mk\/wp-content\/uploads\/2022\/04\/protetika-bruksizam-300x229.png 300w\" sizes=\"auto, (max-width: 660px) 100vw, 660px\" \/><\/a>  <div class='xtd-card__info'>\n        <div class='xtd-card__title h4'>\n      <div>\n        Vler\u00ebsimi dhe terapia e bruksizmit              <\/div>\n    <\/div>\n      <div class='xtd-card__content'>\n      Bruksizmi \u00ebsht\u00eb praktik\u00eb orale n\u00eb t\u00eb cil\u00ebn ju shtr\u00ebngoni, kruani dhe bluani dh\u00ebmb\u00ebt.    <\/div>\n          <a href=\"https:\/\/eternadent.com.mk\/protetika\/bruksizam\/\" class=\"btn btn-link btn-sm\">\u0414\u043e\u0437\u043d\u0430\u0458 \u043f\u043e\u0432\u0435\u045c\u0435<\/a>\n      <\/div>\n<\/div>\n[\/vc_column][\/vc_row]\n<\/div>","protected":false},"excerpt":{"rendered":"<p>[vc_row css=&#8221;.vc_custom_1593848546474{margin-bottom: 0px !important;padding-bottom: 0px !important;}&#8221;][vc_column css=&#8221;.vc_custom_1593848556618{margin-bottom: 0px !important;padding-bottom: 0px !important;}&#8221;][vc_column_text] Protetika [\/vc_column_text][vc_column_text]Protetika \u00ebsht\u00eb nj\u00eb nga deg\u00ebt e stomatologjis\u00eb e cila merret me z\u00ebvend\u00ebsimin e dh\u00ebmb\u00ebve t\u00eb humbur dhe ind\u00ebve t\u00eb buta dhe t\u00eb forta t\u00eb lidhura me proteza (kurora, ura, proteza) t\u00eb cilat mund t\u00eb jen\u00eb fikse ose mobile, apo mund t\u00eb mb\u00ebshteten dhe t\u00eb mbahen me implante.[\/vc_column_text][\/vc_column][\/vc_row][vc_row curly_padding=&#8221;content-padding-xl&#8221; [&hellip;]<\/p>\n","protected":false},"author":1,"featured_media":0,"parent":0,"menu_order":0,"comment_status":"closed","ping_status":"closed","template":"","meta":{"inline_featured_image":false,"footnotes":""},"class_list":["post-3088","page","type-page","status-publish","hentry"],"yoast_head":"<!-- This site is optimized with the Yoast SEO Premium plugin v24.7 (Yoast SEO v24.8.1) - https:\/\/yoast.com\/wordpress\/plugins\/seo\/ -->\n<title>Protetika - \u0415\u0422\u0415\u0420\u041d\u0410\u0434\u0435\u043d\u0442<\/title>\n<meta name=\"robots\" content=\"index, follow, max-snippet:-1, max-image-preview:large, max-video-preview:-1\" \/>\n<link rel=\"canonical\" href=\"https:\/\/eternadent.com.mk\/sq\/protetika\/\" \/>\n<meta property=\"og:locale\" content=\"sq_AL\" \/>\n<meta property=\"og:type\" content=\"article\" \/>\n<meta property=\"og:title\" content=\"Protetika\" \/>\n<meta property=\"og:description\" content=\"[vc_row css=&#8221;.vc_custom_1593848546474{margin-bottom: 0px !important;padding-bottom: 0px !important;}&#8221;][vc_column css=&#8221;.vc_custom_1593848556618{margin-bottom: 0px !important;padding-bottom: 0px !important;}&#8221;][vc_column_text] Protetika [\/vc_column_text][vc_column_text]Protetika \u00ebsht\u00eb nj\u00eb nga deg\u00ebt e stomatologjis\u00eb e cila merret me z\u00ebvend\u00ebsimin e dh\u00ebmb\u00ebve t\u00eb humbur dhe ind\u00ebve t\u00eb buta dhe t\u00eb forta t\u00eb lidhura me proteza (kurora, ura, proteza) t\u00eb cilat mund t\u00eb jen\u00eb fikse ose mobile, apo mund t\u00eb mb\u00ebshteten dhe t\u00eb mbahen me implante.[\/vc_column_text][\/vc_column][\/vc_row][vc_row curly_padding=&#8221;content-padding-xl&#8221; [&hellip;]\" \/>\n<meta property=\"og:url\" content=\"https:\/\/eternadent.com.mk\/sq\/protetika\/\" \/>\n<meta property=\"og:site_name\" content=\"\u0415\u0422\u0415\u0420\u041d\u0410\u0434\u0435\u043d\u0442\" \/>\n<meta property=\"article:publisher\" content=\"https:\/\/www.facebook.com\/eternadentskopje\/\" \/>\n<meta property=\"article:modified_time\" content=\"2022-08-25T21:03:36+00:00\" \/>\n<meta property=\"og:image\" content=\"https:\/\/eternadent.com.mk\/wp-content\/uploads\/2023\/12\/eterna-logo-web.png\" \/>\n\t<meta property=\"og:image:width\" content=\"1200\" \/>\n\t<meta property=\"og:image:height\" content=\"675\" \/>\n\t<meta property=\"og:image:type\" content=\"image\/png\" \/>\n<meta name=\"twitter:card\" content=\"summary_large_image\" \/>\n<meta name=\"twitter:label1\" content=\"Est. reading time\" \/>\n\t<meta name=\"twitter:data1\" content=\"2 minutes\" \/>\n<script type=\"application\/ld+json\" class=\"yoast-schema-graph\">{\"@context\":\"https:\/\/schema.org\",\"@graph\":[{\"@type\":\"WebPage\",\"@id\":\"https:\/\/eternadent.com.mk\/sq\/protetika\/\",\"url\":\"https:\/\/eternadent.com.mk\/sq\/protetika\/\",\"name\":\"Protetika - \u0415\u0422\u0415\u0420\u041d\u0410\u0434\u0435\u043d\u0442\",\"isPartOf\":{\"@id\":\"https:\/\/eternadent.com.mk\/#website\"},\"datePublished\":\"2020-05-04T13:58:46+00:00\",\"dateModified\":\"2022-08-25T21:03:36+00:00\",\"breadcrumb\":{\"@id\":\"https:\/\/eternadent.com.mk\/sq\/protetika\/#breadcrumb\"},\"inLanguage\":\"sq-AL\",\"potentialAction\":[{\"@type\":\"ReadAction\",\"target\":[\"https:\/\/eternadent.com.mk\/sq\/protetika\/\"]}]},{\"@type\":\"BreadcrumbList\",\"@id\":\"https:\/\/eternadent.com.mk\/sq\/protetika\/#breadcrumb\",\"itemListElement\":[{\"@type\":\"ListItem\",\"position\":1,\"name\":\"[wpseo_titles]breadcrumbs-\u041f\u043e\u0447\u0435\u0442\u043d\u0430\",\"item\":\"https:\/\/eternadent.com.mk\/sq\/\"},{\"@type\":\"ListItem\",\"position\":2,\"name\":\"Protetika\"}]},{\"@type\":\"WebSite\",\"@id\":\"https:\/\/eternadent.com.mk\/#website\",\"url\":\"https:\/\/eternadent.com.mk\/\",\"name\":\"ETERNAdent | \u0415\u0422\u0415\u0420\u041d\u0410\u0434\u0435\u043d\u0442\",\"description\":\"\u0412\u0410\u0428\u0410\u0422\u0410 \u041d\u041e\u0412\u0410 \u0417\u0414\u0420\u0410\u0412\u0410 \u041d\u0410\u0421\u041c\u0415\u0412\u041a\u0410\",\"publisher\":{\"@id\":\"https:\/\/eternadent.com.mk\/#organization\"},\"alternateName\":\"Eterna Dent | \u0415\u0442\u0435\u0440\u043d\u0430 \u0414\u0435\u043d\u0442\",\"potentialAction\":[{\"@type\":\"SearchAction\",\"target\":{\"@type\":\"EntryPoint\",\"urlTemplate\":\"https:\/\/eternadent.com.mk\/?s={search_term_string}\"},\"query-input\":{\"@type\":\"PropertyValueSpecification\",\"valueRequired\":true,\"valueName\":\"search_term_string\"}}],\"inLanguage\":\"sq-AL\"},{\"@type\":\"Organization\",\"@id\":\"https:\/\/eternadent.com.mk\/#organization\",\"name\":\"\u0415\u0422\u0415\u0420\u041d\u0410\u0434\u0435\u043d\u0442\",\"alternateName\":\"Eterna Dent\",\"url\":\"https:\/\/eternadent.com.mk\/\",\"logo\":{\"@type\":\"ImageObject\",\"inLanguage\":\"sq-AL\",\"@id\":\"https:\/\/eternadent.com.mk\/#\/schema\/logo\/image\/\",\"url\":\"https:\/\/eternadent.com.mk\/wp-content\/uploads\/2022\/04\/eterna-dent-logo-mk.png\",\"contentUrl\":\"https:\/\/eternadent.com.mk\/wp-content\/uploads\/2022\/04\/eterna-dent-logo-mk.png\",\"width\":842,\"height\":291,\"caption\":\"\u0415\u0422\u0415\u0420\u041d\u0410\u0434\u0435\u043d\u0442\"},\"image\":{\"@id\":\"https:\/\/eternadent.com.mk\/#\/schema\/logo\/image\/\"},\"sameAs\":[\"https:\/\/www.facebook.com\/eternadentskopje\/\",\"https:\/\/www.instagram.com\/eternadentskopje\/\"]}]}<\/script>\n<!-- \/ Yoast SEO Premium plugin. -->","yoast_head_json":{"title":"Protetika - \u0415\u0422\u0415\u0420\u041d\u0410\u0434\u0435\u043d\u0442","robots":{"index":"index","follow":"follow","max-snippet":"max-snippet:-1","max-image-preview":"max-image-preview:large","max-video-preview":"max-video-preview:-1"},"canonical":"https:\/\/eternadent.com.mk\/sq\/protetika\/","og_locale":"sq_AL","og_type":"article","og_title":"Protetika","og_description":"[vc_row css=&#8221;.vc_custom_1593848546474{margin-bottom: 0px !important;padding-bottom: 0px !important;}&#8221;][vc_column css=&#8221;.vc_custom_1593848556618{margin-bottom: 0px !important;padding-bottom: 0px !important;}&#8221;][vc_column_text] Protetika [\/vc_column_text][vc_column_text]Protetika \u00ebsht\u00eb nj\u00eb nga deg\u00ebt e stomatologjis\u00eb e cila merret me z\u00ebvend\u00ebsimin e dh\u00ebmb\u00ebve t\u00eb humbur dhe ind\u00ebve t\u00eb buta dhe t\u00eb forta t\u00eb lidhura me proteza (kurora, ura, proteza) t\u00eb cilat mund t\u00eb jen\u00eb fikse ose mobile, apo mund t\u00eb mb\u00ebshteten dhe t\u00eb mbahen me implante.[\/vc_column_text][\/vc_column][\/vc_row][vc_row curly_padding=&#8221;content-padding-xl&#8221; [&hellip;]","og_url":"https:\/\/eternadent.com.mk\/sq\/protetika\/","og_site_name":"\u0415\u0422\u0415\u0420\u041d\u0410\u0434\u0435\u043d\u0442","article_publisher":"https:\/\/www.facebook.com\/eternadentskopje\/","article_modified_time":"2022-08-25T21:03:36+00:00","og_image":[{"width":1200,"height":675,"url":"https:\/\/eternadent.com.mk\/wp-content\/uploads\/2023\/12\/eterna-logo-web.png","type":"image\/png"}],"twitter_card":"summary_large_image","twitter_misc":{"Est. reading time":"2 minutes"},"schema":{"@context":"https:\/\/schema.org","@graph":[{"@type":"WebPage","@id":"https:\/\/eternadent.com.mk\/sq\/protetika\/","url":"https:\/\/eternadent.com.mk\/sq\/protetika\/","name":"Protetika - \u0415\u0422\u0415\u0420\u041d\u0410\u0434\u0435\u043d\u0442","isPartOf":{"@id":"https:\/\/eternadent.com.mk\/#website"},"datePublished":"2020-05-04T13:58:46+00:00","dateModified":"2022-08-25T21:03:36+00:00","breadcrumb":{"@id":"https:\/\/eternadent.com.mk\/sq\/protetika\/#breadcrumb"},"inLanguage":"sq-AL","potentialAction":[{"@type":"ReadAction","target":["https:\/\/eternadent.com.mk\/sq\/protetika\/"]}]},{"@type":"BreadcrumbList","@id":"https:\/\/eternadent.com.mk\/sq\/protetika\/#breadcrumb","itemListElement":[{"@type":"ListItem","position":1,"name":"[wpseo_titles]breadcrumbs-\u041f\u043e\u0447\u0435\u0442\u043d\u0430","item":"https:\/\/eternadent.com.mk\/sq\/"},{"@type":"ListItem","position":2,"name":"Protetika"}]},{"@type":"WebSite","@id":"https:\/\/eternadent.com.mk\/#website","url":"https:\/\/eternadent.com.mk\/","name":"ETERNAdent | \u0415\u0422\u0415\u0420\u041d\u0410\u0434\u0435\u043d\u0442","description":"\u0412\u0410\u0428\u0410\u0422\u0410 \u041d\u041e\u0412\u0410 \u0417\u0414\u0420\u0410\u0412\u0410 \u041d\u0410\u0421\u041c\u0415\u0412\u041a\u0410","publisher":{"@id":"https:\/\/eternadent.com.mk\/#organization"},"alternateName":"Eterna Dent | \u0415\u0442\u0435\u0440\u043d\u0430 \u0414\u0435\u043d\u0442","potentialAction":[{"@type":"SearchAction","target":{"@type":"EntryPoint","urlTemplate":"https:\/\/eternadent.com.mk\/?s={search_term_string}"},"query-input":{"@type":"PropertyValueSpecification","valueRequired":true,"valueName":"search_term_string"}}],"inLanguage":"sq-AL"},{"@type":"Organization","@id":"https:\/\/eternadent.com.mk\/#organization","name":"\u0415\u0422\u0415\u0420\u041d\u0410\u0434\u0435\u043d\u0442","alternateName":"Eterna Dent","url":"https:\/\/eternadent.com.mk\/","logo":{"@type":"ImageObject","inLanguage":"sq-AL","@id":"https:\/\/eternadent.com.mk\/#\/schema\/logo\/image\/","url":"https:\/\/eternadent.com.mk\/wp-content\/uploads\/2022\/04\/eterna-dent-logo-mk.png","contentUrl":"https:\/\/eternadent.com.mk\/wp-content\/uploads\/2022\/04\/eterna-dent-logo-mk.png","width":842,"height":291,"caption":"\u0415\u0422\u0415\u0420\u041d\u0410\u0434\u0435\u043d\u0442"},"image":{"@id":"https:\/\/eternadent.com.mk\/#\/schema\/logo\/image\/"},"sameAs":["https:\/\/www.facebook.com\/eternadentskopje\/","https:\/\/www.instagram.com\/eternadentskopje\/"]}]}},"_links":{"self":[{"href":"https:\/\/eternadent.com.mk\/sq\/wp-json\/wp\/v2\/pages\/3088","targetHints":{"allow":["GET"]}}],"collection":[{"href":"https:\/\/eternadent.com.mk\/sq\/wp-json\/wp\/v2\/pages"}],"about":[{"href":"https:\/\/eternadent.com.mk\/sq\/wp-json\/wp\/v2\/types\/page"}],"author":[{"embeddable":true,"href":"https:\/\/eternadent.com.mk\/sq\/wp-json\/wp\/v2\/users\/1"}],"replies":[{"embeddable":true,"href":"https:\/\/eternadent.com.mk\/sq\/wp-json\/wp\/v2\/comments?post=3088"}],"version-history":[{"count":3,"href":"https:\/\/eternadent.com.mk\/sq\/wp-json\/wp\/v2\/pages\/3088\/revisions"}],"predecessor-version":[{"id":3091,"href":"https:\/\/eternadent.com.mk\/sq\/wp-json\/wp\/v2\/pages\/3088\/revisions\/3091"}],"wp:attachment":[{"href":"https:\/\/eternadent.com.mk\/sq\/wp-json\/wp\/v2\/media?parent=3088"}],"curies":[{"name":"wp","href":"https:\/\/api.w.org\/{rel}","templated":true}]}}