{"id":3068,"date":"2022-04-08T13:43:31","date_gmt":"2022-04-08T11:43:31","guid":{"rendered":"https:\/\/eternadent.com.mk\/faseti\/"},"modified":"2024-02-23T12:21:48","modified_gmt":"2024-02-23T11:21:48","slug":"faseti","status":"publish","type":"page","link":"https:\/\/eternadent.com.mk\/sq\/protetika\/faseti\/","title":{"rendered":"Facetat"},"content":{"rendered":"<div class=\"wpb-content-wrapper\">[vc_row content_placement=&#8221;middle&#8221; css=&#8221;.vc_custom_1654716513474{padding-bottom: 0px !important;}&#8221;][vc_column width=&#8221;5\/6&#8243; offset=&#8221;vc_col-lg-offset-0 vc_col-lg-5 vc_col-sm-offset-1&#8243;][vc_column_text]\n<h2>Facetat nga porcelani<\/h2>\n[\/vc_column_text][vc_column_text]Ata jan\u00eb l\u00ebvozhga shum\u00eb t\u00eb holla t\u00eb porcelanit t\u00eb cilat vendosen n\u00eb pjes\u00ebn e p\u00ebrparme shum\u00eb t\u00eb dukshme t\u00eb dh\u00ebmb\u00ebve me q\u00ebllim q\u00eb t\u00eb korrigjojm\u00eb form\u00ebn, ngjyr\u00ebn apo vendosjen e dh\u00ebmbit n\u00eb rradhitje.<br \/>\nMe ato p\u00ebrfitohet estetik\u00eb m\u00eb e lart\u00eb e mundshme me intervenim minimal. P\u00ebrgatiten p\u00ebr 2 deri n\u00eb 3 dit\u00eb, dhe n\u00eb vet\u00ebm 2 vizita fitohet buz\u00ebqeshje perfekte. N\u00eb var\u00ebsi nga pozita dhe madh\u00ebsia e dh\u00ebmb\u00ebve natyror \u2013 facetat nga porcelani mund t\u00eb jen\u00eb me trash\u00ebsi prej 0.2mm \u2013 1 mm. Pozita e dh\u00ebmb\u00ebve natyror na p\u00ebrcakton n\u00ebse p\u00ebr facetat nga porcelani do t\u00eb nevojitet nj\u00eb kruarje minimale apo aspak kruarje p\u00ebr dh\u00ebmb\u00ebt.<br \/>\nPara se t\u00eb kalojm\u00eb n\u00eb dizajn p\u00ebr buz\u00ebqeshjen tuaj t\u00eb re, t\u00eb nj\u00ebjt\u00ebn e planifikojm\u00eb n\u00eb model me dyll (wax up) dhe e pasqyrojm\u00eb n\u00eb dh\u00ebmb\u00ebt tuaj ( mock up) me q\u00ebllim q\u00eb t\u00eb fitojm\u00eb nj\u00eb ide se si do t\u00eb duken facetat p\u00ebrfundimtare n\u00eb goj\u00ebn tuaj. Me k\u00ebto faceta p\u00ebr prov\u00eb, b\u00ebjm\u00eb fotografi, dhe ju mund t\u00eb shkoni n\u00eb sht\u00ebpi dhe t\u2019i mbani deri n\u00eb fund t\u00eb dit\u00ebs. Pastaj leht\u00ebsisht mund t\u00eb siguroheni para se t\u00eb merrni vendim p\u00ebr korrigjimin estetik.[\/vc_column_text][\/vc_column][vc_column width=&#8221;5\/6&#8243; el_class=&#8221;xtd-offset-dots&#8221; offset=&#8221;vc_col-lg-6 vc_col-sm-offset-1&#8243;]<div class='images-comparison__container  '><div class='images-comparison' data-default_offset_pct='0.5' data-orientation='horizontal' data-el_css=''><img loading=\"lazy\" decoding=\"async\" width=\"660\" height=\"370\" src=\"https:\/\/eternadent.com.mk\/wp-content\/uploads\/2022\/04\/porcelanski-pred.png\" class=\"attachment-large size-large\" alt=\"\" srcset=\"https:\/\/eternadent.com.mk\/wp-content\/uploads\/2022\/04\/porcelanski-pred.png 811w, https:\/\/eternadent.com.mk\/wp-content\/uploads\/2022\/04\/porcelanski-pred-300x168.png 300w, https:\/\/eternadent.com.mk\/wp-content\/uploads\/2022\/04\/porcelanski-pred-768x431.png 768w\" sizes=\"auto, (max-width: 660px) 100vw, 660px\" \/><img loading=\"lazy\" decoding=\"async\" width=\"660\" height=\"370\" src=\"https:\/\/eternadent.com.mk\/wp-content\/uploads\/2022\/04\/porcelanski-potoa.png\" class=\"attachment-large size-large\" alt=\"\" srcset=\"https:\/\/eternadent.com.mk\/wp-content\/uploads\/2022\/04\/porcelanski-potoa.png 811w, https:\/\/eternadent.com.mk\/wp-content\/uploads\/2022\/04\/porcelanski-potoa-300x168.png 300w, https:\/\/eternadent.com.mk\/wp-content\/uploads\/2022\/04\/porcelanski-potoa-768x431.png 768w\" sizes=\"auto, (max-width: 660px) 100vw, 660px\" \/><\/div><\/div>[\/vc_column][\/vc_row][vc_row css=&#8221;.vc_custom_1654716559492{padding-top: 0px !important;padding-bottom: 0px !important;}&#8221;][vc_column][vc_column_text]Si duket e gjith\u00eb procedura? Procedura p\u00ebr vendosjen facetave p\u00ebrfshin dy deri n\u00eb tre vizita. Stomatologu juaj do ju tregoj disa fotografi \u201cpara dhe pas\u201d q\u00eb t\u00eb afroj\u00eb rezultatet e mundshme nga kjo procedur\u00eb.<br \/>\nPas analiz\u00ebs t\u00eb t\u00ebr\u00ebsishme, jan\u00eb b\u00ebr\u00eb studio modele, fotografi dhe diskutime me pacientin rreth pritshm\u00ebrive t\u00eb tij dhe d\u00ebshirave p\u00ebr korrigjim t\u00eb pamjes t\u00eb dh\u00ebmb\u00ebve, vijon faza e par\u00eb. Kjo vizit\u00eb \u00ebsht\u00eb m\u00eb e gjata dhe paraqet p\u00ebrgatitjen e dh\u00ebmb\u00ebve p\u00ebr faceta, duke marr\u00eb minimalisht nj\u00eb pjes\u00eb t\u00eb substanc\u00ebs t\u00eb fort\u00eb t\u00eb dh\u00ebmb\u00ebve (sip\u00ebrfaqja e p\u00ebrparme e dh\u00ebmb\u00ebve) dhe shtypjen e gjendjes me masa speciale shum\u00eb precise p\u00ebr shtypje. Menj\u00ebher\u00eb vendosen facetat e p\u00ebrkohshme me t\u00eb cilat pacienti del nga ordinanca pa patur nevoj\u00eb q\u00eb dikush t\u00eb v\u00ebrej\u00eb se kalon n\u00eb procesin e rregullimit t\u00eb dh\u00ebmb\u00ebve t\u00eb p\u00ebrparme. Nd\u00ebrkoh\u00eb me facetat mbrojt\u00ebse mund t\u00eb funksiononi n\u00eb m\u00ebnyr\u00eb normale, ata kan\u00eb pamje natyrale dhe parandalojn\u00eb ndjeshm\u00ebrin\u00eb e dh\u00ebmb\u00ebve. M\u00eb shpesh, vizita e dyt\u00eb \u00ebsht\u00eb edhe e fundit, kur facetat e gatshme cimentohen mbi dh\u00ebmb\u00ebt dhe i p\u00ebrshtasim q\u00eb jen\u00eb n\u00eb funksion p\u00ebr kafshim. N\u00eb ETERNAdent ne ndjekim protokollin special p\u00ebr cimentim me t\u00eb cilin ne mbrojm\u00eb dh\u00ebmb\u00ebt n\u00ebn faceta dhe arrijm\u00eb sukses dhe estetik\u00eb t\u00eb p\u00ebrhershme. Ndonj\u00ebher\u00eb kur kemi transformim m\u00eb t\u00eb madh si sfid\u00eb, facetave u nevojitet korrigjim, ka mund\u00ebsi q\u00eb t\u00eb ket\u00eb nevoj\u00eb p\u00ebr vizit\u00eb t\u00eb tret\u00eb kur i pranojm\u00eb s\u00ebrish me korrigjimet p\u00ebrfundimtare. Estetika dhe preciziteti i lart\u00eb k\u00ebrkojn\u00eb investim t\u00eb t\u00ebr\u00ebsish\u00ebm nga i gjith\u00eb ekipi dhe koha p\u00ebr prodhimin e facetave m\u00eb shpesh zgjat 7-10 dit\u00eb.<br \/>\nFaceta nga porcelani n\u00ebse nuk p\u00ebrshaten n\u00eb m\u00ebnyr\u00ebn e duhur mbi dh\u00ebmb\u00ebt natyral, pas nj\u00eb kohe t\u00eb gjat\u00eb rezultojn\u00eb me buz\u00ebqeshje jot\u00ebrheq\u00ebse dhe s\u00ebmundje, mish\u00ebra t\u00eb kuq dhe ndezje t\u00eb tyre.[\/vc_column_text][\/vc_column][\/vc_row][vc_row content_placement=&#8221;middle&#8221; css=&#8221;.vc_custom_1654716615032{padding-bottom: 0px !important;}&#8221;][vc_column width=&#8221;5\/6&#8243; offset=&#8221;vc_col-lg-offset-0 vc_col-lg-5 vc_col-sm-offset-1&#8243;][vc_column_text]\n<h2>Facetat e p\u00ebrb\u00ebra<\/h2>\n[\/vc_column_text][vc_column_text]N\u00eb d\u00ebshir\u00ebn p\u00ebr t\u00eb dal n\u00eb pah k\u00ebrkesave t\u00eb pacientit p\u00ebr estetik\u00eb t\u00eb lart\u00eb, pa mbingarkuar buxhetin e tij, n\u00eb disa raste kemi mund\u00ebsi p\u00ebr korrigjime m\u00eb t\u00eb vogla t\u00eb dh\u00ebmb\u00ebve t\u00eb realizojm\u00eb me t\u00eb asht\u00ebquajtuara faceta t\u00eb p\u00ebrb\u00ebra. Edhe kjo procedur\u00eb realizohet me protokoll t\u00eb ve\u00e7ant\u00eb q\u00eb mund\u00ebson q\u00ebndrueshm\u00ebri dhe estetik\u00eb t\u00eb lart\u00eb t\u00eb facetave, pa kruajtur aspak supstanc\u00ebn e ndjeshme t\u00eb dh\u00ebmb\u00ebve. Rezultatin e suksesh\u00ebm e fitojm\u00eb n\u00eb rastet p\u00ebr t\u00eb cilat ka indicje p\u00ebr k\u00ebt\u00eb rekonstruktim. K\u00ebtu keni mund\u00ebsi t\u00eb shihni disa raste t\u00eb zgjidhura me k\u00ebt\u00eb metod\u00eb.[\/vc_column_text][\/vc_column][vc_column width=&#8221;5\/6&#8243; el_class=&#8221;xtd-offset-dots&#8221; offset=&#8221;vc_col-lg-6 vc_col-sm-offset-1&#8243;]<div class='images-comparison__container  '><div class='images-comparison' data-default_offset_pct='0.5' data-orientation='horizontal' data-el_css=''><img loading=\"lazy\" decoding=\"async\" width=\"660\" height=\"370\" src=\"https:\/\/eternadent.com.mk\/wp-content\/uploads\/2022\/04\/kompozitni-pred.png\" class=\"attachment-large size-large\" alt=\"\" srcset=\"https:\/\/eternadent.com.mk\/wp-content\/uploads\/2022\/04\/kompozitni-pred.png 811w, https:\/\/eternadent.com.mk\/wp-content\/uploads\/2022\/04\/kompozitni-pred-300x168.png 300w, https:\/\/eternadent.com.mk\/wp-content\/uploads\/2022\/04\/kompozitni-pred-768x431.png 768w\" sizes=\"auto, (max-width: 660px) 100vw, 660px\" \/><img loading=\"lazy\" decoding=\"async\" width=\"660\" height=\"370\" src=\"https:\/\/eternadent.com.mk\/wp-content\/uploads\/2022\/04\/kompozitni-potoa.png\" class=\"attachment-large size-large\" alt=\"\" srcset=\"https:\/\/eternadent.com.mk\/wp-content\/uploads\/2022\/04\/kompozitni-potoa.png 811w, https:\/\/eternadent.com.mk\/wp-content\/uploads\/2022\/04\/kompozitni-potoa-300x168.png 300w, https:\/\/eternadent.com.mk\/wp-content\/uploads\/2022\/04\/kompozitni-potoa-768x431.png 768w\" sizes=\"auto, (max-width: 660px) 100vw, 660px\" \/><\/div><\/div>[\/vc_column][\/vc_row][vc_row][vc_column][vc_column_text]<a class=\"btn btn-outline-primary\" href=\"&quot;https:\/\/eternadent.com.mk\/sq\/caktoni-kontrollin\/\">Caktoni kontroll<\/a>[\/vc_column_text][\/vc_column][\/vc_row][vc_row full_width=&#8221;stretch_row&#8221; css=&#8221;.vc_custom_1654721589536{padding-top: 20px !important;background-color: #f7f7f7 !important;}&#8221;][vc_column][vc_column_text]\n<h2 class=\"special-title\" style=\"text-align: center;\">Stomatologjia estetike<\/h2>\n[\/vc_column_text][\/vc_column][vc_column width=&#8221;1\/5&#8243;]<div class='xtd-card  '>\n  <a href='https:\/\/eternadent.com.mk\/sq\/estetska-stomatologija\/belenje-na-zabi\/' target=''><img loading=\"lazy\" decoding=\"async\" width=\"660\" height=\"504\" src=\"https:\/\/eternadent.com.mk\/wp-content\/uploads\/2022\/04\/belenje-cover.png\" class=\"attachment-large size-large\" alt=\"\" srcset=\"https:\/\/eternadent.com.mk\/wp-content\/uploads\/2022\/04\/belenje-cover.png 660w, https:\/\/eternadent.com.mk\/wp-content\/uploads\/2022\/04\/belenje-cover-300x229.png 300w\" sizes=\"auto, (max-width: 660px) 100vw, 660px\" \/><\/a>  <div class='xtd-card__info'>\n        <div class='xtd-card__title h4'>\n      <div>\n        Zbardhja e dh\u00ebmb\u00ebve              <\/div>\n    <\/div>\n      <div class='xtd-card__content'>\n          <\/div>\n          <a href=\"https:\/\/eternadent.com.mk\/sq\/estetska-stomatologija\/belenje-na-zabi\/\" class=\"btn btn-link btn-sm\">\u0414\u043e\u0437\u043d\u0430\u0458 \u043f\u043e\u0432\u0435\u045c\u0435<\/a>\n      <\/div>\n<\/div>\n[\/vc_column][vc_column width=&#8221;1\/5&#8243;]<div class='xtd-card  '>\n  <a href='https:\/\/eternadent.com.mk\/sq\/estetska-stomatologija\/lasersko-konturiranje-i-depigmentira\/' target=''><img loading=\"lazy\" decoding=\"async\" width=\"660\" height=\"504\" src=\"https:\/\/eternadent.com.mk\/wp-content\/uploads\/2022\/04\/konturiraje-cover.png\" class=\"attachment-large size-large\" alt=\"\" srcset=\"https:\/\/eternadent.com.mk\/wp-content\/uploads\/2022\/04\/konturiraje-cover.png 660w, https:\/\/eternadent.com.mk\/wp-content\/uploads\/2022\/04\/konturiraje-cover-300x229.png 300w\" sizes=\"auto, (max-width: 660px) 100vw, 660px\" \/><\/a>  <div class='xtd-card__info'>\n        <div class='xtd-card__title h4'>\n      <div>\n        Konturimi dhe depigmentimi laserik              <\/div>\n    <\/div>\n      <div class='xtd-card__content'>\n          <\/div>\n          <a href=\"https:\/\/eternadent.com.mk\/sq\/estetska-stomatologija\/lasersko-konturiranje-i-depigmentira\/\" class=\"btn btn-link btn-sm\">\u0414\u043e\u0437\u043d\u0430\u0458 \u043f\u043e\u0432\u0435\u045c\u0435<\/a>\n      <\/div>\n<\/div>\n[\/vc_column][vc_column width=&#8221;1\/5&#8243;]<div class='xtd-card  '>\n  <a href='https:\/\/eternadent.com.mk\/sq\/protetika\/faseti\/' target=''><img loading=\"lazy\" decoding=\"async\" width=\"660\" height=\"504\" src=\"https:\/\/eternadent.com.mk\/wp-content\/uploads\/2022\/04\/faseti-cover.png\" class=\"attachment-large size-large\" alt=\"\" srcset=\"https:\/\/eternadent.com.mk\/wp-content\/uploads\/2022\/04\/faseti-cover.png 660w, https:\/\/eternadent.com.mk\/wp-content\/uploads\/2022\/04\/faseti-cover-300x229.png 300w\" sizes=\"auto, (max-width: 660px) 100vw, 660px\" \/><\/a>  <div class='xtd-card__info'>\n        <div class='xtd-card__title h4'>\n      <div>\n        Facetat              <\/div>\n    <\/div>\n      <div class='xtd-card__content'>\n          <\/div>\n          <a href=\"https:\/\/eternadent.com.mk\/sq\/protetika\/faseti\/\" class=\"btn btn-link btn-sm\">\u0414\u043e\u0437\u043d\u0430\u0458 \u043f\u043e\u0432\u0435\u045c\u0435<\/a>\n      <\/div>\n<\/div>\n[\/vc_column][vc_column width=&#8221;1\/5&#8243;]<div class='xtd-card  '>\n  <a href='https:\/\/eternadent.com.mk\/sq\/estetska-stomatologija\/porcelanski-inlei-i-onlei\/' target=''><img loading=\"lazy\" decoding=\"async\" width=\"660\" height=\"504\" src=\"https:\/\/eternadent.com.mk\/wp-content\/uploads\/2022\/04\/inlej-cover.png\" class=\"attachment-large size-large\" alt=\"\" srcset=\"https:\/\/eternadent.com.mk\/wp-content\/uploads\/2022\/04\/inlej-cover.png 660w, https:\/\/eternadent.com.mk\/wp-content\/uploads\/2022\/04\/inlej-cover-300x229.png 300w\" sizes=\"auto, (max-width: 660px) 100vw, 660px\" \/><\/a>  <div class='xtd-card__info'>\n        <div class='xtd-card__title h4'>\n      <div>\n        Inlei dhe onlei nga porcelani              <\/div>\n    <\/div>\n      <div class='xtd-card__content'>\n          <\/div>\n          <a href=\"https:\/\/eternadent.com.mk\/sq\/estetska-stomatologija\/porcelanski-inlei-i-onlei\/\" class=\"btn btn-link btn-sm\">\u0414\u043e\u0437\u043d\u0430\u0458 \u043f\u043e\u0432\u0435\u045c\u0435<\/a>\n      <\/div>\n<\/div>\n[\/vc_column][vc_column width=&#8221;1\/5&#8243;]<div class='xtd-card  '>\n  <a href='https:\/\/eternadent.com.mk\/sq\/protetika\/alajneri\/' target=''><img loading=\"lazy\" decoding=\"async\" width=\"660\" height=\"504\" src=\"https:\/\/eternadent.com.mk\/wp-content\/uploads\/2022\/04\/alajneri-cover.png\" class=\"attachment-large size-large\" alt=\"\" srcset=\"https:\/\/eternadent.com.mk\/wp-content\/uploads\/2022\/04\/alajneri-cover.png 660w, https:\/\/eternadent.com.mk\/wp-content\/uploads\/2022\/04\/alajneri-cover-300x229.png 300w\" sizes=\"auto, (max-width: 660px) 100vw, 660px\" \/><\/a>  <div class='xtd-card__info'>\n        <div class='xtd-card__title h4'>\n      <div>\n        Alajner\u00ebt              <\/div>\n    <\/div>\n      <div class='xtd-card__content'>\n          <\/div>\n          <a href=\"https:\/\/eternadent.com.mk\/sq\/protetika\/alajneri\/\" class=\"btn btn-link btn-sm\">\u0414\u043e\u0437\u043d\u0430\u0458 \u043f\u043e\u0432\u0435\u045c\u0435<\/a>\n      <\/div>\n<\/div>\n[\/vc_column][\/vc_row]\n<\/div>","protected":false},"excerpt":{"rendered":"<p>[vc_row content_placement=&#8221;middle&#8221; css=&#8221;.vc_custom_1654716513474{padding-bottom: 0px !important;}&#8221;][vc_column width=&#8221;5\/6&#8243; offset=&#8221;vc_col-lg-offset-0 vc_col-lg-5 vc_col-sm-offset-1&#8243;][vc_column_text] Facetat nga porcelani [\/vc_column_text][vc_column_text]Ata jan\u00eb l\u00ebvozhga shum\u00eb t\u00eb holla t\u00eb porcelanit t\u00eb cilat vendosen n\u00eb pjes\u00ebn e p\u00ebrparme shum\u00eb t\u00eb dukshme t\u00eb dh\u00ebmb\u00ebve me q\u00ebllim q\u00eb t\u00eb korrigjojm\u00eb form\u00ebn, ngjyr\u00ebn apo vendosjen e dh\u00ebmbit n\u00eb rradhitje. Me ato p\u00ebrfitohet estetik\u00eb m\u00eb e lart\u00eb e mundshme me intervenim minimal. P\u00ebrgatiten p\u00ebr 2 [&hellip;]<\/p>\n","protected":false},"author":2,"featured_media":0,"parent":3088,"menu_order":0,"comment_status":"closed","ping_status":"closed","template":"","meta":{"inline_featured_image":false,"footnotes":""},"class_list":["post-3068","page","type-page","status-publish","hentry"],"yoast_head":"<!-- This site is optimized with the Yoast SEO Premium plugin v24.7 (Yoast SEO v24.8.1) - https:\/\/yoast.com\/wordpress\/plugins\/seo\/ -->\n<title>Facetat - \u0415\u0422\u0415\u0420\u041d\u0410\u0434\u0435\u043d\u0442<\/title>\n<meta name=\"robots\" content=\"index, follow, max-snippet:-1, max-image-preview:large, max-video-preview:-1\" \/>\n<link rel=\"canonical\" href=\"https:\/\/eternadent.com.mk\/sq\/protetika\/faseti\/\" \/>\n<meta property=\"og:locale\" content=\"sq_AL\" \/>\n<meta property=\"og:type\" content=\"article\" \/>\n<meta property=\"og:title\" content=\"Facetat\" \/>\n<meta property=\"og:description\" content=\"[vc_row content_placement=&#8221;middle&#8221; css=&#8221;.vc_custom_1654716513474{padding-bottom: 0px !important;}&#8221;][vc_column width=&#8221;5\/6&#8243; offset=&#8221;vc_col-lg-offset-0 vc_col-lg-5 vc_col-sm-offset-1&#8243;][vc_column_text] Facetat nga porcelani [\/vc_column_text][vc_column_text]Ata jan\u00eb l\u00ebvozhga shum\u00eb t\u00eb holla t\u00eb porcelanit t\u00eb cilat vendosen n\u00eb pjes\u00ebn e p\u00ebrparme shum\u00eb t\u00eb dukshme t\u00eb dh\u00ebmb\u00ebve me q\u00ebllim q\u00eb t\u00eb korrigjojm\u00eb form\u00ebn, ngjyr\u00ebn apo vendosjen e dh\u00ebmbit n\u00eb rradhitje. Me ato p\u00ebrfitohet estetik\u00eb m\u00eb e lart\u00eb e mundshme me intervenim minimal. P\u00ebrgatiten p\u00ebr 2 [&hellip;]\" \/>\n<meta property=\"og:url\" content=\"https:\/\/eternadent.com.mk\/sq\/protetika\/faseti\/\" \/>\n<meta property=\"og:site_name\" content=\"\u0415\u0422\u0415\u0420\u041d\u0410\u0434\u0435\u043d\u0442\" \/>\n<meta property=\"article:publisher\" content=\"https:\/\/www.facebook.com\/eternadentskopje\/\" \/>\n<meta property=\"article:modified_time\" content=\"2024-02-23T11:21:48+00:00\" \/>\n<meta property=\"og:image\" content=\"https:\/\/eternadent.com.mk\/wp-content\/uploads\/2023\/12\/eterna-logo-web.png\" \/>\n\t<meta property=\"og:image:width\" content=\"1200\" \/>\n\t<meta property=\"og:image:height\" content=\"675\" \/>\n\t<meta property=\"og:image:type\" content=\"image\/png\" \/>\n<meta name=\"twitter:card\" content=\"summary_large_image\" \/>\n<meta name=\"twitter:label1\" content=\"Est. reading time\" \/>\n\t<meta name=\"twitter:data1\" content=\"5 minutes\" \/>\n<script type=\"application\/ld+json\" class=\"yoast-schema-graph\">{\"@context\":\"https:\/\/schema.org\",\"@graph\":[{\"@type\":\"WebPage\",\"@id\":\"https:\/\/eternadent.com.mk\/sq\/protetika\/faseti\/\",\"url\":\"https:\/\/eternadent.com.mk\/sq\/protetika\/faseti\/\",\"name\":\"Facetat - \u0415\u0422\u0415\u0420\u041d\u0410\u0434\u0435\u043d\u0442\",\"isPartOf\":{\"@id\":\"https:\/\/eternadent.com.mk\/#website\"},\"datePublished\":\"2022-04-08T11:43:31+00:00\",\"dateModified\":\"2024-02-23T11:21:48+00:00\",\"breadcrumb\":{\"@id\":\"https:\/\/eternadent.com.mk\/sq\/protetika\/faseti\/#breadcrumb\"},\"inLanguage\":\"sq-AL\",\"potentialAction\":[{\"@type\":\"ReadAction\",\"target\":[\"https:\/\/eternadent.com.mk\/sq\/protetika\/faseti\/\"]}]},{\"@type\":\"BreadcrumbList\",\"@id\":\"https:\/\/eternadent.com.mk\/sq\/protetika\/faseti\/#breadcrumb\",\"itemListElement\":[{\"@type\":\"ListItem\",\"position\":1,\"name\":\"[wpseo_titles]breadcrumbs-\u041f\u043e\u0447\u0435\u0442\u043d\u0430\",\"item\":\"https:\/\/eternadent.com.mk\/sq\/\"},{\"@type\":\"ListItem\",\"position\":2,\"name\":\"Protetika\",\"item\":\"https:\/\/eternadent.com.mk\/sq\/protetika\/\"},{\"@type\":\"ListItem\",\"position\":3,\"name\":\"Facetat\"}]},{\"@type\":\"WebSite\",\"@id\":\"https:\/\/eternadent.com.mk\/#website\",\"url\":\"https:\/\/eternadent.com.mk\/\",\"name\":\"ETERNAdent | \u0415\u0422\u0415\u0420\u041d\u0410\u0434\u0435\u043d\u0442\",\"description\":\"\u0412\u0410\u0428\u0410\u0422\u0410 \u041d\u041e\u0412\u0410 \u0417\u0414\u0420\u0410\u0412\u0410 \u041d\u0410\u0421\u041c\u0415\u0412\u041a\u0410\",\"publisher\":{\"@id\":\"https:\/\/eternadent.com.mk\/#organization\"},\"alternateName\":\"Eterna Dent | \u0415\u0442\u0435\u0440\u043d\u0430 \u0414\u0435\u043d\u0442\",\"potentialAction\":[{\"@type\":\"SearchAction\",\"target\":{\"@type\":\"EntryPoint\",\"urlTemplate\":\"https:\/\/eternadent.com.mk\/?s={search_term_string}\"},\"query-input\":{\"@type\":\"PropertyValueSpecification\",\"valueRequired\":true,\"valueName\":\"search_term_string\"}}],\"inLanguage\":\"sq-AL\"},{\"@type\":\"Organization\",\"@id\":\"https:\/\/eternadent.com.mk\/#organization\",\"name\":\"\u0415\u0422\u0415\u0420\u041d\u0410\u0434\u0435\u043d\u0442\",\"alternateName\":\"Eterna Dent\",\"url\":\"https:\/\/eternadent.com.mk\/\",\"logo\":{\"@type\":\"ImageObject\",\"inLanguage\":\"sq-AL\",\"@id\":\"https:\/\/eternadent.com.mk\/#\/schema\/logo\/image\/\",\"url\":\"https:\/\/eternadent.com.mk\/wp-content\/uploads\/2022\/04\/eterna-dent-logo-mk.png\",\"contentUrl\":\"https:\/\/eternadent.com.mk\/wp-content\/uploads\/2022\/04\/eterna-dent-logo-mk.png\",\"width\":842,\"height\":291,\"caption\":\"\u0415\u0422\u0415\u0420\u041d\u0410\u0434\u0435\u043d\u0442\"},\"image\":{\"@id\":\"https:\/\/eternadent.com.mk\/#\/schema\/logo\/image\/\"},\"sameAs\":[\"https:\/\/www.facebook.com\/eternadentskopje\/\",\"https:\/\/www.instagram.com\/eternadentskopje\/\"]}]}<\/script>\n<!-- \/ Yoast SEO Premium plugin. -->","yoast_head_json":{"title":"Facetat - \u0415\u0422\u0415\u0420\u041d\u0410\u0434\u0435\u043d\u0442","robots":{"index":"index","follow":"follow","max-snippet":"max-snippet:-1","max-image-preview":"max-image-preview:large","max-video-preview":"max-video-preview:-1"},"canonical":"https:\/\/eternadent.com.mk\/sq\/protetika\/faseti\/","og_locale":"sq_AL","og_type":"article","og_title":"Facetat","og_description":"[vc_row content_placement=&#8221;middle&#8221; css=&#8221;.vc_custom_1654716513474{padding-bottom: 0px !important;}&#8221;][vc_column width=&#8221;5\/6&#8243; offset=&#8221;vc_col-lg-offset-0 vc_col-lg-5 vc_col-sm-offset-1&#8243;][vc_column_text] Facetat nga porcelani [\/vc_column_text][vc_column_text]Ata jan\u00eb l\u00ebvozhga shum\u00eb t\u00eb holla t\u00eb porcelanit t\u00eb cilat vendosen n\u00eb pjes\u00ebn e p\u00ebrparme shum\u00eb t\u00eb dukshme t\u00eb dh\u00ebmb\u00ebve me q\u00ebllim q\u00eb t\u00eb korrigjojm\u00eb form\u00ebn, ngjyr\u00ebn apo vendosjen e dh\u00ebmbit n\u00eb rradhitje. Me ato p\u00ebrfitohet estetik\u00eb m\u00eb e lart\u00eb e mundshme me intervenim minimal. P\u00ebrgatiten p\u00ebr 2 [&hellip;]","og_url":"https:\/\/eternadent.com.mk\/sq\/protetika\/faseti\/","og_site_name":"\u0415\u0422\u0415\u0420\u041d\u0410\u0434\u0435\u043d\u0442","article_publisher":"https:\/\/www.facebook.com\/eternadentskopje\/","article_modified_time":"2024-02-23T11:21:48+00:00","og_image":[{"width":1200,"height":675,"url":"https:\/\/eternadent.com.mk\/wp-content\/uploads\/2023\/12\/eterna-logo-web.png","type":"image\/png"}],"twitter_card":"summary_large_image","twitter_misc":{"Est. reading time":"5 minutes"},"schema":{"@context":"https:\/\/schema.org","@graph":[{"@type":"WebPage","@id":"https:\/\/eternadent.com.mk\/sq\/protetika\/faseti\/","url":"https:\/\/eternadent.com.mk\/sq\/protetika\/faseti\/","name":"Facetat - \u0415\u0422\u0415\u0420\u041d\u0410\u0434\u0435\u043d\u0442","isPartOf":{"@id":"https:\/\/eternadent.com.mk\/#website"},"datePublished":"2022-04-08T11:43:31+00:00","dateModified":"2024-02-23T11:21:48+00:00","breadcrumb":{"@id":"https:\/\/eternadent.com.mk\/sq\/protetika\/faseti\/#breadcrumb"},"inLanguage":"sq-AL","potentialAction":[{"@type":"ReadAction","target":["https:\/\/eternadent.com.mk\/sq\/protetika\/faseti\/"]}]},{"@type":"BreadcrumbList","@id":"https:\/\/eternadent.com.mk\/sq\/protetika\/faseti\/#breadcrumb","itemListElement":[{"@type":"ListItem","position":1,"name":"[wpseo_titles]breadcrumbs-\u041f\u043e\u0447\u0435\u0442\u043d\u0430","item":"https:\/\/eternadent.com.mk\/sq\/"},{"@type":"ListItem","position":2,"name":"Protetika","item":"https:\/\/eternadent.com.mk\/sq\/protetika\/"},{"@type":"ListItem","position":3,"name":"Facetat"}]},{"@type":"WebSite","@id":"https:\/\/eternadent.com.mk\/#website","url":"https:\/\/eternadent.com.mk\/","name":"ETERNAdent | \u0415\u0422\u0415\u0420\u041d\u0410\u0434\u0435\u043d\u0442","description":"\u0412\u0410\u0428\u0410\u0422\u0410 \u041d\u041e\u0412\u0410 \u0417\u0414\u0420\u0410\u0412\u0410 \u041d\u0410\u0421\u041c\u0415\u0412\u041a\u0410","publisher":{"@id":"https:\/\/eternadent.com.mk\/#organization"},"alternateName":"Eterna Dent | \u0415\u0442\u0435\u0440\u043d\u0430 \u0414\u0435\u043d\u0442","potentialAction":[{"@type":"SearchAction","target":{"@type":"EntryPoint","urlTemplate":"https:\/\/eternadent.com.mk\/?s={search_term_string}"},"query-input":{"@type":"PropertyValueSpecification","valueRequired":true,"valueName":"search_term_string"}}],"inLanguage":"sq-AL"},{"@type":"Organization","@id":"https:\/\/eternadent.com.mk\/#organization","name":"\u0415\u0422\u0415\u0420\u041d\u0410\u0434\u0435\u043d\u0442","alternateName":"Eterna Dent","url":"https:\/\/eternadent.com.mk\/","logo":{"@type":"ImageObject","inLanguage":"sq-AL","@id":"https:\/\/eternadent.com.mk\/#\/schema\/logo\/image\/","url":"https:\/\/eternadent.com.mk\/wp-content\/uploads\/2022\/04\/eterna-dent-logo-mk.png","contentUrl":"https:\/\/eternadent.com.mk\/wp-content\/uploads\/2022\/04\/eterna-dent-logo-mk.png","width":842,"height":291,"caption":"\u0415\u0422\u0415\u0420\u041d\u0410\u0434\u0435\u043d\u0442"},"image":{"@id":"https:\/\/eternadent.com.mk\/#\/schema\/logo\/image\/"},"sameAs":["https:\/\/www.facebook.com\/eternadentskopje\/","https:\/\/www.instagram.com\/eternadentskopje\/"]}]}},"_links":{"self":[{"href":"https:\/\/eternadent.com.mk\/sq\/wp-json\/wp\/v2\/pages\/3068","targetHints":{"allow":["GET"]}}],"collection":[{"href":"https:\/\/eternadent.com.mk\/sq\/wp-json\/wp\/v2\/pages"}],"about":[{"href":"https:\/\/eternadent.com.mk\/sq\/wp-json\/wp\/v2\/types\/page"}],"author":[{"embeddable":true,"href":"https:\/\/eternadent.com.mk\/sq\/wp-json\/wp\/v2\/users\/2"}],"replies":[{"embeddable":true,"href":"https:\/\/eternadent.com.mk\/sq\/wp-json\/wp\/v2\/comments?post=3068"}],"version-history":[{"count":8,"href":"https:\/\/eternadent.com.mk\/sq\/wp-json\/wp\/v2\/pages\/3068\/revisions"}],"predecessor-version":[{"id":3467,"href":"https:\/\/eternadent.com.mk\/sq\/wp-json\/wp\/v2\/pages\/3068\/revisions\/3467"}],"up":[{"embeddable":true,"href":"https:\/\/eternadent.com.mk\/sq\/wp-json\/wp\/v2\/pages\/3088"}],"wp:attachment":[{"href":"https:\/\/eternadent.com.mk\/sq\/wp-json\/wp\/v2\/media?parent=3068"}],"curies":[{"name":"wp","href":"https:\/\/api.w.org\/{rel}","templated":true}]}}