{"id":3065,"date":"2022-04-08T16:03:24","date_gmt":"2022-04-08T14:03:24","guid":{"rendered":"https:\/\/eternadent.com.mk\/estetska-stomatologija\/lasersko-konturiranje-i-depigmentira\/"},"modified":"2024-02-23T12:16:45","modified_gmt":"2024-02-23T11:16:45","slug":"lasersko-konturiranje-i-depigmentira","status":"publish","type":"page","link":"https:\/\/eternadent.com.mk\/sq\/estetska-stomatologija\/lasersko-konturiranje-i-depigmentira\/","title":{"rendered":"Konturimi dhe depigmentimi laserik"},"content":{"rendered":"<div class=\"wpb-content-wrapper\">[vc_row css=&#8221;.vc_custom_1593853539015{margin-bottom: 0px !important;padding-bottom: 0px !important;}&#8221;][vc_column css=&#8221;.vc_custom_1593853547190{margin-bottom: 0px !important;padding-bottom: 0px !important;}&#8221;][vc_column_text]\n<h2>Konturimi laserik i gingiv\u00ebs (mish\u00ebrave)<\/h2>\n[\/vc_column_text][\/vc_column][\/vc_row][vc_row css=&#8221;.vc_custom_1654702903517{margin-top: 0px !important;padding-top: 0px !important;padding-bottom: 0px !important;}&#8221;][vc_column width=&#8221;1\/2&#8243;][vc_column_text]Disa pacient\u00eb buz\u00ebqeshin me t\u00eb asht\u00ebquajtur\u00ebn buz\u00ebqeshje e lart\u00eb ose gummy smile. Nd\u00ebrkoh\u00eb zbulojn\u00eb pjes\u00eb t\u00eb madhe t\u00eb mishrave t\u00eb goj\u00ebs dhe k\u00ebshtu e prish estetik\u00ebn e buz\u00ebqeshjes. Problem shtes\u00eb \u00ebsht\u00eb n\u00ebse vija e mishrave t\u00eb dh\u00ebmb\u00ebve nuk \u00ebsht\u00eb e barabart\u00eb ose josimetrike. N\u00eb k\u00ebto raste n\u00eb ETERNAdent shfryt\u00ebzojm\u00eb laserin Er:Yag ( Syneron lite touch) q\u00eb mund\u00ebson q\u00eb pa dhimbje t\u00eb vendosin simetrin\u00eb e t\u00eb asht\u00ebquajturit estetik\u00eb roz\u00eb-t\u00eb bardh\u00eb. Me shfryt\u00ebzimin e laserit n\u00eb vend t\u00eb bisturis\u00eb p\u00ebr k\u00ebt\u00eb procedur\u00eb, m\u00eb shpesh shmanget nevoja p\u00ebr anestezi dhe qepje. Laseri \u00ebsht\u00eb mjet shum\u00eb i sakt\u00eb me t\u00eb cilin vet\u00ebm largohet mishi i tep\u00ebrt. Procedura \u00ebsht\u00eb e shpejt\u00eb dhe sh\u00ebrimi zgjat shum\u00eb m\u00eb shkurt\u00eb pas rekonturimit klasik kirurgjik t\u00eb mish\u00ebrave t\u00eb dh\u00ebmb\u00ebve. Drejtohuni te mjeku n\u00eb ETERNAdent p\u00ebr m\u00eb shum\u00eb informata![\/vc_column_text][\/vc_column][vc_column width=&#8221;1\/2&#8243;]<div class='images-comparison__container  '><div class='images-comparison' data-default_offset_pct='0.5' data-orientation='horizontal' data-el_css=''><img loading=\"lazy\" decoding=\"async\" width=\"660\" height=\"370\" src=\"https:\/\/eternadent.com.mk\/wp-content\/uploads\/2022\/04\/gummy-pred.png\" class=\"attachment-large size-large\" alt=\"\" srcset=\"https:\/\/eternadent.com.mk\/wp-content\/uploads\/2022\/04\/gummy-pred.png 811w, https:\/\/eternadent.com.mk\/wp-content\/uploads\/2022\/04\/gummy-pred-300x168.png 300w, https:\/\/eternadent.com.mk\/wp-content\/uploads\/2022\/04\/gummy-pred-768x431.png 768w\" sizes=\"auto, (max-width: 660px) 100vw, 660px\" \/><img loading=\"lazy\" decoding=\"async\" width=\"660\" height=\"370\" src=\"https:\/\/eternadent.com.mk\/wp-content\/uploads\/2022\/04\/gummy-potoa.png\" class=\"attachment-large size-large\" alt=\"\" srcset=\"https:\/\/eternadent.com.mk\/wp-content\/uploads\/2022\/04\/gummy-potoa.png 811w, https:\/\/eternadent.com.mk\/wp-content\/uploads\/2022\/04\/gummy-potoa-300x168.png 300w, https:\/\/eternadent.com.mk\/wp-content\/uploads\/2022\/04\/gummy-potoa-768x431.png 768w\" sizes=\"auto, (max-width: 660px) 100vw, 660px\" \/><\/div><\/div>[\/vc_column][\/vc_row][vc_row css=&#8221;.vc_custom_1654702958464{margin-bottom: 0px !important;padding-bottom: 0px !important;}&#8221;][vc_column css=&#8221;.vc_custom_1593853547190{margin-bottom: 0px !important;padding-bottom: 0px !important;}&#8221;][vc_column_text]\n<h2>Depigmentimi laserik i gingiv\u00ebs<\/h2>\n[\/vc_column_text][\/vc_column][\/vc_row][vc_row css=&#8221;.vc_custom_1654702952715{margin-top: 0px !important;padding-top: 0px !important;}&#8221;][vc_column width=&#8221;1\/2&#8243;][vc_column_text]Disa pacient\u00eb buz\u00ebqeshin me t\u00eb asht\u00ebquajtur\u00ebn buz\u00ebqeshje e lart\u00eb ose gummy smile. Nd\u00ebrkoh\u00eb zbulojn\u00eb pjes\u00eb t\u00eb madhe t\u00eb mishrave t\u00eb goj\u00ebs dhe k\u00ebshtu e prish estetik\u00ebn e buz\u00ebqeshjes. Problem shtes\u00eb \u00ebsht\u00eb n\u00ebse vija e mishrave t\u00eb dh\u00ebmb\u00ebve nuk \u00ebsht\u00eb e barabart\u00eb ose josimetrike. N\u00eb k\u00ebto raste n\u00eb ETERNAdent shfryt\u00ebzojm\u00eb laserin Er:Yag ( Syneron lite touch) q\u00eb mund\u00ebson q\u00eb pa dhimbje t\u00eb vendosin simetrin\u00eb e t\u00eb asht\u00ebquajturit estetik\u00eb roz\u00eb-t\u00eb bardh\u00eb. Me shfryt\u00ebzimin e laserit n\u00eb vend t\u00eb bisturis\u00eb p\u00ebr k\u00ebt\u00eb procedur\u00eb, m\u00eb shpesh shmanget nevoja p\u00ebr anestezi dhe qepje. Laseri \u00ebsht\u00eb mjet shum\u00eb i sakt\u00eb me t\u00eb cilin vet\u00ebm largohet mishi i tep\u00ebrt. Procedura \u00ebsht\u00eb e shpejt\u00eb dhe sh\u00ebrimi zgjat shum\u00eb m\u00eb shkurt\u00eb pas rekonturimit klasik kirurgjik t\u00eb mish\u00ebrave t\u00eb dh\u00ebmb\u00ebve. Drejtohuni te mjeku n\u00eb ETERNAdent p\u00ebr m\u00eb shum\u00eb informata![\/vc_column_text][\/vc_column][vc_column width=&#8221;1\/2&#8243;]<div class='images-comparison__container  '><div class='images-comparison' data-default_offset_pct='0.5' data-orientation='horizontal' data-el_css=''><img loading=\"lazy\" decoding=\"async\" width=\"660\" height=\"370\" src=\"https:\/\/eternadent.com.mk\/wp-content\/uploads\/2022\/04\/depigmentiranje-pred.png\" class=\"attachment-large size-large\" alt=\"\" srcset=\"https:\/\/eternadent.com.mk\/wp-content\/uploads\/2022\/04\/depigmentiranje-pred.png 811w, https:\/\/eternadent.com.mk\/wp-content\/uploads\/2022\/04\/depigmentiranje-pred-300x168.png 300w, https:\/\/eternadent.com.mk\/wp-content\/uploads\/2022\/04\/depigmentiranje-pred-768x431.png 768w\" sizes=\"auto, (max-width: 660px) 100vw, 660px\" \/><img loading=\"lazy\" decoding=\"async\" width=\"660\" height=\"370\" src=\"https:\/\/eternadent.com.mk\/wp-content\/uploads\/2022\/04\/depigmentiranje-potoa.png\" class=\"attachment-large size-large\" alt=\"\" srcset=\"https:\/\/eternadent.com.mk\/wp-content\/uploads\/2022\/04\/depigmentiranje-potoa.png 811w, https:\/\/eternadent.com.mk\/wp-content\/uploads\/2022\/04\/depigmentiranje-potoa-300x168.png 300w, https:\/\/eternadent.com.mk\/wp-content\/uploads\/2022\/04\/depigmentiranje-potoa-768x431.png 768w\" sizes=\"auto, (max-width: 660px) 100vw, 660px\" \/><\/div><\/div>[\/vc_column][\/vc_row][vc_row css=&#8221;.vc_custom_1654702916524{padding-top: 0px !important;}&#8221;][vc_column][vc_column_text]<a class=\"btn btn-outline-primary\" href=\"https:\/\/eternadent.com.mk\/sq\/caktoni-kontrollin\/\">Caktoni kontroll<\/a>[\/vc_column_text][\/vc_column][\/vc_row][vc_row full_width=&#8221;stretch_row&#8221; css=&#8221;.vc_custom_1654721589536{padding-top: 20px !important;background-color: #f7f7f7 !important;}&#8221;][vc_column][vc_column_text]\n<h2 class=\"special-title\" style=\"text-align: center;\">Stomatologjia estetike<\/h2>\n[\/vc_column_text][\/vc_column][vc_column width=&#8221;1\/5&#8243;]<div class='xtd-card  '>\n  <a href='https:\/\/eternadent.com.mk\/sq\/estetska-stomatologija\/belenje-na-zabi\/' target=''><img loading=\"lazy\" decoding=\"async\" width=\"660\" height=\"504\" src=\"https:\/\/eternadent.com.mk\/wp-content\/uploads\/2022\/04\/belenje-cover.png\" class=\"attachment-large size-large\" alt=\"\" srcset=\"https:\/\/eternadent.com.mk\/wp-content\/uploads\/2022\/04\/belenje-cover.png 660w, https:\/\/eternadent.com.mk\/wp-content\/uploads\/2022\/04\/belenje-cover-300x229.png 300w\" sizes=\"auto, (max-width: 660px) 100vw, 660px\" \/><\/a>  <div class='xtd-card__info'>\n        <div class='xtd-card__title h4'>\n      <div>\n        Zbardhja e dh\u00ebmb\u00ebve              <\/div>\n    <\/div>\n      <div class='xtd-card__content'>\n          <\/div>\n          <a href=\"https:\/\/eternadent.com.mk\/sq\/estetska-stomatologija\/belenje-na-zabi\/\" class=\"btn btn-link btn-sm\">\u0414\u043e\u0437\u043d\u0430\u0458 \u043f\u043e\u0432\u0435\u045c\u0435<\/a>\n      <\/div>\n<\/div>\n[\/vc_column][vc_column width=&#8221;1\/5&#8243;]<div class='xtd-card  '>\n  <a href='https:\/\/eternadent.com.mk\/sq\/estetska-stomatologija\/lasersko-konturiranje-i-depigmentira\/' target=''><img loading=\"lazy\" decoding=\"async\" width=\"660\" height=\"504\" src=\"https:\/\/eternadent.com.mk\/wp-content\/uploads\/2022\/04\/konturiraje-cover.png\" class=\"attachment-large size-large\" alt=\"\" srcset=\"https:\/\/eternadent.com.mk\/wp-content\/uploads\/2022\/04\/konturiraje-cover.png 660w, https:\/\/eternadent.com.mk\/wp-content\/uploads\/2022\/04\/konturiraje-cover-300x229.png 300w\" sizes=\"auto, (max-width: 660px) 100vw, 660px\" \/><\/a>  <div class='xtd-card__info'>\n        <div class='xtd-card__title h4'>\n      <div>\n        Konturimi dhe depigmentimi laserik              <\/div>\n    <\/div>\n      <div class='xtd-card__content'>\n          <\/div>\n          <a href=\"https:\/\/eternadent.com.mk\/sq\/estetska-stomatologija\/lasersko-konturiranje-i-depigmentira\/\" class=\"btn btn-link btn-sm\">\u0414\u043e\u0437\u043d\u0430\u0458 \u043f\u043e\u0432\u0435\u045c\u0435<\/a>\n      <\/div>\n<\/div>\n[\/vc_column][vc_column width=&#8221;1\/5&#8243;]<div class='xtd-card  '>\n  <a href='https:\/\/eternadent.com.mk\/sq\/protetika\/faseti\/' target=''><img loading=\"lazy\" decoding=\"async\" width=\"660\" height=\"504\" src=\"https:\/\/eternadent.com.mk\/wp-content\/uploads\/2022\/04\/faseti-cover.png\" class=\"attachment-large size-large\" alt=\"\" srcset=\"https:\/\/eternadent.com.mk\/wp-content\/uploads\/2022\/04\/faseti-cover.png 660w, https:\/\/eternadent.com.mk\/wp-content\/uploads\/2022\/04\/faseti-cover-300x229.png 300w\" sizes=\"auto, (max-width: 660px) 100vw, 660px\" \/><\/a>  <div class='xtd-card__info'>\n        <div class='xtd-card__title h4'>\n      <div>\n        Facetat              <\/div>\n    <\/div>\n      <div class='xtd-card__content'>\n          <\/div>\n          <a href=\"https:\/\/eternadent.com.mk\/sq\/protetika\/faseti\/\" class=\"btn btn-link btn-sm\">\u0414\u043e\u0437\u043d\u0430\u0458 \u043f\u043e\u0432\u0435\u045c\u0435<\/a>\n      <\/div>\n<\/div>\n[\/vc_column][vc_column width=&#8221;1\/5&#8243;]<div class='xtd-card  '>\n  <a href='https:\/\/eternadent.com.mk\/sq\/estetska-stomatologija\/porcelanski-inlei-i-onlei\/' target=''><img loading=\"lazy\" decoding=\"async\" width=\"660\" height=\"504\" src=\"https:\/\/eternadent.com.mk\/wp-content\/uploads\/2022\/04\/inlej-cover.png\" class=\"attachment-large size-large\" alt=\"\" srcset=\"https:\/\/eternadent.com.mk\/wp-content\/uploads\/2022\/04\/inlej-cover.png 660w, https:\/\/eternadent.com.mk\/wp-content\/uploads\/2022\/04\/inlej-cover-300x229.png 300w\" sizes=\"auto, (max-width: 660px) 100vw, 660px\" \/><\/a>  <div class='xtd-card__info'>\n        <div class='xtd-card__title h4'>\n      <div>\n        Inlei dhe onlei nga porcelani              <\/div>\n    <\/div>\n      <div class='xtd-card__content'>\n          <\/div>\n          <a href=\"https:\/\/eternadent.com.mk\/sq\/estetska-stomatologija\/porcelanski-inlei-i-onlei\/\" class=\"btn btn-link btn-sm\">\u0414\u043e\u0437\u043d\u0430\u0458 \u043f\u043e\u0432\u0435\u045c\u0435<\/a>\n      <\/div>\n<\/div>\n[\/vc_column][vc_column width=&#8221;1\/5&#8243;]<div class='xtd-card  '>\n  <a href='https:\/\/eternadent.com.mk\/sq\/protetika\/alajneri\/' target=''><img loading=\"lazy\" decoding=\"async\" width=\"660\" height=\"504\" src=\"https:\/\/eternadent.com.mk\/wp-content\/uploads\/2022\/04\/alajneri-cover.png\" class=\"attachment-large size-large\" alt=\"\" srcset=\"https:\/\/eternadent.com.mk\/wp-content\/uploads\/2022\/04\/alajneri-cover.png 660w, https:\/\/eternadent.com.mk\/wp-content\/uploads\/2022\/04\/alajneri-cover-300x229.png 300w\" sizes=\"auto, (max-width: 660px) 100vw, 660px\" \/><\/a>  <div class='xtd-card__info'>\n        <div class='xtd-card__title h4'>\n      <div>\n        Alajner\u00ebt              <\/div>\n    <\/div>\n      <div class='xtd-card__content'>\n          <\/div>\n          <a href=\"https:\/\/eternadent.com.mk\/sq\/protetika\/alajneri\/\" class=\"btn btn-link btn-sm\">\u0414\u043e\u0437\u043d\u0430\u0458 \u043f\u043e\u0432\u0435\u045c\u0435<\/a>\n      <\/div>\n<\/div>\n[\/vc_column][\/vc_row]\n<\/div>","protected":false},"excerpt":{"rendered":"<p>[vc_row css=&#8221;.vc_custom_1593853539015{margin-bottom: 0px !important;padding-bottom: 0px !important;}&#8221;][vc_column css=&#8221;.vc_custom_1593853547190{margin-bottom: 0px !important;padding-bottom: 0px !important;}&#8221;][vc_column_text] Konturimi laserik i gingiv\u00ebs (mish\u00ebrave) [\/vc_column_text][\/vc_column][\/vc_row][vc_row css=&#8221;.vc_custom_1654702903517{margin-top: 0px !important;padding-top: 0px !important;padding-bottom: 0px !important;}&#8221;][vc_column width=&#8221;1\/2&#8243;][vc_column_text]Disa pacient\u00eb buz\u00ebqeshin me t\u00eb asht\u00ebquajtur\u00ebn buz\u00ebqeshje e lart\u00eb ose gummy smile. Nd\u00ebrkoh\u00eb zbulojn\u00eb pjes\u00eb t\u00eb madhe t\u00eb mishrave t\u00eb goj\u00ebs dhe k\u00ebshtu e prish estetik\u00ebn e buz\u00ebqeshjes. Problem shtes\u00eb \u00ebsht\u00eb n\u00ebse vija e mishrave t\u00eb [&hellip;]<\/p>\n","protected":false},"author":2,"featured_media":0,"parent":3056,"menu_order":0,"comment_status":"closed","ping_status":"closed","template":"","meta":{"inline_featured_image":false,"footnotes":""},"class_list":["post-3065","page","type-page","status-publish","hentry"],"yoast_head":"<!-- This site is optimized with the Yoast SEO Premium plugin v24.7 (Yoast SEO v24.8.1) - https:\/\/yoast.com\/wordpress\/plugins\/seo\/ -->\n<title>Konturimi dhe depigmentimi laserik - \u0415\u0422\u0415\u0420\u041d\u0410\u0434\u0435\u043d\u0442<\/title>\n<meta name=\"robots\" content=\"index, follow, max-snippet:-1, max-image-preview:large, max-video-preview:-1\" \/>\n<link rel=\"canonical\" href=\"https:\/\/eternadent.com.mk\/sq\/estetska-stomatologija\/lasersko-konturiranje-i-depigmentira\/\" \/>\n<meta property=\"og:locale\" content=\"sq_AL\" \/>\n<meta property=\"og:type\" content=\"article\" \/>\n<meta property=\"og:title\" content=\"Konturimi dhe depigmentimi laserik\" \/>\n<meta property=\"og:description\" content=\"[vc_row css=&#8221;.vc_custom_1593853539015{margin-bottom: 0px !important;padding-bottom: 0px !important;}&#8221;][vc_column css=&#8221;.vc_custom_1593853547190{margin-bottom: 0px !important;padding-bottom: 0px !important;}&#8221;][vc_column_text] Konturimi laserik i gingiv\u00ebs (mish\u00ebrave) [\/vc_column_text][\/vc_column][\/vc_row][vc_row css=&#8221;.vc_custom_1654702903517{margin-top: 0px !important;padding-top: 0px !important;padding-bottom: 0px !important;}&#8221;][vc_column width=&#8221;1\/2&#8243;][vc_column_text]Disa pacient\u00eb buz\u00ebqeshin me t\u00eb asht\u00ebquajtur\u00ebn buz\u00ebqeshje e lart\u00eb ose gummy smile. Nd\u00ebrkoh\u00eb zbulojn\u00eb pjes\u00eb t\u00eb madhe t\u00eb mishrave t\u00eb goj\u00ebs dhe k\u00ebshtu e prish estetik\u00ebn e buz\u00ebqeshjes. Problem shtes\u00eb \u00ebsht\u00eb n\u00ebse vija e mishrave t\u00eb [&hellip;]\" \/>\n<meta property=\"og:url\" content=\"https:\/\/eternadent.com.mk\/sq\/estetska-stomatologija\/lasersko-konturiranje-i-depigmentira\/\" \/>\n<meta property=\"og:site_name\" content=\"\u0415\u0422\u0415\u0420\u041d\u0410\u0434\u0435\u043d\u0442\" \/>\n<meta property=\"article:publisher\" content=\"https:\/\/www.facebook.com\/eternadentskopje\/\" \/>\n<meta property=\"article:modified_time\" content=\"2024-02-23T11:16:45+00:00\" \/>\n<meta property=\"og:image\" content=\"https:\/\/eternadent.com.mk\/wp-content\/uploads\/2023\/12\/eterna-logo-web.png\" \/>\n\t<meta property=\"og:image:width\" content=\"1200\" \/>\n\t<meta property=\"og:image:height\" content=\"675\" \/>\n\t<meta property=\"og:image:type\" content=\"image\/png\" \/>\n<meta name=\"twitter:card\" content=\"summary_large_image\" \/>\n<meta name=\"twitter:label1\" content=\"Est. reading time\" \/>\n\t<meta name=\"twitter:data1\" content=\"4 minutes\" \/>\n<script type=\"application\/ld+json\" class=\"yoast-schema-graph\">{\"@context\":\"https:\/\/schema.org\",\"@graph\":[{\"@type\":\"WebPage\",\"@id\":\"https:\/\/eternadent.com.mk\/sq\/estetska-stomatologija\/lasersko-konturiranje-i-depigmentira\/\",\"url\":\"https:\/\/eternadent.com.mk\/sq\/estetska-stomatologija\/lasersko-konturiranje-i-depigmentira\/\",\"name\":\"Konturimi dhe depigmentimi laserik - \u0415\u0422\u0415\u0420\u041d\u0410\u0434\u0435\u043d\u0442\",\"isPartOf\":{\"@id\":\"https:\/\/eternadent.com.mk\/#website\"},\"datePublished\":\"2022-04-08T14:03:24+00:00\",\"dateModified\":\"2024-02-23T11:16:45+00:00\",\"breadcrumb\":{\"@id\":\"https:\/\/eternadent.com.mk\/sq\/estetska-stomatologija\/lasersko-konturiranje-i-depigmentira\/#breadcrumb\"},\"inLanguage\":\"sq-AL\",\"potentialAction\":[{\"@type\":\"ReadAction\",\"target\":[\"https:\/\/eternadent.com.mk\/sq\/estetska-stomatologija\/lasersko-konturiranje-i-depigmentira\/\"]}]},{\"@type\":\"BreadcrumbList\",\"@id\":\"https:\/\/eternadent.com.mk\/sq\/estetska-stomatologija\/lasersko-konturiranje-i-depigmentira\/#breadcrumb\",\"itemListElement\":[{\"@type\":\"ListItem\",\"position\":1,\"name\":\"[wpseo_titles]breadcrumbs-\u041f\u043e\u0447\u0435\u0442\u043d\u0430\",\"item\":\"https:\/\/eternadent.com.mk\/sq\/\"},{\"@type\":\"ListItem\",\"position\":2,\"name\":\"Stomatologjia estetike\",\"item\":\"https:\/\/eternadent.com.mk\/sq\/estetska-stomatologija\/\"},{\"@type\":\"ListItem\",\"position\":3,\"name\":\"Konturimi dhe depigmentimi laserik\"}]},{\"@type\":\"WebSite\",\"@id\":\"https:\/\/eternadent.com.mk\/#website\",\"url\":\"https:\/\/eternadent.com.mk\/\",\"name\":\"ETERNAdent | \u0415\u0422\u0415\u0420\u041d\u0410\u0434\u0435\u043d\u0442\",\"description\":\"\u0412\u0410\u0428\u0410\u0422\u0410 \u041d\u041e\u0412\u0410 \u0417\u0414\u0420\u0410\u0412\u0410 \u041d\u0410\u0421\u041c\u0415\u0412\u041a\u0410\",\"publisher\":{\"@id\":\"https:\/\/eternadent.com.mk\/#organization\"},\"alternateName\":\"Eterna Dent | \u0415\u0442\u0435\u0440\u043d\u0430 \u0414\u0435\u043d\u0442\",\"potentialAction\":[{\"@type\":\"SearchAction\",\"target\":{\"@type\":\"EntryPoint\",\"urlTemplate\":\"https:\/\/eternadent.com.mk\/?s={search_term_string}\"},\"query-input\":{\"@type\":\"PropertyValueSpecification\",\"valueRequired\":true,\"valueName\":\"search_term_string\"}}],\"inLanguage\":\"sq-AL\"},{\"@type\":\"Organization\",\"@id\":\"https:\/\/eternadent.com.mk\/#organization\",\"name\":\"\u0415\u0422\u0415\u0420\u041d\u0410\u0434\u0435\u043d\u0442\",\"alternateName\":\"Eterna Dent\",\"url\":\"https:\/\/eternadent.com.mk\/\",\"logo\":{\"@type\":\"ImageObject\",\"inLanguage\":\"sq-AL\",\"@id\":\"https:\/\/eternadent.com.mk\/#\/schema\/logo\/image\/\",\"url\":\"https:\/\/eternadent.com.mk\/wp-content\/uploads\/2022\/04\/eterna-dent-logo-mk.png\",\"contentUrl\":\"https:\/\/eternadent.com.mk\/wp-content\/uploads\/2022\/04\/eterna-dent-logo-mk.png\",\"width\":842,\"height\":291,\"caption\":\"\u0415\u0422\u0415\u0420\u041d\u0410\u0434\u0435\u043d\u0442\"},\"image\":{\"@id\":\"https:\/\/eternadent.com.mk\/#\/schema\/logo\/image\/\"},\"sameAs\":[\"https:\/\/www.facebook.com\/eternadentskopje\/\",\"https:\/\/www.instagram.com\/eternadentskopje\/\"]}]}<\/script>\n<!-- \/ Yoast SEO Premium plugin. -->","yoast_head_json":{"title":"Konturimi dhe depigmentimi laserik - \u0415\u0422\u0415\u0420\u041d\u0410\u0434\u0435\u043d\u0442","robots":{"index":"index","follow":"follow","max-snippet":"max-snippet:-1","max-image-preview":"max-image-preview:large","max-video-preview":"max-video-preview:-1"},"canonical":"https:\/\/eternadent.com.mk\/sq\/estetska-stomatologija\/lasersko-konturiranje-i-depigmentira\/","og_locale":"sq_AL","og_type":"article","og_title":"Konturimi dhe depigmentimi laserik","og_description":"[vc_row css=&#8221;.vc_custom_1593853539015{margin-bottom: 0px !important;padding-bottom: 0px !important;}&#8221;][vc_column css=&#8221;.vc_custom_1593853547190{margin-bottom: 0px !important;padding-bottom: 0px !important;}&#8221;][vc_column_text] Konturimi laserik i gingiv\u00ebs (mish\u00ebrave) [\/vc_column_text][\/vc_column][\/vc_row][vc_row css=&#8221;.vc_custom_1654702903517{margin-top: 0px !important;padding-top: 0px !important;padding-bottom: 0px !important;}&#8221;][vc_column width=&#8221;1\/2&#8243;][vc_column_text]Disa pacient\u00eb buz\u00ebqeshin me t\u00eb asht\u00ebquajtur\u00ebn buz\u00ebqeshje e lart\u00eb ose gummy smile. Nd\u00ebrkoh\u00eb zbulojn\u00eb pjes\u00eb t\u00eb madhe t\u00eb mishrave t\u00eb goj\u00ebs dhe k\u00ebshtu e prish estetik\u00ebn e buz\u00ebqeshjes. Problem shtes\u00eb \u00ebsht\u00eb n\u00ebse vija e mishrave t\u00eb [&hellip;]","og_url":"https:\/\/eternadent.com.mk\/sq\/estetska-stomatologija\/lasersko-konturiranje-i-depigmentira\/","og_site_name":"\u0415\u0422\u0415\u0420\u041d\u0410\u0434\u0435\u043d\u0442","article_publisher":"https:\/\/www.facebook.com\/eternadentskopje\/","article_modified_time":"2024-02-23T11:16:45+00:00","og_image":[{"width":1200,"height":675,"url":"https:\/\/eternadent.com.mk\/wp-content\/uploads\/2023\/12\/eterna-logo-web.png","type":"image\/png"}],"twitter_card":"summary_large_image","twitter_misc":{"Est. reading time":"4 minutes"},"schema":{"@context":"https:\/\/schema.org","@graph":[{"@type":"WebPage","@id":"https:\/\/eternadent.com.mk\/sq\/estetska-stomatologija\/lasersko-konturiranje-i-depigmentira\/","url":"https:\/\/eternadent.com.mk\/sq\/estetska-stomatologija\/lasersko-konturiranje-i-depigmentira\/","name":"Konturimi dhe depigmentimi laserik - \u0415\u0422\u0415\u0420\u041d\u0410\u0434\u0435\u043d\u0442","isPartOf":{"@id":"https:\/\/eternadent.com.mk\/#website"},"datePublished":"2022-04-08T14:03:24+00:00","dateModified":"2024-02-23T11:16:45+00:00","breadcrumb":{"@id":"https:\/\/eternadent.com.mk\/sq\/estetska-stomatologija\/lasersko-konturiranje-i-depigmentira\/#breadcrumb"},"inLanguage":"sq-AL","potentialAction":[{"@type":"ReadAction","target":["https:\/\/eternadent.com.mk\/sq\/estetska-stomatologija\/lasersko-konturiranje-i-depigmentira\/"]}]},{"@type":"BreadcrumbList","@id":"https:\/\/eternadent.com.mk\/sq\/estetska-stomatologija\/lasersko-konturiranje-i-depigmentira\/#breadcrumb","itemListElement":[{"@type":"ListItem","position":1,"name":"[wpseo_titles]breadcrumbs-\u041f\u043e\u0447\u0435\u0442\u043d\u0430","item":"https:\/\/eternadent.com.mk\/sq\/"},{"@type":"ListItem","position":2,"name":"Stomatologjia estetike","item":"https:\/\/eternadent.com.mk\/sq\/estetska-stomatologija\/"},{"@type":"ListItem","position":3,"name":"Konturimi dhe depigmentimi laserik"}]},{"@type":"WebSite","@id":"https:\/\/eternadent.com.mk\/#website","url":"https:\/\/eternadent.com.mk\/","name":"ETERNAdent | \u0415\u0422\u0415\u0420\u041d\u0410\u0434\u0435\u043d\u0442","description":"\u0412\u0410\u0428\u0410\u0422\u0410 \u041d\u041e\u0412\u0410 \u0417\u0414\u0420\u0410\u0412\u0410 \u041d\u0410\u0421\u041c\u0415\u0412\u041a\u0410","publisher":{"@id":"https:\/\/eternadent.com.mk\/#organization"},"alternateName":"Eterna Dent | \u0415\u0442\u0435\u0440\u043d\u0430 \u0414\u0435\u043d\u0442","potentialAction":[{"@type":"SearchAction","target":{"@type":"EntryPoint","urlTemplate":"https:\/\/eternadent.com.mk\/?s={search_term_string}"},"query-input":{"@type":"PropertyValueSpecification","valueRequired":true,"valueName":"search_term_string"}}],"inLanguage":"sq-AL"},{"@type":"Organization","@id":"https:\/\/eternadent.com.mk\/#organization","name":"\u0415\u0422\u0415\u0420\u041d\u0410\u0434\u0435\u043d\u0442","alternateName":"Eterna Dent","url":"https:\/\/eternadent.com.mk\/","logo":{"@type":"ImageObject","inLanguage":"sq-AL","@id":"https:\/\/eternadent.com.mk\/#\/schema\/logo\/image\/","url":"https:\/\/eternadent.com.mk\/wp-content\/uploads\/2022\/04\/eterna-dent-logo-mk.png","contentUrl":"https:\/\/eternadent.com.mk\/wp-content\/uploads\/2022\/04\/eterna-dent-logo-mk.png","width":842,"height":291,"caption":"\u0415\u0422\u0415\u0420\u041d\u0410\u0434\u0435\u043d\u0442"},"image":{"@id":"https:\/\/eternadent.com.mk\/#\/schema\/logo\/image\/"},"sameAs":["https:\/\/www.facebook.com\/eternadentskopje\/","https:\/\/www.instagram.com\/eternadentskopje\/"]}]}},"_links":{"self":[{"href":"https:\/\/eternadent.com.mk\/sq\/wp-json\/wp\/v2\/pages\/3065","targetHints":{"allow":["GET"]}}],"collection":[{"href":"https:\/\/eternadent.com.mk\/sq\/wp-json\/wp\/v2\/pages"}],"about":[{"href":"https:\/\/eternadent.com.mk\/sq\/wp-json\/wp\/v2\/types\/page"}],"author":[{"embeddable":true,"href":"https:\/\/eternadent.com.mk\/sq\/wp-json\/wp\/v2\/users\/2"}],"replies":[{"embeddable":true,"href":"https:\/\/eternadent.com.mk\/sq\/wp-json\/wp\/v2\/comments?post=3065"}],"version-history":[{"count":7,"href":"https:\/\/eternadent.com.mk\/sq\/wp-json\/wp\/v2\/pages\/3065\/revisions"}],"predecessor-version":[{"id":3463,"href":"https:\/\/eternadent.com.mk\/sq\/wp-json\/wp\/v2\/pages\/3065\/revisions\/3463"}],"up":[{"embeddable":true,"href":"https:\/\/eternadent.com.mk\/sq\/wp-json\/wp\/v2\/pages\/3056"}],"wp:attachment":[{"href":"https:\/\/eternadent.com.mk\/sq\/wp-json\/wp\/v2\/media?parent=3065"}],"curies":[{"name":"wp","href":"https:\/\/api.w.org\/{rel}","templated":true}]}}