{"id":3056,"date":"2020-05-04T16:07:12","date_gmt":"2020-05-04T14:07:12","guid":{"rendered":"https:\/\/eternadent.com.mk\/estetska-stomatologija\/"},"modified":"2022-08-25T14:28:34","modified_gmt":"2022-08-25T12:28:34","slug":"estetska-stomatologija","status":"publish","type":"page","link":"https:\/\/eternadent.com.mk\/sq\/estetska-stomatologija\/","title":{"rendered":"Stomatologjia estetike"},"content":{"rendered":"<div class=\"wpb-content-wrapper\">[vc_row css=&#8221;.vc_custom_1593848546474{margin-bottom: 0px !important;padding-bottom: 0px !important;}&#8221;][vc_column css=&#8221;.vc_custom_1593848556618{margin-bottom: 0px !important;padding-bottom: 0px !important;}&#8221;][vc_column_text]\n<h2>Stomatologjia estetike<\/h2>\n[\/vc_column_text][\/vc_column][\/vc_row][vc_row css=&#8221;.vc_custom_1593848571910{margin-top: 0px !important;margin-bottom: 0px !important;padding-top: 0px !important;padding-bottom: 0px !important;}&#8221;][vc_column width=&#8221;1\/2&#8243; css=&#8221;.vc_custom_1593848585325{margin-top: 0px !important;margin-bottom: 0px !important;padding-top: 0px !important;padding-bottom: 0px !important;}&#8221;][vc_column_text]Buz\u00ebqeshja e shk\u00eblqyer mund t\u00eb rris\u00eb vet\u00ebbesimin dhe me k\u00ebt\u00eb suksesin tuaj n\u00eb planin social, profesional dhe privat. E v\u00ebrteta \u00ebsht\u00eb se njer\u00ebzit p\u00ebrshtypjen e par\u00eb p\u00ebr vete e l\u00ebn\u00eb n\u00eb baz\u00eb t\u00eb pamjes. Stomatologjia e sotme ofron m\u00ebnyr\u00eb t\u00eb padhimbshme p\u00ebr t\u00eb patur nj\u00eb buz\u00ebqeshje t\u00eb shk\u00eblqyer dhe prandaj mos lejoni q\u00eb dh\u00ebmb\u00ebt e k\u00ebqinj t\u00eb shkat\u00ebrrojn\u00eb vet\u00ebbesimin tuaj n\u00eb plan personal dhe profesional. K\u00ebrkoni nga stomatologu juaj n\u00eb ETERNAdent t\u00eb b\u00ebj vler\u00ebsim t\u00eb buz\u00ebqeshjes tuaj dhe t\u00eb ofroj\u00eb zgjidhjet e mundshme se si t\u00eb arrini n\u00eb buz\u00ebqeshjen e shk\u00eblqyer hollivudiane.<\/p>\n<p>Problemet m\u00eb t\u00eb shpeshta nga t\u00eb cilat vuajn\u00eb pacient\u00ebt jan\u00eb:<\/p>\n<ul>\n<li>Dh\u00ebmb\u00ebt e err\u00ebta<\/li>\n<li>Hap\u00ebsira e pabarabart\u00eb e dh\u00ebmb\u00ebve<\/li>\n<li>Mbushjet e err\u00ebsuara\/ mbushjet metalike<\/li>\n<li>Pjes\u00eb e madhe e dukshme nga mish\u00ebrat gjat\u00eb buz\u00ebqeshjes (gummy smile)<\/li>\n<li>Mish\u00ebra t\u00eb pigmentuar<\/li>\n<li>Vij\u00eb t\u00eb prishur t\u00eb mesme t\u00eb dh\u00ebmb\u00ebve (asimetri) etj.<\/li>\n<\/ul>\n[\/vc_column_text][\/vc_column][vc_column width=&#8221;1\/2&#8243; css=&#8221;.vc_custom_1593848594566{margin-top: 0px !important;margin-bottom: 0px !important;padding-top: 0px !important;padding-bottom: 0px !important;}&#8221;]<div class='images-comparison__container  '><div class='images-comparison' data-default_offset_pct='0.5' data-orientation='horizontal' data-el_css=''><img loading=\"lazy\" decoding=\"async\" width=\"660\" height=\"370\" src=\"https:\/\/eternadent.com.mk\/wp-content\/uploads\/2022\/04\/estetika-pred.png\" class=\"attachment-large size-large\" alt=\"\" srcset=\"https:\/\/eternadent.com.mk\/wp-content\/uploads\/2022\/04\/estetika-pred.png 811w, https:\/\/eternadent.com.mk\/wp-content\/uploads\/2022\/04\/estetika-pred-300x168.png 300w, https:\/\/eternadent.com.mk\/wp-content\/uploads\/2022\/04\/estetika-pred-768x431.png 768w\" sizes=\"auto, (max-width: 660px) 100vw, 660px\" \/><img loading=\"lazy\" decoding=\"async\" width=\"660\" height=\"370\" src=\"https:\/\/eternadent.com.mk\/wp-content\/uploads\/2022\/04\/estetika-potoa.png\" class=\"attachment-large size-large\" alt=\"\" srcset=\"https:\/\/eternadent.com.mk\/wp-content\/uploads\/2022\/04\/estetika-potoa.png 811w, https:\/\/eternadent.com.mk\/wp-content\/uploads\/2022\/04\/estetika-potoa-300x168.png 300w, https:\/\/eternadent.com.mk\/wp-content\/uploads\/2022\/04\/estetika-potoa-768x431.png 768w\" sizes=\"auto, (max-width: 660px) 100vw, 660px\" \/><\/div><\/div>[\/vc_column][\/vc_row][vc_row css=&#8221;.vc_custom_1654702554651{padding-top: 0px !important;padding-bottom: 0px !important;}&#8221;][vc_column][vc_column_text]Bashk\u00eb me pacientin ne kemi p\u00ebrkufizuar t\u00ebr\u00ebsisht <strong>problemin real me pamjen estetike<\/strong> dhe at\u00eb q\u00eb i pengon pacientit. N\u00eb baz\u00eb t\u00eb asaj ne p\u00ebrgatisim plan t\u00eb t\u00ebr\u00ebsish\u00ebm me t\u00eb cilin ne arrijm\u00eb pamjen e d\u00ebshiruar te pacienti.<br \/>\nAjo q\u00eb \u00ebsht\u00eb m\u00eb e <strong>r\u00ebnd\u00ebsishme \u00ebsht\u00eb q\u00eb pacienti t\u00eb ket\u00eb nj\u00eb ide se si do t\u00eb duket buzeqeshja<\/strong> e tij pas trajtimeve estetike. N\u00eb ETERNAdent kemi disa metoda t\u00eb ndryshme at\u00eb q\u00eb mund t\u2019ju ofrojm\u00eb se \u00e7far\u00eb mund t\u00eb arrijm\u00eb ne, p\u00ebr shembull: Faceta estetike apo zbardhje t\u00eb dh\u00ebmb\u00ebve, para se t\u00eb vendosni p\u00ebr trajtim.<br \/>\nGjithashtu, <strong>protokolli i p\u00ebrcaktuar n\u00eb m\u00ebnyr\u00eb speciale i procedurave<\/strong> n\u00eb ordinanc\u00ebn ton\u00eb na jep siguri dhe q\u00ebndrueshm\u00ebri afatgjate shtes\u00eb t\u00eb produkteve. D\u00ebmin m\u00eb t\u00eb madh q\u00eb ju mund t\u2019ua b\u00ebni dh\u00ebmb\u00ebve dhe mish\u00ebrave tuaj t\u00eb dh\u00ebmb\u00ebve dhe mish\u00ebrave \u00ebsht\u00eb q\u00eb drejt\u00ebp\u00ebrdrejt\u00eb t\u00eb p\u00ebrfshiheni n\u00eb rekonstruktim protetik dhe estetik n\u00eb indin t\u00eb pap\u00ebrgatitur m\u00eb par\u00eb (sidomos n\u00ebse vuani nga mish\u00ebrat q\u00eb kan\u00eb ndezje dhe jan\u00eb t\u00eb s\u00ebmur\u00eb). Ata zgjidhje jan\u00eb afatgjate dhe gjithmon\u00eb jan\u00eb m\u00eb t\u00eb shtrenjta, duke i patur si dh\u00ebmb\u00eb dhe produkte t\u00eb reja.<br \/>\nSTOMATOLOGJIA ESTETIKE \u00ebsht\u00eb kombinim i t\u00eb gjith\u00eb deg\u00ebve t\u00eb stomatologjis\u00eb me \u00e7rast shfryt\u00ebzohen materiale shum\u00eb estetike. K\u00ebtu b\u00ebjn\u00eb pjes\u00eb k\u00ebto procedura:[\/vc_column_text][\/vc_column][\/vc_row][vc_row full_width=&#8221;stretch_row&#8221; css=&#8221;.vc_custom_1654721589536{padding-top: 20px !important;background-color: #f7f7f7 !important;}&#8221;][vc_column][vc_column_text]\n<h2 class=\"special-title\" style=\"text-align: center;\">Stomatologjia estetike<\/h2>\n[\/vc_column_text][\/vc_column][vc_column width=&#8221;1\/5&#8243;]<div class='xtd-card  '>\n  <a href='https:\/\/eternadent.com.mk\/estetska-stomatologija\/belenje-na-zabi\/' target=''><img loading=\"lazy\" decoding=\"async\" width=\"660\" height=\"504\" src=\"https:\/\/eternadent.com.mk\/wp-content\/uploads\/2022\/04\/belenje-cover.png\" class=\"attachment-large size-large\" alt=\"\" srcset=\"https:\/\/eternadent.com.mk\/wp-content\/uploads\/2022\/04\/belenje-cover.png 660w, https:\/\/eternadent.com.mk\/wp-content\/uploads\/2022\/04\/belenje-cover-300x229.png 300w\" sizes=\"auto, (max-width: 660px) 100vw, 660px\" \/><\/a>  <div class='xtd-card__info'>\n        <div class='xtd-card__title h4'>\n      <div>\n        Zbardhja e dh\u00ebmb\u00ebve              <\/div>\n    <\/div>\n      <div class='xtd-card__content'>\n          <\/div>\n          <a href=\"https:\/\/eternadent.com.mk\/estetska-stomatologija\/belenje-na-zabi\/\" class=\"btn btn-link btn-sm\">\u0414\u043e\u0437\u043d\u0430\u0458 \u043f\u043e\u0432\u0435\u045c\u0435<\/a>\n      <\/div>\n<\/div>\n[\/vc_column][vc_column width=&#8221;1\/5&#8243;]<div class='xtd-card  '>\n  <a href='https:\/\/eternadent.com.mk\/estetska-stomatologija\/lasersko-konturiranje-i-depigmentira\/' target=''><img loading=\"lazy\" decoding=\"async\" width=\"660\" height=\"504\" src=\"https:\/\/eternadent.com.mk\/wp-content\/uploads\/2022\/04\/konturiraje-cover.png\" class=\"attachment-large size-large\" alt=\"\" srcset=\"https:\/\/eternadent.com.mk\/wp-content\/uploads\/2022\/04\/konturiraje-cover.png 660w, https:\/\/eternadent.com.mk\/wp-content\/uploads\/2022\/04\/konturiraje-cover-300x229.png 300w\" sizes=\"auto, (max-width: 660px) 100vw, 660px\" \/><\/a>  <div class='xtd-card__info'>\n        <div class='xtd-card__title h4'>\n      <div>\n        Konturimi dhe depigmentimi laserik              <\/div>\n    <\/div>\n      <div class='xtd-card__content'>\n          <\/div>\n          <a href=\"https:\/\/eternadent.com.mk\/estetska-stomatologija\/lasersko-konturiranje-i-depigmentira\/\" class=\"btn btn-link btn-sm\">\u0414\u043e\u0437\u043d\u0430\u0458 \u043f\u043e\u0432\u0435\u045c\u0435<\/a>\n      <\/div>\n<\/div>\n[\/vc_column][vc_column width=&#8221;1\/5&#8243;]<div class='xtd-card  '>\n  <a href='https:\/\/eternadent.com.mk\/protetika\/faseti\/' target=''><img loading=\"lazy\" decoding=\"async\" width=\"660\" height=\"504\" src=\"https:\/\/eternadent.com.mk\/wp-content\/uploads\/2022\/04\/faseti-cover.png\" class=\"attachment-large size-large\" alt=\"\" srcset=\"https:\/\/eternadent.com.mk\/wp-content\/uploads\/2022\/04\/faseti-cover.png 660w, https:\/\/eternadent.com.mk\/wp-content\/uploads\/2022\/04\/faseti-cover-300x229.png 300w\" sizes=\"auto, (max-width: 660px) 100vw, 660px\" \/><\/a>  <div class='xtd-card__info'>\n        <div class='xtd-card__title h4'>\n      <div>\n        Facetat              <\/div>\n    <\/div>\n      <div class='xtd-card__content'>\n          <\/div>\n          <a href=\"https:\/\/eternadent.com.mk\/protetika\/faseti\/\" class=\"btn btn-link btn-sm\">\u0414\u043e\u0437\u043d\u0430\u0458 \u043f\u043e\u0432\u0435\u045c\u0435<\/a>\n      <\/div>\n<\/div>\n[\/vc_column][vc_column width=&#8221;1\/5&#8243;]<div class='xtd-card  '>\n  <a href='https:\/\/eternadent.com.mk\/estetska-stomatologija\/porcelanski-inlei-i-onlei\/' target=''><img loading=\"lazy\" decoding=\"async\" width=\"660\" height=\"504\" src=\"https:\/\/eternadent.com.mk\/wp-content\/uploads\/2022\/04\/inlej-cover.png\" class=\"attachment-large size-large\" alt=\"\" srcset=\"https:\/\/eternadent.com.mk\/wp-content\/uploads\/2022\/04\/inlej-cover.png 660w, https:\/\/eternadent.com.mk\/wp-content\/uploads\/2022\/04\/inlej-cover-300x229.png 300w\" sizes=\"auto, (max-width: 660px) 100vw, 660px\" \/><\/a>  <div class='xtd-card__info'>\n        <div class='xtd-card__title h4'>\n      <div>\n        Inlei dhe onlei nga porcelani              <\/div>\n    <\/div>\n      <div class='xtd-card__content'>\n          <\/div>\n          <a href=\"https:\/\/eternadent.com.mk\/estetska-stomatologija\/porcelanski-inlei-i-onlei\/\" class=\"btn btn-link btn-sm\">\u0414\u043e\u0437\u043d\u0430\u0458 \u043f\u043e\u0432\u0435\u045c\u0435<\/a>\n      <\/div>\n<\/div>\n[\/vc_column][vc_column width=&#8221;1\/5&#8243; css=&#8221;.vc_custom_1655824330139{padding-bottom: 20px !important;}&#8221;]<div class='xtd-card  '>\n  <a href='https:\/\/eternadent.com.mk\/protetika\/alajneri\/' target=''><img loading=\"lazy\" decoding=\"async\" width=\"660\" height=\"504\" src=\"https:\/\/eternadent.com.mk\/wp-content\/uploads\/2022\/04\/alajneri-cover.png\" class=\"attachment-large size-large\" alt=\"\" srcset=\"https:\/\/eternadent.com.mk\/wp-content\/uploads\/2022\/04\/alajneri-cover.png 660w, https:\/\/eternadent.com.mk\/wp-content\/uploads\/2022\/04\/alajneri-cover-300x229.png 300w\" sizes=\"auto, (max-width: 660px) 100vw, 660px\" \/><\/a>  <div class='xtd-card__info'>\n        <div class='xtd-card__title h4'>\n      <div>\n        Alajner\u00ebt              <\/div>\n    <\/div>\n      <div class='xtd-card__content'>\n          <\/div>\n          <a href=\"https:\/\/eternadent.com.mk\/protetika\/alajneri\/\" class=\"btn btn-link btn-sm\">\u0414\u043e\u0437\u043d\u0430\u0458 \u043f\u043e\u0432\u0435\u045c\u0435<\/a>\n      <\/div>\n<\/div>\n[\/vc_column][\/vc_row]\n<\/div>","protected":false},"excerpt":{"rendered":"<p>[vc_row css=&#8221;.vc_custom_1593848546474{margin-bottom: 0px !important;padding-bottom: 0px !important;}&#8221;][vc_column css=&#8221;.vc_custom_1593848556618{margin-bottom: 0px !important;padding-bottom: 0px !important;}&#8221;][vc_column_text] Stomatologjia estetike [\/vc_column_text][\/vc_column][\/vc_row][vc_row css=&#8221;.vc_custom_1593848571910{margin-top: 0px !important;margin-bottom: 0px !important;padding-top: 0px !important;padding-bottom: 0px !important;}&#8221;][vc_column width=&#8221;1\/2&#8243; css=&#8221;.vc_custom_1593848585325{margin-top: 0px !important;margin-bottom: 0px !important;padding-top: 0px !important;padding-bottom: 0px !important;}&#8221;][vc_column_text]Buz\u00ebqeshja e shk\u00eblqyer mund t\u00eb rris\u00eb vet\u00ebbesimin dhe me k\u00ebt\u00eb suksesin tuaj n\u00eb planin social, profesional dhe privat. E v\u00ebrteta \u00ebsht\u00eb se njer\u00ebzit p\u00ebrshtypjen e par\u00eb p\u00ebr vete [&hellip;]<\/p>\n","protected":false},"author":1,"featured_media":0,"parent":0,"menu_order":0,"comment_status":"closed","ping_status":"closed","template":"","meta":{"inline_featured_image":false,"footnotes":""},"class_list":["post-3056","page","type-page","status-publish","hentry"],"yoast_head":"<!-- This site is optimized with the Yoast SEO Premium plugin v24.7 (Yoast SEO v24.8.1) - https:\/\/yoast.com\/wordpress\/plugins\/seo\/ -->\n<title>Stomatologjia estetike - \u0415\u0422\u0415\u0420\u041d\u0410\u0434\u0435\u043d\u0442<\/title>\n<meta name=\"robots\" content=\"index, follow, max-snippet:-1, max-image-preview:large, max-video-preview:-1\" \/>\n<link rel=\"canonical\" href=\"https:\/\/eternadent.com.mk\/sq\/estetska-stomatologija\/\" \/>\n<meta property=\"og:locale\" content=\"sq_AL\" \/>\n<meta property=\"og:type\" content=\"article\" \/>\n<meta property=\"og:title\" content=\"Stomatologjia estetike\" \/>\n<meta property=\"og:description\" content=\"[vc_row css=&#8221;.vc_custom_1593848546474{margin-bottom: 0px !important;padding-bottom: 0px !important;}&#8221;][vc_column css=&#8221;.vc_custom_1593848556618{margin-bottom: 0px !important;padding-bottom: 0px !important;}&#8221;][vc_column_text] Stomatologjia estetike [\/vc_column_text][\/vc_column][\/vc_row][vc_row css=&#8221;.vc_custom_1593848571910{margin-top: 0px !important;margin-bottom: 0px !important;padding-top: 0px !important;padding-bottom: 0px !important;}&#8221;][vc_column width=&#8221;1\/2&#8243; css=&#8221;.vc_custom_1593848585325{margin-top: 0px !important;margin-bottom: 0px !important;padding-top: 0px !important;padding-bottom: 0px !important;}&#8221;][vc_column_text]Buz\u00ebqeshja e shk\u00eblqyer mund t\u00eb rris\u00eb vet\u00ebbesimin dhe me k\u00ebt\u00eb suksesin tuaj n\u00eb planin social, profesional dhe privat. E v\u00ebrteta \u00ebsht\u00eb se njer\u00ebzit p\u00ebrshtypjen e par\u00eb p\u00ebr vete [&hellip;]\" \/>\n<meta property=\"og:url\" content=\"https:\/\/eternadent.com.mk\/sq\/estetska-stomatologija\/\" \/>\n<meta property=\"og:site_name\" content=\"\u0415\u0422\u0415\u0420\u041d\u0410\u0434\u0435\u043d\u0442\" \/>\n<meta property=\"article:publisher\" content=\"https:\/\/www.facebook.com\/eternadentskopje\/\" \/>\n<meta property=\"article:modified_time\" content=\"2022-08-25T12:28:34+00:00\" \/>\n<meta property=\"og:image\" content=\"https:\/\/eternadent.com.mk\/wp-content\/uploads\/2023\/12\/eterna-logo-web.png\" \/>\n\t<meta property=\"og:image:width\" content=\"1200\" \/>\n\t<meta property=\"og:image:height\" content=\"675\" \/>\n\t<meta property=\"og:image:type\" content=\"image\/png\" \/>\n<meta name=\"twitter:card\" content=\"summary_large_image\" \/>\n<meta name=\"twitter:label1\" content=\"Est. reading time\" \/>\n\t<meta name=\"twitter:data1\" content=\"4 minutes\" \/>\n<script type=\"application\/ld+json\" class=\"yoast-schema-graph\">{\"@context\":\"https:\/\/schema.org\",\"@graph\":[{\"@type\":\"WebPage\",\"@id\":\"https:\/\/eternadent.com.mk\/sq\/estetska-stomatologija\/\",\"url\":\"https:\/\/eternadent.com.mk\/sq\/estetska-stomatologija\/\",\"name\":\"Stomatologjia estetike - \u0415\u0422\u0415\u0420\u041d\u0410\u0434\u0435\u043d\u0442\",\"isPartOf\":{\"@id\":\"https:\/\/eternadent.com.mk\/#website\"},\"datePublished\":\"2020-05-04T14:07:12+00:00\",\"dateModified\":\"2022-08-25T12:28:34+00:00\",\"breadcrumb\":{\"@id\":\"https:\/\/eternadent.com.mk\/sq\/estetska-stomatologija\/#breadcrumb\"},\"inLanguage\":\"sq-AL\",\"potentialAction\":[{\"@type\":\"ReadAction\",\"target\":[\"https:\/\/eternadent.com.mk\/sq\/estetska-stomatologija\/\"]}]},{\"@type\":\"BreadcrumbList\",\"@id\":\"https:\/\/eternadent.com.mk\/sq\/estetska-stomatologija\/#breadcrumb\",\"itemListElement\":[{\"@type\":\"ListItem\",\"position\":1,\"name\":\"[wpseo_titles]breadcrumbs-\u041f\u043e\u0447\u0435\u0442\u043d\u0430\",\"item\":\"https:\/\/eternadent.com.mk\/sq\/\"},{\"@type\":\"ListItem\",\"position\":2,\"name\":\"Stomatologjia estetike\"}]},{\"@type\":\"WebSite\",\"@id\":\"https:\/\/eternadent.com.mk\/#website\",\"url\":\"https:\/\/eternadent.com.mk\/\",\"name\":\"ETERNAdent | \u0415\u0422\u0415\u0420\u041d\u0410\u0434\u0435\u043d\u0442\",\"description\":\"\u0412\u0410\u0428\u0410\u0422\u0410 \u041d\u041e\u0412\u0410 \u0417\u0414\u0420\u0410\u0412\u0410 \u041d\u0410\u0421\u041c\u0415\u0412\u041a\u0410\",\"publisher\":{\"@id\":\"https:\/\/eternadent.com.mk\/#organization\"},\"alternateName\":\"Eterna Dent | \u0415\u0442\u0435\u0440\u043d\u0430 \u0414\u0435\u043d\u0442\",\"potentialAction\":[{\"@type\":\"SearchAction\",\"target\":{\"@type\":\"EntryPoint\",\"urlTemplate\":\"https:\/\/eternadent.com.mk\/?s={search_term_string}\"},\"query-input\":{\"@type\":\"PropertyValueSpecification\",\"valueRequired\":true,\"valueName\":\"search_term_string\"}}],\"inLanguage\":\"sq-AL\"},{\"@type\":\"Organization\",\"@id\":\"https:\/\/eternadent.com.mk\/#organization\",\"name\":\"\u0415\u0422\u0415\u0420\u041d\u0410\u0434\u0435\u043d\u0442\",\"alternateName\":\"Eterna Dent\",\"url\":\"https:\/\/eternadent.com.mk\/\",\"logo\":{\"@type\":\"ImageObject\",\"inLanguage\":\"sq-AL\",\"@id\":\"https:\/\/eternadent.com.mk\/#\/schema\/logo\/image\/\",\"url\":\"https:\/\/eternadent.com.mk\/wp-content\/uploads\/2022\/04\/eterna-dent-logo-mk.png\",\"contentUrl\":\"https:\/\/eternadent.com.mk\/wp-content\/uploads\/2022\/04\/eterna-dent-logo-mk.png\",\"width\":842,\"height\":291,\"caption\":\"\u0415\u0422\u0415\u0420\u041d\u0410\u0434\u0435\u043d\u0442\"},\"image\":{\"@id\":\"https:\/\/eternadent.com.mk\/#\/schema\/logo\/image\/\"},\"sameAs\":[\"https:\/\/www.facebook.com\/eternadentskopje\/\",\"https:\/\/www.instagram.com\/eternadentskopje\/\"]}]}<\/script>\n<!-- \/ Yoast SEO Premium plugin. -->","yoast_head_json":{"title":"Stomatologjia estetike - \u0415\u0422\u0415\u0420\u041d\u0410\u0434\u0435\u043d\u0442","robots":{"index":"index","follow":"follow","max-snippet":"max-snippet:-1","max-image-preview":"max-image-preview:large","max-video-preview":"max-video-preview:-1"},"canonical":"https:\/\/eternadent.com.mk\/sq\/estetska-stomatologija\/","og_locale":"sq_AL","og_type":"article","og_title":"Stomatologjia estetike","og_description":"[vc_row css=&#8221;.vc_custom_1593848546474{margin-bottom: 0px !important;padding-bottom: 0px !important;}&#8221;][vc_column css=&#8221;.vc_custom_1593848556618{margin-bottom: 0px !important;padding-bottom: 0px !important;}&#8221;][vc_column_text] Stomatologjia estetike [\/vc_column_text][\/vc_column][\/vc_row][vc_row css=&#8221;.vc_custom_1593848571910{margin-top: 0px !important;margin-bottom: 0px !important;padding-top: 0px !important;padding-bottom: 0px !important;}&#8221;][vc_column width=&#8221;1\/2&#8243; css=&#8221;.vc_custom_1593848585325{margin-top: 0px !important;margin-bottom: 0px !important;padding-top: 0px !important;padding-bottom: 0px !important;}&#8221;][vc_column_text]Buz\u00ebqeshja e shk\u00eblqyer mund t\u00eb rris\u00eb vet\u00ebbesimin dhe me k\u00ebt\u00eb suksesin tuaj n\u00eb planin social, profesional dhe privat. E v\u00ebrteta \u00ebsht\u00eb se njer\u00ebzit p\u00ebrshtypjen e par\u00eb p\u00ebr vete [&hellip;]","og_url":"https:\/\/eternadent.com.mk\/sq\/estetska-stomatologija\/","og_site_name":"\u0415\u0422\u0415\u0420\u041d\u0410\u0434\u0435\u043d\u0442","article_publisher":"https:\/\/www.facebook.com\/eternadentskopje\/","article_modified_time":"2022-08-25T12:28:34+00:00","og_image":[{"width":1200,"height":675,"url":"https:\/\/eternadent.com.mk\/wp-content\/uploads\/2023\/12\/eterna-logo-web.png","type":"image\/png"}],"twitter_card":"summary_large_image","twitter_misc":{"Est. reading time":"4 minutes"},"schema":{"@context":"https:\/\/schema.org","@graph":[{"@type":"WebPage","@id":"https:\/\/eternadent.com.mk\/sq\/estetska-stomatologija\/","url":"https:\/\/eternadent.com.mk\/sq\/estetska-stomatologija\/","name":"Stomatologjia estetike - \u0415\u0422\u0415\u0420\u041d\u0410\u0434\u0435\u043d\u0442","isPartOf":{"@id":"https:\/\/eternadent.com.mk\/#website"},"datePublished":"2020-05-04T14:07:12+00:00","dateModified":"2022-08-25T12:28:34+00:00","breadcrumb":{"@id":"https:\/\/eternadent.com.mk\/sq\/estetska-stomatologija\/#breadcrumb"},"inLanguage":"sq-AL","potentialAction":[{"@type":"ReadAction","target":["https:\/\/eternadent.com.mk\/sq\/estetska-stomatologija\/"]}]},{"@type":"BreadcrumbList","@id":"https:\/\/eternadent.com.mk\/sq\/estetska-stomatologija\/#breadcrumb","itemListElement":[{"@type":"ListItem","position":1,"name":"[wpseo_titles]breadcrumbs-\u041f\u043e\u0447\u0435\u0442\u043d\u0430","item":"https:\/\/eternadent.com.mk\/sq\/"},{"@type":"ListItem","position":2,"name":"Stomatologjia estetike"}]},{"@type":"WebSite","@id":"https:\/\/eternadent.com.mk\/#website","url":"https:\/\/eternadent.com.mk\/","name":"ETERNAdent | \u0415\u0422\u0415\u0420\u041d\u0410\u0434\u0435\u043d\u0442","description":"\u0412\u0410\u0428\u0410\u0422\u0410 \u041d\u041e\u0412\u0410 \u0417\u0414\u0420\u0410\u0412\u0410 \u041d\u0410\u0421\u041c\u0415\u0412\u041a\u0410","publisher":{"@id":"https:\/\/eternadent.com.mk\/#organization"},"alternateName":"Eterna Dent | \u0415\u0442\u0435\u0440\u043d\u0430 \u0414\u0435\u043d\u0442","potentialAction":[{"@type":"SearchAction","target":{"@type":"EntryPoint","urlTemplate":"https:\/\/eternadent.com.mk\/?s={search_term_string}"},"query-input":{"@type":"PropertyValueSpecification","valueRequired":true,"valueName":"search_term_string"}}],"inLanguage":"sq-AL"},{"@type":"Organization","@id":"https:\/\/eternadent.com.mk\/#organization","name":"\u0415\u0422\u0415\u0420\u041d\u0410\u0434\u0435\u043d\u0442","alternateName":"Eterna Dent","url":"https:\/\/eternadent.com.mk\/","logo":{"@type":"ImageObject","inLanguage":"sq-AL","@id":"https:\/\/eternadent.com.mk\/#\/schema\/logo\/image\/","url":"https:\/\/eternadent.com.mk\/wp-content\/uploads\/2022\/04\/eterna-dent-logo-mk.png","contentUrl":"https:\/\/eternadent.com.mk\/wp-content\/uploads\/2022\/04\/eterna-dent-logo-mk.png","width":842,"height":291,"caption":"\u0415\u0422\u0415\u0420\u041d\u0410\u0434\u0435\u043d\u0442"},"image":{"@id":"https:\/\/eternadent.com.mk\/#\/schema\/logo\/image\/"},"sameAs":["https:\/\/www.facebook.com\/eternadentskopje\/","https:\/\/www.instagram.com\/eternadentskopje\/"]}]}},"_links":{"self":[{"href":"https:\/\/eternadent.com.mk\/sq\/wp-json\/wp\/v2\/pages\/3056","targetHints":{"allow":["GET"]}}],"collection":[{"href":"https:\/\/eternadent.com.mk\/sq\/wp-json\/wp\/v2\/pages"}],"about":[{"href":"https:\/\/eternadent.com.mk\/sq\/wp-json\/wp\/v2\/types\/page"}],"author":[{"embeddable":true,"href":"https:\/\/eternadent.com.mk\/sq\/wp-json\/wp\/v2\/users\/1"}],"replies":[{"embeddable":true,"href":"https:\/\/eternadent.com.mk\/sq\/wp-json\/wp\/v2\/comments?post=3056"}],"version-history":[{"count":6,"href":"https:\/\/eternadent.com.mk\/sq\/wp-json\/wp\/v2\/pages\/3056\/revisions"}],"predecessor-version":[{"id":3062,"href":"https:\/\/eternadent.com.mk\/sq\/wp-json\/wp\/v2\/pages\/3056\/revisions\/3062"}],"wp:attachment":[{"href":"https:\/\/eternadent.com.mk\/sq\/wp-json\/wp\/v2\/media?parent=3056"}],"curies":[{"name":"wp","href":"https:\/\/api.w.org\/{rel}","templated":true}]}}