{"id":3053,"date":"2020-06-12T10:28:19","date_gmt":"2020-06-12T08:28:19","guid":{"rendered":"https:\/\/eternadent.com.mk\/restavrativna-stomatologija\/"},"modified":"2022-08-25T14:21:46","modified_gmt":"2022-08-25T12:21:46","slug":"restavrativna-stomatologija","status":"publish","type":"page","link":"https:\/\/eternadent.com.mk\/sq\/restavrativna-stomatologija\/","title":{"rendered":"STOMATOLOGJIA RESTORATIVE"},"content":{"rendered":"<div class=\"wpb-content-wrapper\">[vc_row css=&#8221;.vc_custom_1593846975271{margin-bottom: 0px !important;padding-bottom: 0px !important;}&#8221;][vc_column css=&#8221;.vc_custom_1593846984395{margin-bottom: 0px !important;padding-bottom: 0px !important;}&#8221;][vc_column_text]\n<h2>STOMATOLOGJIA RESTORATIVE<\/h2>\n[\/vc_column_text][vc_column_text]Materiet moderne stomatologjike n\u00eb kombinim me njohurit\u00eb dhe shkatht\u00ebsit\u00eb e ekipit ton\u00eb, na mund\u00ebsojm\u00eb t\u00eb krijojm\u00eb buz\u00ebqeshje t\u00eb shk\u00eblqyer me nd\u00ebrrim t\u00eb thjesht\u00eb t\u00eb mbushjeve t\u00eb vjetra me t\u00eb reja. N\u00eb ETERNAdent shfryt\u00ebzojm\u00eb gjeneratat e fundit t\u00eb materialeve restorative t\u00eb cilat n\u00eb t\u00eb nj\u00ebjt\u00ebn koh\u00eb na garantojn\u00eb estetik\u00eb t\u00eb lart\u00eb, transparenc\u00eb, pamje natyrore dhe q\u00ebndrueshm\u00ebri n\u00eb presion dhe rezistenc\u00eb t\u00eb madhe pa l\u00ebshim t\u00eb karakteristikave mekanike t\u00eb materialit.[\/vc_column_text][\/vc_column][\/vc_row][vc_row content_placement=&#8221;top&#8221; curly_padding=&#8221;content-padding-none&#8221; css=&#8221;.vc_custom_1654702260542{margin-top: 0px !important;margin-bottom: 0px !important;padding-top: 0px !important;padding-bottom: 30px !important;}&#8221;][vc_column width=&#8221;2\/3&#8243; offset=&#8221;vc_col-lg-offset-0 vc_col-sm-offset-1&#8243;][vc_column_text]<strong>INLEI DHE ONLEI NGA PORCELANI<\/strong><\/p>\n<p>Inlei dhe onlei nga porcelani jan\u00eb alternativ\u00eb shum\u00eb estetike\u2013mbushje t\u00eb bardha. Ata kan\u00eb rezistenc\u00eb shum\u00eb t\u00eb lart\u00eb ndaj presionit dhe jan\u00eb zgjidhje e shk\u00eblqyer p\u00ebr mbushje t\u00eb m\u00ebdha an\u00ebsore. Inlei dhe onlei restaurojn\u00eb d\u00ebmtime t\u00eb m\u00ebdha t\u00eb supstanc\u00ebs t\u00eb fort\u00eb t\u00eb dh\u00ebmb\u00ebve sidomos n\u00eb zon\u00ebn an\u00ebsore ku presioni nga p\u00ebrtypja \u00ebsht\u00eb mjaft\u00eb i madh. P\u00ebr dallim nga kurorat, p\u00ebr <strong>inlei nuk nevojitet kruarje shtes\u00eb e dh\u00ebmbit<\/strong> q\u00eb t\u00eb vendosen, por vet\u00ebm largohet pjesa e d\u00ebmtuar.<\/p>\n<p>Ata p\u00ebrgatiten nga porcelani, q\u00eb \u00ebsht\u00eb material i nj\u00ebjt\u00eb q\u00eb shfryt\u00ebzohet me p\u00ebrpunimin e urave dhe kurorave, kurse ngjyra u p\u00ebrshtatet me ngjyr\u00ebn natyrore t\u00eb dh\u00ebmb\u00ebve tuaj dhe duken si ato. Dallimi m\u00eb i madh nd\u00ebrmjet mbushjeve klasike dhe inlei\/onlei \u00ebsht\u00eb se p\u00ebr t\u00eb dytat nevojitet proces special kompjuterik i p\u00ebrpunimit n\u00eb teknik\u00ebn e dh\u00ebmbit i cili u jep rezistenc\u00eb t\u00eb jasht\u00ebzakonshme <strong>t\u00eb presionit gjat\u00eb p\u00ebrtypjes dhe q\u00ebndrueshm\u00ebri<\/strong>, duke arritur n\u00eb nd\u00ebrkoh\u00eb efekt t\u00eb lart\u00eb estetik.[\/vc_column_text][\/vc_column][vc_column width=&#8221;1\/3&#8243;][vc_single_image image=&#8221;1867&#8243; img_size=&#8221;full&#8221; css=&#8221;.vc_custom_1654702117152{border-radius: 1px !important;}&#8221;][\/vc_column][\/vc_row][vc_row content_placement=&#8221;top&#8221; curly_padding=&#8221;content-padding-none&#8221; css=&#8221;.vc_custom_1654702263728{margin-top: 0px !important;margin-bottom: 0px !important;padding-top: 0px !important;padding-bottom: 30px !important;}&#8221;][vc_column width=&#8221;1\/3&#8243; offset=&#8221;vc_col-lg-offset-0 vc_col-sm-offset-1&#8243;][vc_single_image image=&#8221;1868&#8243; img_size=&#8221;full&#8221;][\/vc_column][vc_column width=&#8221;2\/3&#8243;][vc_column_text]<strong>MBUSHJET E P\u00cbRB\u00cbRA (KOMPOZITE)<\/strong><\/p>\n<p>Gjeneratat e reja t\u00eb mbushjeve t\u00eb p\u00ebrb\u00ebra kan\u00eb stabilitet t\u00eb shk\u00eblqyer t\u00eb kontraksionot, lidhje t\u00eb fuqishme me dh\u00ebmbin dhe spekt\u00ebr t\u00eb gj\u00ebr\u00eb t\u00eb ngjyrave, q\u00eb paraqet munges\u00eb t\u00eb madhe te t\u00eb m\u00ebparshmet.<\/p>\n<p>Sh\u00ebrimi i dh\u00ebmb\u00ebve me karies ka p\u00ebrjetuar revolucion pasiq\u00eb jan\u00eb zbuluar mbushje p\u00ebrb\u00ebr\u00ebse t\u00eb cilat n\u00eb popull jan\u00eb t\u00eb njohura si \u201cmbushje t\u00eb bardha\u201d. Nga paraqitaja e tyre n\u00eb treg deri sot jan\u00eb zhvilluar shum\u00eb gjenerata t\u00eb materialeve kompozite respektivisht p\u00ebrb\u00ebr\u00ebse. \u00c7do gjenerat\u00eb e re p\u00ebrmir\u00ebson karakteristikat e tyre, me \u00e7rast n\u00eb fakt rritet \u201cafati i koh\u00ebzgjatjes\u201d t\u00eb mbushjes. Praktikisht kjo do t\u00eb thot\u00eb se jo \u00e7do \u201cmbushje e bardh\u00eb\u201d automatikisht \u00ebsht\u00eb e mir\u00eb, por mbushjet e reja nanokompozite jan\u00eb d\u00ebshmuar se zgjidhje e shk\u00eblqyer afatgjate.[\/vc_column_text][\/vc_column][\/vc_row][vc_row content_placement=&#8221;top&#8221; curly_padding=&#8221;content-padding-none&#8221; css=&#8221;.vc_custom_1593849925166{margin-top: 0px !important;margin-bottom: 0px !important;padding-top: 0px !important;padding-bottom: 0px !important;}&#8221;][vc_column offset=&#8221;vc_col-lg-offset-0 vc_col-sm-offset-1&#8243;][vc_column_text]P\u00ebrmir\u00ebsimi i stabilitetit termik i mbushjeve \u00ebsht\u00eb karakteristik\u00eb kryesore, q\u00eb i mund\u00ebson k\u00ebtij materiali q\u00eb t\u00eb p\u00ebrballoj\u00eb dallimet e temperaturave t\u00eb cilat paraqiten n\u00eb goj\u00eb gjat\u00eb ushqyerjes. Ata p\u00ebrs\u00ebriten disa here gjat\u00eb dit\u00ebs, dhe jan\u00eb n\u00eb kufi nga minus pes\u00eb deri n\u00eb 55 shkall\u00eb Celsius, q\u00eb \u00ebsht\u00eb amplitud\u00eb e madhe termike.<\/p>\n<p>Gjat\u00eb k\u00ebtyre cikleve mbushjet e p\u00ebrb\u00ebra shtr\u00ebngohen dhe lirohen (kontrahoen dhe zgjerohen). Kjo shkakton mikrol\u00ebvizje t\u00eb cilat me kalimin e koh\u00ebs sjellin deri te plasja e lidhjes nd\u00ebrmjet mbushjes dhe dh\u00ebmbit. Gjithashtu i r\u00ebnd\u00ebsish\u00ebm \u00ebsht\u00eb stabiliteti gjat\u00eb polimerizimit respektivisht p\u00ebrforcimit t\u00eb mbushjeve me ngjyr\u00eb halogjene, me \u00e7rast kompozitat gjithashtu kontrahohen. Gjeneratat e reja t\u00eb \u201cmbushjeve t\u00eb bardha\u201d kan\u00eb stabilitet t\u00eb shk\u00eblqyer n\u00eb kontraksion, q\u00eb ishte nj\u00eb mang\u00ebsi e madhe n\u00eb gjeneratat e m\u00ebparshme.<\/p>\n<p>Karakteristik\u00eb tjet\u00ebr e r\u00ebnd\u00ebsishme e mbushjeve t\u00eb p\u00ebrb\u00ebra \u00ebsht\u00eb p\u00ebrdorimi i ngjit\u00ebses cil\u00ebsore, p\u00ebr lidhje t\u00eb q\u00ebndrueshme (afatgjate) t\u00eb mbushjeve p\u00ebr dh\u00ebmbi. \u2013 Prej tij varet shum\u00eb q\u00ebndrueshm\u00ebria e mbushjes, respektivisht n\u00ebse skajet e saj do t\u00eb err\u00ebsohen dhe k\u00ebshtu do t\u00eb shqitet dhe do t\u00eb bie apo do t\u00eb q\u00ebndroj\u00eb p\u00ebr nj\u00eb koh\u00eb t\u00eb gjat\u00eb pa ndryshime, e ngjtur fuqish\u00ebm me dh\u00ebmbin.<\/p>\n<p>Momenti estetik \u00ebsht\u00eb shum\u00eb i r\u00ebnd\u00ebsish\u00ebm \u2013 prandaj duhet t\u00eb punohet me sisteme kompozite respektivisht t\u00eb gj\u00ebra t\u00eb cilat ofrojn\u00eb spekt\u00ebr m\u00eb t\u00eb gj\u00ebr\u00eb t\u00eb ngjyrave p\u00ebr t\u00eb k\u00ebnaqur estetik\u00ebn.<\/p>\n<p>Kjo \u00ebsht\u00eb ve\u00e7an\u00ebrisht e r\u00ebnd\u00ebsishme kur vedosni p\u00ebr kariesin e dh\u00ebmb\u00ebve t\u00eb p\u00ebrparme dhe atyre q\u00eb duken gjat\u00eb buz\u00ebqeshjes, aq edhe m\u00eb shum\u00eb kur b\u00ebhet fjal\u00eb p\u00ebr dh\u00ebmb\u00eb me nuanca t\u00eb err\u00ebta apo t\u00eb rralla t\u00eb ngjyrave.<\/p>\n<p>Rekomandohet q\u00eb pas pes\u00eb vjet\u00ebsh, q\u00eb nga shenjat e para t\u00eb l\u00ebshimit, mbushjet t\u00eb z\u00ebvend\u00ebsohen me t\u00eb reja. N\u00ebse t\u00eb pakt\u00ebn nj\u00eb sip\u00ebrfaqe kontaktet nd\u00ebrmjet mbushjes dhe dh\u00ebmbit \u00ebsht\u00eb err\u00ebsuar, apo \u00ebsht\u00eb thyer ndonj\u00eb cop\u00eb e mbushjes apo nga dh\u00ebmbi, pavar\u00ebsisht simptomave, mbushja e vjet\u00ebr duhet t\u00eb z\u00ebvend\u00ebsohet me t\u00eb re. Gjithmon\u00eb, kur n\u00eb cil\u00ebndo m\u00ebnyr\u00eb t\u00eb identifikimit t\u00eb kariesit (kimik, RTG, laserik etj.) i nj\u00ebjti do t\u00eb detektohet nd\u00ebrmjet mbushjes dhe dh\u00ebmbit, m\u00eb mir\u00eb \u00ebsht\u00eb q\u00eb ajo mbushje t\u00eb nd\u00ebrrohet menj\u00ebher\u00eb.<\/p>\n<p>Asnj\u00ebher\u00eb nuk duhet t\u00eb pritet q\u00eb mbushja t\u00eb bie sepse deri at\u00ebher\u00eb, n\u00eb mikroplasaritjen e shkaktuar nd\u00ebrmjet dh\u00ebmbit dhe mbushjes paraqitet kariesi, I cili n\u00eb m\u00ebnyr\u00eb progresive shkat\u00ebrron pjes\u00ebn e mbetur t\u00eb dh\u00ebmbit dhe t\u00eb b\u00ebj\u00eb makro plasaritje. Kjo e dob\u00ebson murin e dh\u00ebmbit dhe ai mund t\u00eb thyhet leht\u00eb.<\/p>\n<p>\u2013 Rrezik tjet\u00ebr \u00ebsht\u00eb mund\u00ebsia q\u00eb t\u00eb s\u00ebmuren indet m\u00eb t\u00eb thella t\u00eb dh\u00ebmb\u00ebve, p\u00ebr shembull pulpa \u2013 \u201cnervi\u201dq\u00eb mund t\u00eb jap defekte dhe infektime t\u00eb m\u00ebdha n\u00eb esht\u00ebr rreth rr\u00ebnj\u00ebs t\u00eb dh\u00ebmbit. Nd\u00ebrkoh\u00eb mundet, por jo patjet\u00ebr t\u00eb paraqiten dhimbje t\u00eb forta. P\u00ebrballja me gjendjet e tilla k\u00ebrkon intervenime m\u00eb t\u00eb m\u00ebdha dhe m\u00eb t\u00eb shtrenjta terapeutike. Ndonj\u00ebher\u00eb, p\u00ebr fat t\u00eb keq, zgjidhja e vetme \u00ebsht\u00eb nxjerrja e dh\u00ebmbit.<\/p>\n<p>Dh\u00ebmbi i past\u00ebr nuk mund t\u00eb s\u00ebmuret<\/p>\n<p>Q\u00eb t\u00eb parandalohen s\u00ebmundjet e dh\u00ebmb\u00ebve duhet t\u00eb b\u00ebhet kontroll i rregullt i dh\u00ebmb\u00ebve t\u00eb pakt\u00ebn nj\u00ebher\u00eb n\u00eb vjet. Nd\u00ebrkoh\u00eb pacienti merr pasqyr\u00eb t\u00eb detajuar dhe higjien\u00eb profesionale orale \u2013 pastrim t\u00eb t\u00ebr\u00ebsish\u00ebm t\u00eb dh\u00ebmb\u00ebve. N\u00eb k\u00ebt\u00eb vizit\u00eb b\u00ebhen edhe rekomandime p\u00ebr at\u00eb se \u00e7far\u00eb duhet t\u00eb sh\u00ebrohet apo riparohet.<\/p>\n<p>\u2013 N\u00eb nd\u00ebrkoh\u00eb rregulla e art\u00eb: dh\u00ebmbi i past\u00ebr nuk mund t\u00eb s\u00ebmuret as nga kariesi as nga parodontopatija, dhe p\u00ebr k\u00ebt\u00eb nevojiten vet\u00ebm udh\u00ebzime t\u00eb drejta profesionale[\/vc_column_text][vc_column_text]<a class=\"btn btn-outline-primary\" href=\"https:\/\/eternadent.com.mk\/appointments\/\">Caktoni kontroll<\/a>[\/vc_column_text][vc_empty_space height=&#8221;3rem&#8221;][\/vc_column][\/vc_row]\n<\/div>","protected":false},"excerpt":{"rendered":"<p>[vc_row css=&#8221;.vc_custom_1593846975271{margin-bottom: 0px !important;padding-bottom: 0px !important;}&#8221;][vc_column css=&#8221;.vc_custom_1593846984395{margin-bottom: 0px !important;padding-bottom: 0px !important;}&#8221;][vc_column_text] STOMATOLOGJIA RESTORATIVE [\/vc_column_text][vc_column_text]Materiet moderne stomatologjike n\u00eb kombinim me njohurit\u00eb dhe shkatht\u00ebsit\u00eb e ekipit ton\u00eb, na mund\u00ebsojm\u00eb t\u00eb krijojm\u00eb buz\u00ebqeshje t\u00eb shk\u00eblqyer me nd\u00ebrrim t\u00eb thjesht\u00eb t\u00eb mbushjeve t\u00eb vjetra me t\u00eb reja. N\u00eb ETERNAdent shfryt\u00ebzojm\u00eb gjeneratat e fundit t\u00eb materialeve restorative t\u00eb cilat n\u00eb t\u00eb nj\u00ebjt\u00ebn koh\u00eb na garantojn\u00eb [&hellip;]<\/p>\n","protected":false},"author":1,"featured_media":0,"parent":0,"menu_order":0,"comment_status":"closed","ping_status":"closed","template":"","meta":{"inline_featured_image":false,"footnotes":""},"class_list":["post-3053","page","type-page","status-publish","hentry"],"yoast_head":"<!-- This site is optimized with the Yoast SEO Premium plugin v24.7 (Yoast SEO v24.8.1) - https:\/\/yoast.com\/wordpress\/plugins\/seo\/ -->\n<title>STOMATOLOGJIA RESTORATIVE - \u0415\u0422\u0415\u0420\u041d\u0410\u0434\u0435\u043d\u0442<\/title>\n<meta name=\"robots\" content=\"index, follow, max-snippet:-1, max-image-preview:large, max-video-preview:-1\" \/>\n<link rel=\"canonical\" href=\"https:\/\/eternadent.com.mk\/sq\/restavrativna-stomatologija\/\" \/>\n<meta property=\"og:locale\" content=\"sq_AL\" \/>\n<meta property=\"og:type\" content=\"article\" \/>\n<meta property=\"og:title\" content=\"STOMATOLOGJIA RESTORATIVE\" \/>\n<meta property=\"og:description\" content=\"[vc_row css=&#8221;.vc_custom_1593846975271{margin-bottom: 0px !important;padding-bottom: 0px !important;}&#8221;][vc_column css=&#8221;.vc_custom_1593846984395{margin-bottom: 0px !important;padding-bottom: 0px !important;}&#8221;][vc_column_text] STOMATOLOGJIA RESTORATIVE [\/vc_column_text][vc_column_text]Materiet moderne stomatologjike n\u00eb kombinim me njohurit\u00eb dhe shkatht\u00ebsit\u00eb e ekipit ton\u00eb, na mund\u00ebsojm\u00eb t\u00eb krijojm\u00eb buz\u00ebqeshje t\u00eb shk\u00eblqyer me nd\u00ebrrim t\u00eb thjesht\u00eb t\u00eb mbushjeve t\u00eb vjetra me t\u00eb reja. N\u00eb ETERNAdent shfryt\u00ebzojm\u00eb gjeneratat e fundit t\u00eb materialeve restorative t\u00eb cilat n\u00eb t\u00eb nj\u00ebjt\u00ebn koh\u00eb na garantojn\u00eb [&hellip;]\" \/>\n<meta property=\"og:url\" content=\"https:\/\/eternadent.com.mk\/sq\/restavrativna-stomatologija\/\" \/>\n<meta property=\"og:site_name\" content=\"\u0415\u0422\u0415\u0420\u041d\u0410\u0434\u0435\u043d\u0442\" \/>\n<meta property=\"article:publisher\" content=\"https:\/\/www.facebook.com\/eternadentskopje\/\" \/>\n<meta property=\"article:modified_time\" content=\"2022-08-25T12:21:46+00:00\" \/>\n<meta property=\"og:image\" content=\"https:\/\/eternadent.com.mk\/wp-content\/uploads\/2023\/12\/eterna-logo-web.png\" \/>\n\t<meta property=\"og:image:width\" content=\"1200\" \/>\n\t<meta property=\"og:image:height\" content=\"675\" \/>\n\t<meta property=\"og:image:type\" content=\"image\/png\" \/>\n<meta name=\"twitter:card\" content=\"summary_large_image\" \/>\n<meta name=\"twitter:label1\" content=\"Est. reading time\" \/>\n\t<meta name=\"twitter:data1\" content=\"7 minutes\" \/>\n<script type=\"application\/ld+json\" class=\"yoast-schema-graph\">{\"@context\":\"https:\/\/schema.org\",\"@graph\":[{\"@type\":\"WebPage\",\"@id\":\"https:\/\/eternadent.com.mk\/sq\/restavrativna-stomatologija\/\",\"url\":\"https:\/\/eternadent.com.mk\/sq\/restavrativna-stomatologija\/\",\"name\":\"STOMATOLOGJIA RESTORATIVE - \u0415\u0422\u0415\u0420\u041d\u0410\u0434\u0435\u043d\u0442\",\"isPartOf\":{\"@id\":\"https:\/\/eternadent.com.mk\/#website\"},\"datePublished\":\"2020-06-12T08:28:19+00:00\",\"dateModified\":\"2022-08-25T12:21:46+00:00\",\"breadcrumb\":{\"@id\":\"https:\/\/eternadent.com.mk\/sq\/restavrativna-stomatologija\/#breadcrumb\"},\"inLanguage\":\"sq-AL\",\"potentialAction\":[{\"@type\":\"ReadAction\",\"target\":[\"https:\/\/eternadent.com.mk\/sq\/restavrativna-stomatologija\/\"]}]},{\"@type\":\"BreadcrumbList\",\"@id\":\"https:\/\/eternadent.com.mk\/sq\/restavrativna-stomatologija\/#breadcrumb\",\"itemListElement\":[{\"@type\":\"ListItem\",\"position\":1,\"name\":\"[wpseo_titles]breadcrumbs-\u041f\u043e\u0447\u0435\u0442\u043d\u0430\",\"item\":\"https:\/\/eternadent.com.mk\/sq\/\"},{\"@type\":\"ListItem\",\"position\":2,\"name\":\"STOMATOLOGJIA RESTORATIVE\"}]},{\"@type\":\"WebSite\",\"@id\":\"https:\/\/eternadent.com.mk\/#website\",\"url\":\"https:\/\/eternadent.com.mk\/\",\"name\":\"ETERNAdent | \u0415\u0422\u0415\u0420\u041d\u0410\u0434\u0435\u043d\u0442\",\"description\":\"\u0412\u0410\u0428\u0410\u0422\u0410 \u041d\u041e\u0412\u0410 \u0417\u0414\u0420\u0410\u0412\u0410 \u041d\u0410\u0421\u041c\u0415\u0412\u041a\u0410\",\"publisher\":{\"@id\":\"https:\/\/eternadent.com.mk\/#organization\"},\"alternateName\":\"Eterna Dent | \u0415\u0442\u0435\u0440\u043d\u0430 \u0414\u0435\u043d\u0442\",\"potentialAction\":[{\"@type\":\"SearchAction\",\"target\":{\"@type\":\"EntryPoint\",\"urlTemplate\":\"https:\/\/eternadent.com.mk\/?s={search_term_string}\"},\"query-input\":{\"@type\":\"PropertyValueSpecification\",\"valueRequired\":true,\"valueName\":\"search_term_string\"}}],\"inLanguage\":\"sq-AL\"},{\"@type\":\"Organization\",\"@id\":\"https:\/\/eternadent.com.mk\/#organization\",\"name\":\"\u0415\u0422\u0415\u0420\u041d\u0410\u0434\u0435\u043d\u0442\",\"alternateName\":\"Eterna Dent\",\"url\":\"https:\/\/eternadent.com.mk\/\",\"logo\":{\"@type\":\"ImageObject\",\"inLanguage\":\"sq-AL\",\"@id\":\"https:\/\/eternadent.com.mk\/#\/schema\/logo\/image\/\",\"url\":\"https:\/\/eternadent.com.mk\/wp-content\/uploads\/2022\/04\/eterna-dent-logo-mk.png\",\"contentUrl\":\"https:\/\/eternadent.com.mk\/wp-content\/uploads\/2022\/04\/eterna-dent-logo-mk.png\",\"width\":842,\"height\":291,\"caption\":\"\u0415\u0422\u0415\u0420\u041d\u0410\u0434\u0435\u043d\u0442\"},\"image\":{\"@id\":\"https:\/\/eternadent.com.mk\/#\/schema\/logo\/image\/\"},\"sameAs\":[\"https:\/\/www.facebook.com\/eternadentskopje\/\",\"https:\/\/www.instagram.com\/eternadentskopje\/\"]}]}<\/script>\n<!-- \/ Yoast SEO Premium plugin. -->","yoast_head_json":{"title":"STOMATOLOGJIA RESTORATIVE - \u0415\u0422\u0415\u0420\u041d\u0410\u0434\u0435\u043d\u0442","robots":{"index":"index","follow":"follow","max-snippet":"max-snippet:-1","max-image-preview":"max-image-preview:large","max-video-preview":"max-video-preview:-1"},"canonical":"https:\/\/eternadent.com.mk\/sq\/restavrativna-stomatologija\/","og_locale":"sq_AL","og_type":"article","og_title":"STOMATOLOGJIA RESTORATIVE","og_description":"[vc_row css=&#8221;.vc_custom_1593846975271{margin-bottom: 0px !important;padding-bottom: 0px !important;}&#8221;][vc_column css=&#8221;.vc_custom_1593846984395{margin-bottom: 0px !important;padding-bottom: 0px !important;}&#8221;][vc_column_text] STOMATOLOGJIA RESTORATIVE [\/vc_column_text][vc_column_text]Materiet moderne stomatologjike n\u00eb kombinim me njohurit\u00eb dhe shkatht\u00ebsit\u00eb e ekipit ton\u00eb, na mund\u00ebsojm\u00eb t\u00eb krijojm\u00eb buz\u00ebqeshje t\u00eb shk\u00eblqyer me nd\u00ebrrim t\u00eb thjesht\u00eb t\u00eb mbushjeve t\u00eb vjetra me t\u00eb reja. N\u00eb ETERNAdent shfryt\u00ebzojm\u00eb gjeneratat e fundit t\u00eb materialeve restorative t\u00eb cilat n\u00eb t\u00eb nj\u00ebjt\u00ebn koh\u00eb na garantojn\u00eb [&hellip;]","og_url":"https:\/\/eternadent.com.mk\/sq\/restavrativna-stomatologija\/","og_site_name":"\u0415\u0422\u0415\u0420\u041d\u0410\u0434\u0435\u043d\u0442","article_publisher":"https:\/\/www.facebook.com\/eternadentskopje\/","article_modified_time":"2022-08-25T12:21:46+00:00","og_image":[{"width":1200,"height":675,"url":"https:\/\/eternadent.com.mk\/wp-content\/uploads\/2023\/12\/eterna-logo-web.png","type":"image\/png"}],"twitter_card":"summary_large_image","twitter_misc":{"Est. reading time":"7 minutes"},"schema":{"@context":"https:\/\/schema.org","@graph":[{"@type":"WebPage","@id":"https:\/\/eternadent.com.mk\/sq\/restavrativna-stomatologija\/","url":"https:\/\/eternadent.com.mk\/sq\/restavrativna-stomatologija\/","name":"STOMATOLOGJIA RESTORATIVE - \u0415\u0422\u0415\u0420\u041d\u0410\u0434\u0435\u043d\u0442","isPartOf":{"@id":"https:\/\/eternadent.com.mk\/#website"},"datePublished":"2020-06-12T08:28:19+00:00","dateModified":"2022-08-25T12:21:46+00:00","breadcrumb":{"@id":"https:\/\/eternadent.com.mk\/sq\/restavrativna-stomatologija\/#breadcrumb"},"inLanguage":"sq-AL","potentialAction":[{"@type":"ReadAction","target":["https:\/\/eternadent.com.mk\/sq\/restavrativna-stomatologija\/"]}]},{"@type":"BreadcrumbList","@id":"https:\/\/eternadent.com.mk\/sq\/restavrativna-stomatologija\/#breadcrumb","itemListElement":[{"@type":"ListItem","position":1,"name":"[wpseo_titles]breadcrumbs-\u041f\u043e\u0447\u0435\u0442\u043d\u0430","item":"https:\/\/eternadent.com.mk\/sq\/"},{"@type":"ListItem","position":2,"name":"STOMATOLOGJIA RESTORATIVE"}]},{"@type":"WebSite","@id":"https:\/\/eternadent.com.mk\/#website","url":"https:\/\/eternadent.com.mk\/","name":"ETERNAdent | \u0415\u0422\u0415\u0420\u041d\u0410\u0434\u0435\u043d\u0442","description":"\u0412\u0410\u0428\u0410\u0422\u0410 \u041d\u041e\u0412\u0410 \u0417\u0414\u0420\u0410\u0412\u0410 \u041d\u0410\u0421\u041c\u0415\u0412\u041a\u0410","publisher":{"@id":"https:\/\/eternadent.com.mk\/#organization"},"alternateName":"Eterna Dent | \u0415\u0442\u0435\u0440\u043d\u0430 \u0414\u0435\u043d\u0442","potentialAction":[{"@type":"SearchAction","target":{"@type":"EntryPoint","urlTemplate":"https:\/\/eternadent.com.mk\/?s={search_term_string}"},"query-input":{"@type":"PropertyValueSpecification","valueRequired":true,"valueName":"search_term_string"}}],"inLanguage":"sq-AL"},{"@type":"Organization","@id":"https:\/\/eternadent.com.mk\/#organization","name":"\u0415\u0422\u0415\u0420\u041d\u0410\u0434\u0435\u043d\u0442","alternateName":"Eterna Dent","url":"https:\/\/eternadent.com.mk\/","logo":{"@type":"ImageObject","inLanguage":"sq-AL","@id":"https:\/\/eternadent.com.mk\/#\/schema\/logo\/image\/","url":"https:\/\/eternadent.com.mk\/wp-content\/uploads\/2022\/04\/eterna-dent-logo-mk.png","contentUrl":"https:\/\/eternadent.com.mk\/wp-content\/uploads\/2022\/04\/eterna-dent-logo-mk.png","width":842,"height":291,"caption":"\u0415\u0422\u0415\u0420\u041d\u0410\u0434\u0435\u043d\u0442"},"image":{"@id":"https:\/\/eternadent.com.mk\/#\/schema\/logo\/image\/"},"sameAs":["https:\/\/www.facebook.com\/eternadentskopje\/","https:\/\/www.instagram.com\/eternadentskopje\/"]}]}},"_links":{"self":[{"href":"https:\/\/eternadent.com.mk\/sq\/wp-json\/wp\/v2\/pages\/3053","targetHints":{"allow":["GET"]}}],"collection":[{"href":"https:\/\/eternadent.com.mk\/sq\/wp-json\/wp\/v2\/pages"}],"about":[{"href":"https:\/\/eternadent.com.mk\/sq\/wp-json\/wp\/v2\/types\/page"}],"author":[{"embeddable":true,"href":"https:\/\/eternadent.com.mk\/sq\/wp-json\/wp\/v2\/users\/1"}],"replies":[{"embeddable":true,"href":"https:\/\/eternadent.com.mk\/sq\/wp-json\/wp\/v2\/comments?post=3053"}],"version-history":[{"count":2,"href":"https:\/\/eternadent.com.mk\/sq\/wp-json\/wp\/v2\/pages\/3053\/revisions"}],"predecessor-version":[{"id":3055,"href":"https:\/\/eternadent.com.mk\/sq\/wp-json\/wp\/v2\/pages\/3053\/revisions\/3055"}],"wp:attachment":[{"href":"https:\/\/eternadent.com.mk\/sq\/wp-json\/wp\/v2\/media?parent=3053"}],"curies":[{"name":"wp","href":"https:\/\/api.w.org\/{rel}","templated":true}]}}