{"id":3049,"date":"2020-05-04T15:44:54","date_gmt":"2020-05-04T13:44:54","guid":{"rendered":"https:\/\/eternadent.com.mk\/endodoncija\/"},"modified":"2022-08-25T14:15:34","modified_gmt":"2022-08-25T12:15:34","slug":"endodoncija","status":"publish","type":"page","link":"https:\/\/eternadent.com.mk\/sq\/endodoncija\/","title":{"rendered":"ENDODONCIA"},"content":{"rendered":"<div class=\"wpb-content-wrapper\">[vc_row content_placement=&#8221;middle&#8221; curly_padding=&#8221;content-padding-none&#8221; css=&#8221;.vc_custom_1593849151991{margin-bottom: 0px !important;padding-bottom: 0px !important;}&#8221;][vc_column offset=&#8221;vc_col-lg-offset-0 vc_col-sm-offset-1&#8243;]<div class='xtd-shape xtd-shadow--normal-light xtd-shape--position-absolute xtd-shape--z-index--1  vc_custom_1498147657147'  style=\"width: 6rem; height: 6rem; top: 0; right: 0\" ><\/div>[vc_empty_space height=&#8221;&#8221; el_class=&#8221;xtd-spacer&#8211;lg&#8221;][vc_column_text]\n<h2>ENDODONCIA<\/h2>\n[\/vc_column_text][\/vc_column][\/vc_row][vc_row content_placement=&#8221;top&#8221; curly_padding=&#8221;content-padding-none&#8221; css=&#8221;.vc_custom_1593849393450{margin-top: 0px !important;margin-bottom: 0px !important;padding-top: 0px !important;padding-bottom: 0px !important;}&#8221;][vc_column width=&#8221;1\/2&#8243; offset=&#8221;vc_col-lg-offset-0 vc_col-sm-offset-1&#8243;][vc_column_text]Trajtimi p\u00ebr sh\u00ebrbimin e kanaleve t\u00eb rr\u00ebnj\u00ebve t\u00eb dh\u00ebmbit \u00ebsht\u00eb i nevojsh\u00ebm kur pulpa (indi i but\u00eb n\u00eb zemr\u00ebn e dh\u00ebmbit q\u00eb p\u00ebrmban en\u00ebt e gjakut, nervat dhe fibrat lidh\u00ebse) do t\u00eb marr\u00eb ndezje ose do t\u00eb infektohet. Sh\u00ebrimi i pulp\u00ebs \u00ebsht\u00eb nj\u00eb nga arsyet m\u00eb t\u00eb shpeshta p\u00ebr dhimbje t\u00eb fuqishme t\u00eb dh\u00ebmb\u00ebve, por vet\u00eb trajtimi i k\u00ebsaj gjendje \u00ebsht\u00eb pa dhimbje. Me anestezion lokal largohet indi q\u00eb ka marr\u00eb ndezje, dezinfektohet kanali dhe i nj\u00ebjti mbyllet me mbushje speciale. Intervenimi realizohet n\u00eb nj\u00eb ose m\u00eb shum\u00eb faza, n\u00eb var\u00ebsi se sa i infektuar \u00ebsht\u00eb dh\u00ebmbi. N\u00ebse e shtyni trajtimin endodontik n\u00eb pulp\u00ebn e infektuar, dhimbja do t\u00eb rritet, dhe mund t\u00eb paraqitet edhe fryrje, dhe ndoshta mund t\u00eb duhet t\u00eb nxirret dh\u00ebmbi.<\/p>\n<p>Gjendja e ndezjes t\u00eb pulp\u00ebs m\u00eb shpesh ndodh:<\/p>\n<ul>\n<li>te dh\u00ebmb\u00ebt t\u00eb cil\u00ebt kan\u00eb karies jo t\u00eb sanuar dhe t\u00eb thell\u00eb<\/li>\n<li>karies interdentar \u2013 karies i cili paraqitet nd\u00ebrmjet dy dh\u00ebmb\u00ebve<\/li>\n<li>n\u00ebn mbushjet e m\u00ebdha t\u00eb cil\u00ebt tashm\u00eb nuk pasojn\u00eb n\u00eb m\u00ebnyr\u00eb ideale<\/li>\n<li>te dh\u00ebmb\u00ebt me m\u00eb shum\u00eb intervenime t\u00eb p\u00ebrs\u00ebritura<\/li>\n<li>n\u00ebn kurora dhe ura, si rezultat i nekroz\u00ebs t\u00eb pulp\u00ebs<\/li>\n<li>dh\u00ebmb\u00eb t\u00eb thyer<\/li>\n<li>l\u00ebndimi I dh\u00ebmbit, madje edhe n\u00ebse ka thyerje apo plasaritje t\u00eb thyer<\/li>\n<\/ul>\n<p>N\u00ebse vazhdoni q\u00eb t\u00eb kujdeseni p\u00ebr dh\u00ebmb\u00ebt dhe mish\u00ebrat tuaj, dh\u00ebmb\u00ebt e restaruruar me kanale t\u00eb sh\u00ebnuara t\u00eb rr\u00ebnj\u00ebve, mund t\u2019i ruani deri n\u00eb fund t\u00eb jet\u00ebs. Megjithat\u00eb kontrollat e rregullta dhe higjiena e mir\u00eb jan\u00eb t\u00eb domosdoshme, n\u00eb t\u00eb kund\u00ebr dh\u00ebmbi pa pulp\u00eb s\u00ebrish mund t\u00eb zhvilloj\u00eb karies. Trajtimi m\u00eb i shpesht\u00eb endodontik \u00ebsht\u00eb procedur\u00eb e thjesht\u00eb dhe e padhimbshme, dhe q\u00eb \u00ebsht\u00eb m\u00eb \u00eb r\u00ebnd\u00ebsishme mund t\u00eb shp\u00ebtoj\u00eb dh\u00ebmbin dhe buz\u00ebqeshjen. N\u00ebse mungon m\u00eb shum\u00eb se 50% nga substanca e dh\u00ebmb\u00ebve, mjeku mund t\u2019ju rekomandoj\u00eb p\u00ebrforcimin e dh\u00ebmb\u00ebve me mbind\u00ebrtim dhe kuror\u00eb. N\u00ebse keni pyetje n\u00eb k\u00ebt\u00eb tem\u00eb, lirisht flisni me stomatologun tuaj n\u00eb ETERNAdent, i cili do ju p\u00ebrgjigjet n\u00eb lidhje me fazat, koh\u00ebzgjatjen e trajtimit, parashikimin e dh\u00ebmb\u00ebve etj.[\/vc_column_text][vc_column_text]<a class=\"btn btn-outline-primary\" href=\"https:\/\/eternadent.com.mk\/appointments\/\">Caktoni kontroll<\/a>[\/vc_column_text][vc_empty_space height=&#8221;3rem&#8221;][\/vc_column][vc_column width=&#8221;1\/2&#8243;][vc_single_image image=&#8221;1854&#8243; img_size=&#8221;large&#8221;][\/vc_column][\/vc_row]\n<\/div>","protected":false},"excerpt":{"rendered":"<p>[vc_row content_placement=&#8221;middle&#8221; curly_padding=&#8221;content-padding-none&#8221; css=&#8221;.vc_custom_1593849151991{margin-bottom: 0px !important;padding-bottom: 0px !important;}&#8221;][vc_column offset=&#8221;vc_col-lg-offset-0 vc_col-sm-offset-1&#8243;][vc_empty_space height=&#8221;&#8221; el_class=&#8221;xtd-spacer&#8211;lg&#8221;][vc_column_text] ENDODONCIA [\/vc_column_text][\/vc_column][\/vc_row][vc_row content_placement=&#8221;top&#8221; curly_padding=&#8221;content-padding-none&#8221; css=&#8221;.vc_custom_1593849393450{margin-top: 0px !important;margin-bottom: 0px !important;padding-top: 0px !important;padding-bottom: 0px !important;}&#8221;][vc_column width=&#8221;1\/2&#8243; offset=&#8221;vc_col-lg-offset-0 vc_col-sm-offset-1&#8243;][vc_column_text]Trajtimi p\u00ebr sh\u00ebrbimin e kanaleve t\u00eb rr\u00ebnj\u00ebve t\u00eb dh\u00ebmbit \u00ebsht\u00eb i nevojsh\u00ebm kur pulpa (indi i but\u00eb n\u00eb zemr\u00ebn e dh\u00ebmbit q\u00eb p\u00ebrmban en\u00ebt e gjakut, nervat dhe fibrat lidh\u00ebse) do t\u00eb marr\u00eb [&hellip;]<\/p>\n","protected":false},"author":1,"featured_media":0,"parent":0,"menu_order":0,"comment_status":"closed","ping_status":"closed","template":"","meta":{"inline_featured_image":false,"footnotes":""},"class_list":["post-3049","page","type-page","status-publish","hentry"],"yoast_head":"<!-- This site is optimized with the Yoast SEO Premium plugin v24.7 (Yoast SEO v24.8.1) - https:\/\/yoast.com\/wordpress\/plugins\/seo\/ -->\n<title>ENDODONCIA - \u0415\u0422\u0415\u0420\u041d\u0410\u0434\u0435\u043d\u0442<\/title>\n<meta name=\"robots\" content=\"index, follow, max-snippet:-1, max-image-preview:large, max-video-preview:-1\" \/>\n<link rel=\"canonical\" href=\"https:\/\/eternadent.com.mk\/sq\/endodoncija\/\" \/>\n<meta property=\"og:locale\" content=\"sq_AL\" \/>\n<meta property=\"og:type\" content=\"article\" \/>\n<meta property=\"og:title\" content=\"ENDODONCIA\" \/>\n<meta property=\"og:description\" content=\"[vc_row content_placement=&#8221;middle&#8221; curly_padding=&#8221;content-padding-none&#8221; css=&#8221;.vc_custom_1593849151991{margin-bottom: 0px !important;padding-bottom: 0px !important;}&#8221;][vc_column offset=&#8221;vc_col-lg-offset-0 vc_col-sm-offset-1&#8243;][vc_empty_space height=&#8221;&#8221; el_class=&#8221;xtd-spacer&#8211;lg&#8221;][vc_column_text] ENDODONCIA [\/vc_column_text][\/vc_column][\/vc_row][vc_row content_placement=&#8221;top&#8221; curly_padding=&#8221;content-padding-none&#8221; css=&#8221;.vc_custom_1593849393450{margin-top: 0px !important;margin-bottom: 0px !important;padding-top: 0px !important;padding-bottom: 0px !important;}&#8221;][vc_column width=&#8221;1\/2&#8243; offset=&#8221;vc_col-lg-offset-0 vc_col-sm-offset-1&#8243;][vc_column_text]Trajtimi p\u00ebr sh\u00ebrbimin e kanaleve t\u00eb rr\u00ebnj\u00ebve t\u00eb dh\u00ebmbit \u00ebsht\u00eb i nevojsh\u00ebm kur pulpa (indi i but\u00eb n\u00eb zemr\u00ebn e dh\u00ebmbit q\u00eb p\u00ebrmban en\u00ebt e gjakut, nervat dhe fibrat lidh\u00ebse) do t\u00eb marr\u00eb [&hellip;]\" \/>\n<meta property=\"og:url\" content=\"https:\/\/eternadent.com.mk\/sq\/endodoncija\/\" \/>\n<meta property=\"og:site_name\" content=\"\u0415\u0422\u0415\u0420\u041d\u0410\u0434\u0435\u043d\u0442\" \/>\n<meta property=\"article:publisher\" content=\"https:\/\/www.facebook.com\/eternadentskopje\/\" \/>\n<meta property=\"article:modified_time\" content=\"2022-08-25T12:15:34+00:00\" \/>\n<meta property=\"og:image\" content=\"https:\/\/eternadent.com.mk\/wp-content\/uploads\/2023\/12\/eterna-logo-web.png\" \/>\n\t<meta property=\"og:image:width\" content=\"1200\" \/>\n\t<meta property=\"og:image:height\" content=\"675\" \/>\n\t<meta property=\"og:image:type\" content=\"image\/png\" \/>\n<meta name=\"twitter:card\" content=\"summary_large_image\" \/>\n<meta name=\"twitter:label1\" content=\"Est. reading time\" \/>\n\t<meta name=\"twitter:data1\" content=\"3 minutes\" \/>\n<script type=\"application\/ld+json\" class=\"yoast-schema-graph\">{\"@context\":\"https:\/\/schema.org\",\"@graph\":[{\"@type\":\"WebPage\",\"@id\":\"https:\/\/eternadent.com.mk\/sq\/endodoncija\/\",\"url\":\"https:\/\/eternadent.com.mk\/sq\/endodoncija\/\",\"name\":\"ENDODONCIA - \u0415\u0422\u0415\u0420\u041d\u0410\u0434\u0435\u043d\u0442\",\"isPartOf\":{\"@id\":\"https:\/\/eternadent.com.mk\/#website\"},\"datePublished\":\"2020-05-04T13:44:54+00:00\",\"dateModified\":\"2022-08-25T12:15:34+00:00\",\"breadcrumb\":{\"@id\":\"https:\/\/eternadent.com.mk\/sq\/endodoncija\/#breadcrumb\"},\"inLanguage\":\"sq-AL\",\"potentialAction\":[{\"@type\":\"ReadAction\",\"target\":[\"https:\/\/eternadent.com.mk\/sq\/endodoncija\/\"]}]},{\"@type\":\"BreadcrumbList\",\"@id\":\"https:\/\/eternadent.com.mk\/sq\/endodoncija\/#breadcrumb\",\"itemListElement\":[{\"@type\":\"ListItem\",\"position\":1,\"name\":\"[wpseo_titles]breadcrumbs-\u041f\u043e\u0447\u0435\u0442\u043d\u0430\",\"item\":\"https:\/\/eternadent.com.mk\/sq\/\"},{\"@type\":\"ListItem\",\"position\":2,\"name\":\"ENDODONCIA\"}]},{\"@type\":\"WebSite\",\"@id\":\"https:\/\/eternadent.com.mk\/#website\",\"url\":\"https:\/\/eternadent.com.mk\/\",\"name\":\"ETERNAdent | \u0415\u0422\u0415\u0420\u041d\u0410\u0434\u0435\u043d\u0442\",\"description\":\"\u0412\u0410\u0428\u0410\u0422\u0410 \u041d\u041e\u0412\u0410 \u0417\u0414\u0420\u0410\u0412\u0410 \u041d\u0410\u0421\u041c\u0415\u0412\u041a\u0410\",\"publisher\":{\"@id\":\"https:\/\/eternadent.com.mk\/#organization\"},\"alternateName\":\"Eterna Dent | \u0415\u0442\u0435\u0440\u043d\u0430 \u0414\u0435\u043d\u0442\",\"potentialAction\":[{\"@type\":\"SearchAction\",\"target\":{\"@type\":\"EntryPoint\",\"urlTemplate\":\"https:\/\/eternadent.com.mk\/?s={search_term_string}\"},\"query-input\":{\"@type\":\"PropertyValueSpecification\",\"valueRequired\":true,\"valueName\":\"search_term_string\"}}],\"inLanguage\":\"sq-AL\"},{\"@type\":\"Organization\",\"@id\":\"https:\/\/eternadent.com.mk\/#organization\",\"name\":\"\u0415\u0422\u0415\u0420\u041d\u0410\u0434\u0435\u043d\u0442\",\"alternateName\":\"Eterna Dent\",\"url\":\"https:\/\/eternadent.com.mk\/\",\"logo\":{\"@type\":\"ImageObject\",\"inLanguage\":\"sq-AL\",\"@id\":\"https:\/\/eternadent.com.mk\/#\/schema\/logo\/image\/\",\"url\":\"https:\/\/eternadent.com.mk\/wp-content\/uploads\/2022\/04\/eterna-dent-logo-mk.png\",\"contentUrl\":\"https:\/\/eternadent.com.mk\/wp-content\/uploads\/2022\/04\/eterna-dent-logo-mk.png\",\"width\":842,\"height\":291,\"caption\":\"\u0415\u0422\u0415\u0420\u041d\u0410\u0434\u0435\u043d\u0442\"},\"image\":{\"@id\":\"https:\/\/eternadent.com.mk\/#\/schema\/logo\/image\/\"},\"sameAs\":[\"https:\/\/www.facebook.com\/eternadentskopje\/\",\"https:\/\/www.instagram.com\/eternadentskopje\/\"]}]}<\/script>\n<!-- \/ Yoast SEO Premium plugin. -->","yoast_head_json":{"title":"ENDODONCIA - \u0415\u0422\u0415\u0420\u041d\u0410\u0434\u0435\u043d\u0442","robots":{"index":"index","follow":"follow","max-snippet":"max-snippet:-1","max-image-preview":"max-image-preview:large","max-video-preview":"max-video-preview:-1"},"canonical":"https:\/\/eternadent.com.mk\/sq\/endodoncija\/","og_locale":"sq_AL","og_type":"article","og_title":"ENDODONCIA","og_description":"[vc_row content_placement=&#8221;middle&#8221; curly_padding=&#8221;content-padding-none&#8221; css=&#8221;.vc_custom_1593849151991{margin-bottom: 0px !important;padding-bottom: 0px !important;}&#8221;][vc_column offset=&#8221;vc_col-lg-offset-0 vc_col-sm-offset-1&#8243;][vc_empty_space height=&#8221;&#8221; el_class=&#8221;xtd-spacer&#8211;lg&#8221;][vc_column_text] ENDODONCIA [\/vc_column_text][\/vc_column][\/vc_row][vc_row content_placement=&#8221;top&#8221; curly_padding=&#8221;content-padding-none&#8221; css=&#8221;.vc_custom_1593849393450{margin-top: 0px !important;margin-bottom: 0px !important;padding-top: 0px !important;padding-bottom: 0px !important;}&#8221;][vc_column width=&#8221;1\/2&#8243; offset=&#8221;vc_col-lg-offset-0 vc_col-sm-offset-1&#8243;][vc_column_text]Trajtimi p\u00ebr sh\u00ebrbimin e kanaleve t\u00eb rr\u00ebnj\u00ebve t\u00eb dh\u00ebmbit \u00ebsht\u00eb i nevojsh\u00ebm kur pulpa (indi i but\u00eb n\u00eb zemr\u00ebn e dh\u00ebmbit q\u00eb p\u00ebrmban en\u00ebt e gjakut, nervat dhe fibrat lidh\u00ebse) do t\u00eb marr\u00eb [&hellip;]","og_url":"https:\/\/eternadent.com.mk\/sq\/endodoncija\/","og_site_name":"\u0415\u0422\u0415\u0420\u041d\u0410\u0434\u0435\u043d\u0442","article_publisher":"https:\/\/www.facebook.com\/eternadentskopje\/","article_modified_time":"2022-08-25T12:15:34+00:00","og_image":[{"width":1200,"height":675,"url":"https:\/\/eternadent.com.mk\/wp-content\/uploads\/2023\/12\/eterna-logo-web.png","type":"image\/png"}],"twitter_card":"summary_large_image","twitter_misc":{"Est. reading time":"3 minutes"},"schema":{"@context":"https:\/\/schema.org","@graph":[{"@type":"WebPage","@id":"https:\/\/eternadent.com.mk\/sq\/endodoncija\/","url":"https:\/\/eternadent.com.mk\/sq\/endodoncija\/","name":"ENDODONCIA - \u0415\u0422\u0415\u0420\u041d\u0410\u0434\u0435\u043d\u0442","isPartOf":{"@id":"https:\/\/eternadent.com.mk\/#website"},"datePublished":"2020-05-04T13:44:54+00:00","dateModified":"2022-08-25T12:15:34+00:00","breadcrumb":{"@id":"https:\/\/eternadent.com.mk\/sq\/endodoncija\/#breadcrumb"},"inLanguage":"sq-AL","potentialAction":[{"@type":"ReadAction","target":["https:\/\/eternadent.com.mk\/sq\/endodoncija\/"]}]},{"@type":"BreadcrumbList","@id":"https:\/\/eternadent.com.mk\/sq\/endodoncija\/#breadcrumb","itemListElement":[{"@type":"ListItem","position":1,"name":"[wpseo_titles]breadcrumbs-\u041f\u043e\u0447\u0435\u0442\u043d\u0430","item":"https:\/\/eternadent.com.mk\/sq\/"},{"@type":"ListItem","position":2,"name":"ENDODONCIA"}]},{"@type":"WebSite","@id":"https:\/\/eternadent.com.mk\/#website","url":"https:\/\/eternadent.com.mk\/","name":"ETERNAdent | \u0415\u0422\u0415\u0420\u041d\u0410\u0434\u0435\u043d\u0442","description":"\u0412\u0410\u0428\u0410\u0422\u0410 \u041d\u041e\u0412\u0410 \u0417\u0414\u0420\u0410\u0412\u0410 \u041d\u0410\u0421\u041c\u0415\u0412\u041a\u0410","publisher":{"@id":"https:\/\/eternadent.com.mk\/#organization"},"alternateName":"Eterna Dent | \u0415\u0442\u0435\u0440\u043d\u0430 \u0414\u0435\u043d\u0442","potentialAction":[{"@type":"SearchAction","target":{"@type":"EntryPoint","urlTemplate":"https:\/\/eternadent.com.mk\/?s={search_term_string}"},"query-input":{"@type":"PropertyValueSpecification","valueRequired":true,"valueName":"search_term_string"}}],"inLanguage":"sq-AL"},{"@type":"Organization","@id":"https:\/\/eternadent.com.mk\/#organization","name":"\u0415\u0422\u0415\u0420\u041d\u0410\u0434\u0435\u043d\u0442","alternateName":"Eterna Dent","url":"https:\/\/eternadent.com.mk\/","logo":{"@type":"ImageObject","inLanguage":"sq-AL","@id":"https:\/\/eternadent.com.mk\/#\/schema\/logo\/image\/","url":"https:\/\/eternadent.com.mk\/wp-content\/uploads\/2022\/04\/eterna-dent-logo-mk.png","contentUrl":"https:\/\/eternadent.com.mk\/wp-content\/uploads\/2022\/04\/eterna-dent-logo-mk.png","width":842,"height":291,"caption":"\u0415\u0422\u0415\u0420\u041d\u0410\u0434\u0435\u043d\u0442"},"image":{"@id":"https:\/\/eternadent.com.mk\/#\/schema\/logo\/image\/"},"sameAs":["https:\/\/www.facebook.com\/eternadentskopje\/","https:\/\/www.instagram.com\/eternadentskopje\/"]}]}},"_links":{"self":[{"href":"https:\/\/eternadent.com.mk\/sq\/wp-json\/wp\/v2\/pages\/3049","targetHints":{"allow":["GET"]}}],"collection":[{"href":"https:\/\/eternadent.com.mk\/sq\/wp-json\/wp\/v2\/pages"}],"about":[{"href":"https:\/\/eternadent.com.mk\/sq\/wp-json\/wp\/v2\/types\/page"}],"author":[{"embeddable":true,"href":"https:\/\/eternadent.com.mk\/sq\/wp-json\/wp\/v2\/users\/1"}],"replies":[{"embeddable":true,"href":"https:\/\/eternadent.com.mk\/sq\/wp-json\/wp\/v2\/comments?post=3049"}],"version-history":[{"count":3,"href":"https:\/\/eternadent.com.mk\/sq\/wp-json\/wp\/v2\/pages\/3049\/revisions"}],"predecessor-version":[{"id":3052,"href":"https:\/\/eternadent.com.mk\/sq\/wp-json\/wp\/v2\/pages\/3049\/revisions\/3052"}],"wp:attachment":[{"href":"https:\/\/eternadent.com.mk\/sq\/wp-json\/wp\/v2\/media?parent=3049"}],"curies":[{"name":"wp","href":"https:\/\/api.w.org\/{rel}","templated":true}]}}