{"id":3045,"date":"2022-03-22T16:54:27","date_gmt":"2022-03-22T15:54:27","guid":{"rendered":"https:\/\/eternadent.com.mk\/laserska-stomatologija\/"},"modified":"2022-08-25T14:11:59","modified_gmt":"2022-08-25T12:11:59","slug":"laserska-stomatologija","status":"publish","type":"page","link":"https:\/\/eternadent.com.mk\/sq\/laserska-stomatologija\/","title":{"rendered":"STOMATOLOGJIA LASERIKE"},"content":{"rendered":"<div class=\"wpb-content-wrapper\">[vc_row content_placement=&#8221;middle&#8221; css=&#8221;.vc_custom_1654813234143{margin-bottom: 0px !important;padding-bottom: 0px !important;}&#8221;][vc_column css=&#8221;.vc_custom_1593846984395{margin-bottom: 0px !important;padding-bottom: 0px !important;}&#8221;][vc_column_text]\n<h2>STOMATOLOGJIA LASERIKE<\/h2>\n[\/vc_column_text][\/vc_column][vc_column width=&#8221;2\/4&#8243;][vc_column_text]P\u00ebrdorimi i teknologjis\u00eb m\u00eb t\u00eb re laserike mund\u00ebson metoda shum\u00eb inovative t\u00eb sh\u00ebrimit n\u00eb stomatologji. Laser\u00ebt mund t\u00eb p\u00ebrdoren n\u00eb m\u00ebnyr\u00eb efikase p\u00ebr s\u00ebmundje t\u00eb ndryshme duke p\u00ebrfshir\u00eb trajtimin e kanaleve rr\u00ebnj\u00ebsore, si dhe problemin me parodontin, zbardhjen e dh\u00ebmb\u00ebve dhe trajtimin e dh\u00ebmb\u00ebve t\u00eb ndjeshme.[\/vc_column_text][\/vc_column][vc_column width=&#8221;1\/4&#8243;][vc_single_image image=&#8221;1960&#8243; img_size=&#8221;full&#8221; alignment=&#8221;center&#8221; onclick=&#8221;custom_link&#8221; img_link_target=&#8221;_blank&#8221; link=&#8221;https:%2F%2Fwww.light-inst.com%2F|&#8221;][\/vc_column][vc_column width=&#8221;1\/4&#8243;][vc_single_image image=&#8221;2031&#8243; img_size=&#8221;full&#8221; alignment=&#8221;center&#8221; onclick=&#8221;custom_link&#8221; img_link_target=&#8221;_blank&#8221; link=&#8221;https:%2F%2Fwww.fotona.com%2Fen%2F|&#8221; curly_max_width=&#8221;70%&#8221;][\/vc_column][\/vc_row][vc_row css=&#8221;.vc_custom_1654701997268{padding-top: 0px !important;}&#8221;][vc_column][vc_tta_accordion][vc_tta_section title=&#8221;Trajtimi i kariesit&#8221; tab_id=&#8221;1647959135117-60edd0e9-d758&#8243;][vc_row_inner][vc_column_inner width=&#8221;1\/2&#8243;][vc_column_text]Ndri\u00e7imi laserik mund largoj\u00eb n\u00eb m\u00ebnyr\u00eb shum\u00eb precize kariesin, pa z\u00ebrin e njohur dhe vibrime t\u00eb instrumenteve standarde me rotacion. P\u00ebr m\u00eb shum\u00eb njer\u00ebz, ky trajtim \u00ebsht\u00eb pothuajse pa dhimbje.[\/vc_column_text][\/vc_column_inner][vc_column_inner width=&#8221;1\/2&#8243;][vc_single_image image=&#8221;1705&#8243; img_size=&#8221;large&#8221;][\/vc_column_inner][\/vc_row_inner][\/vc_tta_section][vc_tta_section title=&#8221;Trajtimi i qaf\u00ebs t\u00eb ndjeshme t\u00eb dh\u00ebmbit&#8221; tab_id=&#8221;1647958929883-4e7c8625-1c65&#8243;][vc_row_inner][vc_column_inner width=&#8221;1\/2&#8243;][vc_column_text]Dh\u00ebmb\u00ebt shum\u00eb t\u00eb ndjesh\u00ebm reagojn\u00eb n\u00eb t\u00eb ftoht\u00eb dhe t\u00eb ngroht\u00eb, t\u00eb krypur dhe t\u00eb tharr\u00ebt. Arsyeja e shpesht\u00eb p\u00ebr k\u00ebt\u00eb \u00ebsht\u00eb qafa e zhveshur e dh\u00ebmbit, kurorat e k\u00ebqija ose shtresa shum\u00eb e holl\u00eb e smaltit, ashtuq\u00eb nxit\u00ebsit leht\u00ebsisht arrijn\u00eb n\u00eb nerva dhe shkaktojn\u00eb dhimbje.[\/vc_column_text][\/vc_column_inner][vc_column_inner width=&#8221;1\/2&#8243;][vc_single_image image=&#8221;1706&#8243; img_size=&#8221;large&#8221;][\/vc_column_inner][\/vc_row_inner][\/vc_tta_section][vc_tta_section title=&#8221;Largimi i indeve t\u00eb buta pa bisturi&#8221; tab_id=&#8221;1647958971572-873a5ef4-aed6&#8243;][vc_row_inner][vc_column_inner width=&#8221;1\/2&#8243;][vc_column_text]Indi i but\u00eb mund t\u00eb largohet me laser pothuajse pa aspak gjakderdhje, sepse laseri nj\u00ebkoh\u00ebsisht mbyll vendet e prera. At\u00ebher\u00eb, qepja e plag\u00ebve \u00ebsht\u00eb shpesh e panevojshme, kurse veprimi antiinflamator i laserit nj\u00ebkoh\u00ebsisht p\u00ebrshpejton sh\u00ebrimin[\/vc_column_text][\/vc_column_inner][vc_column_inner width=&#8221;1\/2&#8243;][vc_single_image image=&#8221;1709&#8243; img_size=&#8221;large&#8221;][\/vc_column_inner][\/vc_row_inner][\/vc_tta_section][vc_tta_section title=&#8221;Frenulektomia (Frenektomia)&#8221; tab_id=&#8221;1647959000996-fe36a308-3974&#8243;][vc_row_inner][vc_column_inner width=&#8221;1\/2&#8243;][vc_column_text]Frenulektomia \u00ebsht\u00eb largimi i indit (dyfishim i mukoz\u00ebs).<\/p>\n<p>Ekzistojn\u00eb disa frenulume p\u00ebr t\u00eb cilat realizohen lloje t\u00eb ve\u00e7anta t\u00eb frenulektomis\u00eb:<\/p>\n<ul>\n<li><strong>Frenulektomia linguale (e gjuh\u00ebs)<\/strong>, si trajtim i ankiloglosis\u00eb,<\/li>\n<li><strong>Frenulektomia labiale (e gjuh\u00ebs)<\/strong> \u00ebsht\u00eb shum\u00eb e shpesht\u00eb te pacient\u00ebt t\u00eb cil\u00ebt p\u00ebrgatiten p\u00ebr vendosje t\u00eb protez\u00ebs, me q\u00ebllim q\u00eb t\u00eb p\u00ebrfitohet sip\u00ebrfaqe m\u00eb e madhe p\u00ebr t\u00eb shtruar protezat; ose te pacient\u00ebt t\u00eb cil\u00ebt kan\u00eb indin t\u00eb vendosur posht\u00eb ose t\u00eb trashur n\u00eb pjes\u00ebn e pjes\u00ebs t\u00eb sip\u00ebrme t\u00eb goj\u00ebs dhe shkakton recesion t\u00eb mish\u00ebrave t\u00eb dh\u00ebmb\u00ebve (zhveshjen e tyre) ose formon diastema nd\u00ebrmjet dh\u00ebmb\u00ebve p\u00ebrpara t\u00eb cil\u00ebt jan\u00eb prer\u00ebs q\u00ebndror.<\/li>\n<\/ul>\n[\/vc_column_text][\/vc_column_inner][vc_column_inner width=&#8221;1\/2&#8243;][vc_single_image image=&#8221;1710&#8243; img_size=&#8221;large&#8221;][\/vc_column_inner][\/vc_row_inner][\/vc_tta_section][vc_tta_section title=&#8221;Rekonturimi laserik i gingiv\u00ebs&#8221; tab_id=&#8221;1648202585985-4a29feb9-6c05&#8243;][vc_row_inner][vc_column_inner width=&#8221;1\/2&#8243;][vc_column_text]Disa pacient\u00eb qeshin me t\u00eb asht\u00ebquajtur\u00ebn buzeqeshje t\u00eb lart\u00eb ose \u201dgummy smile\u201d. Nd\u00ebrkoh\u00eb zbulojn\u00eb pjes\u00eb t\u00eb madhe t\u00eb mishrave t\u00eb goj\u00ebs dhe k\u00ebshtu e prish estetik\u00ebn e buz\u00ebqeshjes. Problem shtes\u00eb \u00ebsht\u00eb n\u00ebse vija e mishrave t\u00eb dh\u00ebmb\u00ebve nuk \u00ebsht\u00eb e barabart\u00eb ose josimetrike. N\u00eb k\u00ebto raste n\u00eb ETERNAdent shfryt\u00ebzojm\u00eb laserin Er:Yag ( Syneron lite touch) q\u00eb mund\u00ebson q\u00eb pa dhimbje t\u00eb vendosin simetrin\u00eb e t\u00eb asht\u00ebquajturit estetik\u00eb roz\u00eb-t\u00eb bardh\u00eb. Me shfryt\u00ebzimin e laserit n\u00eb vend t\u00eb bisturis\u00eb p\u00ebr k\u00ebt\u00eb procedur\u00eb, m\u00eb shpesh shmanget nevoja p\u00ebr anestezi dhe qepje. Laseri \u00ebsht\u00eb mjet shum\u00eb i sakt\u00eb me t\u00eb cilin vet\u00ebm largohet mishi i tep\u00ebrt. Procedura \u00ebsht\u00eb e shpejt\u00eb dhe sh\u00ebrimi zgjat shum\u00eb m\u00eb shkurt\u00eb pas rekonturimit klasik kirurgjik t\u00eb mish\u00ebrave t\u00eb dh\u00ebmb\u00ebve.[\/vc_column_text][\/vc_column_inner][vc_column_inner width=&#8221;1\/2&#8243;][vc_single_image image=&#8221;1711&#8243; img_size=&#8221;large&#8221;][\/vc_column_inner][\/vc_row_inner][\/vc_tta_section][vc_tta_section title=&#8221;Depigmentimi laserik i gingiv\u00ebs&#8221; tab_id=&#8221;1648202584348-d0ed38e5-20cd&#8221;][vc_row_inner][vc_column_inner width=&#8221;1\/2&#8243;][vc_column_text]Disa njer\u00ebz n\u00eb m\u00ebnyr\u00eb t\u00eb natyrshme kan\u00eb m\u00eb shum\u00eb melanin t\u00eb akumuluar n\u00eb mish\u00ebrat e dh\u00ebmb\u00ebve dhe ata duken n\u00eb form\u00eb t\u00eb mavijosur m\u00eb t\u00eb err\u00ebt. Te ato njer\u00ebz t\u00eb cil\u00ebt qeshin me zbulimin e mish\u00ebrave (buz\u00ebqeshje e lart\u00eb) ajo duket mjaft\u00eb joestetike.<\/p>\n<p>Laseri i fuqish\u00ebm Er:Yag na mund\u00ebson q\u00eb t\u00eb largojm\u00eb k\u00ebt\u00eb pigment shpejt\u00eb dhe pa dhimbje vet\u00ebm me nj\u00eb vizit\u00eb.[\/vc_column_text][\/vc_column_inner][vc_column_inner width=&#8221;1\/2&#8243;][vc_single_image image=&#8221;1712&#8243; img_size=&#8221;large&#8221;][\/vc_column_inner][\/vc_row_inner][\/vc_tta_section][\/vc_tta_accordion][vc_column_text]<a class=\"btn btn-outline-primary\" href=\"https:\/\/eternadent.com.mk\/appointments\/\">Caktoni kontroll<\/a>[\/vc_column_text][\/vc_column][\/vc_row]\n<\/div>","protected":false},"excerpt":{"rendered":"<p>[vc_row content_placement=&#8221;middle&#8221; css=&#8221;.vc_custom_1654813234143{margin-bottom: 0px !important;padding-bottom: 0px !important;}&#8221;][vc_column css=&#8221;.vc_custom_1593846984395{margin-bottom: 0px !important;padding-bottom: 0px !important;}&#8221;][vc_column_text] STOMATOLOGJIA LASERIKE [\/vc_column_text][\/vc_column][vc_column width=&#8221;2\/4&#8243;][vc_column_text]P\u00ebrdorimi i teknologjis\u00eb m\u00eb t\u00eb re laserike mund\u00ebson metoda shum\u00eb inovative t\u00eb sh\u00ebrimit n\u00eb stomatologji. Laser\u00ebt mund t\u00eb p\u00ebrdoren n\u00eb m\u00ebnyr\u00eb efikase p\u00ebr s\u00ebmundje t\u00eb ndryshme duke p\u00ebrfshir\u00eb trajtimin e kanaleve rr\u00ebnj\u00ebsore, si dhe problemin me parodontin, zbardhjen e dh\u00ebmb\u00ebve dhe trajtimin e dh\u00ebmb\u00ebve t\u00eb [&hellip;]<\/p>\n","protected":false},"author":2,"featured_media":0,"parent":0,"menu_order":0,"comment_status":"closed","ping_status":"closed","template":"","meta":{"inline_featured_image":false,"footnotes":""},"class_list":["post-3045","page","type-page","status-publish","hentry"],"yoast_head":"<!-- This site is optimized with the Yoast SEO Premium plugin v24.7 (Yoast SEO v24.8.1) - https:\/\/yoast.com\/wordpress\/plugins\/seo\/ -->\n<title>STOMATOLOGJIA LASERIKE - \u0415\u0422\u0415\u0420\u041d\u0410\u0434\u0435\u043d\u0442<\/title>\n<meta name=\"robots\" content=\"index, follow, max-snippet:-1, max-image-preview:large, max-video-preview:-1\" \/>\n<link rel=\"canonical\" href=\"https:\/\/eternadent.com.mk\/sq\/laserska-stomatologija\/\" \/>\n<meta property=\"og:locale\" content=\"sq_AL\" \/>\n<meta property=\"og:type\" content=\"article\" \/>\n<meta property=\"og:title\" content=\"STOMATOLOGJIA LASERIKE\" \/>\n<meta property=\"og:description\" content=\"[vc_row content_placement=&#8221;middle&#8221; css=&#8221;.vc_custom_1654813234143{margin-bottom: 0px !important;padding-bottom: 0px !important;}&#8221;][vc_column css=&#8221;.vc_custom_1593846984395{margin-bottom: 0px !important;padding-bottom: 0px !important;}&#8221;][vc_column_text] STOMATOLOGJIA LASERIKE [\/vc_column_text][\/vc_column][vc_column width=&#8221;2\/4&#8243;][vc_column_text]P\u00ebrdorimi i teknologjis\u00eb m\u00eb t\u00eb re laserike mund\u00ebson metoda shum\u00eb inovative t\u00eb sh\u00ebrimit n\u00eb stomatologji. Laser\u00ebt mund t\u00eb p\u00ebrdoren n\u00eb m\u00ebnyr\u00eb efikase p\u00ebr s\u00ebmundje t\u00eb ndryshme duke p\u00ebrfshir\u00eb trajtimin e kanaleve rr\u00ebnj\u00ebsore, si dhe problemin me parodontin, zbardhjen e dh\u00ebmb\u00ebve dhe trajtimin e dh\u00ebmb\u00ebve t\u00eb [&hellip;]\" \/>\n<meta property=\"og:url\" content=\"https:\/\/eternadent.com.mk\/sq\/laserska-stomatologija\/\" \/>\n<meta property=\"og:site_name\" content=\"\u0415\u0422\u0415\u0420\u041d\u0410\u0434\u0435\u043d\u0442\" \/>\n<meta property=\"article:publisher\" content=\"https:\/\/www.facebook.com\/eternadentskopje\/\" \/>\n<meta property=\"article:modified_time\" content=\"2022-08-25T12:11:59+00:00\" \/>\n<meta property=\"og:image\" content=\"https:\/\/eternadent.com.mk\/wp-content\/uploads\/2023\/12\/eterna-logo-web.png\" \/>\n\t<meta property=\"og:image:width\" content=\"1200\" \/>\n\t<meta property=\"og:image:height\" content=\"675\" \/>\n\t<meta property=\"og:image:type\" content=\"image\/png\" \/>\n<meta name=\"twitter:card\" content=\"summary_large_image\" \/>\n<meta name=\"twitter:label1\" content=\"Est. reading time\" \/>\n\t<meta name=\"twitter:data1\" content=\"5 minutes\" \/>\n<script type=\"application\/ld+json\" class=\"yoast-schema-graph\">{\"@context\":\"https:\/\/schema.org\",\"@graph\":[{\"@type\":\"WebPage\",\"@id\":\"https:\/\/eternadent.com.mk\/sq\/laserska-stomatologija\/\",\"url\":\"https:\/\/eternadent.com.mk\/sq\/laserska-stomatologija\/\",\"name\":\"STOMATOLOGJIA LASERIKE - \u0415\u0422\u0415\u0420\u041d\u0410\u0434\u0435\u043d\u0442\",\"isPartOf\":{\"@id\":\"https:\/\/eternadent.com.mk\/#website\"},\"datePublished\":\"2022-03-22T15:54:27+00:00\",\"dateModified\":\"2022-08-25T12:11:59+00:00\",\"breadcrumb\":{\"@id\":\"https:\/\/eternadent.com.mk\/sq\/laserska-stomatologija\/#breadcrumb\"},\"inLanguage\":\"sq-AL\",\"potentialAction\":[{\"@type\":\"ReadAction\",\"target\":[\"https:\/\/eternadent.com.mk\/sq\/laserska-stomatologija\/\"]}]},{\"@type\":\"BreadcrumbList\",\"@id\":\"https:\/\/eternadent.com.mk\/sq\/laserska-stomatologija\/#breadcrumb\",\"itemListElement\":[{\"@type\":\"ListItem\",\"position\":1,\"name\":\"[wpseo_titles]breadcrumbs-\u041f\u043e\u0447\u0435\u0442\u043d\u0430\",\"item\":\"https:\/\/eternadent.com.mk\/sq\/\"},{\"@type\":\"ListItem\",\"position\":2,\"name\":\"STOMATOLOGJIA LASERIKE\"}]},{\"@type\":\"WebSite\",\"@id\":\"https:\/\/eternadent.com.mk\/#website\",\"url\":\"https:\/\/eternadent.com.mk\/\",\"name\":\"ETERNAdent | \u0415\u0422\u0415\u0420\u041d\u0410\u0434\u0435\u043d\u0442\",\"description\":\"\u0412\u0410\u0428\u0410\u0422\u0410 \u041d\u041e\u0412\u0410 \u0417\u0414\u0420\u0410\u0412\u0410 \u041d\u0410\u0421\u041c\u0415\u0412\u041a\u0410\",\"publisher\":{\"@id\":\"https:\/\/eternadent.com.mk\/#organization\"},\"alternateName\":\"Eterna Dent | \u0415\u0442\u0435\u0440\u043d\u0430 \u0414\u0435\u043d\u0442\",\"potentialAction\":[{\"@type\":\"SearchAction\",\"target\":{\"@type\":\"EntryPoint\",\"urlTemplate\":\"https:\/\/eternadent.com.mk\/?s={search_term_string}\"},\"query-input\":{\"@type\":\"PropertyValueSpecification\",\"valueRequired\":true,\"valueName\":\"search_term_string\"}}],\"inLanguage\":\"sq-AL\"},{\"@type\":\"Organization\",\"@id\":\"https:\/\/eternadent.com.mk\/#organization\",\"name\":\"\u0415\u0422\u0415\u0420\u041d\u0410\u0434\u0435\u043d\u0442\",\"alternateName\":\"Eterna Dent\",\"url\":\"https:\/\/eternadent.com.mk\/\",\"logo\":{\"@type\":\"ImageObject\",\"inLanguage\":\"sq-AL\",\"@id\":\"https:\/\/eternadent.com.mk\/#\/schema\/logo\/image\/\",\"url\":\"https:\/\/eternadent.com.mk\/wp-content\/uploads\/2022\/04\/eterna-dent-logo-mk.png\",\"contentUrl\":\"https:\/\/eternadent.com.mk\/wp-content\/uploads\/2022\/04\/eterna-dent-logo-mk.png\",\"width\":842,\"height\":291,\"caption\":\"\u0415\u0422\u0415\u0420\u041d\u0410\u0434\u0435\u043d\u0442\"},\"image\":{\"@id\":\"https:\/\/eternadent.com.mk\/#\/schema\/logo\/image\/\"},\"sameAs\":[\"https:\/\/www.facebook.com\/eternadentskopje\/\",\"https:\/\/www.instagram.com\/eternadentskopje\/\"]}]}<\/script>\n<!-- \/ Yoast SEO Premium plugin. -->","yoast_head_json":{"title":"STOMATOLOGJIA LASERIKE - \u0415\u0422\u0415\u0420\u041d\u0410\u0434\u0435\u043d\u0442","robots":{"index":"index","follow":"follow","max-snippet":"max-snippet:-1","max-image-preview":"max-image-preview:large","max-video-preview":"max-video-preview:-1"},"canonical":"https:\/\/eternadent.com.mk\/sq\/laserska-stomatologija\/","og_locale":"sq_AL","og_type":"article","og_title":"STOMATOLOGJIA LASERIKE","og_description":"[vc_row content_placement=&#8221;middle&#8221; css=&#8221;.vc_custom_1654813234143{margin-bottom: 0px !important;padding-bottom: 0px !important;}&#8221;][vc_column css=&#8221;.vc_custom_1593846984395{margin-bottom: 0px !important;padding-bottom: 0px !important;}&#8221;][vc_column_text] STOMATOLOGJIA LASERIKE [\/vc_column_text][\/vc_column][vc_column width=&#8221;2\/4&#8243;][vc_column_text]P\u00ebrdorimi i teknologjis\u00eb m\u00eb t\u00eb re laserike mund\u00ebson metoda shum\u00eb inovative t\u00eb sh\u00ebrimit n\u00eb stomatologji. Laser\u00ebt mund t\u00eb p\u00ebrdoren n\u00eb m\u00ebnyr\u00eb efikase p\u00ebr s\u00ebmundje t\u00eb ndryshme duke p\u00ebrfshir\u00eb trajtimin e kanaleve rr\u00ebnj\u00ebsore, si dhe problemin me parodontin, zbardhjen e dh\u00ebmb\u00ebve dhe trajtimin e dh\u00ebmb\u00ebve t\u00eb [&hellip;]","og_url":"https:\/\/eternadent.com.mk\/sq\/laserska-stomatologija\/","og_site_name":"\u0415\u0422\u0415\u0420\u041d\u0410\u0434\u0435\u043d\u0442","article_publisher":"https:\/\/www.facebook.com\/eternadentskopje\/","article_modified_time":"2022-08-25T12:11:59+00:00","og_image":[{"width":1200,"height":675,"url":"https:\/\/eternadent.com.mk\/wp-content\/uploads\/2023\/12\/eterna-logo-web.png","type":"image\/png"}],"twitter_card":"summary_large_image","twitter_misc":{"Est. reading time":"5 minutes"},"schema":{"@context":"https:\/\/schema.org","@graph":[{"@type":"WebPage","@id":"https:\/\/eternadent.com.mk\/sq\/laserska-stomatologija\/","url":"https:\/\/eternadent.com.mk\/sq\/laserska-stomatologija\/","name":"STOMATOLOGJIA LASERIKE - \u0415\u0422\u0415\u0420\u041d\u0410\u0434\u0435\u043d\u0442","isPartOf":{"@id":"https:\/\/eternadent.com.mk\/#website"},"datePublished":"2022-03-22T15:54:27+00:00","dateModified":"2022-08-25T12:11:59+00:00","breadcrumb":{"@id":"https:\/\/eternadent.com.mk\/sq\/laserska-stomatologija\/#breadcrumb"},"inLanguage":"sq-AL","potentialAction":[{"@type":"ReadAction","target":["https:\/\/eternadent.com.mk\/sq\/laserska-stomatologija\/"]}]},{"@type":"BreadcrumbList","@id":"https:\/\/eternadent.com.mk\/sq\/laserska-stomatologija\/#breadcrumb","itemListElement":[{"@type":"ListItem","position":1,"name":"[wpseo_titles]breadcrumbs-\u041f\u043e\u0447\u0435\u0442\u043d\u0430","item":"https:\/\/eternadent.com.mk\/sq\/"},{"@type":"ListItem","position":2,"name":"STOMATOLOGJIA LASERIKE"}]},{"@type":"WebSite","@id":"https:\/\/eternadent.com.mk\/#website","url":"https:\/\/eternadent.com.mk\/","name":"ETERNAdent | \u0415\u0422\u0415\u0420\u041d\u0410\u0434\u0435\u043d\u0442","description":"\u0412\u0410\u0428\u0410\u0422\u0410 \u041d\u041e\u0412\u0410 \u0417\u0414\u0420\u0410\u0412\u0410 \u041d\u0410\u0421\u041c\u0415\u0412\u041a\u0410","publisher":{"@id":"https:\/\/eternadent.com.mk\/#organization"},"alternateName":"Eterna Dent | \u0415\u0442\u0435\u0440\u043d\u0430 \u0414\u0435\u043d\u0442","potentialAction":[{"@type":"SearchAction","target":{"@type":"EntryPoint","urlTemplate":"https:\/\/eternadent.com.mk\/?s={search_term_string}"},"query-input":{"@type":"PropertyValueSpecification","valueRequired":true,"valueName":"search_term_string"}}],"inLanguage":"sq-AL"},{"@type":"Organization","@id":"https:\/\/eternadent.com.mk\/#organization","name":"\u0415\u0422\u0415\u0420\u041d\u0410\u0434\u0435\u043d\u0442","alternateName":"Eterna Dent","url":"https:\/\/eternadent.com.mk\/","logo":{"@type":"ImageObject","inLanguage":"sq-AL","@id":"https:\/\/eternadent.com.mk\/#\/schema\/logo\/image\/","url":"https:\/\/eternadent.com.mk\/wp-content\/uploads\/2022\/04\/eterna-dent-logo-mk.png","contentUrl":"https:\/\/eternadent.com.mk\/wp-content\/uploads\/2022\/04\/eterna-dent-logo-mk.png","width":842,"height":291,"caption":"\u0415\u0422\u0415\u0420\u041d\u0410\u0434\u0435\u043d\u0442"},"image":{"@id":"https:\/\/eternadent.com.mk\/#\/schema\/logo\/image\/"},"sameAs":["https:\/\/www.facebook.com\/eternadentskopje\/","https:\/\/www.instagram.com\/eternadentskopje\/"]}]}},"_links":{"self":[{"href":"https:\/\/eternadent.com.mk\/sq\/wp-json\/wp\/v2\/pages\/3045","targetHints":{"allow":["GET"]}}],"collection":[{"href":"https:\/\/eternadent.com.mk\/sq\/wp-json\/wp\/v2\/pages"}],"about":[{"href":"https:\/\/eternadent.com.mk\/sq\/wp-json\/wp\/v2\/types\/page"}],"author":[{"embeddable":true,"href":"https:\/\/eternadent.com.mk\/sq\/wp-json\/wp\/v2\/users\/2"}],"replies":[{"embeddable":true,"href":"https:\/\/eternadent.com.mk\/sq\/wp-json\/wp\/v2\/comments?post=3045"}],"version-history":[{"count":3,"href":"https:\/\/eternadent.com.mk\/sq\/wp-json\/wp\/v2\/pages\/3045\/revisions"}],"predecessor-version":[{"id":3048,"href":"https:\/\/eternadent.com.mk\/sq\/wp-json\/wp\/v2\/pages\/3045\/revisions\/3048"}],"wp:attachment":[{"href":"https:\/\/eternadent.com.mk\/sq\/wp-json\/wp\/v2\/media?parent=3045"}],"curies":[{"name":"wp","href":"https:\/\/api.w.org\/{rel}","templated":true}]}}