{"id":3041,"date":"2020-06-12T10:27:07","date_gmt":"2020-06-12T08:27:07","guid":{"rendered":"https:\/\/eternadent.com.mk\/ortodoncija\/"},"modified":"2022-08-25T14:05:25","modified_gmt":"2022-08-25T12:05:25","slug":"ortodoncija","status":"publish","type":"page","link":"https:\/\/eternadent.com.mk\/sq\/ortodoncija\/","title":{"rendered":"ORTODONCIA"},"content":{"rendered":"<div class=\"wpb-content-wrapper\">[vc_row css=&#8221;.vc_custom_1593846975271{margin-bottom: 0px !important;padding-bottom: 0px !important;}&#8221;][vc_column css=&#8221;.vc_custom_1593846984395{margin-bottom: 0px !important;padding-bottom: 0px !important;}&#8221;][vc_column_text]\n<h2>ORTODONCIA<\/h2>\n[\/vc_column_text][\/vc_column][\/vc_row][vc_row gap=&#8221;20&#8243; curly_padding=&#8221;content-padding-none&#8221; css=&#8221;.vc_custom_1655824225637{margin-top: 0px !important;padding-top: 0px !important;}&#8221;][vc_column width=&#8221;1\/2&#8243; offset=&#8221;vc_col-lg-offset-0 vc_col-sm-offset-1&#8243; css=&#8221;.vc_custom_1655823735508{margin-top: 0px !important;padding-top: 0px !important;}&#8221;][vc_column_text]Q\u00ebllimi i trajtimit ortodontik n\u00eb ETERNA, q\u00eb n\u00ebnkupton p\u00ebrdorim t\u00eb protezave, fiksator\u00ebve dhe hap\u00ebsir\u00ebs dhe alajner\u00ebve-p\u00ebrshtat\u00ebsve, \u00ebsht\u00eb q\u00eb t\u00eb rregulloj\u00eb dhe t\u00eb rradhis dh\u00ebmb\u00ebt. Trajtimi m\u00eb shpesh fillon n\u00eb vitet para dhe gjat\u00eb adoleshenc\u00ebs, por edhe personave t\u00eb rritur mund t\u2019u duhet trajtim ortodontik. Trajtimi mund t\u00eb asocioj\u00eb n\u00eb proces t\u00eb v\u00ebshtir\u00eb dhe t\u00eb gjat\u00eb q\u00eb zgjat disa muaj apo disa vite, por megjithat\u00eb do i zgjidh problemet e r\u00ebnd\u00ebsishme.<br \/>\nMe siguri do t\u00eb jeni krenar\u00eb p\u00ebr buz\u00ebqeshjen tuaj kur dh\u00ebmb\u00ebt do t\u00eb jen\u00eb t\u00eb rregulluar dhe t\u00eb rradhitur n\u00eb m\u00ebnyr\u00eb t\u00eb barabart\u00eb. Krenaria me pamjen tuaj do ju krijoj\u00eb vet\u00ebbesim m\u00eb t\u00eb madh dhe do ju nxis\u00eb q\u00eb t\u00eb provoni gj\u00ebra t\u00eb reja. Kjo mund t\u00eb jet\u00eb ve\u00e7an\u00ebrisht e r\u00ebnd\u00ebsishme p\u00ebr adoleshent\u00ebt. Krahas asaj, njer\u00ebzit shpesh gjykojn\u00eb n\u00eb baz\u00eb t\u00eb p\u00ebrshtypjeve t\u00eb para. Buz\u00ebqeshja q\u00eb tregon dh\u00ebmb t\u00eb rregulluar dhe t\u00eb rradhitur n\u00eb m\u00ebnyr\u00eb t\u00eb bukur \u00ebsht\u00eb m\u00eb t\u00ebrheq\u00ebse dhe shum\u00eb e r\u00ebnd\u00ebsishme sepse mund\u00ebson sh\u00ebndet m\u00eb t\u00eb mir\u00eb dhe m\u00eb t\u00eb leht\u00eb oral.<br \/>\nOfrojm\u00eb: aparate mobile, proteza fikse me briketa t\u00eb titaniumit dhe qeramik\u00ebs (estetike), t\u00eb vendosura para ose pas dh\u00ebmb\u00ebve (t\u00eb padukshme) dhe sistem t\u00eb protezave Invisalign (p\u00ebrshtat\u00ebsve t\u00eb paduksh\u00ebm) t\u00eb cil\u00ebt p\u00ebrb\u00ebhen nga nj\u00eb seri e mbrojt\u00ebsve t\u00eb p\u00ebrpunuar me dor\u00eb t\u00eb plastik\u00ebs transparente.[\/vc_column_text][vc_column_text]<a class=\"btn btn-outline-primary\" href=\"https:\/\/eternadent.com.mk\/appointments\/\">Caktoni kontroll<\/a>[\/vc_column_text][\/vc_column][vc_column width=&#8221;1\/2&#8243; css=&#8221;.vc_custom_1655823701194{margin-top: 0px !important;padding-top: 0px !important;}&#8221;][vc_single_image image=&#8221;1500&#8243; img_size=&#8221;full&#8221;][\/vc_column][\/vc_row]\n<\/div>","protected":false},"excerpt":{"rendered":"<p>[vc_row css=&#8221;.vc_custom_1593846975271{margin-bottom: 0px !important;padding-bottom: 0px !important;}&#8221;][vc_column css=&#8221;.vc_custom_1593846984395{margin-bottom: 0px !important;padding-bottom: 0px !important;}&#8221;][vc_column_text] ORTODONCIA [\/vc_column_text][\/vc_column][\/vc_row][vc_row gap=&#8221;20&#8243; curly_padding=&#8221;content-padding-none&#8221; css=&#8221;.vc_custom_1655824225637{margin-top: 0px !important;padding-top: 0px !important;}&#8221;][vc_column width=&#8221;1\/2&#8243; offset=&#8221;vc_col-lg-offset-0 vc_col-sm-offset-1&#8243; css=&#8221;.vc_custom_1655823735508{margin-top: 0px !important;padding-top: 0px !important;}&#8221;][vc_column_text]Q\u00ebllimi i trajtimit ortodontik n\u00eb ETERNA, q\u00eb n\u00ebnkupton p\u00ebrdorim t\u00eb protezave, fiksator\u00ebve dhe hap\u00ebsir\u00ebs dhe alajner\u00ebve-p\u00ebrshtat\u00ebsve, \u00ebsht\u00eb q\u00eb t\u00eb rregulloj\u00eb dhe t\u00eb rradhis dh\u00ebmb\u00ebt. Trajtimi m\u00eb shpesh fillon n\u00eb vitet para dhe gjat\u00eb [&hellip;]<\/p>\n","protected":false},"author":1,"featured_media":0,"parent":0,"menu_order":0,"comment_status":"closed","ping_status":"closed","template":"","meta":{"inline_featured_image":false,"footnotes":""},"class_list":["post-3041","page","type-page","status-publish","hentry"],"yoast_head":"<!-- This site is optimized with the Yoast SEO Premium plugin v24.7 (Yoast SEO v24.8.1) - https:\/\/yoast.com\/wordpress\/plugins\/seo\/ -->\n<title>ORTODONCIA - \u0415\u0422\u0415\u0420\u041d\u0410\u0434\u0435\u043d\u0442<\/title>\n<meta name=\"robots\" content=\"index, follow, max-snippet:-1, max-image-preview:large, max-video-preview:-1\" \/>\n<link rel=\"canonical\" href=\"https:\/\/eternadent.com.mk\/sq\/ortodoncija\/\" \/>\n<meta property=\"og:locale\" content=\"sq_AL\" \/>\n<meta property=\"og:type\" content=\"article\" \/>\n<meta property=\"og:title\" content=\"ORTODONCIA\" \/>\n<meta property=\"og:description\" content=\"[vc_row css=&#8221;.vc_custom_1593846975271{margin-bottom: 0px !important;padding-bottom: 0px !important;}&#8221;][vc_column css=&#8221;.vc_custom_1593846984395{margin-bottom: 0px !important;padding-bottom: 0px !important;}&#8221;][vc_column_text] ORTODONCIA [\/vc_column_text][\/vc_column][\/vc_row][vc_row gap=&#8221;20&#8243; curly_padding=&#8221;content-padding-none&#8221; css=&#8221;.vc_custom_1655824225637{margin-top: 0px !important;padding-top: 0px !important;}&#8221;][vc_column width=&#8221;1\/2&#8243; offset=&#8221;vc_col-lg-offset-0 vc_col-sm-offset-1&#8243; css=&#8221;.vc_custom_1655823735508{margin-top: 0px !important;padding-top: 0px !important;}&#8221;][vc_column_text]Q\u00ebllimi i trajtimit ortodontik n\u00eb ETERNA, q\u00eb n\u00ebnkupton p\u00ebrdorim t\u00eb protezave, fiksator\u00ebve dhe hap\u00ebsir\u00ebs dhe alajner\u00ebve-p\u00ebrshtat\u00ebsve, \u00ebsht\u00eb q\u00eb t\u00eb rregulloj\u00eb dhe t\u00eb rradhis dh\u00ebmb\u00ebt. Trajtimi m\u00eb shpesh fillon n\u00eb vitet para dhe gjat\u00eb [&hellip;]\" \/>\n<meta property=\"og:url\" content=\"https:\/\/eternadent.com.mk\/sq\/ortodoncija\/\" \/>\n<meta property=\"og:site_name\" content=\"\u0415\u0422\u0415\u0420\u041d\u0410\u0434\u0435\u043d\u0442\" \/>\n<meta property=\"article:publisher\" content=\"https:\/\/www.facebook.com\/eternadentskopje\/\" \/>\n<meta property=\"article:modified_time\" content=\"2022-08-25T12:05:25+00:00\" \/>\n<meta property=\"og:image\" content=\"https:\/\/eternadent.com.mk\/wp-content\/uploads\/2023\/12\/eterna-logo-web.png\" \/>\n\t<meta property=\"og:image:width\" content=\"1200\" \/>\n\t<meta property=\"og:image:height\" content=\"675\" \/>\n\t<meta property=\"og:image:type\" content=\"image\/png\" \/>\n<meta name=\"twitter:card\" content=\"summary_large_image\" \/>\n<meta name=\"twitter:label1\" content=\"Est. reading time\" \/>\n\t<meta name=\"twitter:data1\" content=\"2 minutes\" \/>\n<script type=\"application\/ld+json\" class=\"yoast-schema-graph\">{\"@context\":\"https:\/\/schema.org\",\"@graph\":[{\"@type\":\"WebPage\",\"@id\":\"https:\/\/eternadent.com.mk\/sq\/ortodoncija\/\",\"url\":\"https:\/\/eternadent.com.mk\/sq\/ortodoncija\/\",\"name\":\"ORTODONCIA - \u0415\u0422\u0415\u0420\u041d\u0410\u0434\u0435\u043d\u0442\",\"isPartOf\":{\"@id\":\"https:\/\/eternadent.com.mk\/#website\"},\"datePublished\":\"2020-06-12T08:27:07+00:00\",\"dateModified\":\"2022-08-25T12:05:25+00:00\",\"breadcrumb\":{\"@id\":\"https:\/\/eternadent.com.mk\/sq\/ortodoncija\/#breadcrumb\"},\"inLanguage\":\"sq-AL\",\"potentialAction\":[{\"@type\":\"ReadAction\",\"target\":[\"https:\/\/eternadent.com.mk\/sq\/ortodoncija\/\"]}]},{\"@type\":\"BreadcrumbList\",\"@id\":\"https:\/\/eternadent.com.mk\/sq\/ortodoncija\/#breadcrumb\",\"itemListElement\":[{\"@type\":\"ListItem\",\"position\":1,\"name\":\"[wpseo_titles]breadcrumbs-\u041f\u043e\u0447\u0435\u0442\u043d\u0430\",\"item\":\"https:\/\/eternadent.com.mk\/sq\/\"},{\"@type\":\"ListItem\",\"position\":2,\"name\":\"ORTODONCIA\"}]},{\"@type\":\"WebSite\",\"@id\":\"https:\/\/eternadent.com.mk\/#website\",\"url\":\"https:\/\/eternadent.com.mk\/\",\"name\":\"ETERNAdent | \u0415\u0422\u0415\u0420\u041d\u0410\u0434\u0435\u043d\u0442\",\"description\":\"\u0412\u0410\u0428\u0410\u0422\u0410 \u041d\u041e\u0412\u0410 \u0417\u0414\u0420\u0410\u0412\u0410 \u041d\u0410\u0421\u041c\u0415\u0412\u041a\u0410\",\"publisher\":{\"@id\":\"https:\/\/eternadent.com.mk\/#organization\"},\"alternateName\":\"Eterna Dent | \u0415\u0442\u0435\u0440\u043d\u0430 \u0414\u0435\u043d\u0442\",\"potentialAction\":[{\"@type\":\"SearchAction\",\"target\":{\"@type\":\"EntryPoint\",\"urlTemplate\":\"https:\/\/eternadent.com.mk\/?s={search_term_string}\"},\"query-input\":{\"@type\":\"PropertyValueSpecification\",\"valueRequired\":true,\"valueName\":\"search_term_string\"}}],\"inLanguage\":\"sq-AL\"},{\"@type\":\"Organization\",\"@id\":\"https:\/\/eternadent.com.mk\/#organization\",\"name\":\"\u0415\u0422\u0415\u0420\u041d\u0410\u0434\u0435\u043d\u0442\",\"alternateName\":\"Eterna Dent\",\"url\":\"https:\/\/eternadent.com.mk\/\",\"logo\":{\"@type\":\"ImageObject\",\"inLanguage\":\"sq-AL\",\"@id\":\"https:\/\/eternadent.com.mk\/#\/schema\/logo\/image\/\",\"url\":\"https:\/\/eternadent.com.mk\/wp-content\/uploads\/2022\/04\/eterna-dent-logo-mk.png\",\"contentUrl\":\"https:\/\/eternadent.com.mk\/wp-content\/uploads\/2022\/04\/eterna-dent-logo-mk.png\",\"width\":842,\"height\":291,\"caption\":\"\u0415\u0422\u0415\u0420\u041d\u0410\u0434\u0435\u043d\u0442\"},\"image\":{\"@id\":\"https:\/\/eternadent.com.mk\/#\/schema\/logo\/image\/\"},\"sameAs\":[\"https:\/\/www.facebook.com\/eternadentskopje\/\",\"https:\/\/www.instagram.com\/eternadentskopje\/\"]}]}<\/script>\n<!-- \/ Yoast SEO Premium plugin. -->","yoast_head_json":{"title":"ORTODONCIA - \u0415\u0422\u0415\u0420\u041d\u0410\u0434\u0435\u043d\u0442","robots":{"index":"index","follow":"follow","max-snippet":"max-snippet:-1","max-image-preview":"max-image-preview:large","max-video-preview":"max-video-preview:-1"},"canonical":"https:\/\/eternadent.com.mk\/sq\/ortodoncija\/","og_locale":"sq_AL","og_type":"article","og_title":"ORTODONCIA","og_description":"[vc_row css=&#8221;.vc_custom_1593846975271{margin-bottom: 0px !important;padding-bottom: 0px !important;}&#8221;][vc_column css=&#8221;.vc_custom_1593846984395{margin-bottom: 0px !important;padding-bottom: 0px !important;}&#8221;][vc_column_text] ORTODONCIA [\/vc_column_text][\/vc_column][\/vc_row][vc_row gap=&#8221;20&#8243; curly_padding=&#8221;content-padding-none&#8221; css=&#8221;.vc_custom_1655824225637{margin-top: 0px !important;padding-top: 0px !important;}&#8221;][vc_column width=&#8221;1\/2&#8243; offset=&#8221;vc_col-lg-offset-0 vc_col-sm-offset-1&#8243; css=&#8221;.vc_custom_1655823735508{margin-top: 0px !important;padding-top: 0px !important;}&#8221;][vc_column_text]Q\u00ebllimi i trajtimit ortodontik n\u00eb ETERNA, q\u00eb n\u00ebnkupton p\u00ebrdorim t\u00eb protezave, fiksator\u00ebve dhe hap\u00ebsir\u00ebs dhe alajner\u00ebve-p\u00ebrshtat\u00ebsve, \u00ebsht\u00eb q\u00eb t\u00eb rregulloj\u00eb dhe t\u00eb rradhis dh\u00ebmb\u00ebt. Trajtimi m\u00eb shpesh fillon n\u00eb vitet para dhe gjat\u00eb [&hellip;]","og_url":"https:\/\/eternadent.com.mk\/sq\/ortodoncija\/","og_site_name":"\u0415\u0422\u0415\u0420\u041d\u0410\u0434\u0435\u043d\u0442","article_publisher":"https:\/\/www.facebook.com\/eternadentskopje\/","article_modified_time":"2022-08-25T12:05:25+00:00","og_image":[{"width":1200,"height":675,"url":"https:\/\/eternadent.com.mk\/wp-content\/uploads\/2023\/12\/eterna-logo-web.png","type":"image\/png"}],"twitter_card":"summary_large_image","twitter_misc":{"Est. reading time":"2 minutes"},"schema":{"@context":"https:\/\/schema.org","@graph":[{"@type":"WebPage","@id":"https:\/\/eternadent.com.mk\/sq\/ortodoncija\/","url":"https:\/\/eternadent.com.mk\/sq\/ortodoncija\/","name":"ORTODONCIA - \u0415\u0422\u0415\u0420\u041d\u0410\u0434\u0435\u043d\u0442","isPartOf":{"@id":"https:\/\/eternadent.com.mk\/#website"},"datePublished":"2020-06-12T08:27:07+00:00","dateModified":"2022-08-25T12:05:25+00:00","breadcrumb":{"@id":"https:\/\/eternadent.com.mk\/sq\/ortodoncija\/#breadcrumb"},"inLanguage":"sq-AL","potentialAction":[{"@type":"ReadAction","target":["https:\/\/eternadent.com.mk\/sq\/ortodoncija\/"]}]},{"@type":"BreadcrumbList","@id":"https:\/\/eternadent.com.mk\/sq\/ortodoncija\/#breadcrumb","itemListElement":[{"@type":"ListItem","position":1,"name":"[wpseo_titles]breadcrumbs-\u041f\u043e\u0447\u0435\u0442\u043d\u0430","item":"https:\/\/eternadent.com.mk\/sq\/"},{"@type":"ListItem","position":2,"name":"ORTODONCIA"}]},{"@type":"WebSite","@id":"https:\/\/eternadent.com.mk\/#website","url":"https:\/\/eternadent.com.mk\/","name":"ETERNAdent | \u0415\u0422\u0415\u0420\u041d\u0410\u0434\u0435\u043d\u0442","description":"\u0412\u0410\u0428\u0410\u0422\u0410 \u041d\u041e\u0412\u0410 \u0417\u0414\u0420\u0410\u0412\u0410 \u041d\u0410\u0421\u041c\u0415\u0412\u041a\u0410","publisher":{"@id":"https:\/\/eternadent.com.mk\/#organization"},"alternateName":"Eterna Dent | \u0415\u0442\u0435\u0440\u043d\u0430 \u0414\u0435\u043d\u0442","potentialAction":[{"@type":"SearchAction","target":{"@type":"EntryPoint","urlTemplate":"https:\/\/eternadent.com.mk\/?s={search_term_string}"},"query-input":{"@type":"PropertyValueSpecification","valueRequired":true,"valueName":"search_term_string"}}],"inLanguage":"sq-AL"},{"@type":"Organization","@id":"https:\/\/eternadent.com.mk\/#organization","name":"\u0415\u0422\u0415\u0420\u041d\u0410\u0434\u0435\u043d\u0442","alternateName":"Eterna Dent","url":"https:\/\/eternadent.com.mk\/","logo":{"@type":"ImageObject","inLanguage":"sq-AL","@id":"https:\/\/eternadent.com.mk\/#\/schema\/logo\/image\/","url":"https:\/\/eternadent.com.mk\/wp-content\/uploads\/2022\/04\/eterna-dent-logo-mk.png","contentUrl":"https:\/\/eternadent.com.mk\/wp-content\/uploads\/2022\/04\/eterna-dent-logo-mk.png","width":842,"height":291,"caption":"\u0415\u0422\u0415\u0420\u041d\u0410\u0434\u0435\u043d\u0442"},"image":{"@id":"https:\/\/eternadent.com.mk\/#\/schema\/logo\/image\/"},"sameAs":["https:\/\/www.facebook.com\/eternadentskopje\/","https:\/\/www.instagram.com\/eternadentskopje\/"]}]}},"_links":{"self":[{"href":"https:\/\/eternadent.com.mk\/sq\/wp-json\/wp\/v2\/pages\/3041","targetHints":{"allow":["GET"]}}],"collection":[{"href":"https:\/\/eternadent.com.mk\/sq\/wp-json\/wp\/v2\/pages"}],"about":[{"href":"https:\/\/eternadent.com.mk\/sq\/wp-json\/wp\/v2\/types\/page"}],"author":[{"embeddable":true,"href":"https:\/\/eternadent.com.mk\/sq\/wp-json\/wp\/v2\/users\/1"}],"replies":[{"embeddable":true,"href":"https:\/\/eternadent.com.mk\/sq\/wp-json\/wp\/v2\/comments?post=3041"}],"version-history":[{"count":3,"href":"https:\/\/eternadent.com.mk\/sq\/wp-json\/wp\/v2\/pages\/3041\/revisions"}],"predecessor-version":[{"id":3044,"href":"https:\/\/eternadent.com.mk\/sq\/wp-json\/wp\/v2\/pages\/3041\/revisions\/3044"}],"wp:attachment":[{"href":"https:\/\/eternadent.com.mk\/sq\/wp-json\/wp\/v2\/media?parent=3041"}],"curies":[{"name":"wp","href":"https:\/\/api.w.org\/{rel}","templated":true}]}}