{"id":3037,"date":"2020-02-08T17:18:21","date_gmt":"2020-02-08T16:18:21","guid":{"rendered":"https:\/\/eternadent.com.mk\/parodontologija\/"},"modified":"2023-05-09T14:40:05","modified_gmt":"2023-05-09T12:40:05","slug":"parodontologija","status":"publish","type":"page","link":"https:\/\/eternadent.com.mk\/sq\/parodontologija\/","title":{"rendered":"Paradontologji"},"content":{"rendered":"<div class=\"wpb-content-wrapper\">[vc_row css=&#8221;.vc_custom_1593846975271{margin-bottom: 0px !important;padding-bottom: 0px !important;}&#8221;][vc_column css=&#8221;.vc_custom_1593846984395{margin-bottom: 0px !important;padding-bottom: 0px !important;}&#8221;][vc_column_text]\n<h2>S\u00cbMUNDJA E PARODONTALE DHE E GINGIVAVE<\/h2>\n[\/vc_column_text][vc_column_text]Parondotopatija (s\u00ebmundja parodontale) \u00ebsht\u00eb s\u00ebmundje e indeve q\u00eb mb\u00ebshtesin dh\u00ebmb\u00ebt q\u00eb fillon me \u201cndezje t\u00eb thjesht\u00eb\u201d t\u00eb mish\u00ebrave t\u00eb dh\u00ebmb\u00ebve, shpesh nuk v\u00ebrehet nga pacienti (dhe p\u00ebr fat t\u00eb keq shum\u00eb shpesh edhe nga terapeut\u00ebt dhe n\u00ebse nuk fillohet n\u00eb koh\u00eb me terapi, dh\u00ebmb\u00ebt gradualisht e humbin mb\u00ebshtetjen, dridhen dhe n\u00eb fund nxirren.<br \/>\nS\u00ebmundja paradontale \u00ebsht\u00eb e p\u00ebrfaq\u00ebsu\u0430r n\u00eb 99% t\u00eb popullsis\u00eb ton\u00eb dhe bashk\u00eb me kariesin jan\u00eb arsyeja num\u00ebr 1 p\u00ebr humbjen e dh\u00ebmb\u00ebve.[\/vc_column_text][\/vc_column][\/vc_row][vc_row css=&#8221;.vc_custom_1593846990707{margin-top: 0px !important;margin-bottom: 0px !important;padding-top: 0px !important;padding-bottom: 0px !important;}&#8221;][vc_column width=&#8221;1\/2&#8243; css=&#8221;.vc_custom_1593847010679{margin-top: 0px !important;margin-bottom: 0px !important;padding-top: 0px !important;padding-bottom: 0px !important;}&#8221;][vc_column_text]\n<h5><strong>Shenjat paralajm\u00ebruese p\u00ebr ekzistimin e s\u00ebmundjes parodontale jan\u00eb:<\/strong><\/h5>\n<ul>\n<li>Gingiva (mish\u00ebrat) e kuq dhe t\u00eb fryr\u00eb<\/li>\n<li>Gingiva e cila gjakoset leht\u00eb<\/li>\n<li>Er\u00eb apo shije e keqe vazhdimisht n\u00eb zgavr\u00ebn e goj\u00ebs<\/li>\n<li>Gjurm\u00eb t\u00eb gjakut n\u00eb fur\u00e7\u00ebn e dh\u00ebmb\u00ebve pas p\u00ebrdorimit t\u00eb saj<\/li>\n<li>P\u00ebshtym\u00eb me gjak pas larjes t\u00eb dh\u00ebmb\u00ebve<\/li>\n<li>Paraqitje e qelbit mes dh\u00ebmb\u00ebve dhe mishrave t\u00eb dh\u00ebmb\u00ebve<\/li>\n<\/ul>\n[\/vc_column_text][\/vc_column][vc_column width=&#8221;1\/2&#8243; css=&#8221;.vc_custom_1593847023192{margin-top: 0px !important;margin-bottom: 0px !important;padding-top: 0px !important;padding-bottom: 0px !important;}&#8221;]<div class='images-comparison__container  '><div class='images-comparison' data-default_offset_pct='0.55' data-orientation='horizontal' data-el_css=''><img loading=\"lazy\" decoding=\"async\" width=\"660\" height=\"370\" src=\"https:\/\/eternadent.com.mk\/wp-content\/uploads\/2022\/04\/rped-gingivit.png\" class=\"attachment-large size-large\" alt=\"\" srcset=\"https:\/\/eternadent.com.mk\/wp-content\/uploads\/2022\/04\/rped-gingivit.png 811w, https:\/\/eternadent.com.mk\/wp-content\/uploads\/2022\/04\/rped-gingivit-300x168.png 300w, https:\/\/eternadent.com.mk\/wp-content\/uploads\/2022\/04\/rped-gingivit-768x431.png 768w\" sizes=\"auto, (max-width: 660px) 100vw, 660px\" \/><img loading=\"lazy\" decoding=\"async\" width=\"660\" height=\"370\" src=\"https:\/\/eternadent.com.mk\/wp-content\/uploads\/2022\/04\/potoa-gingivit.png\" class=\"attachment-large size-large\" alt=\"\" srcset=\"https:\/\/eternadent.com.mk\/wp-content\/uploads\/2022\/04\/potoa-gingivit.png 811w, https:\/\/eternadent.com.mk\/wp-content\/uploads\/2022\/04\/potoa-gingivit-300x168.png 300w, https:\/\/eternadent.com.mk\/wp-content\/uploads\/2022\/04\/potoa-gingivit-768x431.png 768w\" sizes=\"auto, (max-width: 660px) 100vw, 660px\" \/><\/div><\/div>[\/vc_column][\/vc_row][vc_row][vc_column][vc_tta_accordion][vc_tta_section title=&#8221;Diagnostika e s\u00ebmundjes parodontale&#8221; tab_id=&#8221;1647959135117-60edd0e9-d758&#8243;][vc_row_inner][vc_column_inner width=&#8221;1\/2&#8243;][vc_column_text]Kontrolli i gjendjes t\u00eb indit t\u00eb dh\u00ebmbit (parodonti) \u00ebsht\u00eb i r\u00ebnd\u00ebsis\u00eb thelb\u00ebsore p\u00ebr hapat e ardhshme t\u00eb m\u00ebtutjeshme q\u00eb do t\u00eb mund\u00ebsoj\u00eb ruajtjen e dh\u00ebmb\u00ebve tuaj.<br \/>\nKontrolli parodontal n\u00eb ETERNA p\u00ebrfshin num\u00ebr t\u00eb madh t\u00eb testimeve t\u00eb evidentuara me indekse t\u00eb cilat na ndihmojn\u00eb n\u00eb m\u00ebnyr\u00eb t\u00eb sakt\u00eb t\u00eb vendosim diagnoz\u00ebn, t\u00eb caktojm\u00eb diagnoz\u00ebn dhe trajtimin e m\u00ebtutjesh\u00ebm. Zbulimi i hersh\u00ebm i shenjave t\u00eb s\u00ebmundjes rezulton me terapi m\u00eb t\u00eb thjeshtuar dhe mund\u00ebsi q\u00eb s\u00ebmundja e t\u00ebr\u00ebsishme t\u00eb vendoset n\u00ebn kontroll.<br \/>\n\u0422rajtimi \u00ebsht\u00eb t\u00ebr\u00ebsisht pa dhimbje p\u00ebr pacientin, kurse rezultatet zakonisht jan\u00eb t\u00eb dukshme pas vet\u00ebm disa dit\u00ebsh.<br \/>\nN\u00eb ETERNA vend t\u00eb ve\u00e7ant\u00eb merr parandalimi i s\u00ebmundjes parodontale, me protokolle t\u00eb p\u00ebrcaktuara n\u00eb m\u00ebnyr\u00eb speciale t\u00eb bazuara n\u00eb d\u00ebshmi.<br \/>\nParandalimi s\u00ebmundjes parodontale kushton shum\u00eb m\u00eb pak se terapia e t\u00eb nj\u00ebjt\u00ebs, prandaj b\u00ebni di\u00e7ka shum\u00eb t\u00eb dobishme p\u00ebr veten: paraqituni n\u00eb ETERNA q\u00eb t\u00eb caktoni konsultim dhe kontroll p\u00ebr t\u00eb p\u00ebrcaktuar statusin tuaj dentar dhe parodontal.[\/vc_column_text][\/vc_column_inner][vc_column_inner width=&#8221;1\/2&#8243;][vc_single_image image=&#8221;1683&#8243; img_size=&#8221;large&#8221;][\/vc_column_inner][\/vc_row_inner][\/vc_tta_section][vc_tta_section title=&#8221;Trajtimi jokirurgjik i parodontopatis\u00eb&#8221; tab_id=&#8221;1647958929883-4e7c8625-1c65&#8243;][vc_row_inner][vc_column_inner width=&#8221;1\/2&#8243;][vc_column_text]Fazat e hershme t\u00eb s\u00ebmundjes parodontale n\u00eb m\u00ebnyr\u00eb efikase trajtohen me terapi jokirurgjike parodontale. Kjo p\u00ebrfshin largimin e pllak\u00ebs bakteriale dhe gurit t\u00eb dh\u00ebmbit, t\u00eb cilat jan\u00eb t\u00eb pranishme n\u00eb dhe n\u00ebn vij\u00ebn e mishrave t\u00eb dh\u00ebmb\u00ebve.<br \/>\nMeq\u00ebn\u00ebse bakteret mund t\u00eb ngjiten fuqish\u00ebm n\u00eb rr\u00ebnj\u00ebt e dh\u00ebmb\u00ebve n\u00ebn linj\u00ebn e gingiv\u00ebs\/mishit t\u00eb dh\u00ebmbit, nevojitet edhe i ashtq. \u201cpastrim i thell\u00eb\u201d me p\u00ebrpunim t\u00eb sip\u00ebrfaqes t\u00eb rr\u00ebnj\u00ebve.<br \/>\nPraktika jon\u00eb ka arritur progres t\u00eb madh n\u00eb trajtimin jokirurgjik t\u00eb problemeve parodontale. Me zbatimin e teknikave inovative, ne jemi n\u00eb gjendje q\u00eb t\u00eb arrijm\u00eb sh\u00ebndet parodontal n\u00eb m\u00ebnyr\u00eb t\u00eb thjesht\u00eb, joinvazive dhe t\u00eb disponuesh\u00ebm.<br \/>\nMetoda klasike konzervative klasike e trajtimit me t\u00eb ashtq. \u201cpastrim i thell\u00eb\u201d n\u00ebn gingiv\u00eb me p\u00ebrpunimin e xhepit parodontal, q\u00eb p\u00ebrfshin edhe pastrimin e sip\u00ebrfaqeve t\u00eb rr\u00ebnj\u00ebve. Anestezit\u00eb lokale shfryt\u00ebzohen p\u00ebr t\u00eb mos patur dhimbje n\u00eb k\u00ebt\u00eb zon\u00eb dhe kontribuojn\u00eb p\u00ebr rehatin\u00eb m\u00eb t\u00eb madhe t\u00eb pacientit. Debridmani i xhepit parodontal \u00ebsht\u00eb qasje themelore p\u00ebr sh\u00ebrbim efikas t\u00eb s\u00ebmundjes dhe q\u00eb t\u2019i mund\u00ebsohet mishrave t\u00eb dh\u00ebmbit dhe rr\u00ebnj\u00ebve t\u00eb af\u00ebrta t\u00eb trajtohen n\u00eb m\u00ebnyr\u00ebn e duhur. Kjo procedur\u00eb p\u00ebrfaq\u00ebson baz\u00ebn e terapis\u00eb jokirurgjis\u00eb parodontale.<br \/>\nP\u00ebr disa pacient\u00eb, antibiotik\u00ebt sistemor ose agjent\u00ebt antimikrob mund t\u00eb parashihet q\u00eb t\u00eb merren n\u00eb m\u00ebnyr\u00eb orale, q\u00eb t\u00eb ndihmojn\u00eb n\u00eb sh\u00ebrbimin e s\u00ebmundjes t\u00eb tyre paradontale.[\/vc_column_text][\/vc_column_inner][vc_column_inner width=&#8221;1\/2&#8243;][vc_single_image image=&#8221;1685&#8243; img_size=&#8221;large&#8221;][\/vc_column_inner][\/vc_row_inner][\/vc_tta_section][vc_tta_section title=&#8221;Trajtim jokirurgjik i ndihmuar me laser i parodontopatis\u00eb&#8221; tab_id=&#8221;1647958971572-873a5ef4-aed6&#8243;][vc_row_inner][vc_column_inner width=&#8221;1\/2&#8243;][vc_column_text]Terapia laserike shfryt\u00ebzohet p\u00ebr sh\u00ebrimin e paredontopatis\u00eb mesatare deri n\u00eb at\u00eb t\u00eb avancuar dhe \u00ebsht\u00eb nj\u00eb nga aplikacionet m\u00eb t\u00eb p\u00ebrfaq\u00ebsuara t\u00eb k\u00ebsaj teknologjie.<br \/>\nLaser\u00ebt e fuqish\u00ebm dentar punojn\u00eb me gjat\u00ebsi t\u00eb ndryshme t\u00eb val\u00ebve (Er:Yag, Nd:Yag, Diode) me t\u00eb cilat mund\u00ebsojm\u00eb trajtim maksimalisht efikas t\u00eb s\u00ebmundjes parondotale. P\u00ebrfitimet nga shfryt\u00ebzimi i laser\u00ebve p\u00ebr terapin\u00eb jokirurgjike parodontale p\u00ebrfshijn\u00eb:<\/p>\n<ul>\n<li>Qasje minimale invasive p\u00ebr pastrimin e rr\u00ebnj\u00ebs,<\/li>\n<li>Largimi i kalkulusit, detoksim dhe zhdukje e bakterjeve parodontale,<\/li>\n<li>Intervenim edhe n\u00eb zona q\u00eb jan\u00eb v\u00ebshtir\u00eb t\u00eb qasshme p\u00ebr dallim nga terapia konvencionale,<\/li>\n<li>Pa dhimbje ose me nevoj\u00eb minimale p\u00ebr anestezion,<\/li>\n<li>Sterilitet \u2013 vet\u00eb rrezja laserike sterilizon indin mbi t\u00eb cilin ne punojm\u00eb, shkat\u00ebrron bakteriet, dhe me k\u00ebt\u00eb na ndihmon q\u00eb t\u00eb largojm\u00eb arsyen kryesore p\u00ebr infektim,<\/li>\n<li>Sh\u00ebrim m\u00eb i shpejt\u00eb i indit-ndri\u00e7im laserik q\u00eb nxit proceset metabolike n\u00eb indin e s\u00ebmur\u00eb dhe mund\u00ebson rritjen m\u00eb t\u00eb shpejt\u00eb n\u00eb raport me metodat konvencionale t\u00eb trajtimit. Mungesa e baktereve n\u00eb fush\u00ebn e pun\u00ebs gjithashtu kontribuon p\u00ebr sh\u00ebrimin m\u00eb t\u00eb shpejt\u00eb, t\u00eb pand\u00ebrprer\u00eb t\u00eb indit,<\/li>\n<li>Pa gjakosje-laseri na mund\u00ebson q\u00eb paralelisht t\u00eb kryejm\u00eb edhe koagullimin me \u00e7rast minimizohet gjakderdhja apo nuk ka aspak gjakderdhje.<\/li>\n<\/ul>\n[\/vc_column_text][\/vc_column_inner][vc_column_inner width=&#8221;1\/2&#8243;][vc_single_image image=&#8221;1684&#8243; img_size=&#8221;large&#8221;][\/vc_column_inner][\/vc_row_inner][\/vc_tta_section][vc_tta_section title=&#8221;Trajtimi kirurgjik i parodontopatis\u00eb&#8221; tab_id=&#8221;1647959000996-fe36a308-3974&#8243;][vc_row_inner][vc_column_inner width=&#8221;1\/2&#8243;][vc_column_text]Problemet e hershme q\u00eb lidhen me parodontopatin\u00eb mund t\u00eb sh\u00ebrohen me sukses me terapin\u00eb jokirurgjike. Por, numri m\u00eb i madh i rasteve t\u00eb moderuara deri n\u00eb ato t\u00eb avancuara nuk mund t\u00eb zgjidhen pa qasje kirurgjike deri n\u00eb sip\u00ebrfaqet e rr\u00ebnj\u00ebs dhe pastrimin e tyre.<br \/>\nP\u00ebr shum\u00eb njer\u00ebz, idea p\u00ebr kirugjin\u00eb e mishrave t\u00eb dh\u00ebmb\u00ebve krijon shqet\u00ebsim. Megjithat\u00eb, n\u00eb ETERNA, mundemi n\u00eb m\u00ebnyr\u00eb efikase t\u00eb sh\u00ebrojm\u00eb s\u00ebmundjet me trajtim m\u00eb pak invaziv laserik parodontal, pa nevoj\u00eb p\u00ebr bisturi apo penj. Si rrjedhoj\u00eb, pacient\u00ebt p\u00ebrjetojn\u00eb m\u00eb pak situata t\u00eb pak\u00ebndshme dhe koh\u00eb m\u00eb t\u00eb shkurt\u00ebr p\u00ebr sh\u00ebrim.<\/p>\n<p>Ekipi profesional n\u00eb ETERNAdent i udh\u00ebhequr nga prof. Ana Minovska me sukses sh\u00ebron edhe format m\u00eb t\u00eb avancuara t\u00eb s\u00ebmundjes parodontale duke zbatuar:<\/p>\n<ul>\n<li>Qasje konvencionale mekanike t\u00eb trajtimit dhe<\/li>\n<li>Qasje bashk\u00ebkohore, me p\u00ebrdorim t\u00eb laserit t\u00eb ashtq. terapi kirugjike t\u00eb asistuar me laser<\/li>\n<\/ul>\n<p>P\u00ebrdorimi i sigurt\u00eb dhe efektiv i Er: YAG laseri n\u00eb trajtimin kirurgjik t\u00eb parodontopatis\u00eb (s\u00ebmundjet e indeve q\u00eb mb\u00ebshtesin dh\u00ebmbin) \u00ebsht\u00eb v\u00ebrtetuar dhe d\u00ebshmuar me efekte pozitive nga zbatimi i tij si n\u00eb indet e buta ashtu edhe n\u00eb ato t\u00eb forta. P\u00ebrfitimet nga ky trajnim jan\u00eb:<\/p>\n<ul>\n<li>M\u00eb pak gjakderdhje gjat\u00eb procedur\u00ebs;<\/li>\n<li>Dekontaminim i vendit kirurgjik;<\/li>\n<li>Laseri \u00ebsht\u00eb baktericid (nuk ka antibioti\u043a t\u00eb domosdosh\u00ebm pas operacionit);<\/li>\n<li>Rezultat i p\u00ebrshtatsh\u00ebm post-operativ;<\/li>\n<li>M\u00eb pak fryrje dhe dhimbje m\u00eb t\u00eb vog\u00ebl (studimet tregojn\u00eb se kjo pjes\u00ebrisht mund t\u00eb jet\u00eb p\u00ebr shkak t\u00eb mbylljes t\u00eb en\u00ebve m\u00eb t\u00eb vogla t\u00eb gjakut, en\u00ebve limfatike dhe p\u00ebrfundime t\u00eb ekspozuara nervore);<\/li>\n<li>pastrim m\u00eb efikas t\u00eb eshtr\u00ebs;<\/li>\n<li>koh\u00ebzgjatje m\u00eb e shkurt\u00ebr e procedur\u00ebs kirurgjike;<\/li>\n<li>nuk ka vibrime t\u00eb mjeteve t\u00eb rotacionet;<\/li>\n<li>rehatia e pacientit;<\/li>\n<\/ul>\n<p>Er: YAG laseri l\u00eb sip\u00ebrfaqe eshtrore q\u00eb \u00ebsht\u00eb apsolutisht e past\u00ebr, me \u00e7rast zvog\u00eblohet mund\u00ebsia p\u00ebr infektim dyt\u00ebsor.[\/vc_column_text][\/vc_column_inner][vc_column_inner width=&#8221;1\/2&#8243;][vc_single_image image=&#8221;1686&#8243; img_size=&#8221;large&#8221;][\/vc_column_inner][\/vc_row_inner][\/vc_tta_section][\/vc_tta_accordion][vc_column_text]<a class=\"btn btn-outline-primary\" href=\"https:\/\/eternadent.com.mk\/appointments\/\">\u0417\u0430\u043a\u0430\u0436\u0438 \u043f\u0440\u0435\u0433\u043b\u0435\u0434<\/a>[\/vc_column_text][\/vc_column][\/vc_row]\n<\/div>","protected":false},"excerpt":{"rendered":"<p>[vc_row css=&#8221;.vc_custom_1593846975271{margin-bottom: 0px !important;padding-bottom: 0px !important;}&#8221;][vc_column css=&#8221;.vc_custom_1593846984395{margin-bottom: 0px !important;padding-bottom: 0px !important;}&#8221;][vc_column_text] S\u00cbMUNDJA E PARODONTALE DHE E GINGIVAVE [\/vc_column_text][vc_column_text]Parondotopatija (s\u00ebmundja parodontale) \u00ebsht\u00eb s\u00ebmundje e indeve q\u00eb mb\u00ebshtesin dh\u00ebmb\u00ebt q\u00eb fillon me \u201cndezje t\u00eb thjesht\u00eb\u201d t\u00eb mish\u00ebrave t\u00eb dh\u00ebmb\u00ebve, shpesh nuk v\u00ebrehet nga pacienti (dhe p\u00ebr fat t\u00eb keq shum\u00eb shpesh edhe nga terapeut\u00ebt dhe n\u00ebse nuk fillohet n\u00eb koh\u00eb me terapi, [&hellip;]<\/p>\n","protected":false},"author":1,"featured_media":0,"parent":0,"menu_order":0,"comment_status":"closed","ping_status":"closed","template":"","meta":{"inline_featured_image":false,"footnotes":""},"class_list":["post-3037","page","type-page","status-publish","hentry"],"yoast_head":"<!-- This site is optimized with the Yoast SEO Premium plugin v24.7 (Yoast SEO v24.8.1) - https:\/\/yoast.com\/wordpress\/plugins\/seo\/ -->\n<title>Paradontologji - \u0415\u0422\u0415\u0420\u041d\u0410\u0434\u0435\u043d\u0442<\/title>\n<meta name=\"robots\" content=\"index, follow, max-snippet:-1, max-image-preview:large, max-video-preview:-1\" \/>\n<link rel=\"canonical\" href=\"https:\/\/eternadent.com.mk\/parodontologija\/\" \/>\n<meta property=\"og:locale\" content=\"sq_AL\" \/>\n<meta property=\"og:type\" content=\"article\" \/>\n<meta property=\"og:title\" content=\"Paradontologji\" \/>\n<meta property=\"og:description\" content=\"[vc_row css=&#8221;.vc_custom_1593846975271{margin-bottom: 0px !important;padding-bottom: 0px !important;}&#8221;][vc_column css=&#8221;.vc_custom_1593846984395{margin-bottom: 0px !important;padding-bottom: 0px !important;}&#8221;][vc_column_text] S\u00cbMUNDJA E PARODONTALE DHE E GINGIVAVE [\/vc_column_text][vc_column_text]Parondotopatija (s\u00ebmundja parodontale) \u00ebsht\u00eb s\u00ebmundje e indeve q\u00eb mb\u00ebshtesin dh\u00ebmb\u00ebt q\u00eb fillon me \u201cndezje t\u00eb thjesht\u00eb\u201d t\u00eb mish\u00ebrave t\u00eb dh\u00ebmb\u00ebve, shpesh nuk v\u00ebrehet nga pacienti (dhe p\u00ebr fat t\u00eb keq shum\u00eb shpesh edhe nga terapeut\u00ebt dhe n\u00ebse nuk fillohet n\u00eb koh\u00eb me terapi, [&hellip;]\" \/>\n<meta property=\"og:url\" content=\"https:\/\/eternadent.com.mk\/parodontologija\/\" \/>\n<meta property=\"og:site_name\" content=\"\u0415\u0422\u0415\u0420\u041d\u0410\u0434\u0435\u043d\u0442\" \/>\n<meta property=\"article:publisher\" content=\"https:\/\/www.facebook.com\/eternadentskopje\/\" \/>\n<meta property=\"article:modified_time\" content=\"2023-05-09T12:40:05+00:00\" \/>\n<meta property=\"og:image\" content=\"https:\/\/eternadent.com.mk\/wp-content\/uploads\/2023\/12\/eterna-logo-web.png\" \/>\n\t<meta property=\"og:image:width\" content=\"1200\" \/>\n\t<meta property=\"og:image:height\" content=\"675\" \/>\n\t<meta property=\"og:image:type\" content=\"image\/png\" \/>\n<meta name=\"twitter:card\" content=\"summary_large_image\" \/>\n<meta name=\"twitter:label1\" content=\"Est. reading time\" \/>\n\t<meta name=\"twitter:data1\" content=\"8 minutes\" \/>\n<script type=\"application\/ld+json\" class=\"yoast-schema-graph\">{\"@context\":\"https:\/\/schema.org\",\"@graph\":[{\"@type\":\"WebPage\",\"@id\":\"https:\/\/eternadent.com.mk\/parodontologija\/\",\"url\":\"https:\/\/eternadent.com.mk\/parodontologija\/\",\"name\":\"Paradontologji - \u0415\u0422\u0415\u0420\u041d\u0410\u0434\u0435\u043d\u0442\",\"isPartOf\":{\"@id\":\"https:\/\/eternadent.com.mk\/#website\"},\"datePublished\":\"2020-02-08T16:18:21+00:00\",\"dateModified\":\"2023-05-09T12:40:05+00:00\",\"breadcrumb\":{\"@id\":\"https:\/\/eternadent.com.mk\/parodontologija\/#breadcrumb\"},\"inLanguage\":\"sq-AL\",\"potentialAction\":[{\"@type\":\"ReadAction\",\"target\":[\"https:\/\/eternadent.com.mk\/parodontologija\/\"]}]},{\"@type\":\"BreadcrumbList\",\"@id\":\"https:\/\/eternadent.com.mk\/parodontologija\/#breadcrumb\",\"itemListElement\":[{\"@type\":\"ListItem\",\"position\":1,\"name\":\"[wpseo_titles]breadcrumbs-\u041f\u043e\u0447\u0435\u0442\u043d\u0430\",\"item\":\"https:\/\/eternadent.com.mk\/sq\/\"},{\"@type\":\"ListItem\",\"position\":2,\"name\":\"Paradontologji\"}]},{\"@type\":\"WebSite\",\"@id\":\"https:\/\/eternadent.com.mk\/#website\",\"url\":\"https:\/\/eternadent.com.mk\/\",\"name\":\"ETERNAdent | \u0415\u0422\u0415\u0420\u041d\u0410\u0434\u0435\u043d\u0442\",\"description\":\"\u0412\u0410\u0428\u0410\u0422\u0410 \u041d\u041e\u0412\u0410 \u0417\u0414\u0420\u0410\u0412\u0410 \u041d\u0410\u0421\u041c\u0415\u0412\u041a\u0410\",\"publisher\":{\"@id\":\"https:\/\/eternadent.com.mk\/#organization\"},\"alternateName\":\"Eterna Dent | \u0415\u0442\u0435\u0440\u043d\u0430 \u0414\u0435\u043d\u0442\",\"potentialAction\":[{\"@type\":\"SearchAction\",\"target\":{\"@type\":\"EntryPoint\",\"urlTemplate\":\"https:\/\/eternadent.com.mk\/?s={search_term_string}\"},\"query-input\":{\"@type\":\"PropertyValueSpecification\",\"valueRequired\":true,\"valueName\":\"search_term_string\"}}],\"inLanguage\":\"sq-AL\"},{\"@type\":\"Organization\",\"@id\":\"https:\/\/eternadent.com.mk\/#organization\",\"name\":\"\u0415\u0422\u0415\u0420\u041d\u0410\u0434\u0435\u043d\u0442\",\"alternateName\":\"Eterna Dent\",\"url\":\"https:\/\/eternadent.com.mk\/\",\"logo\":{\"@type\":\"ImageObject\",\"inLanguage\":\"sq-AL\",\"@id\":\"https:\/\/eternadent.com.mk\/#\/schema\/logo\/image\/\",\"url\":\"https:\/\/eternadent.com.mk\/wp-content\/uploads\/2022\/04\/eterna-dent-logo-mk.png\",\"contentUrl\":\"https:\/\/eternadent.com.mk\/wp-content\/uploads\/2022\/04\/eterna-dent-logo-mk.png\",\"width\":842,\"height\":291,\"caption\":\"\u0415\u0422\u0415\u0420\u041d\u0410\u0434\u0435\u043d\u0442\"},\"image\":{\"@id\":\"https:\/\/eternadent.com.mk\/#\/schema\/logo\/image\/\"},\"sameAs\":[\"https:\/\/www.facebook.com\/eternadentskopje\/\",\"https:\/\/www.instagram.com\/eternadentskopje\/\"]}]}<\/script>\n<!-- \/ Yoast SEO Premium plugin. -->","yoast_head_json":{"title":"Paradontologji - \u0415\u0422\u0415\u0420\u041d\u0410\u0434\u0435\u043d\u0442","robots":{"index":"index","follow":"follow","max-snippet":"max-snippet:-1","max-image-preview":"max-image-preview:large","max-video-preview":"max-video-preview:-1"},"canonical":"https:\/\/eternadent.com.mk\/parodontologija\/","og_locale":"sq_AL","og_type":"article","og_title":"Paradontologji","og_description":"[vc_row css=&#8221;.vc_custom_1593846975271{margin-bottom: 0px !important;padding-bottom: 0px !important;}&#8221;][vc_column css=&#8221;.vc_custom_1593846984395{margin-bottom: 0px !important;padding-bottom: 0px !important;}&#8221;][vc_column_text] S\u00cbMUNDJA E PARODONTALE DHE E GINGIVAVE [\/vc_column_text][vc_column_text]Parondotopatija (s\u00ebmundja parodontale) \u00ebsht\u00eb s\u00ebmundje e indeve q\u00eb mb\u00ebshtesin dh\u00ebmb\u00ebt q\u00eb fillon me \u201cndezje t\u00eb thjesht\u00eb\u201d t\u00eb mish\u00ebrave t\u00eb dh\u00ebmb\u00ebve, shpesh nuk v\u00ebrehet nga pacienti (dhe p\u00ebr fat t\u00eb keq shum\u00eb shpesh edhe nga terapeut\u00ebt dhe n\u00ebse nuk fillohet n\u00eb koh\u00eb me terapi, [&hellip;]","og_url":"https:\/\/eternadent.com.mk\/parodontologija\/","og_site_name":"\u0415\u0422\u0415\u0420\u041d\u0410\u0434\u0435\u043d\u0442","article_publisher":"https:\/\/www.facebook.com\/eternadentskopje\/","article_modified_time":"2023-05-09T12:40:05+00:00","og_image":[{"width":1200,"height":675,"url":"https:\/\/eternadent.com.mk\/wp-content\/uploads\/2023\/12\/eterna-logo-web.png","type":"image\/png"}],"twitter_card":"summary_large_image","twitter_misc":{"Est. reading time":"8 minutes"},"schema":{"@context":"https:\/\/schema.org","@graph":[{"@type":"WebPage","@id":"https:\/\/eternadent.com.mk\/parodontologija\/","url":"https:\/\/eternadent.com.mk\/parodontologija\/","name":"Paradontologji - \u0415\u0422\u0415\u0420\u041d\u0410\u0434\u0435\u043d\u0442","isPartOf":{"@id":"https:\/\/eternadent.com.mk\/#website"},"datePublished":"2020-02-08T16:18:21+00:00","dateModified":"2023-05-09T12:40:05+00:00","breadcrumb":{"@id":"https:\/\/eternadent.com.mk\/parodontologija\/#breadcrumb"},"inLanguage":"sq-AL","potentialAction":[{"@type":"ReadAction","target":["https:\/\/eternadent.com.mk\/parodontologija\/"]}]},{"@type":"BreadcrumbList","@id":"https:\/\/eternadent.com.mk\/parodontologija\/#breadcrumb","itemListElement":[{"@type":"ListItem","position":1,"name":"[wpseo_titles]breadcrumbs-\u041f\u043e\u0447\u0435\u0442\u043d\u0430","item":"https:\/\/eternadent.com.mk\/sq\/"},{"@type":"ListItem","position":2,"name":"Paradontologji"}]},{"@type":"WebSite","@id":"https:\/\/eternadent.com.mk\/#website","url":"https:\/\/eternadent.com.mk\/","name":"ETERNAdent | \u0415\u0422\u0415\u0420\u041d\u0410\u0434\u0435\u043d\u0442","description":"\u0412\u0410\u0428\u0410\u0422\u0410 \u041d\u041e\u0412\u0410 \u0417\u0414\u0420\u0410\u0412\u0410 \u041d\u0410\u0421\u041c\u0415\u0412\u041a\u0410","publisher":{"@id":"https:\/\/eternadent.com.mk\/#organization"},"alternateName":"Eterna Dent | \u0415\u0442\u0435\u0440\u043d\u0430 \u0414\u0435\u043d\u0442","potentialAction":[{"@type":"SearchAction","target":{"@type":"EntryPoint","urlTemplate":"https:\/\/eternadent.com.mk\/?s={search_term_string}"},"query-input":{"@type":"PropertyValueSpecification","valueRequired":true,"valueName":"search_term_string"}}],"inLanguage":"sq-AL"},{"@type":"Organization","@id":"https:\/\/eternadent.com.mk\/#organization","name":"\u0415\u0422\u0415\u0420\u041d\u0410\u0434\u0435\u043d\u0442","alternateName":"Eterna Dent","url":"https:\/\/eternadent.com.mk\/","logo":{"@type":"ImageObject","inLanguage":"sq-AL","@id":"https:\/\/eternadent.com.mk\/#\/schema\/logo\/image\/","url":"https:\/\/eternadent.com.mk\/wp-content\/uploads\/2022\/04\/eterna-dent-logo-mk.png","contentUrl":"https:\/\/eternadent.com.mk\/wp-content\/uploads\/2022\/04\/eterna-dent-logo-mk.png","width":842,"height":291,"caption":"\u0415\u0422\u0415\u0420\u041d\u0410\u0434\u0435\u043d\u0442"},"image":{"@id":"https:\/\/eternadent.com.mk\/#\/schema\/logo\/image\/"},"sameAs":["https:\/\/www.facebook.com\/eternadentskopje\/","https:\/\/www.instagram.com\/eternadentskopje\/"]}]}},"_links":{"self":[{"href":"https:\/\/eternadent.com.mk\/sq\/wp-json\/wp\/v2\/pages\/3037","targetHints":{"allow":["GET"]}}],"collection":[{"href":"https:\/\/eternadent.com.mk\/sq\/wp-json\/wp\/v2\/pages"}],"about":[{"href":"https:\/\/eternadent.com.mk\/sq\/wp-json\/wp\/v2\/types\/page"}],"author":[{"embeddable":true,"href":"https:\/\/eternadent.com.mk\/sq\/wp-json\/wp\/v2\/users\/1"}],"replies":[{"embeddable":true,"href":"https:\/\/eternadent.com.mk\/sq\/wp-json\/wp\/v2\/comments?post=3037"}],"version-history":[{"count":5,"href":"https:\/\/eternadent.com.mk\/sq\/wp-json\/wp\/v2\/pages\/3037\/revisions"}],"predecessor-version":[{"id":3264,"href":"https:\/\/eternadent.com.mk\/sq\/wp-json\/wp\/v2\/pages\/3037\/revisions\/3264"}],"wp:attachment":[{"href":"https:\/\/eternadent.com.mk\/sq\/wp-json\/wp\/v2\/media?parent=3037"}],"curies":[{"name":"wp","href":"https:\/\/api.w.org\/{rel}","templated":true}]}}