{"id":3033,"date":"2020-06-12T10:18:07","date_gmt":"2020-06-12T08:18:07","guid":{"rendered":"https:\/\/eternadent.com.mk\/oralno-zdravje\/"},"modified":"2022-08-25T13:52:51","modified_gmt":"2022-08-25T11:52:51","slug":"oralno-zdravje","status":"publish","type":"page","link":"https:\/\/eternadent.com.mk\/sq\/oralno-zdravje\/","title":{"rendered":"Sh\u00ebndeti oral dhe higjiena dentare"},"content":{"rendered":"<div class=\"wpb-content-wrapper\">[vc_row css=&#8221;.vc_custom_1593804830162{margin-bottom: 0px !important;padding-bottom: 0px !important;}&#8221;][vc_column css=&#8221;.vc_custom_1654701439762{margin-bottom: 0px !important;}&#8221;][vc_column_text]\n<h2>Sh\u00ebndeti oral dhe higjiena dentare<\/h2>\n[\/vc_column_text][\/vc_column][\/vc_row][vc_row curly_padding=&#8221;content-padding-none&#8221; css=&#8221;.vc_custom_1654701291873{padding-bottom: 0px !important;}&#8221;][vc_column offset=&#8221;vc_col-lg-offset-0&#8243;][vc_column_text]Sh\u00ebndeti oral \u00ebsht\u00eb tregues kryesor p\u00ebr sh\u00ebndetin e t\u00ebr\u00ebsish\u00ebm, mir\u00ebq\u00ebnien dhe cil\u00ebsin\u00eb e jet\u00ebs. P\u00ebrfshin disa s\u00ebmundje dhe gjendje t\u00eb cilat p\u00ebrfshijn\u00eb kariesin e dh\u00ebmbit, s\u00ebmundjen parodontale, humbjen e dh\u00ebmb\u00ebve, kancerin oral, manifestimet orale t\u00eb infektimit me HIV, trauma oro-dentare dhe efektet e lindura, si\u00e7 jan\u00eb \u00e7arja e goj\u00ebs dhe mish\u00ebrave t\u00eb dh\u00ebmb\u00ebve. Sipas studimit t\u00eb WHO nga viti 2017, vler\u00ebsohet se s\u00ebmundjet orale godasin 3,5 miliard njer\u00ebz n\u00eb t\u00eb gjith\u00ebn bot\u00ebn. Sipas agjencis\u00eb nd\u00ebrkomb\u00ebtare p\u00ebr hulumtimin e kancerit, kanceri n\u00eb goj\u00eb dhe zgavr\u00ebn e goj\u00ebs \u00ebsht\u00eb nd\u00ebr 15 llojet m\u00eb t\u00eb shpeshta t\u00eb kancerit n\u00eb bot\u00eb, me thuajse 180.000 raste t\u00eb vdekjeve \u00e7do vit.<br \/>\nShumica e s\u00ebmundjeve dhe gjendjeve orale p\u00ebrfshijn\u00eb edhe faktor\u00eb t\u00eb modifikuar t\u00eb rrezikut n\u00eb s\u00ebmundjet udh\u00ebheq\u00ebse jongjit\u00ebse (s\u00ebmundje kardiovaskulare, kancer, s\u00ebmundje kronike respiratore dhe diabet). K\u00ebto faktor\u00eb t\u00eb rrezikut p\u00ebrfshijn\u00eb p\u00ebrdorimin e duhanit, konsumin e alkoholit dhe ushqimin jo t\u00eb sh\u00ebndetsh\u00ebm t\u00eb pasur me sheqer. Ekziston nj\u00eb lidhje e d\u00ebshmuar nd\u00ebrmjet sh\u00ebndetit oral dhe t\u00eb p\u00ebrgjithsh\u00ebm. \u00cbsht\u00eb regjistruar se diabeti lidhet me zhvillimin dhe progresin e s\u00ebmundjeve parodontale. Krahas k\u00ebsaj, ekziston lidhja shkak-pasoj\u00eb nd\u00ebrmjet konsumit t\u00eb madh t\u00eb sheqerit dhe diabetit, trash\u00ebsis\u00eb dhe kariesit t\u00eb dh\u00ebmbit.<br \/>\nPrandaj rekomandojm\u00eb kontrolla t\u00eb rregullta me t\u00eb cilat ju do t\u00eb mir\u00ebmbani sh\u00ebndetin tuaj oral dhe t\u00eb p\u00ebrgjithsh\u00ebm n\u00eb kondicion t\u00eb shk\u00eblqyer.<\/p>\n<p>Ata gjithmon\u00eb p\u00ebrfshijn\u00eb:[\/vc_column_text][\/vc_column][\/vc_row][vc_row css=&#8221;.vc_custom_1654701072317{padding-top: 0px !important;}&#8221;][vc_column][vc_tta_accordion active_section=&#8221;1&#8243;][vc_tta_section title=&#8221;Pastrime t\u00eb rregullta profesionale t\u00eb dh\u00ebmb\u00ebve&#8221; tab_id=&#8221;1647947064975-7f851e81-34bc&#8221;][vc_row_inner][vc_column_inner width=&#8221;1\/2&#8243;][vc_column_text]Krahas higjien\u00ebs t\u00eb rregullt\u00eb t\u00eb goj\u00ebs dhe dh\u00ebmb\u00ebve, ekzistojn\u00eb pjes\u00eb nd\u00ebrmjet dh\u00ebmb\u00ebve t\u00eb cilat nuk pastrohen n\u00eb m\u00ebnyr\u00eb aq efikase me fur\u00e7\u00eb. N\u00eb ato vende n\u00eb periudh\u00eb prej m\u00eb shum\u00eb muajsh pllaka dentare mineralizohet, b\u00ebhet nj\u00eb shtres\u00eb e fort\u00eb q\u00eb ka biofilm t\u00eb bakterieve. Kjo shtres\u00eb e fort\u00eb, ndonj\u00ebher\u00eb e padukshme e drit\u00ebs ditore, duhet t\u00eb largohet me <strong>pastrimin profesional t\u00eb dh\u00ebmb\u00ebve.<\/strong> Ai trajtim realizohet n\u00eb disa hapa protokollare , dhe ato jan\u00eb: pastrimi i shtresave t\u00eb forta dhe t\u00eb buta me ultraz\u00eb,lustrim i sip\u00ebrfaqeve t\u00eb dh\u00ebmb\u00ebve, sp\u00ebrkatje e dh\u00ebmb\u00ebve, shp\u00eblarje me dezinfektues oral n\u00eb var\u00ebsi nga gjendja e dh\u00ebmbit sipas vendimit t\u00eb mjekut \u2013 terapeutit. N\u00eb k\u00ebt\u00eb vizit\u00eb b\u00ebhet edhe trajnimi i pacientit p\u00ebr mir\u00ebmbajtjen e duhur t\u00eb higjien\u00ebs orale, si dhe potencimi i teknikave q\u00eb jan\u00eb p\u00ebrkat\u00ebse me nevojat e k\u00ebtij personi.[\/vc_column_text][\/vc_column_inner][vc_column_inner width=&#8221;1\/2&#8243;][vc_single_image image=&#8221;1672&#8243; img_size=&#8221;large&#8221;][\/vc_column_inner][\/vc_row_inner][\/vc_tta_section][vc_tta_section title=&#8221;Kontrolli dhe mir\u00ebmbajtja e sh\u00ebndetit oral pas trajtimit me s\u00ebmundje parodontale&#8221; tab_id=&#8221;1647947184457-2c94382b-cfee&#8221;][vc_row_inner][vc_column_inner width=&#8221;1\/2&#8243;][vc_column_text]Pasiq\u00eb t\u00eb sh\u00ebrohet s\u00ebmundja parodontale do t\u00eb vijm\u00eb n\u00eb faz\u00ebn e mir\u00ebmbajtjes t\u00eb sh\u00ebndetit parodontal, pacienti duhet t\u00eb trajnohet mir\u00eb dhe t\u00eb jet\u00eb <strong>konsistent<\/strong> n\u00eb mir\u00ebmbajtjen e higjien\u00ebs t\u00eb tij personale, duke p\u00ebrfshir\u00eb edhe elementet shtes\u00eb. Ata jan\u00eb: p\u00ebrdorimi i p\u00ebrditsh\u00ebm i fur\u00e7ave interdentare, filli p\u00ebr dh\u00ebmb\u00eb, lar\u00ebset automatike t\u00eb hap\u00ebsirave nd\u00ebrmjet dh\u00ebmb\u00ebve apo shp\u00eblarja e goj\u00ebs me preparate p\u00ebrkat\u00ebse antibakteriale me k\u00ebshill\u00eb t\u00eb stomatologut n\u00eb ETERNAdent.<br \/>\nSegment i dyt\u00eb shum\u00eb i r\u00ebnd\u00ebsish\u00ebm \u00ebsht\u00eb se duhet t\u00eb ndjek <strong>ritmin e pastrimeve t\u00eb rregulla parodontologjike t\u00eb dh\u00ebmb\u00ebve<\/strong>, t\u00eb rekomanduara nga stomatologu i tij n\u00eb ETERNAdent. Ato trajtime, te pacient\u00ebt me parontopati ndonj\u00ebher\u00eb jan\u00eb 2 deri n\u00eb 6 her\u00eb n\u00eb vjet, n\u00eb var\u00ebsi nga gjendja e s\u00ebmundjes.<br \/>\nAs nj\u00eb restaurim (\u201cmbushja\u201d, \u201ckurora\u201d, \u201cfaceta\u201d) apo implant i vendosur nuk do t\u00eb jet\u00eb i suksessh\u00ebm n\u00eb afat t\u00eb gjat\u00eb n\u00eb zbraz\u00ebtir\u00ebn e goj\u00ebs me mish\u00ebra t\u00eb s\u00ebmur\u00eb t\u00eb goj\u00ebs dhe aparatin p\u00ebr mb\u00ebshtetjen e dh\u00ebmb\u00ebve.<br \/>\nPrandaj \u00ebsht\u00eb e r\u00ebnd\u00ebsishme mir\u00ebmbajtja e duhur e p\u00ebrditshme e dh\u00ebmb\u00ebve dhe pastrimet e shpeshta dhe t\u00eb rregullta profesionale t\u00eb dh\u00ebmb\u00ebve.<br \/>\nVet\u00ebm me p\u00ebrmbushjen e k\u00ebtyre dy kushteve, mund t\u00eb parandalohet s\u00ebmundja kronike dhe progresive si\u00e7 \u00ebsht\u00eb s\u00ebmundja parodontale.[\/vc_column_text][\/vc_column_inner][vc_column_inner width=&#8221;1\/2&#8243;][vc_single_image image=&#8221;1677&#8243; img_size=&#8221;large&#8221;][\/vc_column_inner][\/vc_row_inner][\/vc_tta_section][vc_tta_section title=&#8221;Kontrolli dhe mir\u00ebmbajtja e sh\u00ebndetit oral pas implamenteve&#8221; tab_id=&#8221;1647947174965-f0c56572-20f2&#8243;][vc_row_inner][vc_column_inner width=&#8221;1\/2&#8243;][vc_column_text]Implantet jan\u00eb z\u00ebvend\u00ebsim p\u00ebr rr\u00ebnj\u00ebn e dh\u00ebmbit q\u00eb \u00ebsht\u00eb hequr. Ata jan\u00eb n\u00eb fakt mbajt\u00ebsit e kuror\u00ebs, ur\u00ebs apo protez\u00ebs n\u00eb var\u00ebsi nga gjendja e cila sh\u00ebrohet. Edhepse jan\u00eb nga titaniumi dhe jan\u00eb t\u00eb mbrojtura me eshtr\u00eb dhe gingiv\u00eb mbi to, n\u00eb kushte t\u00eb higjien\u00ebs t\u00eb keqe orale, mund t\u00eb fillojn\u00eb t\u00eb humbin mb\u00ebshtetjen e tyre nga gingiva dhe eshtra n\u00eb af\u00ebrsi. Prandaj marr\u00ebdh\u00ebnia ndaj implanteve dhe produktet protetike nga implantet, duhet jet\u00eb nj\u00ebsoj serioze si edhe ndaj dh\u00ebmb\u00ebve personal. Pastrimi i p\u00ebrditsh\u00ebm i dh\u00ebmb\u00ebve dhe mbajtja e produkteve protetike mbi implantet n\u00eb m\u00ebnyr\u00eb t\u00eb p\u00ebrsosur t\u00eb past\u00ebr, mund\u00ebson q\u00eb implantet t\u00eb jen\u00eb zgjidhje e p\u00ebrhershme p\u00ebr dh\u00ebmb\u00ebt e humbur. Ritmi i pastrimeve profesionale dhe kontrollave nuk duhet t\u00eb jet\u00eb m\u00eb rrall\u00eb se 2 her\u00eb n\u00eb vjet, q\u00eb \u00ebsht\u00eb standard i art\u00eb p\u00ebr higjien\u00ebn e duhur orale.<br \/>\nVet\u00ebm gjith\u00ebp\u00ebrfshirja n\u00eb pun\u00eb, mund t\u00eb jap rezultate afatgjate dhe produkte q\u00eb do t\u00eb mbahen pa problem nga implantet, q\u00eb \u00ebsht\u00eb q\u00ebllimi yn\u00eb dhe p\u00ebrvoja jon\u00eb e deritashme.[\/vc_column_text][\/vc_column_inner][vc_column_inner width=&#8221;1\/2&#8243;][vc_single_image image=&#8221;1678&#8243; img_size=&#8221;large&#8221;][\/vc_column_inner][\/vc_row_inner][\/vc_tta_section][vc_tta_section title=&#8221;Kontrolli dhe mir\u00ebmbajtja e sh\u00ebndetit oral pas nd\u00ebrhyrjeve t\u00eb m\u00ebdha protetike&#8221; tab_id=&#8221;1647947165404-058d1014-159a&#8221;][vc_row_inner][vc_column_inner width=&#8221;1\/2&#8243;][vc_column_text]Produktet protetike e kthejn\u00eb funksionin dhe estetik\u00ebn e dh\u00ebmbit n\u00eb p\u00ebrgjith\u00ebsi por, ata vendosen n\u00eb goj\u00eb dhe b\u00ebhen pjes\u00eb e nj\u00eb sistemi t\u00eb ri biologjik. Ata, n\u00eb goj\u00ebn e pacientit, ndodhen n\u00eb kushtet e nj\u00ebjta si dh\u00ebmb\u00ebt natyror dhe ekspozohen n\u00eb faktor\u00ebt e nj\u00ebjt\u00eb biologjik, dhe prandaj higjiena e tyre \u00ebsht\u00eb ve\u00e7an\u00ebrisht e r\u00ebnd\u00ebsishme p\u00ebr sh\u00ebndetin e dh\u00ebmb\u00ebve-mbajt\u00ebsve t\u00eb atyre produkteve protetike dhe p\u00ebr gingiv\u00ebn e af\u00ebrt. Me fjal\u00eb t\u00eb tjera, \u00e7do ur\u00eb, kuror\u00eb, facet\u00eb apo protez\u00eb n\u00eb goj\u00eb, gjat\u00eb pastrimit profesional t\u00eb dh\u00ebmb\u00ebve \u00ebsht\u00eb e nj\u00ebjt\u00eb, kurse gjendja e higjien\u00ebs t\u00eb tyre vler\u00ebsohet.<br \/>\nVet\u00ebdija p\u00ebr sh\u00ebndetin personal oral fillon me higjien\u00ebn e duhur orale.[\/vc_column_text][\/vc_column_inner][vc_column_inner width=&#8221;1\/2&#8243;][vc_single_image image=&#8221;1679&#8243; img_size=&#8221;large&#8221;][\/vc_column_inner][\/vc_row_inner][\/vc_tta_section][vc_tta_section title=&#8221;Udh\u00ebzimet p\u00ebr higjien\u00ebn orale&#8221; tab_id=&#8221;1649069036270-9c683c77-5dc9&#8243;][vc_row_inner][vc_column_inner width=&#8221;1\/2&#8243;][vc_column_text]Pasqyra e detajuar na tregon parametrat p\u00ebr higjien\u00ebn orale p\u00ebr at\u00eb sa pacient\u00ebt jan\u00eb t\u00eb trajnuar dhe efikas n\u00eb k\u00ebt\u00eb. Gjat\u00eb trajtimit t\u00eb pastrimit profesional t\u00eb dh\u00ebmb\u00ebve, duhet t\u2019u tregojm\u00eb njer\u00ebzve n\u00eb cilat zona t\u00eb goj\u00ebs duhet ato mund t\u00eb jen\u00eb m\u00eb t\u00eb mir\u00eb n\u00eb mirm\u00ebbajtjen e dh\u00ebmb\u00ebve t\u00eb tyre, si t\u00eb shfryt\u00ebzojn\u00eb fillin(perin) p\u00ebr dh\u00ebmb\u00ebt n\u00eb m\u00ebnyr\u00eb t\u00eb thjesht\u00eb dhe efikase, kur duhet t\u00eb shfryt\u00ebzohet fur\u00e7a interdentare, dhe kur nuk duhet, t\u2019u tregohet p\u00ebr ekzistimin e fur\u00e7ave p\u00ebr pastrimin e briketave gjat\u00eb protezave fikse ortodontike dhe t\u2019u demonstrojm\u00eb se si t\u2019i shfryt\u00ebzojn\u00eb n\u00eb m\u00ebnyr\u00ebn e duhur.<br \/>\nDh\u00ebmbi i past\u00ebr nuk mund t\u00eb s\u00ebmuret.[\/vc_column_text][\/vc_column_inner][vc_column_inner width=&#8221;1\/2&#8243;][vc_single_image image=&#8221;1720&#8243; img_size=&#8221;large&#8221;][\/vc_column_inner][\/vc_row_inner][\/vc_tta_section][vc_tta_section title=&#8221;Detektimi i hersh\u00ebm i kancerit oral&#8221; tab_id=&#8221;1649069674001-1720c84d-5e63&#8243;][vc_row_inner][vc_column_inner width=&#8221;1\/2&#8243;][vc_column_text]Kanceri oral \u00ebsht\u00eb s\u00ebmundje q\u00eb shkaktohet p\u00ebr shkak t\u00eb shumimit t\u00eb pakontrolluar t\u00eb qelizave malinje (kancerogjene) n\u00eb zbraz\u00ebtir\u00ebn e goj\u00ebs ose n\u00eb orofaring.<br \/>\nEkziston nj\u00eb metod\u00eb e thjesht\u00eb vizuele e testimit dhe p\u00ebr k\u00ebt\u00eb q\u00ebllim n\u00eb ETERNA kemi siguruar aparat t\u00eb sofistikuar p\u00ebr detektim t\u00eb hersh\u00ebm me t\u00eb cilin n\u00eb kontroll t\u00eb shkurt\u00ebr t\u00eb thjesht\u00eb mund t\u00eb p\u00ebrcaktohet plaga eventuale prekanceroze ose kanceroze.<br \/>\nIdentifikimi i plag\u00ebs n\u00eb faz\u00eb t\u00eb hershme n\u00eb m\u00ebnyr\u00eb t\u00eb konsideruar rrit\u00eb mund\u00ebsit\u00eb p\u00ebr sh\u00ebrimin e k\u00ebsaj s\u00ebmundje.<br \/>\nMos harroni q\u00eb t\u00eb konsultoheni me stomatologun tuaj q\u00eb t\u00eb caktoni kontrolla t\u00eb rregullt.[\/vc_column_text][\/vc_column_inner][vc_column_inner width=&#8221;1\/2&#8243;][vc_single_image image=&#8221;1721&#8243; img_size=&#8221;full&#8221;][\/vc_column_inner][\/vc_row_inner][\/vc_tta_section][\/vc_tta_accordion][vc_column_text]<a class=\"btn btn-outline-primary\" href=\"https:\/\/eternadent.com.mk\/appointments\/\">Caktoni kontroll<\/a>[\/vc_column_text][\/vc_column][\/vc_row]\n<\/div>","protected":false},"excerpt":{"rendered":"<p>[vc_row css=&#8221;.vc_custom_1593804830162{margin-bottom: 0px !important;padding-bottom: 0px !important;}&#8221;][vc_column css=&#8221;.vc_custom_1654701439762{margin-bottom: 0px !important;}&#8221;][vc_column_text] Sh\u00ebndeti oral dhe higjiena dentare [\/vc_column_text][\/vc_column][\/vc_row][vc_row curly_padding=&#8221;content-padding-none&#8221; css=&#8221;.vc_custom_1654701291873{padding-bottom: 0px !important;}&#8221;][vc_column offset=&#8221;vc_col-lg-offset-0&#8243;][vc_column_text]Sh\u00ebndeti oral \u00ebsht\u00eb tregues kryesor p\u00ebr sh\u00ebndetin e t\u00ebr\u00ebsish\u00ebm, mir\u00ebq\u00ebnien dhe cil\u00ebsin\u00eb e jet\u00ebs. P\u00ebrfshin disa s\u00ebmundje dhe gjendje t\u00eb cilat p\u00ebrfshijn\u00eb kariesin e dh\u00ebmbit, s\u00ebmundjen parodontale, humbjen e dh\u00ebmb\u00ebve, kancerin oral, manifestimet orale t\u00eb infektimit me HIV, trauma oro-dentare dhe [&hellip;]<\/p>\n","protected":false},"author":1,"featured_media":0,"parent":0,"menu_order":0,"comment_status":"closed","ping_status":"closed","template":"","meta":{"inline_featured_image":false,"footnotes":""},"class_list":["post-3033","page","type-page","status-publish","hentry"],"yoast_head":"<!-- This site is optimized with the Yoast SEO Premium plugin v24.7 (Yoast SEO v24.8.1) - https:\/\/yoast.com\/wordpress\/plugins\/seo\/ -->\n<title>Sh\u00ebndeti oral dhe higjiena dentare - \u0415\u0422\u0415\u0420\u041d\u0410\u0434\u0435\u043d\u0442<\/title>\n<meta name=\"robots\" content=\"index, follow, max-snippet:-1, max-image-preview:large, max-video-preview:-1\" \/>\n<link rel=\"canonical\" href=\"https:\/\/eternadent.com.mk\/sq\/oralno-zdravje\/\" \/>\n<meta property=\"og:locale\" content=\"sq_AL\" \/>\n<meta property=\"og:type\" content=\"article\" \/>\n<meta property=\"og:title\" content=\"Sh\u00ebndeti oral dhe higjiena dentare\" \/>\n<meta property=\"og:description\" content=\"[vc_row css=&#8221;.vc_custom_1593804830162{margin-bottom: 0px !important;padding-bottom: 0px !important;}&#8221;][vc_column css=&#8221;.vc_custom_1654701439762{margin-bottom: 0px !important;}&#8221;][vc_column_text] Sh\u00ebndeti oral dhe higjiena dentare [\/vc_column_text][\/vc_column][\/vc_row][vc_row curly_padding=&#8221;content-padding-none&#8221; css=&#8221;.vc_custom_1654701291873{padding-bottom: 0px !important;}&#8221;][vc_column offset=&#8221;vc_col-lg-offset-0&#8243;][vc_column_text]Sh\u00ebndeti oral \u00ebsht\u00eb tregues kryesor p\u00ebr sh\u00ebndetin e t\u00ebr\u00ebsish\u00ebm, mir\u00ebq\u00ebnien dhe cil\u00ebsin\u00eb e jet\u00ebs. P\u00ebrfshin disa s\u00ebmundje dhe gjendje t\u00eb cilat p\u00ebrfshijn\u00eb kariesin e dh\u00ebmbit, s\u00ebmundjen parodontale, humbjen e dh\u00ebmb\u00ebve, kancerin oral, manifestimet orale t\u00eb infektimit me HIV, trauma oro-dentare dhe [&hellip;]\" \/>\n<meta property=\"og:url\" content=\"https:\/\/eternadent.com.mk\/sq\/oralno-zdravje\/\" \/>\n<meta property=\"og:site_name\" content=\"\u0415\u0422\u0415\u0420\u041d\u0410\u0434\u0435\u043d\u0442\" \/>\n<meta property=\"article:publisher\" content=\"https:\/\/www.facebook.com\/eternadentskopje\/\" \/>\n<meta property=\"article:modified_time\" content=\"2022-08-25T11:52:51+00:00\" \/>\n<meta property=\"og:image\" content=\"https:\/\/eternadent.com.mk\/wp-content\/uploads\/2023\/12\/eterna-logo-web.png\" \/>\n\t<meta property=\"og:image:width\" content=\"1200\" \/>\n\t<meta property=\"og:image:height\" content=\"675\" \/>\n\t<meta property=\"og:image:type\" content=\"image\/png\" \/>\n<meta name=\"twitter:card\" content=\"summary_large_image\" \/>\n<meta name=\"twitter:label1\" content=\"Est. reading time\" \/>\n\t<meta name=\"twitter:data1\" content=\"9 minutes\" \/>\n<script type=\"application\/ld+json\" class=\"yoast-schema-graph\">{\"@context\":\"https:\/\/schema.org\",\"@graph\":[{\"@type\":\"WebPage\",\"@id\":\"https:\/\/eternadent.com.mk\/sq\/oralno-zdravje\/\",\"url\":\"https:\/\/eternadent.com.mk\/sq\/oralno-zdravje\/\",\"name\":\"Sh\u00ebndeti oral dhe higjiena dentare - \u0415\u0422\u0415\u0420\u041d\u0410\u0434\u0435\u043d\u0442\",\"isPartOf\":{\"@id\":\"https:\/\/eternadent.com.mk\/#website\"},\"datePublished\":\"2020-06-12T08:18:07+00:00\",\"dateModified\":\"2022-08-25T11:52:51+00:00\",\"breadcrumb\":{\"@id\":\"https:\/\/eternadent.com.mk\/sq\/oralno-zdravje\/#breadcrumb\"},\"inLanguage\":\"sq-AL\",\"potentialAction\":[{\"@type\":\"ReadAction\",\"target\":[\"https:\/\/eternadent.com.mk\/sq\/oralno-zdravje\/\"]}]},{\"@type\":\"BreadcrumbList\",\"@id\":\"https:\/\/eternadent.com.mk\/sq\/oralno-zdravje\/#breadcrumb\",\"itemListElement\":[{\"@type\":\"ListItem\",\"position\":1,\"name\":\"[wpseo_titles]breadcrumbs-\u041f\u043e\u0447\u0435\u0442\u043d\u0430\",\"item\":\"https:\/\/eternadent.com.mk\/sq\/\"},{\"@type\":\"ListItem\",\"position\":2,\"name\":\"Sh\u00ebndeti oral dhe higjiena dentare\"}]},{\"@type\":\"WebSite\",\"@id\":\"https:\/\/eternadent.com.mk\/#website\",\"url\":\"https:\/\/eternadent.com.mk\/\",\"name\":\"ETERNAdent | \u0415\u0422\u0415\u0420\u041d\u0410\u0434\u0435\u043d\u0442\",\"description\":\"\u0412\u0410\u0428\u0410\u0422\u0410 \u041d\u041e\u0412\u0410 \u0417\u0414\u0420\u0410\u0412\u0410 \u041d\u0410\u0421\u041c\u0415\u0412\u041a\u0410\",\"publisher\":{\"@id\":\"https:\/\/eternadent.com.mk\/#organization\"},\"alternateName\":\"Eterna Dent | \u0415\u0442\u0435\u0440\u043d\u0430 \u0414\u0435\u043d\u0442\",\"potentialAction\":[{\"@type\":\"SearchAction\",\"target\":{\"@type\":\"EntryPoint\",\"urlTemplate\":\"https:\/\/eternadent.com.mk\/?s={search_term_string}\"},\"query-input\":{\"@type\":\"PropertyValueSpecification\",\"valueRequired\":true,\"valueName\":\"search_term_string\"}}],\"inLanguage\":\"sq-AL\"},{\"@type\":\"Organization\",\"@id\":\"https:\/\/eternadent.com.mk\/#organization\",\"name\":\"\u0415\u0422\u0415\u0420\u041d\u0410\u0434\u0435\u043d\u0442\",\"alternateName\":\"Eterna Dent\",\"url\":\"https:\/\/eternadent.com.mk\/\",\"logo\":{\"@type\":\"ImageObject\",\"inLanguage\":\"sq-AL\",\"@id\":\"https:\/\/eternadent.com.mk\/#\/schema\/logo\/image\/\",\"url\":\"https:\/\/eternadent.com.mk\/wp-content\/uploads\/2022\/04\/eterna-dent-logo-mk.png\",\"contentUrl\":\"https:\/\/eternadent.com.mk\/wp-content\/uploads\/2022\/04\/eterna-dent-logo-mk.png\",\"width\":842,\"height\":291,\"caption\":\"\u0415\u0422\u0415\u0420\u041d\u0410\u0434\u0435\u043d\u0442\"},\"image\":{\"@id\":\"https:\/\/eternadent.com.mk\/#\/schema\/logo\/image\/\"},\"sameAs\":[\"https:\/\/www.facebook.com\/eternadentskopje\/\",\"https:\/\/www.instagram.com\/eternadentskopje\/\"]}]}<\/script>\n<!-- \/ Yoast SEO Premium plugin. -->","yoast_head_json":{"title":"Sh\u00ebndeti oral dhe higjiena dentare - \u0415\u0422\u0415\u0420\u041d\u0410\u0434\u0435\u043d\u0442","robots":{"index":"index","follow":"follow","max-snippet":"max-snippet:-1","max-image-preview":"max-image-preview:large","max-video-preview":"max-video-preview:-1"},"canonical":"https:\/\/eternadent.com.mk\/sq\/oralno-zdravje\/","og_locale":"sq_AL","og_type":"article","og_title":"Sh\u00ebndeti oral dhe higjiena dentare","og_description":"[vc_row css=&#8221;.vc_custom_1593804830162{margin-bottom: 0px !important;padding-bottom: 0px !important;}&#8221;][vc_column css=&#8221;.vc_custom_1654701439762{margin-bottom: 0px !important;}&#8221;][vc_column_text] Sh\u00ebndeti oral dhe higjiena dentare [\/vc_column_text][\/vc_column][\/vc_row][vc_row curly_padding=&#8221;content-padding-none&#8221; css=&#8221;.vc_custom_1654701291873{padding-bottom: 0px !important;}&#8221;][vc_column offset=&#8221;vc_col-lg-offset-0&#8243;][vc_column_text]Sh\u00ebndeti oral \u00ebsht\u00eb tregues kryesor p\u00ebr sh\u00ebndetin e t\u00ebr\u00ebsish\u00ebm, mir\u00ebq\u00ebnien dhe cil\u00ebsin\u00eb e jet\u00ebs. P\u00ebrfshin disa s\u00ebmundje dhe gjendje t\u00eb cilat p\u00ebrfshijn\u00eb kariesin e dh\u00ebmbit, s\u00ebmundjen parodontale, humbjen e dh\u00ebmb\u00ebve, kancerin oral, manifestimet orale t\u00eb infektimit me HIV, trauma oro-dentare dhe [&hellip;]","og_url":"https:\/\/eternadent.com.mk\/sq\/oralno-zdravje\/","og_site_name":"\u0415\u0422\u0415\u0420\u041d\u0410\u0434\u0435\u043d\u0442","article_publisher":"https:\/\/www.facebook.com\/eternadentskopje\/","article_modified_time":"2022-08-25T11:52:51+00:00","og_image":[{"width":1200,"height":675,"url":"https:\/\/eternadent.com.mk\/wp-content\/uploads\/2023\/12\/eterna-logo-web.png","type":"image\/png"}],"twitter_card":"summary_large_image","twitter_misc":{"Est. reading time":"9 minutes"},"schema":{"@context":"https:\/\/schema.org","@graph":[{"@type":"WebPage","@id":"https:\/\/eternadent.com.mk\/sq\/oralno-zdravje\/","url":"https:\/\/eternadent.com.mk\/sq\/oralno-zdravje\/","name":"Sh\u00ebndeti oral dhe higjiena dentare - \u0415\u0422\u0415\u0420\u041d\u0410\u0434\u0435\u043d\u0442","isPartOf":{"@id":"https:\/\/eternadent.com.mk\/#website"},"datePublished":"2020-06-12T08:18:07+00:00","dateModified":"2022-08-25T11:52:51+00:00","breadcrumb":{"@id":"https:\/\/eternadent.com.mk\/sq\/oralno-zdravje\/#breadcrumb"},"inLanguage":"sq-AL","potentialAction":[{"@type":"ReadAction","target":["https:\/\/eternadent.com.mk\/sq\/oralno-zdravje\/"]}]},{"@type":"BreadcrumbList","@id":"https:\/\/eternadent.com.mk\/sq\/oralno-zdravje\/#breadcrumb","itemListElement":[{"@type":"ListItem","position":1,"name":"[wpseo_titles]breadcrumbs-\u041f\u043e\u0447\u0435\u0442\u043d\u0430","item":"https:\/\/eternadent.com.mk\/sq\/"},{"@type":"ListItem","position":2,"name":"Sh\u00ebndeti oral dhe higjiena dentare"}]},{"@type":"WebSite","@id":"https:\/\/eternadent.com.mk\/#website","url":"https:\/\/eternadent.com.mk\/","name":"ETERNAdent | \u0415\u0422\u0415\u0420\u041d\u0410\u0434\u0435\u043d\u0442","description":"\u0412\u0410\u0428\u0410\u0422\u0410 \u041d\u041e\u0412\u0410 \u0417\u0414\u0420\u0410\u0412\u0410 \u041d\u0410\u0421\u041c\u0415\u0412\u041a\u0410","publisher":{"@id":"https:\/\/eternadent.com.mk\/#organization"},"alternateName":"Eterna Dent | \u0415\u0442\u0435\u0440\u043d\u0430 \u0414\u0435\u043d\u0442","potentialAction":[{"@type":"SearchAction","target":{"@type":"EntryPoint","urlTemplate":"https:\/\/eternadent.com.mk\/?s={search_term_string}"},"query-input":{"@type":"PropertyValueSpecification","valueRequired":true,"valueName":"search_term_string"}}],"inLanguage":"sq-AL"},{"@type":"Organization","@id":"https:\/\/eternadent.com.mk\/#organization","name":"\u0415\u0422\u0415\u0420\u041d\u0410\u0434\u0435\u043d\u0442","alternateName":"Eterna Dent","url":"https:\/\/eternadent.com.mk\/","logo":{"@type":"ImageObject","inLanguage":"sq-AL","@id":"https:\/\/eternadent.com.mk\/#\/schema\/logo\/image\/","url":"https:\/\/eternadent.com.mk\/wp-content\/uploads\/2022\/04\/eterna-dent-logo-mk.png","contentUrl":"https:\/\/eternadent.com.mk\/wp-content\/uploads\/2022\/04\/eterna-dent-logo-mk.png","width":842,"height":291,"caption":"\u0415\u0422\u0415\u0420\u041d\u0410\u0434\u0435\u043d\u0442"},"image":{"@id":"https:\/\/eternadent.com.mk\/#\/schema\/logo\/image\/"},"sameAs":["https:\/\/www.facebook.com\/eternadentskopje\/","https:\/\/www.instagram.com\/eternadentskopje\/"]}]}},"_links":{"self":[{"href":"https:\/\/eternadent.com.mk\/sq\/wp-json\/wp\/v2\/pages\/3033","targetHints":{"allow":["GET"]}}],"collection":[{"href":"https:\/\/eternadent.com.mk\/sq\/wp-json\/wp\/v2\/pages"}],"about":[{"href":"https:\/\/eternadent.com.mk\/sq\/wp-json\/wp\/v2\/types\/page"}],"author":[{"embeddable":true,"href":"https:\/\/eternadent.com.mk\/sq\/wp-json\/wp\/v2\/users\/1"}],"replies":[{"embeddable":true,"href":"https:\/\/eternadent.com.mk\/sq\/wp-json\/wp\/v2\/comments?post=3033"}],"version-history":[{"count":3,"href":"https:\/\/eternadent.com.mk\/sq\/wp-json\/wp\/v2\/pages\/3033\/revisions"}],"predecessor-version":[{"id":3036,"href":"https:\/\/eternadent.com.mk\/sq\/wp-json\/wp\/v2\/pages\/3033\/revisions\/3036"}],"wp:attachment":[{"href":"https:\/\/eternadent.com.mk\/sq\/wp-json\/wp\/v2\/media?parent=3033"}],"curies":[{"name":"wp","href":"https:\/\/api.w.org\/{rel}","templated":true}]}}