{"id":3029,"date":"2020-05-04T16:21:20","date_gmt":"2020-05-04T14:21:20","guid":{"rendered":"https:\/\/eternadent.com.mk\/digitalna-rtg-dijagnostika\/"},"modified":"2022-08-26T00:15:08","modified_gmt":"2022-08-25T22:15:08","slug":"metodat-diagnostikuese","status":"publish","type":"page","link":"https:\/\/eternadent.com.mk\/sq\/metodat-diagnostikuese\/","title":{"rendered":"Metodat diagnostikuese"},"content":{"rendered":"<div class=\"wpb-content-wrapper\">[vc_row css=&#8221;.vc_custom_1593804830162{margin-bottom: 0px !important;padding-bottom: 0px !important;}&#8221;][vc_column css=&#8221;.vc_custom_1654701439762{margin-bottom: 0px !important;}&#8221;][vc_column_text]\n<h2>Diagnostika digjitale RTG<\/h2>\n[\/vc_column_text][\/vc_column][\/vc_row][vc_row css=&#8221;.vc_custom_1654703258758{margin-bottom: 0px !important;padding-top: 0px !important;padding-bottom: 30px !important;}&#8221;][vc_column width=&#8221;1\/2&#8243; css=&#8221;.vc_custom_1593805006869{margin-bottom: 0px !important;padding-bottom: 0px !important;}&#8221;][vc_column_text]Kontrolli stomatologjik, analiza dhe plani i terapis\u00eb nuk jan\u00eb t\u00eb kompletuara dhe t\u00eb mb\u00ebshtetura, pa p\u00ebrdorimin e DIAGNOSTIK\u00cbS DIGJITALE RENTGEN.<\/p>\n<p>N\u00eb ETERNAdent ne shfryt\u00ebzojm\u00eb k\u00ebto aparate rentgen:<\/p>\n<ul>\n<li>Senzor intraoral p\u00ebr in\u00e7izime t\u00eb vogla rtg<\/li>\n<li>Rentgen panorama \u2013 p\u00ebr diagnostifikimin dhe p\u00ebr ndryshimet e ndryshme patologjike t\u00eb dh\u00ebmb\u00ebve, eshtrave t\u00eb nofull\u00ebs dhe zbraz\u00ebtirave t\u00eb eshtrave t\u00eb fytyr\u00ebs. Rentgenografia digjitale, si teknologji e lart\u00eb q\u00eb p\u00ebrshpejton trajtimin dhe kontribuon p\u00ebr diagnoz\u00eb m\u00eb t\u00eb mir\u00eb dhe m\u00eb efikase dhe \u00ebsht\u00eb jasht\u00ebzakonsh\u00ebm gjat\u00eb kontrollit t\u00eb par\u00eb t\u00eb pacientit; gjat\u00eb planifikimit protetik, ortodontik dhe kirurgjik; diagnostifikimi i kariesit; granulomet e diagnostifikuara, cista, ndezje difuze, fokuse, osteomielitit, dh\u00ebmb gjys\u00ebm t\u00eb impaktuara dhe t\u00eb impaktuara; deformiteti i nofullave, kontrolli i kompletuar i TMZ;<\/li>\n<li>3D CBCT \u2013 tomografia kompjuterik me analiza dhe planifikim t\u00eb thell\u00eb<\/li>\n<\/ul>\n[\/vc_column_text][\/vc_column][vc_column width=&#8221;1\/2&#8243; css=&#8221;.vc_custom_1593805014917{margin-bottom: 0px !important;padding-bottom: 0px !important;}&#8221;][vc_single_image image=&#8221;2001&#8243; img_size=&#8221;full&#8221; alignment=&#8221;center&#8221; curly_max_width=&#8221;95%&#8221;][\/vc_column][\/vc_row][vc_row css=&#8221;.vc_custom_1654701958859{margin-top: 0px !important;padding-top: 0px !important;padding-bottom: 0px !important;}&#8221;][vc_column width=&#8221;2\/3&#8243; css=&#8221;.vc_custom_1593805033522{margin-top: 0px !important;padding-top: 0px !important;}&#8221;][vc_video link=&#8221;https:\/\/www.youtube.com\/watch?v=WADsqUOFE8U&#8221; el_width=&#8221;70&#8243; align=&#8221;center&#8221;][\/vc_column][vc_column width=&#8221;1\/3&#8243; css=&#8221;.vc_custom_1593805044210{margin-top: 0px !important;padding-top: 0px !important;}&#8221;][vc_column_text css=&#8221;.vc_custom_1647944857283{padding-top: 20px !important;padding-left: 20px !important;}&#8221;]K\u00ebto aparate bashk\u00ebkohore mund\u00ebsojn\u00eb fotografi t\u00eb cil\u00ebsis\u00eb t\u00eb lart\u00eb me teknik\u00ebn e kombinimit dhe procesimin e in\u00e7izimeve, dhe t\u00eb gjith\u00eb jan\u00eb t\u00eb lidhura me nj\u00eb program kompjuterik ku t\u00eb gjith\u00eb in\u00e7izimet tuaja gjenerohen dhe ruhen. N\u00eb k\u00ebt\u00eb m\u00ebnyr\u00eb leht\u00ebsohet edhe qasja e stomatologut nga \u00e7do vend i pun\u00ebs n\u00eb klinik\u00eb, gjat\u00eb k\u00ebqyrjes n\u00eb kartonin tuaj, ndjekje dhe menaxhim t\u00eb gjith\u00eb intervenimeve t\u00eb b\u00ebra te ne.<br \/>\nAparatura moderne \u00ebsht\u00eb pjes\u00eb e pandar\u00eb e stomatologjis\u00eb bashk\u00ebkohore.<br \/>\nAjo mbetet nj\u00eb nd\u00ebr prioritetet tona.[\/vc_column_text][\/vc_column][\/vc_row][vc_row css=&#8221;.vc_custom_1654701948525{padding-top: 0px !important;}&#8221;][vc_column][vc_column_text]<a class=\"btn btn-outline-primary\" href=\"https:\/\/eternadent.com.mk\/appointments\/\">Caktoni kontroll<\/a>[\/vc_column_text][\/vc_column][\/vc_row]\n<\/div>","protected":false},"excerpt":{"rendered":"<p>[vc_row css=&#8221;.vc_custom_1593804830162{margin-bottom: 0px !important;padding-bottom: 0px !important;}&#8221;][vc_column css=&#8221;.vc_custom_1654701439762{margin-bottom: 0px !important;}&#8221;][vc_column_text] Diagnostika digjitale RTG [\/vc_column_text][\/vc_column][\/vc_row][vc_row css=&#8221;.vc_custom_1654703258758{margin-bottom: 0px !important;padding-top: 0px !important;padding-bottom: 30px !important;}&#8221;][vc_column width=&#8221;1\/2&#8243; css=&#8221;.vc_custom_1593805006869{margin-bottom: 0px !important;padding-bottom: 0px !important;}&#8221;][vc_column_text]Kontrolli stomatologjik, analiza dhe plani i terapis\u00eb nuk jan\u00eb t\u00eb kompletuara dhe t\u00eb mb\u00ebshtetura, pa p\u00ebrdorimin e DIAGNOSTIK\u00cbS DIGJITALE RENTGEN. N\u00eb ETERNAdent ne shfryt\u00ebzojm\u00eb k\u00ebto aparate rentgen: Senzor intraoral p\u00ebr in\u00e7izime t\u00eb vogla rtg Rentgen [&hellip;]<\/p>\n","protected":false},"author":1,"featured_media":0,"parent":0,"menu_order":0,"comment_status":"closed","ping_status":"closed","template":"","meta":{"inline_featured_image":false,"footnotes":""},"class_list":["post-3029","page","type-page","status-publish","hentry"],"yoast_head":"<!-- This site is optimized with the Yoast SEO Premium plugin v24.7 (Yoast SEO v24.8.1) - https:\/\/yoast.com\/wordpress\/plugins\/seo\/ -->\n<title>Metodat diagnostikuese - \u0415\u0422\u0415\u0420\u041d\u0410\u0434\u0435\u043d\u0442<\/title>\n<meta name=\"robots\" content=\"index, follow, max-snippet:-1, max-image-preview:large, max-video-preview:-1\" \/>\n<link rel=\"canonical\" href=\"https:\/\/eternadent.com.mk\/sq\/metodat-diagnostikuese\/\" \/>\n<meta property=\"og:locale\" content=\"sq_AL\" \/>\n<meta property=\"og:type\" content=\"article\" \/>\n<meta property=\"og:title\" content=\"Metodat diagnostikuese\" \/>\n<meta property=\"og:description\" content=\"[vc_row css=&#8221;.vc_custom_1593804830162{margin-bottom: 0px !important;padding-bottom: 0px !important;}&#8221;][vc_column css=&#8221;.vc_custom_1654701439762{margin-bottom: 0px !important;}&#8221;][vc_column_text] Diagnostika digjitale RTG [\/vc_column_text][\/vc_column][\/vc_row][vc_row css=&#8221;.vc_custom_1654703258758{margin-bottom: 0px !important;padding-top: 0px !important;padding-bottom: 30px !important;}&#8221;][vc_column width=&#8221;1\/2&#8243; css=&#8221;.vc_custom_1593805006869{margin-bottom: 0px !important;padding-bottom: 0px !important;}&#8221;][vc_column_text]Kontrolli stomatologjik, analiza dhe plani i terapis\u00eb nuk jan\u00eb t\u00eb kompletuara dhe t\u00eb mb\u00ebshtetura, pa p\u00ebrdorimin e DIAGNOSTIK\u00cbS DIGJITALE RENTGEN. N\u00eb ETERNAdent ne shfryt\u00ebzojm\u00eb k\u00ebto aparate rentgen: Senzor intraoral p\u00ebr in\u00e7izime t\u00eb vogla rtg Rentgen [&hellip;]\" \/>\n<meta property=\"og:url\" content=\"https:\/\/eternadent.com.mk\/sq\/metodat-diagnostikuese\/\" \/>\n<meta property=\"og:site_name\" content=\"\u0415\u0422\u0415\u0420\u041d\u0410\u0434\u0435\u043d\u0442\" \/>\n<meta property=\"article:publisher\" content=\"https:\/\/www.facebook.com\/eternadentskopje\/\" \/>\n<meta property=\"article:modified_time\" content=\"2022-08-25T22:15:08+00:00\" \/>\n<meta property=\"og:image\" content=\"https:\/\/eternadent.com.mk\/wp-content\/uploads\/2023\/12\/eterna-logo-web.png\" \/>\n\t<meta property=\"og:image:width\" content=\"1200\" \/>\n\t<meta property=\"og:image:height\" content=\"675\" \/>\n\t<meta property=\"og:image:type\" content=\"image\/png\" \/>\n<meta name=\"twitter:card\" content=\"summary_large_image\" \/>\n<meta name=\"twitter:label1\" content=\"Est. reading time\" \/>\n\t<meta name=\"twitter:data1\" content=\"2 minutes\" \/>\n<script type=\"application\/ld+json\" class=\"yoast-schema-graph\">{\"@context\":\"https:\/\/schema.org\",\"@graph\":[{\"@type\":\"WebPage\",\"@id\":\"https:\/\/eternadent.com.mk\/sq\/metodat-diagnostikuese\/\",\"url\":\"https:\/\/eternadent.com.mk\/sq\/metodat-diagnostikuese\/\",\"name\":\"Metodat diagnostikuese - \u0415\u0422\u0415\u0420\u041d\u0410\u0434\u0435\u043d\u0442\",\"isPartOf\":{\"@id\":\"https:\/\/eternadent.com.mk\/#website\"},\"datePublished\":\"2020-05-04T14:21:20+00:00\",\"dateModified\":\"2022-08-25T22:15:08+00:00\",\"breadcrumb\":{\"@id\":\"https:\/\/eternadent.com.mk\/sq\/metodat-diagnostikuese\/#breadcrumb\"},\"inLanguage\":\"sq-AL\",\"potentialAction\":[{\"@type\":\"ReadAction\",\"target\":[\"https:\/\/eternadent.com.mk\/sq\/metodat-diagnostikuese\/\"]}]},{\"@type\":\"BreadcrumbList\",\"@id\":\"https:\/\/eternadent.com.mk\/sq\/metodat-diagnostikuese\/#breadcrumb\",\"itemListElement\":[{\"@type\":\"ListItem\",\"position\":1,\"name\":\"[wpseo_titles]breadcrumbs-\u041f\u043e\u0447\u0435\u0442\u043d\u0430\",\"item\":\"https:\/\/eternadent.com.mk\/sq\/\"},{\"@type\":\"ListItem\",\"position\":2,\"name\":\"Metodat diagnostikuese\"}]},{\"@type\":\"WebSite\",\"@id\":\"https:\/\/eternadent.com.mk\/#website\",\"url\":\"https:\/\/eternadent.com.mk\/\",\"name\":\"ETERNAdent | \u0415\u0422\u0415\u0420\u041d\u0410\u0434\u0435\u043d\u0442\",\"description\":\"\u0412\u0410\u0428\u0410\u0422\u0410 \u041d\u041e\u0412\u0410 \u0417\u0414\u0420\u0410\u0412\u0410 \u041d\u0410\u0421\u041c\u0415\u0412\u041a\u0410\",\"publisher\":{\"@id\":\"https:\/\/eternadent.com.mk\/#organization\"},\"alternateName\":\"Eterna Dent | \u0415\u0442\u0435\u0440\u043d\u0430 \u0414\u0435\u043d\u0442\",\"potentialAction\":[{\"@type\":\"SearchAction\",\"target\":{\"@type\":\"EntryPoint\",\"urlTemplate\":\"https:\/\/eternadent.com.mk\/?s={search_term_string}\"},\"query-input\":{\"@type\":\"PropertyValueSpecification\",\"valueRequired\":true,\"valueName\":\"search_term_string\"}}],\"inLanguage\":\"sq-AL\"},{\"@type\":\"Organization\",\"@id\":\"https:\/\/eternadent.com.mk\/#organization\",\"name\":\"\u0415\u0422\u0415\u0420\u041d\u0410\u0434\u0435\u043d\u0442\",\"alternateName\":\"Eterna Dent\",\"url\":\"https:\/\/eternadent.com.mk\/\",\"logo\":{\"@type\":\"ImageObject\",\"inLanguage\":\"sq-AL\",\"@id\":\"https:\/\/eternadent.com.mk\/#\/schema\/logo\/image\/\",\"url\":\"https:\/\/eternadent.com.mk\/wp-content\/uploads\/2022\/04\/eterna-dent-logo-mk.png\",\"contentUrl\":\"https:\/\/eternadent.com.mk\/wp-content\/uploads\/2022\/04\/eterna-dent-logo-mk.png\",\"width\":842,\"height\":291,\"caption\":\"\u0415\u0422\u0415\u0420\u041d\u0410\u0434\u0435\u043d\u0442\"},\"image\":{\"@id\":\"https:\/\/eternadent.com.mk\/#\/schema\/logo\/image\/\"},\"sameAs\":[\"https:\/\/www.facebook.com\/eternadentskopje\/\",\"https:\/\/www.instagram.com\/eternadentskopje\/\"]}]}<\/script>\n<!-- \/ Yoast SEO Premium plugin. -->","yoast_head_json":{"title":"Metodat diagnostikuese - \u0415\u0422\u0415\u0420\u041d\u0410\u0434\u0435\u043d\u0442","robots":{"index":"index","follow":"follow","max-snippet":"max-snippet:-1","max-image-preview":"max-image-preview:large","max-video-preview":"max-video-preview:-1"},"canonical":"https:\/\/eternadent.com.mk\/sq\/metodat-diagnostikuese\/","og_locale":"sq_AL","og_type":"article","og_title":"Metodat diagnostikuese","og_description":"[vc_row css=&#8221;.vc_custom_1593804830162{margin-bottom: 0px !important;padding-bottom: 0px !important;}&#8221;][vc_column css=&#8221;.vc_custom_1654701439762{margin-bottom: 0px !important;}&#8221;][vc_column_text] Diagnostika digjitale RTG [\/vc_column_text][\/vc_column][\/vc_row][vc_row css=&#8221;.vc_custom_1654703258758{margin-bottom: 0px !important;padding-top: 0px !important;padding-bottom: 30px !important;}&#8221;][vc_column width=&#8221;1\/2&#8243; css=&#8221;.vc_custom_1593805006869{margin-bottom: 0px !important;padding-bottom: 0px !important;}&#8221;][vc_column_text]Kontrolli stomatologjik, analiza dhe plani i terapis\u00eb nuk jan\u00eb t\u00eb kompletuara dhe t\u00eb mb\u00ebshtetura, pa p\u00ebrdorimin e DIAGNOSTIK\u00cbS DIGJITALE RENTGEN. N\u00eb ETERNAdent ne shfryt\u00ebzojm\u00eb k\u00ebto aparate rentgen: Senzor intraoral p\u00ebr in\u00e7izime t\u00eb vogla rtg Rentgen [&hellip;]","og_url":"https:\/\/eternadent.com.mk\/sq\/metodat-diagnostikuese\/","og_site_name":"\u0415\u0422\u0415\u0420\u041d\u0410\u0434\u0435\u043d\u0442","article_publisher":"https:\/\/www.facebook.com\/eternadentskopje\/","article_modified_time":"2022-08-25T22:15:08+00:00","og_image":[{"width":1200,"height":675,"url":"https:\/\/eternadent.com.mk\/wp-content\/uploads\/2023\/12\/eterna-logo-web.png","type":"image\/png"}],"twitter_card":"summary_large_image","twitter_misc":{"Est. reading time":"2 minutes"},"schema":{"@context":"https:\/\/schema.org","@graph":[{"@type":"WebPage","@id":"https:\/\/eternadent.com.mk\/sq\/metodat-diagnostikuese\/","url":"https:\/\/eternadent.com.mk\/sq\/metodat-diagnostikuese\/","name":"Metodat diagnostikuese - \u0415\u0422\u0415\u0420\u041d\u0410\u0434\u0435\u043d\u0442","isPartOf":{"@id":"https:\/\/eternadent.com.mk\/#website"},"datePublished":"2020-05-04T14:21:20+00:00","dateModified":"2022-08-25T22:15:08+00:00","breadcrumb":{"@id":"https:\/\/eternadent.com.mk\/sq\/metodat-diagnostikuese\/#breadcrumb"},"inLanguage":"sq-AL","potentialAction":[{"@type":"ReadAction","target":["https:\/\/eternadent.com.mk\/sq\/metodat-diagnostikuese\/"]}]},{"@type":"BreadcrumbList","@id":"https:\/\/eternadent.com.mk\/sq\/metodat-diagnostikuese\/#breadcrumb","itemListElement":[{"@type":"ListItem","position":1,"name":"[wpseo_titles]breadcrumbs-\u041f\u043e\u0447\u0435\u0442\u043d\u0430","item":"https:\/\/eternadent.com.mk\/sq\/"},{"@type":"ListItem","position":2,"name":"Metodat diagnostikuese"}]},{"@type":"WebSite","@id":"https:\/\/eternadent.com.mk\/#website","url":"https:\/\/eternadent.com.mk\/","name":"ETERNAdent | \u0415\u0422\u0415\u0420\u041d\u0410\u0434\u0435\u043d\u0442","description":"\u0412\u0410\u0428\u0410\u0422\u0410 \u041d\u041e\u0412\u0410 \u0417\u0414\u0420\u0410\u0412\u0410 \u041d\u0410\u0421\u041c\u0415\u0412\u041a\u0410","publisher":{"@id":"https:\/\/eternadent.com.mk\/#organization"},"alternateName":"Eterna Dent | \u0415\u0442\u0435\u0440\u043d\u0430 \u0414\u0435\u043d\u0442","potentialAction":[{"@type":"SearchAction","target":{"@type":"EntryPoint","urlTemplate":"https:\/\/eternadent.com.mk\/?s={search_term_string}"},"query-input":{"@type":"PropertyValueSpecification","valueRequired":true,"valueName":"search_term_string"}}],"inLanguage":"sq-AL"},{"@type":"Organization","@id":"https:\/\/eternadent.com.mk\/#organization","name":"\u0415\u0422\u0415\u0420\u041d\u0410\u0434\u0435\u043d\u0442","alternateName":"Eterna Dent","url":"https:\/\/eternadent.com.mk\/","logo":{"@type":"ImageObject","inLanguage":"sq-AL","@id":"https:\/\/eternadent.com.mk\/#\/schema\/logo\/image\/","url":"https:\/\/eternadent.com.mk\/wp-content\/uploads\/2022\/04\/eterna-dent-logo-mk.png","contentUrl":"https:\/\/eternadent.com.mk\/wp-content\/uploads\/2022\/04\/eterna-dent-logo-mk.png","width":842,"height":291,"caption":"\u0415\u0422\u0415\u0420\u041d\u0410\u0434\u0435\u043d\u0442"},"image":{"@id":"https:\/\/eternadent.com.mk\/#\/schema\/logo\/image\/"},"sameAs":["https:\/\/www.facebook.com\/eternadentskopje\/","https:\/\/www.instagram.com\/eternadentskopje\/"]}]}},"_links":{"self":[{"href":"https:\/\/eternadent.com.mk\/sq\/wp-json\/wp\/v2\/pages\/3029","targetHints":{"allow":["GET"]}}],"collection":[{"href":"https:\/\/eternadent.com.mk\/sq\/wp-json\/wp\/v2\/pages"}],"about":[{"href":"https:\/\/eternadent.com.mk\/sq\/wp-json\/wp\/v2\/types\/page"}],"author":[{"embeddable":true,"href":"https:\/\/eternadent.com.mk\/sq\/wp-json\/wp\/v2\/users\/1"}],"replies":[{"embeddable":true,"href":"https:\/\/eternadent.com.mk\/sq\/wp-json\/wp\/v2\/comments?post=3029"}],"version-history":[{"count":3,"href":"https:\/\/eternadent.com.mk\/sq\/wp-json\/wp\/v2\/pages\/3029\/revisions"}],"predecessor-version":[{"id":3032,"href":"https:\/\/eternadent.com.mk\/sq\/wp-json\/wp\/v2\/pages\/3029\/revisions\/3032"}],"wp:attachment":[{"href":"https:\/\/eternadent.com.mk\/sq\/wp-json\/wp\/v2\/media?parent=3029"}],"curies":[{"name":"wp","href":"https:\/\/api.w.org\/{rel}","templated":true}]}}