{"id":3015,"date":"2022-05-25T21:52:16","date_gmt":"2022-05-25T19:52:16","guid":{"rendered":"https:\/\/eternadent.com.mk\/zoshto-da-odberete-seopfatna-dentalna\/"},"modified":"2022-08-26T00:12:19","modified_gmt":"2022-08-25T22:12:19","slug":"kujdesi-gjitheperfshires-dentar","status":"publish","type":"page","link":"https:\/\/eternadent.com.mk\/sq\/kujdesi-gjitheperfshires-dentar\/","title":{"rendered":"Kujdesi gjith\u00ebp\u00ebrfshir\u00ebs dentar"},"content":{"rendered":"<div class=\"wpb-content-wrapper\">[vc_row css=&#8221;.vc_custom_1654720553053{padding-top: 20px !important;}&#8221;][vc_column width=&#8221;1\/2&#8243;][vc_column_text]\n<h4>Pse t\u00eb zgjidhni kujdes gjith\u00ebp\u00ebrfshir\u00ebs dentar<\/h4>\n[\/vc_column_text][vc_column_text]Stomatologjia gjith\u00ebp\u00ebrfshir\u00ebse merr parasysh pacientin n\u00eb t\u00ebr\u00ebsi dhe asnj\u00ebher\u00eb nuk fokusohet vet\u00ebm te dhemb\u00ebt.<br \/>\nGjat\u00eb vizit\u00ebs t\u00eb par\u00eb n\u00eb ETERNA, Stomatologu juaj, do t\u00eb njihet me problemin tuaj, d\u00ebshirat dhe idet\u00eb tua.<\/p>\n<p>M\u00eb pas do ta kontrolloj\u00eb t\u00ebr\u00ebsisht historin\u00eb tuaj mjek\u00ebsore dhe stomatologjike, duke i kushtuar v\u00ebmendje gjendjes aktuale sh\u00ebndet\u00ebsore.<\/p>\n<p>Analiza e statusit dentar kompletohet me in\u00e7izimin RTG i cili shfryt\u00ebzohet p\u00ebr testimin e strukturave tjera p\u00ebrve\u00e7 dh\u00ebmb\u00ebve, duke p\u00ebrfshir\u00eb edhe nofullat, sinus\u00ebt dhe nyjet p\u00ebr p\u00ebrtypje.<\/p>\n<p>\u00c7do dh\u00ebmb dhe restaurim n\u00eb goj\u00ebn tuaj do t\u00eb kontrollohen t\u00ebr\u00ebsisht dhe sh\u00ebnohen n\u00eb dosjen tuaj.<\/p>\n<p>Te ne n\u00eb ETERNAdent realizohen edhe testimet m\u00eb t\u00eb komplikuara parodontale, kontrolla t\u00eb mishrave t\u00eb dh\u00ebmb\u00ebve, arsyet p\u00ebr paraqitjen e xhepave parodontal, recesionet (t\u00ebrheqjet e mish\u00ebrave) dhe gjakderdhjet e mish\u00ebrave, humbje t\u00eb mas\u00ebs t\u00eb eshtrave dhe mobilitetit (l\u00ebkundje) t\u00eb dh\u00ebmb\u00ebve si pjes\u00eb e evidentimit t\u00eb t\u00ebr\u00ebsish\u00ebm t\u00eb statusit tuaj dentar.<\/p>\n<p>Stomatologu i Juaj do t\u00eb analizoj\u00eb kafshimin, muskujt, ligamentet dhe nyjen e nofull\u00ebs si dhe si ato p\u00ebrshtaten dhe punojn\u00eb bashk\u00eb.<\/p>\n<p>Pastaj vijon analiza e buz\u00ebqeshjes tuaj me t\u00eb ashtq. \u201csmile design\u201d me \u00e7rast n\u00eb analiz\u00ebn p\u00ebr studim do t\u00eb marrim parasysh dh\u00ebmb\u00ebt tuaj, buz\u00ebt dhe fytyr\u00ebn. B\u00ebjm\u00eb fotografi, gjurm\u00eb dhe modele t\u00eb dh\u00ebmb\u00ebve tuaj dhe vler\u00ebsim t\u00eb higjien\u00ebs orale, sipas t\u00eb cil\u00ebs ne propozojm\u00eb edhe modele p\u00ebrkat\u00ebse dhe metoda p\u00ebr mir\u00ebmbajtje t\u00eb m\u00ebtutjeshme.<\/p>\n<p>Pas testimeve gjith\u00ebp\u00ebrfshir\u00ebse, n\u00eb takimin e ardhsh\u00ebm t\u00eb caktuar do t\u00eb merrni diagnoz\u00ebn e p\u00ebrcaktuar dhe opsionet p\u00ebr trajtim, me p\u00ebrpar\u00ebsit\u00eb dhe mang\u00ebsit\u00eb e mund\u00ebsive t\u00eb ndryshme.<\/p>\n<p>\u00c7do pacient e zgjedh planin p\u00ebr trajtim i cili i p\u00ebrgjigjet nevojave dhe mund\u00ebsive t\u00eb tij. Bashk\u00eb me stomatologun tuaj n\u00eb ETERNAdent do t\u00eb zgjidhni strategjin\u00eb p\u00ebrkat\u00ebse p\u00ebr sh\u00ebrim dhe orarin e sakt\u00eb.<\/p>\n<p>Trajtimi realizohet gradualisht dhe n\u00eb faza, q\u00eb t\u00eb arrihet deri te q\u00ebllimi i caktuar.<\/p>\n<p>Rekonstruktimi gjith\u00ebp\u00ebrfshir\u00ebs estetik duhet t\u00eb realizohet mbi parandoncium t\u00eb sh\u00ebndetsh\u00ebm (mishra dhe inde t\u00eb buta) dhe n\u00eb kafshim t\u00eb drejt\u00eb. Kur do t\u00eb zgjidhni qasjen till\u00eb t\u00eb stomatologjis\u00eb gjith\u00ebp\u00ebrfshir\u00ebse n\u00eb baz\u00eb t\u00eb testimeve tona dhe t\u00eb mbushura me gatishm\u00ebrin\u00eb tuaj q\u00eb t\u00eb ndajm\u00eb p\u00ebrgjegj\u00ebsin\u00eb, at\u00ebher\u00eb do ju sigurojm\u00eb goj\u00eb dhe dh\u00ebmb\u00eb t\u00eb sh\u00ebndosh\u00eb p\u00ebr t\u00eb gjith\u00eb jet\u00ebn.[\/vc_column_text][\/vc_column][vc_column width=&#8221;1\/2&#8243;][vc_single_image image=&#8221;1890&#8243; img_size=&#8221;large&#8221;][\/vc_column][\/vc_row]\n<\/div>","protected":false},"excerpt":{"rendered":"<p>[vc_row css=&#8221;.vc_custom_1654720553053{padding-top: 20px !important;}&#8221;][vc_column width=&#8221;1\/2&#8243;][vc_column_text] Pse t\u00eb zgjidhni kujdes gjith\u00ebp\u00ebrfshir\u00ebs dentar [\/vc_column_text][vc_column_text]Stomatologjia gjith\u00ebp\u00ebrfshir\u00ebse merr parasysh pacientin n\u00eb t\u00ebr\u00ebsi dhe asnj\u00ebher\u00eb nuk fokusohet vet\u00ebm te dhemb\u00ebt. Gjat\u00eb vizit\u00ebs t\u00eb par\u00eb n\u00eb ETERNA, Stomatologu juaj, do t\u00eb njihet me problemin tuaj, d\u00ebshirat dhe idet\u00eb tua. M\u00eb pas do ta kontrolloj\u00eb t\u00ebr\u00ebsisht historin\u00eb tuaj mjek\u00ebsore dhe stomatologjike, duke i kushtuar v\u00ebmendje gjendjes aktuale [&hellip;]<\/p>\n","protected":false},"author":2,"featured_media":0,"parent":0,"menu_order":0,"comment_status":"closed","ping_status":"closed","template":"","meta":{"inline_featured_image":false,"footnotes":""},"class_list":["post-3015","page","type-page","status-publish","hentry"],"yoast_head":"<!-- This site is optimized with the Yoast SEO Premium plugin v24.7 (Yoast SEO v24.8.1) - https:\/\/yoast.com\/wordpress\/plugins\/seo\/ -->\n<title>Kujdesi gjith\u00ebp\u00ebrfshir\u00ebs dentar - \u0415\u0422\u0415\u0420\u041d\u0410\u0434\u0435\u043d\u0442<\/title>\n<meta name=\"robots\" content=\"index, follow, max-snippet:-1, max-image-preview:large, max-video-preview:-1\" \/>\n<link rel=\"canonical\" href=\"https:\/\/eternadent.com.mk\/sq\/kujdesi-gjitheperfshires-dentar\/\" \/>\n<meta property=\"og:locale\" content=\"sq_AL\" \/>\n<meta property=\"og:type\" content=\"article\" \/>\n<meta property=\"og:title\" content=\"Kujdesi gjith\u00ebp\u00ebrfshir\u00ebs dentar\" \/>\n<meta property=\"og:description\" content=\"[vc_row css=&#8221;.vc_custom_1654720553053{padding-top: 20px !important;}&#8221;][vc_column width=&#8221;1\/2&#8243;][vc_column_text] Pse t\u00eb zgjidhni kujdes gjith\u00ebp\u00ebrfshir\u00ebs dentar [\/vc_column_text][vc_column_text]Stomatologjia gjith\u00ebp\u00ebrfshir\u00ebse merr parasysh pacientin n\u00eb t\u00ebr\u00ebsi dhe asnj\u00ebher\u00eb nuk fokusohet vet\u00ebm te dhemb\u00ebt. Gjat\u00eb vizit\u00ebs t\u00eb par\u00eb n\u00eb ETERNA, Stomatologu juaj, do t\u00eb njihet me problemin tuaj, d\u00ebshirat dhe idet\u00eb tua. M\u00eb pas do ta kontrolloj\u00eb t\u00ebr\u00ebsisht historin\u00eb tuaj mjek\u00ebsore dhe stomatologjike, duke i kushtuar v\u00ebmendje gjendjes aktuale [&hellip;]\" \/>\n<meta property=\"og:url\" content=\"https:\/\/eternadent.com.mk\/sq\/kujdesi-gjitheperfshires-dentar\/\" \/>\n<meta property=\"og:site_name\" content=\"\u0415\u0422\u0415\u0420\u041d\u0410\u0434\u0435\u043d\u0442\" \/>\n<meta property=\"article:publisher\" content=\"https:\/\/www.facebook.com\/eternadentskopje\/\" \/>\n<meta property=\"article:modified_time\" content=\"2022-08-25T22:12:19+00:00\" \/>\n<meta property=\"og:image\" content=\"https:\/\/eternadent.com.mk\/wp-content\/uploads\/2023\/12\/eterna-logo-web.png\" \/>\n\t<meta property=\"og:image:width\" content=\"1200\" \/>\n\t<meta property=\"og:image:height\" content=\"675\" \/>\n\t<meta property=\"og:image:type\" content=\"image\/png\" \/>\n<meta name=\"twitter:card\" content=\"summary_large_image\" \/>\n<meta name=\"twitter:label1\" content=\"Est. reading time\" \/>\n\t<meta name=\"twitter:data1\" content=\"2 minutes\" \/>\n<script type=\"application\/ld+json\" class=\"yoast-schema-graph\">{\"@context\":\"https:\/\/schema.org\",\"@graph\":[{\"@type\":\"WebPage\",\"@id\":\"https:\/\/eternadent.com.mk\/sq\/kujdesi-gjitheperfshires-dentar\/\",\"url\":\"https:\/\/eternadent.com.mk\/sq\/kujdesi-gjitheperfshires-dentar\/\",\"name\":\"Kujdesi gjith\u00ebp\u00ebrfshir\u00ebs dentar - \u0415\u0422\u0415\u0420\u041d\u0410\u0434\u0435\u043d\u0442\",\"isPartOf\":{\"@id\":\"https:\/\/eternadent.com.mk\/#website\"},\"datePublished\":\"2022-05-25T19:52:16+00:00\",\"dateModified\":\"2022-08-25T22:12:19+00:00\",\"breadcrumb\":{\"@id\":\"https:\/\/eternadent.com.mk\/sq\/kujdesi-gjitheperfshires-dentar\/#breadcrumb\"},\"inLanguage\":\"sq-AL\",\"potentialAction\":[{\"@type\":\"ReadAction\",\"target\":[\"https:\/\/eternadent.com.mk\/sq\/kujdesi-gjitheperfshires-dentar\/\"]}]},{\"@type\":\"BreadcrumbList\",\"@id\":\"https:\/\/eternadent.com.mk\/sq\/kujdesi-gjitheperfshires-dentar\/#breadcrumb\",\"itemListElement\":[{\"@type\":\"ListItem\",\"position\":1,\"name\":\"[wpseo_titles]breadcrumbs-\u041f\u043e\u0447\u0435\u0442\u043d\u0430\",\"item\":\"https:\/\/eternadent.com.mk\/sq\/\"},{\"@type\":\"ListItem\",\"position\":2,\"name\":\"Kujdesi gjith\u00ebp\u00ebrfshir\u00ebs dentar\"}]},{\"@type\":\"WebSite\",\"@id\":\"https:\/\/eternadent.com.mk\/#website\",\"url\":\"https:\/\/eternadent.com.mk\/\",\"name\":\"ETERNAdent | \u0415\u0422\u0415\u0420\u041d\u0410\u0434\u0435\u043d\u0442\",\"description\":\"\u0412\u0410\u0428\u0410\u0422\u0410 \u041d\u041e\u0412\u0410 \u0417\u0414\u0420\u0410\u0412\u0410 \u041d\u0410\u0421\u041c\u0415\u0412\u041a\u0410\",\"publisher\":{\"@id\":\"https:\/\/eternadent.com.mk\/#organization\"},\"alternateName\":\"Eterna Dent | \u0415\u0442\u0435\u0440\u043d\u0430 \u0414\u0435\u043d\u0442\",\"potentialAction\":[{\"@type\":\"SearchAction\",\"target\":{\"@type\":\"EntryPoint\",\"urlTemplate\":\"https:\/\/eternadent.com.mk\/?s={search_term_string}\"},\"query-input\":{\"@type\":\"PropertyValueSpecification\",\"valueRequired\":true,\"valueName\":\"search_term_string\"}}],\"inLanguage\":\"sq-AL\"},{\"@type\":\"Organization\",\"@id\":\"https:\/\/eternadent.com.mk\/#organization\",\"name\":\"\u0415\u0422\u0415\u0420\u041d\u0410\u0434\u0435\u043d\u0442\",\"alternateName\":\"Eterna Dent\",\"url\":\"https:\/\/eternadent.com.mk\/\",\"logo\":{\"@type\":\"ImageObject\",\"inLanguage\":\"sq-AL\",\"@id\":\"https:\/\/eternadent.com.mk\/#\/schema\/logo\/image\/\",\"url\":\"https:\/\/eternadent.com.mk\/wp-content\/uploads\/2022\/04\/eterna-dent-logo-mk.png\",\"contentUrl\":\"https:\/\/eternadent.com.mk\/wp-content\/uploads\/2022\/04\/eterna-dent-logo-mk.png\",\"width\":842,\"height\":291,\"caption\":\"\u0415\u0422\u0415\u0420\u041d\u0410\u0434\u0435\u043d\u0442\"},\"image\":{\"@id\":\"https:\/\/eternadent.com.mk\/#\/schema\/logo\/image\/\"},\"sameAs\":[\"https:\/\/www.facebook.com\/eternadentskopje\/\",\"https:\/\/www.instagram.com\/eternadentskopje\/\"]}]}<\/script>\n<!-- \/ Yoast SEO Premium plugin. -->","yoast_head_json":{"title":"Kujdesi gjith\u00ebp\u00ebrfshir\u00ebs dentar - \u0415\u0422\u0415\u0420\u041d\u0410\u0434\u0435\u043d\u0442","robots":{"index":"index","follow":"follow","max-snippet":"max-snippet:-1","max-image-preview":"max-image-preview:large","max-video-preview":"max-video-preview:-1"},"canonical":"https:\/\/eternadent.com.mk\/sq\/kujdesi-gjitheperfshires-dentar\/","og_locale":"sq_AL","og_type":"article","og_title":"Kujdesi gjith\u00ebp\u00ebrfshir\u00ebs dentar","og_description":"[vc_row css=&#8221;.vc_custom_1654720553053{padding-top: 20px !important;}&#8221;][vc_column width=&#8221;1\/2&#8243;][vc_column_text] Pse t\u00eb zgjidhni kujdes gjith\u00ebp\u00ebrfshir\u00ebs dentar [\/vc_column_text][vc_column_text]Stomatologjia gjith\u00ebp\u00ebrfshir\u00ebse merr parasysh pacientin n\u00eb t\u00ebr\u00ebsi dhe asnj\u00ebher\u00eb nuk fokusohet vet\u00ebm te dhemb\u00ebt. Gjat\u00eb vizit\u00ebs t\u00eb par\u00eb n\u00eb ETERNA, Stomatologu juaj, do t\u00eb njihet me problemin tuaj, d\u00ebshirat dhe idet\u00eb tua. M\u00eb pas do ta kontrolloj\u00eb t\u00ebr\u00ebsisht historin\u00eb tuaj mjek\u00ebsore dhe stomatologjike, duke i kushtuar v\u00ebmendje gjendjes aktuale [&hellip;]","og_url":"https:\/\/eternadent.com.mk\/sq\/kujdesi-gjitheperfshires-dentar\/","og_site_name":"\u0415\u0422\u0415\u0420\u041d\u0410\u0434\u0435\u043d\u0442","article_publisher":"https:\/\/www.facebook.com\/eternadentskopje\/","article_modified_time":"2022-08-25T22:12:19+00:00","og_image":[{"width":1200,"height":675,"url":"https:\/\/eternadent.com.mk\/wp-content\/uploads\/2023\/12\/eterna-logo-web.png","type":"image\/png"}],"twitter_card":"summary_large_image","twitter_misc":{"Est. reading time":"2 minutes"},"schema":{"@context":"https:\/\/schema.org","@graph":[{"@type":"WebPage","@id":"https:\/\/eternadent.com.mk\/sq\/kujdesi-gjitheperfshires-dentar\/","url":"https:\/\/eternadent.com.mk\/sq\/kujdesi-gjitheperfshires-dentar\/","name":"Kujdesi gjith\u00ebp\u00ebrfshir\u00ebs dentar - \u0415\u0422\u0415\u0420\u041d\u0410\u0434\u0435\u043d\u0442","isPartOf":{"@id":"https:\/\/eternadent.com.mk\/#website"},"datePublished":"2022-05-25T19:52:16+00:00","dateModified":"2022-08-25T22:12:19+00:00","breadcrumb":{"@id":"https:\/\/eternadent.com.mk\/sq\/kujdesi-gjitheperfshires-dentar\/#breadcrumb"},"inLanguage":"sq-AL","potentialAction":[{"@type":"ReadAction","target":["https:\/\/eternadent.com.mk\/sq\/kujdesi-gjitheperfshires-dentar\/"]}]},{"@type":"BreadcrumbList","@id":"https:\/\/eternadent.com.mk\/sq\/kujdesi-gjitheperfshires-dentar\/#breadcrumb","itemListElement":[{"@type":"ListItem","position":1,"name":"[wpseo_titles]breadcrumbs-\u041f\u043e\u0447\u0435\u0442\u043d\u0430","item":"https:\/\/eternadent.com.mk\/sq\/"},{"@type":"ListItem","position":2,"name":"Kujdesi gjith\u00ebp\u00ebrfshir\u00ebs dentar"}]},{"@type":"WebSite","@id":"https:\/\/eternadent.com.mk\/#website","url":"https:\/\/eternadent.com.mk\/","name":"ETERNAdent | \u0415\u0422\u0415\u0420\u041d\u0410\u0434\u0435\u043d\u0442","description":"\u0412\u0410\u0428\u0410\u0422\u0410 \u041d\u041e\u0412\u0410 \u0417\u0414\u0420\u0410\u0412\u0410 \u041d\u0410\u0421\u041c\u0415\u0412\u041a\u0410","publisher":{"@id":"https:\/\/eternadent.com.mk\/#organization"},"alternateName":"Eterna Dent | \u0415\u0442\u0435\u0440\u043d\u0430 \u0414\u0435\u043d\u0442","potentialAction":[{"@type":"SearchAction","target":{"@type":"EntryPoint","urlTemplate":"https:\/\/eternadent.com.mk\/?s={search_term_string}"},"query-input":{"@type":"PropertyValueSpecification","valueRequired":true,"valueName":"search_term_string"}}],"inLanguage":"sq-AL"},{"@type":"Organization","@id":"https:\/\/eternadent.com.mk\/#organization","name":"\u0415\u0422\u0415\u0420\u041d\u0410\u0434\u0435\u043d\u0442","alternateName":"Eterna Dent","url":"https:\/\/eternadent.com.mk\/","logo":{"@type":"ImageObject","inLanguage":"sq-AL","@id":"https:\/\/eternadent.com.mk\/#\/schema\/logo\/image\/","url":"https:\/\/eternadent.com.mk\/wp-content\/uploads\/2022\/04\/eterna-dent-logo-mk.png","contentUrl":"https:\/\/eternadent.com.mk\/wp-content\/uploads\/2022\/04\/eterna-dent-logo-mk.png","width":842,"height":291,"caption":"\u0415\u0422\u0415\u0420\u041d\u0410\u0434\u0435\u043d\u0442"},"image":{"@id":"https:\/\/eternadent.com.mk\/#\/schema\/logo\/image\/"},"sameAs":["https:\/\/www.facebook.com\/eternadentskopje\/","https:\/\/www.instagram.com\/eternadentskopje\/"]}]}},"_links":{"self":[{"href":"https:\/\/eternadent.com.mk\/sq\/wp-json\/wp\/v2\/pages\/3015","targetHints":{"allow":["GET"]}}],"collection":[{"href":"https:\/\/eternadent.com.mk\/sq\/wp-json\/wp\/v2\/pages"}],"about":[{"href":"https:\/\/eternadent.com.mk\/sq\/wp-json\/wp\/v2\/types\/page"}],"author":[{"embeddable":true,"href":"https:\/\/eternadent.com.mk\/sq\/wp-json\/wp\/v2\/users\/2"}],"replies":[{"embeddable":true,"href":"https:\/\/eternadent.com.mk\/sq\/wp-json\/wp\/v2\/comments?post=3015"}],"version-history":[{"count":3,"href":"https:\/\/eternadent.com.mk\/sq\/wp-json\/wp\/v2\/pages\/3015\/revisions"}],"predecessor-version":[{"id":3021,"href":"https:\/\/eternadent.com.mk\/sq\/wp-json\/wp\/v2\/pages\/3015\/revisions\/3021"}],"wp:attachment":[{"href":"https:\/\/eternadent.com.mk\/sq\/wp-json\/wp\/v2\/media?parent=3015"}],"curies":[{"name":"wp","href":"https:\/\/api.w.org\/{rel}","templated":true}]}}